{"id":24,"date":"2022-08-22T11:27:50","date_gmt":"2022-08-22T11:27:50","guid":{"rendered":"https:\/\/agrupacionespsoe.es\/moncloa\/portada\/"},"modified":"2025-12-02T18:04:31","modified_gmt":"2025-12-02T18:04:31","slug":"portada","status":"publish","type":"page","link":"https:\/\/agrupacionespsoe.es\/moncloa\/","title":{"rendered":"Portada"},"content":{"rendered":"<section class=\"bg-black !bg-cover !bg-scroll lg:!bg-cover lg:!bg-fixed bg-center\" style=\"background: linear-gradient(to top right, rgba(244, 0, 0, 0.6) 20%, rgba(0, 0, 0, 0.7) 60%) fixed, url('https:\/\/agrupacionespsoe.es\/moncloa\/wp-content\/uploads\/sites\/109\/2023\/03\/IMG_3128-scaled.jpg') center \/ cover no-repeat fixed\">\n    <div class=\"md:min-h-[60vh] py-10 px-6 flex flex-col items-center justify-center max-w-screen-lg mx-auto text-white text-center\">\n\n                    <p class=\"!mb-5 text-xl uppercase font-bold\">PSOE-M Moncloa\/\u2764\ufe0f<\/p>\n        \n        <h1 class=\"text-[55px] !leading-[1.09] font-bold mb-5\">Agrupaci\u00f3n Socialista de Moncloa<\/h1>\n\n            <\/div>\n<\/section>\n\n\n<section class=\"py-5 bg-primary\">\n    <div class=\"psoe-container\">\n        <div class=\"md:grid md:grid-cols-12 gap-4 items-center\">\n            <div class=\"md:col-span-3 lg:col-span-2 mb-5 md:mb-0\">\n                                    <img decoding=\"async\" loading=\"lazy\" src=\"https:\/\/agrupacionespsoe.es\/moncloa\/wp-content\/uploads\/sites\/109\/2023\/03\/moncloa.png\" class=\"my-2 md:m-0 !w-auto mx-auto md:!w-[120px] md:!h-[120px] lg:!w-[180px] lg:!h-[180px] max-w-full md:object-contain md:object-center hidden md:block\" \/>\n\n                                            <img decoding=\"async\" loading=\"lazy\" src=\"https:\/\/agrupacionespsoe.es\/moncloa\/wp-content\/uploads\/sites\/109\/2023\/03\/moncloa.png\" class=\"my-2 px-6 block md:hidden mx-auto max-w-full\" \/>\n                                                <\/div>\n            <div class=\"md:col-span-9 lg:col-span-10 px-6 lg:p-4\">\n\n                \n                \n            <\/div>\n        <\/div>\n    <\/div>\n<\/section>\n\n\n<section class=\"relative md:py-[100px] 2xl:py-0 md:flex md:items-stretch md:min-h-[75vh] 2xl:min-h-[45vh] \">\n    <div class=\"grow psoe-container 2xl:mx-0\">\n        <div class=\"md:flex gap-2 items-center 2xl:ml-[160px] h-full\">\n            <div class=\"p-6 md:p-4 lg:p-0 md:pr-10 lg:pr-10 mb-5 md:mb-0   md:basis-1\/2 2xl:basis-3\/4\">\n                                    <p class=\"mb-5 text-primary uppercase font-bold\">Cristina Narbona, presidenta del PSOE, visit\u00f3 nuestra agrupaci\u00f3n para hacer balance de la legislatura y los prop\u00f3sitos que tienen por delante<\/p>\n                \n                                    <h1 class=\"text-3xl lg:text-5xl font-bold !leading-tight\">El ecuador de la legislatura con Cristina Narbona<\/h1>\n                \n                                    <div class=\"mb-5 !leading-normal\">\n                        <h3 style=\"text-align: left\">\u00a0<\/h3>\n<h3>\u00a0<\/h3>\n\n                    <\/div>\n                \n                            <\/div>\n                                                <img decoding=\"async\" loading=\"lazy\" src=\"https:\/\/agrupacionespsoe.es\/moncloa\/wp-content\/uploads\/sites\/109\/2025\/12\/IMG-20251202-WA0018-1.jpg\" class=\"md:m-0 md:absolute md:left-[50%] md:top-0 md:bottom-0 md:right-0 2xl:static 2xl:left-auto md:!w-[50%] 2xl:!w-[700px] md:!h-full md:object-cover\" \/>\n                                    <\/div>\n    <\/div>\n<\/section>\n\n\n\n<section class=\"wp-block-psoe-separador bg-primary px-2\"><hr class=\"color-white bg-white opacity-1 h-[1px] w-full\" \/><\/section>\n\n\n<section class=\"py-4\">\n    <div class=\"md:flex md:flex-wrap md:gap-2\">\n\n                    \n                \n                <div class=\"h-[300px] 2xl:h-[400px] md:h-44 md:h-80 lg:h-60 my-2 lg:my-0 bg-cover bg-center flex flex-col justify-end items-start p-10 md:p-4 lg:p-5 hover:shadow-[inset_0_0_100px_100px_rgba(0,0,0,0.6)] transition-all\" style=\"background-image: url('https:\/\/agrupacionespsoe.es\/moncloa\/wp-content\/uploads\/sites\/109\/2025\/11\/reyes.jpg'); flex: 1 0 20%;\">\n                                            <h2 class=\"text-white !font-normal text-xl my-0 mb-2\">El PSOE-M celebra una Conferencia Sectorial de Universidad d<\/h2>\n                    \n                                    <\/div>\n            \n                \n                <div class=\"h-[300px] 2xl:h-[400px] md:h-44 md:h-80 lg:h-60 my-2 lg:my-0 bg-cover bg-center flex flex-col justify-end items-start p-10 md:p-4 lg:p-5 hover:shadow-[inset_0_0_100px_100px_rgba(0,0,0,0.6)] transition-all\" style=\"background-image: url('https:\/\/agrupacionespsoe.es\/moncloa\/wp-content\/uploads\/sites\/109\/2025\/11\/G6odPk0XAAAi9kv.jpg'); flex: 1 0 20%;\">\n                                            <h2 class=\"text-white !font-normal text-xl my-0 mb-2\">Salimos a la calle contra la violencia machista<\/h2>\n                    \n                                    <\/div>\n            \n                \n                <div class=\"h-[300px] 2xl:h-[400px] md:h-44 md:h-80 lg:h-60 my-2 lg:my-0 bg-cover bg-center flex flex-col justify-end items-start p-10 md:p-4 lg:p-5 hover:shadow-[inset_0_0_100px_100px_rgba(0,0,0,0.6)] transition-all\" style=\"background-image: url('https:\/\/agrupacionespsoe.es\/moncloa\/wp-content\/uploads\/sites\/109\/2024\/02\/1709136368362.jpg'); flex: 1 0 20%;\">\n                                            <h2 class=\"text-white !font-normal text-xl my-0 mb-2\">Nos manifestamos contra La Masclet\u00e0 frente al Ayuntamiento<\/h2>\n                    \n                                    <\/div>\n            \n                \n                <div class=\"h-[300px] 2xl:h-[400px] md:h-44 md:h-80 lg:h-60 my-2 lg:my-0 bg-cover bg-center flex flex-col justify-end items-start p-10 md:p-4 lg:p-5 hover:shadow-[inset_0_0_100px_100px_rgba(0,0,0,0.6)] transition-all\" style=\"background-image: url('https:\/\/agrupacionespsoe.es\/moncloa\/wp-content\/uploads\/sites\/109\/2024\/02\/1709135750562.jpg'); flex: 1 0 20%;\">\n                                            <h2 class=\"text-white !font-normal text-xl my-0 mb-2\">Los vocales vecinos participan en la plantaci\u00f3n de la Dehesa<\/h2>\n                    \n                                    <\/div>\n                    \n    <\/div>\n<\/section>\n\n\n\n<section class=\"wp-block-psoe-separador bg-primary px-2\"><hr class=\"color-white bg-white opacity-1 h-[1px] w-full\" \/><\/section>\n","protected":false},"excerpt":{"rendered":"","protected":false},"author":174,"featured_media":0,"parent":0,"menu_order":0,"comment_status":"closed","ping_status":"closed","template":"","meta":{"footnotes":""},"class_list":["post-24","page","type-page","status-publish","hentry"],"yoast_head":"<!-- This site is optimized with the Yoast SEO plugin v24.0 - https:\/\/yoast.com\/wordpress\/plugins\/seo\/ -->\n<title>Portada - Agrupaci\u00f3n Socialista de Moncloa<\/title>\n<meta name=\"description\" content=\"PSOE: P\u00e1gina web de la Agrupaci\u00f3n Socialista de Moncloa\" \/>\n<meta name=\"robots\" content=\"index, follow, max-snippet:-1, max-image-preview:large, max-video-preview:-1\" \/>\n<link rel=\"canonical\" href=\"https:\/\/agrupacionespsoe.es\/moncloa\/\" \/>\n<meta property=\"og:locale\" content=\"es_ES\" \/>\n<meta property=\"og:type\" content=\"article\" \/>\n<meta property=\"og:title\" content=\"Portada - Agrupaci\u00f3n Socialista de Moncloa\" \/>\n<meta property=\"og:description\" content=\"PSOE: P\u00e1gina web de la Agrupaci\u00f3n Socialista de Moncloa\" \/>\n<meta property=\"og:url\" content=\"https:\/\/agrupacionespsoe.es\/moncloa\/\" \/>\n<meta property=\"og:site_name\" content=\"Agrupaci\u00f3n Socialista de Moncloa\" \/>\n<meta property=\"article:modified_time\" content=\"2025-12-02T18:04:31+00:00\" \/>\n<meta name=\"twitter:card\" content=\"summary_large_image\" \/>\n<script type=\"application\/ld+json\" class=\"yoast-schema-graph\">{\"@context\":\"https:\/\/schema.org\",\"@graph\":[{\"@type\":\"WebPage\",\"@id\":\"https:\/\/agrupacionespsoe.es\/moncloa\/\",\"url\":\"https:\/\/agrupacionespsoe.es\/moncloa\/\",\"name\":\"Portada - Agrupaci\u00f3n Socialista de Moncloa\",\"isPartOf\":{\"@id\":\"https:\/\/agrupacionespsoe.es\/moncloa\/#website\"},\"datePublished\":\"2022-08-22T11:27:50+00:00\",\"dateModified\":\"2025-12-02T18:04:31+00:00\",\"description\":\"PSOE: P\u00e1gina web de la Agrupaci\u00f3n Socialista de Moncloa\",\"breadcrumb\":{\"@id\":\"https:\/\/agrupacionespsoe.es\/moncloa\/#breadcrumb\"},\"inLanguage\":\"es\",\"potentialAction\":[{\"@type\":\"ReadAction\",\"target\":[\"https:\/\/agrupacionespsoe.es\/moncloa\/\"]}]},{\"@type\":\"BreadcrumbList\",\"@id\":\"https:\/\/agrupacionespsoe.es\/moncloa\/#breadcrumb\",\"itemListElement\":[{\"@type\":\"ListItem\",\"position\":1,\"name\":\"Portada\",\"item\":\"https:\/\/agrupacionespsoe.es\/moncloa\/\"},{\"@type\":\"ListItem\",\"position\":2,\"name\":\"Portada\"}]},{\"@type\":\"WebSite\",\"@id\":\"https:\/\/agrupacionespsoe.es\/moncloa\/#website\",\"url\":\"https:\/\/agrupacionespsoe.es\/moncloa\/\",\"name\":\"Agrupaci\u00f3n Socialista de Moncloa\",\"description\":\"Agrupaci\u00f3n Socialista de Moncloa\",\"publisher\":{\"@id\":\"https:\/\/agrupacionespsoe.es\/moncloa\/#organization\"},\"potentialAction\":[{\"@type\":\"SearchAction\",\"target\":{\"@type\":\"EntryPoint\",\"urlTemplate\":\"https:\/\/agrupacionespsoe.es\/moncloa\/?s={search_term_string}\"},\"query-input\":{\"@type\":\"PropertyValueSpecification\",\"valueRequired\":true,\"valueName\":\"search_term_string\"}}],\"inLanguage\":\"es\"},{\"@type\":\"Organization\",\"@id\":\"https:\/\/agrupacionespsoe.es\/moncloa\/#organization\",\"name\":\"Agrupaci\u00f3n Socialista de Moncloa\",\"url\":\"https:\/\/agrupacionespsoe.es\/moncloa\/\",\"logo\":{\"@type\":\"ImageObject\",\"inLanguage\":\"es\",\"@id\":\"https:\/\/agrupacionespsoe.es\/moncloa\/#\/schema\/logo\/image\/\",\"url\":\"https:\/\/agrupacionespsoe.es\/wp-content\/uploads\/2022\/07\/Logotipo_electoral_del_PSOE.png\",\"contentUrl\":\"https:\/\/agrupacionespsoe.es\/wp-content\/uploads\/2022\/07\/Logotipo_electoral_del_PSOE.png\",\"width\":422,\"height\":422,\"caption\":\"Agrupaci\u00f3n Socialista de Moncloa\"},\"image\":{\"@id\":\"https:\/\/agrupacionespsoe.es\/moncloa\/#\/schema\/logo\/image\/\"}}]}<\/script>\n<!-- \/ Yoast SEO plugin. -->","yoast_head_json":{"title":"Portada - Agrupaci\u00f3n Socialista de Moncloa","description":"PSOE: P\u00e1gina web de la Agrupaci\u00f3n Socialista de Moncloa","robots":{"index":"index","follow":"follow","max-snippet":"max-snippet:-1","max-image-preview":"max-image-preview:large","max-video-preview":"max-video-preview:-1"},"canonical":"https:\/\/agrupacionespsoe.es\/moncloa\/","og_locale":"es_ES","og_type":"article","og_title":"Portada - Agrupaci\u00f3n Socialista de Moncloa","og_description":"PSOE: P\u00e1gina web de la Agrupaci\u00f3n Socialista de Moncloa","og_url":"https:\/\/agrupacionespsoe.es\/moncloa\/","og_site_name":"Agrupaci\u00f3n Socialista de Moncloa","article_modified_time":"2025-12-02T18:04:31+00:00","twitter_card":"summary_large_image","schema":{"@context":"https:\/\/schema.org","@graph":[{"@type":"WebPage","@id":"https:\/\/agrupacionespsoe.es\/moncloa\/","url":"https:\/\/agrupacionespsoe.es\/moncloa\/","name":"Portada - Agrupaci\u00f3n Socialista de Moncloa","isPartOf":{"@id":"https:\/\/agrupacionespsoe.es\/moncloa\/#website"},"datePublished":"2022-08-22T11:27:50+00:00","dateModified":"2025-12-02T18:04:31+00:00","description":"PSOE: P\u00e1gina web de la Agrupaci\u00f3n Socialista de Moncloa","breadcrumb":{"@id":"https:\/\/agrupacionespsoe.es\/moncloa\/#breadcrumb"},"inLanguage":"es","potentialAction":[{"@type":"ReadAction","target":["https:\/\/agrupacionespsoe.es\/moncloa\/"]}]},{"@type":"BreadcrumbList","@id":"https:\/\/agrupacionespsoe.es\/moncloa\/#breadcrumb","itemListElement":[{"@type":"ListItem","position":1,"name":"Portada","item":"https:\/\/agrupacionespsoe.es\/moncloa\/"},{"@type":"ListItem","position":2,"name":"Portada"}]},{"@type":"WebSite","@id":"https:\/\/agrupacionespsoe.es\/moncloa\/#website","url":"https:\/\/agrupacionespsoe.es\/moncloa\/","name":"Agrupaci\u00f3n Socialista de Moncloa","description":"Agrupaci\u00f3n Socialista de Moncloa","publisher":{"@id":"https:\/\/agrupacionespsoe.es\/moncloa\/#organization"},"potentialAction":[{"@type":"SearchAction","target":{"@type":"EntryPoint","urlTemplate":"https:\/\/agrupacionespsoe.es\/moncloa\/?s={search_term_string}"},"query-input":{"@type":"PropertyValueSpecification","valueRequired":true,"valueName":"search_term_string"}}],"inLanguage":"es"},{"@type":"Organization","@id":"https:\/\/agrupacionespsoe.es\/moncloa\/#organization","name":"Agrupaci\u00f3n Socialista de Moncloa","url":"https:\/\/agrupacionespsoe.es\/moncloa\/","logo":{"@type":"ImageObject","inLanguage":"es","@id":"https:\/\/agrupacionespsoe.es\/moncloa\/#\/schema\/logo\/image\/","url":"https:\/\/agrupacionespsoe.es\/wp-content\/uploads\/2022\/07\/Logotipo_electoral_del_PSOE.png","contentUrl":"https:\/\/agrupacionespsoe.es\/wp-content\/uploads\/2022\/07\/Logotipo_electoral_del_PSOE.png","width":422,"height":422,"caption":"Agrupaci\u00f3n Socialista de Moncloa"},"image":{"@id":"https:\/\/agrupacionespsoe.es\/moncloa\/#\/schema\/logo\/image\/"}}]}},"jetpack_sharing_enabled":true,"_links":{"self":[{"href":"https:\/\/agrupacionespsoe.es\/moncloa\/wp-json\/wp\/v2\/pages\/24","targetHints":{"allow":["GET"]}}],"collection":[{"href":"https:\/\/agrupacionespsoe.es\/moncloa\/wp-json\/wp\/v2\/pages"}],"about":[{"href":"https:\/\/agrupacionespsoe.es\/moncloa\/wp-json\/wp\/v2\/types\/page"}],"author":[{"embeddable":true,"href":"https:\/\/agrupacionespsoe.es\/moncloa\/wp-json\/wp\/v2\/users\/174"}],"replies":[{"embeddable":true,"href":"https:\/\/agrupacionespsoe.es\/moncloa\/wp-json\/wp\/v2\/comments?post=24"}],"version-history":[{"count":60,"href":"https:\/\/agrupacionespsoe.es\/moncloa\/wp-json\/wp\/v2\/pages\/24\/revisions"}],"predecessor-version":[{"id":338,"href":"https:\/\/agrupacionespsoe.es\/moncloa\/wp-json\/wp\/v2\/pages\/24\/revisions\/338"}],"wp:attachment":[{"href":"https:\/\/agrupacionespsoe.es\/moncloa\/wp-json\/wp\/v2\/media?parent=24"}],"curies":[{"name":"wp","href":"https:\/\/api.w.org\/{rel}","templated":true}]}}