{"id":261,"date":"2023-04-14T19:26:35","date_gmt":"2023-04-14T19:26:35","guid":{"rendered":"https:\/\/agrupacionespsoe.es\/fuenteelsaz\/?page_id=261"},"modified":"2023-04-14T19:26:35","modified_gmt":"2023-04-14T19:26:35","slug":"fuente-el-saz-de-jarama","status":"publish","type":"page","link":"https:\/\/agrupacionespsoe.es\/fuenteelsaz\/fuente-el-saz-de-jarama\/","title":{"rendered":"Fuente el Saz de Jarama"},"content":{"rendered":"\n<figure class=\"wp-block-table is-style-stripes\" style=\"font-size:55px\"><table class=\"has-white-background-color has-background\"><tbody><tr><td><img loading=\"lazy\" decoding=\"async\" width=\"341\" height=\"227\" src=\"https:\/\/agrupacionespsoe.es\/fuenteelsaz\/wp-content\/uploads\/sites\/66\/2023\/04\/180px-Bandera_de_Fuente_el_Saz.svg_.png\" alt=\"\"><\/td><td><strong><em>Fuente el Saz de Jarama<\/em><\/strong><\/td><td><img loading=\"lazy\" decoding=\"async\" width=\"203\" height=\"357\" src=\"https:\/\/agrupacionespsoe.es\/fuenteelsaz\/wp-content\/uploads\/sites\/66\/2023\/04\/92px-Escudo_de_Fuente_el_Saz_de_Jarama.svg_.png\" alt=\"\"><\/td><\/tr><\/tbody><\/table><\/figure>\n\n\n\n<div style=\"height:60px\" aria-hidden=\"true\" class=\"wp-block-spacer\"><\/div>\n\n\n\n<p>El municipio de\u00a0<strong>Fuente el Saz de Jarama\u00a0, <\/strong>tiene una poblaci\u00f3n aproximada de 6000 habitantes<strong>.<\/strong> Est\u00e1 situado en el noreste de la Comunidad de Madrid, \u00a0dentro de la\u00a0<strong>Cuenca del Medio Jarama<\/strong>. El municipio se haya situado en una meseta generalmente llana o suavemente ondulada en el cauce del\u00a0r\u00edo Jarama, que recorre su t\u00e9rmino de norte a sur. De este a oeste es el arroyo Paeque el que lo atraviesa.\u00a0Buena parte de sus tierras son vegas, donde la agricultura es una actividad generosamente recompensada por las condiciones geogr\u00e1ficas y por el esfuerzo de los lugare\u00f1os. El gentilicio para la gente de Fuente el Saz de Jarama es \u00abfonsarino\u00bb <\/p>\n\n\n\n<p>Las palabras\u00a0<em>fuente<\/em>\u00a0y\u00a0<em>saz\u00a0<\/em>(\u2018sauce\u2019) que componen el top\u00f3nimo nos hablan de la existencia remota de una pila junto a la que creci\u00f3 un determinado \u00e1rbol. Las aves abundan en el municipio, especialmente las habituales cig\u00fce\u00f1as que reposan en sus torres. Sus dos principales edificios, esos en los que se posan las citadas cig\u00fce\u00f1as, son<\/p>\n\n\n\n<div style=\"height:37px\" aria-hidden=\"true\" class=\"wp-block-spacer\"><\/div>\n\n\n\n<p>La\u00a0<strong>ermita de la Soledad<\/strong>\u00a0est\u00e1 situada en las afueras del casco urbano del municipio de\u00a0Fuente el Saz de Jarama, en la\u00a0Comunidad de Madrid,\u00a0Espa\u00f1a. Se trata de una ermita peque\u00f1\u00edsima, de planta rectangular, casi cuadrada, con\u00a0tejado a cuatro aguas. Toda la f\u00e1brica de la\u00a0ermita\u00a0responde al llamado\u00a0aparejo toledano, es decir, de ladrillo y mamposter\u00eda con\u00a0verdugadas\u00a0del mismo material.<\/p>\n\n\n\n<div style=\"height:3px\" aria-hidden=\"true\" class=\"wp-block-spacer\"><\/div>\n\n\n\n<p>La\u00a0<strong>iglesia de San Pedro M\u00e1rtir<\/strong>\u00a0o\u00a0<strong>iglesia de San Pedro Ap\u00f3stol<\/strong>\u00a0es un edificio religioso situado en el municipio\u00a0espa\u00f1ol\u00a0de\u00a0Fuente el Saz de Jarama, perteneciente a la\u00a0Comunidad de Madrid. La construcci\u00f3n del edificio se remonta al\u00a0siglo\u00a0xvi, finaliz\u00e1ndose hacia comienzos del\u00a0siglo\u00a0xvii. Cuenta con un cuerpo de tres naves, norte, central y sur, con 3, 4 y 4 tramos, respectivamente.\u200b La parte superior de la torre, de planta cuadrada, est\u00e1 acabada con un\u00a0chapitel\u00a0herreriano.\u200b La iglesia fue declarada\u00a0bien de inter\u00e9s cultural\u00a0mediante decreto de 8 de marzo de 2012 (<em>BOCM<\/em>\u00a0de 16 de marzo de 2012)<\/p>\n\n\n\n<div style=\"height:11px\" aria-hidden=\"true\" class=\"wp-block-spacer\"><\/div>\n\n\n\n<p><strong>La ermita de la Cigui\u00f1uela<\/strong>, debe su nombre Nuestra Se\u00f1ora de la Cigui\u00f1uel<strong>a<\/strong>, patrona de Fuente el Saz. Fue levantada entre la segunda mitad del siglo XVII y principios del siglo XVIII, aunque el culto a la virgen comenz\u00f3 en la segunda mitad del siglo XVI, fecha en que el pueblo adquiri\u00f3 su carta de libertad, nombre, escudo y, por lo tanto, naci\u00f3 civilmente.<br>La imagen de la santa apareci\u00f3 en una junquera, probablemente arrastrada hasta ese lugar por alguna de las inundaciones que con cierta frecuencia se produc\u00edan en el pueblo en los siglos XIV o XV, y en ese mismo sitio actualmente se encuentra la ermita rodeada de dos cig\u00fce\u00f1as, por este motivo adopt\u00f3 el nombre de Cigui\u00f1uela o Zigui\u00f1uela tal como reza en el cuadro de sus milagros. En la segunda mitad del siglo XIX el templo desempe\u00f1\u00f3 la funci\u00f3n de pante\u00f3n, en la actualidad y alrededor del mismo se encuentra el cementerio parroquial.<\/p>\n\n\n\n<div style=\"height:37px\" aria-hidden=\"true\" class=\"wp-block-spacer\"><\/div>\n\n\n\n<p><\/p>\n\n\n\n<h2 class=\"has-text-align-left wp-block-heading\"><strong>Fiestas<\/strong><\/h2>\n\n\n\n<div style=\"height:37px\" aria-hidden=\"true\" class=\"wp-block-spacer\"><\/div>\n\n\n\n<p>La voz popular transmitida hasta nuestros d\u00edas cuenta que unos pastores observaron en las cercan\u00edas de Fuente el Saz que unas cig\u00fce\u00f1as se posaban a lo lejos, d\u00eda tras d\u00eda, y siempre en un mismo sitio. Llevados por la curiosidad se acercaron a aquel lugar que tanto llamaba la atenci\u00f3n de las mismas.<\/p>\n\n\n\n<p>Ya en el juncal donde estaban las cig\u00fce\u00f1as vieron c\u00f3mo brillaban unos objetos medio enterrados en el suelo. Comenzaron a excavar para desenterrarlos y cu\u00e1l no ser\u00eda su sorpresa al descubrir la imagen de una Virgen preciosa.<\/p>\n\n\n\n<p>Enterados del hallazgo, los vecinos del pueblo bajaron hasta ese prado a recoger la imagen; pero como quiera que a la vuelta anocheciera, se vieron obligados a encender teas para iluminarse por el camino y llegar al pueblo. Reunidos los lugare\u00f1os para darle nombre a la imagen y dudando entre los de Nuestra Se\u00f1ora del Saz, Nuestra Se\u00f1ora del Juncal o Nuestra Se\u00f1ora de las Cig\u00fce\u00f1as, escogieron este \u00faltimo por ser estas quienes hicieran el hallazgo. Edificaron una ermita en el lugar de la aparici\u00f3n en honor de la imagen de Nuestra Se\u00f1ora de Cigui\u00f1uela.<\/p>\n\n\n\n<p>Desde entonces, a\u00f1o tras a\u00f1o y en conmemoraci\u00f3n de aquel hallazgo o aparici\u00f3n, cada 6 de septiembre y a la puesta del sol, se realiza la denominada \u00abEntrada de la Virgen\u00bb, portando la imagen desde su ermita hasta la iglesia parroquial a hombros de los devotos. por medio de una conmovedora procesi\u00f3n nocturna dotada de antorchas y hogueras, desde la\u00a0<strong>ermita de la Virgen de la Cig\u00fce\u00f1uela<\/strong>, localizada en el cementerio, hasta la\u00a0<strong>iglesia de San Pedro Ap\u00f3stol<\/strong>. Es una pr\u00e1ctica que se viene llevando a cabo desde hace 400 a\u00f1os.<\/p>\n\n\n\n<div style=\"height:37px\" aria-hidden=\"true\" class=\"wp-block-spacer\"><\/div>\n\n\n\n<p class=\"has-text-align-left\"><strong>17 Enero<\/strong> San Ant\u00f3n<\/p>\n\n\n\n<p class=\"has-text-align-left\">\u00a0<strong>5 de Febrero<\/strong> Santa \u00c1gueda<\/p>\n\n\n\n<p class=\"has-text-align-left\"><strong>30 de Abril<\/strong> d\u00eda de los Quintos<\/p>\n\n\n\n<p class=\"has-text-align-left\"><strong>15 de Mayo<\/strong> San Isidro Labrador<\/p>\n\n\n\n<p class=\"has-text-align-left\"><strong>6 de Septiembre<\/strong>\u00a0procesi\u00f3n \u201cLa Entrada de la Virgen de Cigui\u00f1uela\u201d.<\/p>\n\n\n\n<p class=\"has-text-align-left\"><strong>7 de Septiembre<\/strong>\u00a0d\u00eda en honor a nuestro patr\u00f3n el Sant\u00edsimo Cristo de la Misericordia.<\/p>\n\n\n\n<p class=\"has-text-align-left\"><strong>8 de Septiembre<\/strong>\u00a0d\u00eda en Honor a nuestra patrona la Sant\u00edsima Virgen de Cigui\u00f1uela<\/p>\n\n\n\n<div style=\"height:37px\" aria-hidden=\"true\" class=\"wp-block-spacer\"><\/div>\n\n\n\n<p><\/p>\n\n\n\n<h2 class=\"wp-block-heading\"><strong>Educaci\u00f3n<\/strong><\/h2>\n\n\n\n<p>En Fuente el Saz de Jarama hay una Escuela Infantil publica  y un colegio p\u00fablico de educaci\u00f3n infantil, primaria y secundaria. La educaci\u00f3n secundaria se comenz\u00f3 a impartir en el a\u00f1o 2011, en el edificio de primaria. El edificio en el que hoy se estudia la secundaria se termin\u00f3 de construir en 2013.<\/p>\n\n\n\n<p><\/p>\n\n\n\n<div style=\"height:37px\" aria-hidden=\"true\" class=\"wp-block-spacer\"><\/div>\n\n\n\n<h2 class=\"has-text-align-left wp-block-heading\"><strong>Transporte<\/strong><\/h2>\n\n\n\n<p><\/p>\n\n\n\n<p>Fuente el Saz de Jarama cuenta con cuatro l\u00edneas de autob\u00fas, conectando dos de ellas con Madrid en la&nbsp;<a href=\"https:\/\/es.wikipedia.org\/wiki\/Estaci%C3%B3n_de_Plaza_de_Castilla\">estaci\u00f3n de Plaza de Castilla<\/a>. Estas l\u00edneas son:<\/p>\n\n\n\n<figure class=\"wp-block-table is-style-regular\"><table><tbody><tr><td><strong>L\u00ednea<\/strong><\/td><td><strong>Recorrido<\/strong><\/td><\/tr><tr><td><a href=\"https:\/\/es.wikipedia.org\/wiki\/L%C3%ADnea_184_(Interurbanos_Madrid)\"><strong>184<\/strong><\/a><\/td><td><a href=\"https:\/\/es.wikipedia.org\/wiki\/L%C3%ADnea_184_(Interurbanos_Madrid)\" target=\"_blank\" rel=\"noreferrer noopener\">Madrid (Plaza de Castilla) \u2013 El Casar<\/a><\/td><\/tr><tr><td><a href=\"https:\/\/es.wikipedia.org\/wiki\/L%C3%ADnea_197_(Interurbanos_Madrid)\"><strong>197<\/strong><\/a><\/td><td><a href=\"https:\/\/es.wikipedia.org\/wiki\/L%C3%ADnea_197_(Interurbanos_Madrid)\" target=\"_blank\" rel=\"noreferrer noopener\">Madrid (Plaza de Castilla) \u2013 Torrelaguna<\/a><\/td><\/tr><tr><td><a href=\"https:\/\/es.wikipedia.org\/wiki\/L%C3%ADnea_254_(Interurbanos_Madrid)\"><strong>254<\/strong><\/a><\/td><td><a href=\"https:\/\/es.wikipedia.org\/wiki\/L%C3%ADnea_254_(Interurbanos_Madrid)\" target=\"_blank\" rel=\"noreferrer noopener\">Valdeolmos \/ Fuente el Saz \u2013 Alcal\u00e1 de Henares<\/a><\/td><\/tr><tr><td><a href=\"https:\/\/es.wikipedia.org\/wiki\/L%C3%ADnea_FS2_(Interurbanos_Madrid)\"><strong>FS2<\/strong><\/a><\/td><td><a href=\"https:\/\/es.wikipedia.org\/wiki\/L%C3%ADnea_FS2_(Interurbanos_Madrid)\" target=\"_blank\" rel=\"noreferrer noopener\">Torrelaguna &#8211; Alcal\u00e1 de Henares<\/a><\/td><\/tr><\/tbody><\/table><\/figure>\n\n\n\n<p><\/p>\n\n\n\n<div style=\"height:48px\" aria-hidden=\"true\" class=\"wp-block-spacer\"><\/div>\n","protected":false},"excerpt":{"rendered":"<p>Fuente el Saz de Jarama El municipio de\u00a0Fuente el Saz de Jarama\u00a0, tiene una poblaci\u00f3n aproximada de 6000 habitantes. Est\u00e1 situado en el noreste de la Comunidad de Madrid, \u00a0dentro de la\u00a0Cuenca del Medio Jarama. El municipio se haya situado en una meseta generalmente llana o suavemente ondulada en el cauce del\u00a0r\u00edo Jarama, que recorre &#8230;<\/p>\n","protected":false},"author":93,"featured_media":0,"parent":0,"menu_order":0,"comment_status":"closed","ping_status":"closed","template":"","meta":{"footnotes":""},"class_list":["post-261","page","type-page","status-publish","hentry"],"yoast_head":"<!-- This site is optimized with the Yoast SEO plugin v24.0 - https:\/\/yoast.com\/wordpress\/plugins\/seo\/ -->\n<title>Fuente el Saz de Jarama - Agrupaci\u00f3n Socialista de Fuente el Saz<\/title>\n<meta name=\"robots\" content=\"index, follow, max-snippet:-1, max-image-preview:large, max-video-preview:-1\" \/>\n<link rel=\"canonical\" href=\"https:\/\/agrupacionespsoe.es\/fuenteelsaz\/fuente-el-saz-de-jarama\/\" \/>\n<meta property=\"og:locale\" content=\"es_ES\" \/>\n<meta property=\"og:type\" content=\"article\" \/>\n<meta property=\"og:title\" content=\"Fuente el Saz de Jarama - Agrupaci\u00f3n Socialista de Fuente el Saz\" \/>\n<meta property=\"og:description\" content=\"Fuente el Saz de Jarama El municipio de\u00a0Fuente el Saz de Jarama\u00a0, tiene una poblaci\u00f3n aproximada de 6000 habitantes. Est\u00e1 situado en el noreste de la Comunidad de Madrid, \u00a0dentro de la\u00a0Cuenca del Medio Jarama. El municipio se haya situado en una meseta generalmente llana o suavemente ondulada en el cauce del\u00a0r\u00edo Jarama, que recorre ...\" \/>\n<meta property=\"og:url\" content=\"https:\/\/agrupacionespsoe.es\/fuenteelsaz\/fuente-el-saz-de-jarama\/\" \/>\n<meta property=\"og:site_name\" content=\"Agrupaci\u00f3n Socialista de Fuente el Saz\" \/>\n<meta property=\"article:publisher\" content=\"https:\/\/www.facebook.com\/profile.php?id=100076356249293\" \/>\n<meta property=\"og:image\" content=\"https:\/\/agrupacionespsoe.es\/fuenteelsaz\/wp-content\/uploads\/sites\/66\/2023\/04\/180px-Bandera_de_Fuente_el_Saz.svg_.png\" \/>\n<meta name=\"twitter:card\" content=\"summary_large_image\" \/>\n<meta name=\"twitter:site\" content=\"@PSOEFUENTEELSAZ\" \/>\n<meta name=\"twitter:label1\" content=\"Tiempo de lectura\" \/>\n\t<meta name=\"twitter:data1\" content=\"5 minutos\" \/>\n<script type=\"application\/ld+json\" class=\"yoast-schema-graph\">{\"@context\":\"https:\/\/schema.org\",\"@graph\":[{\"@type\":\"WebPage\",\"@id\":\"https:\/\/agrupacionespsoe.es\/fuenteelsaz\/fuente-el-saz-de-jarama\/\",\"url\":\"https:\/\/agrupacionespsoe.es\/fuenteelsaz\/fuente-el-saz-de-jarama\/\",\"name\":\"Fuente el Saz de Jarama - Agrupaci\u00f3n Socialista de Fuente el Saz\",\"isPartOf\":{\"@id\":\"https:\/\/agrupacionespsoe.es\/fuenteelsaz\/#website\"},\"primaryImageOfPage\":{\"@id\":\"https:\/\/agrupacionespsoe.es\/fuenteelsaz\/fuente-el-saz-de-jarama\/#primaryimage\"},\"image\":{\"@id\":\"https:\/\/agrupacionespsoe.es\/fuenteelsaz\/fuente-el-saz-de-jarama\/#primaryimage\"},\"thumbnailUrl\":\"https:\/\/agrupacionespsoe.es\/fuenteelsaz\/wp-content\/uploads\/sites\/66\/2023\/04\/180px-Bandera_de_Fuente_el_Saz.svg_.png\",\"datePublished\":\"2023-04-14T19:26:35+00:00\",\"dateModified\":\"2023-04-14T19:26:35+00:00\",\"breadcrumb\":{\"@id\":\"https:\/\/agrupacionespsoe.es\/fuenteelsaz\/fuente-el-saz-de-jarama\/#breadcrumb\"},\"inLanguage\":\"es\",\"potentialAction\":[{\"@type\":\"ReadAction\",\"target\":[\"https:\/\/agrupacionespsoe.es\/fuenteelsaz\/fuente-el-saz-de-jarama\/\"]}]},{\"@type\":\"ImageObject\",\"inLanguage\":\"es\",\"@id\":\"https:\/\/agrupacionespsoe.es\/fuenteelsaz\/fuente-el-saz-de-jarama\/#primaryimage\",\"url\":\"https:\/\/agrupacionespsoe.es\/fuenteelsaz\/wp-content\/uploads\/sites\/66\/2023\/04\/180px-Bandera_de_Fuente_el_Saz.svg_.png\",\"contentUrl\":\"https:\/\/agrupacionespsoe.es\/fuenteelsaz\/wp-content\/uploads\/sites\/66\/2023\/04\/180px-Bandera_de_Fuente_el_Saz.svg_.png\",\"width\":180,\"height\":120},{\"@type\":\"BreadcrumbList\",\"@id\":\"https:\/\/agrupacionespsoe.es\/fuenteelsaz\/fuente-el-saz-de-jarama\/#breadcrumb\",\"itemListElement\":[{\"@type\":\"ListItem\",\"position\":1,\"name\":\"Portada\",\"item\":\"https:\/\/agrupacionespsoe.es\/fuenteelsaz\/\"},{\"@type\":\"ListItem\",\"position\":2,\"name\":\"Fuente el Saz de Jarama\"}]},{\"@type\":\"WebSite\",\"@id\":\"https:\/\/agrupacionespsoe.es\/fuenteelsaz\/#website\",\"url\":\"https:\/\/agrupacionespsoe.es\/fuenteelsaz\/\",\"name\":\"Agrupaci\u00f3n Socialista de Fuente el Saz\",\"description\":\"Agrupaci\u00f3n Socialista de Fuente el Saz\",\"publisher\":{\"@id\":\"https:\/\/agrupacionespsoe.es\/fuenteelsaz\/#organization\"},\"potentialAction\":[{\"@type\":\"SearchAction\",\"target\":{\"@type\":\"EntryPoint\",\"urlTemplate\":\"https:\/\/agrupacionespsoe.es\/fuenteelsaz\/?s={search_term_string}\"},\"query-input\":{\"@type\":\"PropertyValueSpecification\",\"valueRequired\":true,\"valueName\":\"search_term_string\"}}],\"inLanguage\":\"es\"},{\"@type\":\"Organization\",\"@id\":\"https:\/\/agrupacionespsoe.es\/fuenteelsaz\/#organization\",\"name\":\"Agrupaci\u00f3n Socialista de Fuente el Saz\",\"url\":\"https:\/\/agrupacionespsoe.es\/fuenteelsaz\/\",\"logo\":{\"@type\":\"ImageObject\",\"inLanguage\":\"es\",\"@id\":\"https:\/\/agrupacionespsoe.es\/fuenteelsaz\/#\/schema\/logo\/image\/\",\"url\":\"https:\/\/agrupacionespsoe.es\/fuenteelsaz\/wp-content\/uploads\/sites\/66\/2023\/04\/logo2.jpeg\",\"contentUrl\":\"https:\/\/agrupacionespsoe.es\/fuenteelsaz\/wp-content\/uploads\/sites\/66\/2023\/04\/logo2.jpeg\",\"width\":614,\"height\":648,\"caption\":\"Agrupaci\u00f3n Socialista de Fuente el Saz\"},\"image\":{\"@id\":\"https:\/\/agrupacionespsoe.es\/fuenteelsaz\/#\/schema\/logo\/image\/\"},\"sameAs\":[\"https:\/\/www.facebook.com\/profile.php?id=100076356249293\",\"https:\/\/x.com\/PSOEFUENTEELSAZ\",\"https:\/\/instagram.com\/psoe_fuenteelsaz?igshid=YmMyMTA2M2Y\"]}]}<\/script>\n<!-- \/ Yoast SEO plugin. -->","yoast_head_json":{"title":"Fuente el Saz de Jarama - Agrupaci\u00f3n Socialista de Fuente el Saz","robots":{"index":"index","follow":"follow","max-snippet":"max-snippet:-1","max-image-preview":"max-image-preview:large","max-video-preview":"max-video-preview:-1"},"canonical":"https:\/\/agrupacionespsoe.es\/fuenteelsaz\/fuente-el-saz-de-jarama\/","og_locale":"es_ES","og_type":"article","og_title":"Fuente el Saz de Jarama - Agrupaci\u00f3n Socialista de Fuente el Saz","og_description":"Fuente el Saz de Jarama El municipio de\u00a0Fuente el Saz de Jarama\u00a0, tiene una poblaci\u00f3n aproximada de 6000 habitantes. Est\u00e1 situado en el noreste de la Comunidad de Madrid, \u00a0dentro de la\u00a0Cuenca del Medio Jarama. El municipio se haya situado en una meseta generalmente llana o suavemente ondulada en el cauce del\u00a0r\u00edo Jarama, que recorre ...","og_url":"https:\/\/agrupacionespsoe.es\/fuenteelsaz\/fuente-el-saz-de-jarama\/","og_site_name":"Agrupaci\u00f3n Socialista de Fuente el Saz","article_publisher":"https:\/\/www.facebook.com\/profile.php?id=100076356249293","og_image":[{"url":"https:\/\/agrupacionespsoe.es\/fuenteelsaz\/wp-content\/uploads\/sites\/66\/2023\/04\/180px-Bandera_de_Fuente_el_Saz.svg_.png","type":"","width":"","height":""}],"twitter_card":"summary_large_image","twitter_site":"@PSOEFUENTEELSAZ","twitter_misc":{"Tiempo de lectura":"5 minutos"},"schema":{"@context":"https:\/\/schema.org","@graph":[{"@type":"WebPage","@id":"https:\/\/agrupacionespsoe.es\/fuenteelsaz\/fuente-el-saz-de-jarama\/","url":"https:\/\/agrupacionespsoe.es\/fuenteelsaz\/fuente-el-saz-de-jarama\/","name":"Fuente el Saz de Jarama - Agrupaci\u00f3n Socialista de Fuente el Saz","isPartOf":{"@id":"https:\/\/agrupacionespsoe.es\/fuenteelsaz\/#website"},"primaryImageOfPage":{"@id":"https:\/\/agrupacionespsoe.es\/fuenteelsaz\/fuente-el-saz-de-jarama\/#primaryimage"},"image":{"@id":"https:\/\/agrupacionespsoe.es\/fuenteelsaz\/fuente-el-saz-de-jarama\/#primaryimage"},"thumbnailUrl":"https:\/\/agrupacionespsoe.es\/fuenteelsaz\/wp-content\/uploads\/sites\/66\/2023\/04\/180px-Bandera_de_Fuente_el_Saz.svg_.png","datePublished":"2023-04-14T19:26:35+00:00","dateModified":"2023-04-14T19:26:35+00:00","breadcrumb":{"@id":"https:\/\/agrupacionespsoe.es\/fuenteelsaz\/fuente-el-saz-de-jarama\/#breadcrumb"},"inLanguage":"es","potentialAction":[{"@type":"ReadAction","target":["https:\/\/agrupacionespsoe.es\/fuenteelsaz\/fuente-el-saz-de-jarama\/"]}]},{"@type":"ImageObject","inLanguage":"es","@id":"https:\/\/agrupacionespsoe.es\/fuenteelsaz\/fuente-el-saz-de-jarama\/#primaryimage","url":"https:\/\/agrupacionespsoe.es\/fuenteelsaz\/wp-content\/uploads\/sites\/66\/2023\/04\/180px-Bandera_de_Fuente_el_Saz.svg_.png","contentUrl":"https:\/\/agrupacionespsoe.es\/fuenteelsaz\/wp-content\/uploads\/sites\/66\/2023\/04\/180px-Bandera_de_Fuente_el_Saz.svg_.png","width":180,"height":120},{"@type":"BreadcrumbList","@id":"https:\/\/agrupacionespsoe.es\/fuenteelsaz\/fuente-el-saz-de-jarama\/#breadcrumb","itemListElement":[{"@type":"ListItem","position":1,"name":"Portada","item":"https:\/\/agrupacionespsoe.es\/fuenteelsaz\/"},{"@type":"ListItem","position":2,"name":"Fuente el Saz de Jarama"}]},{"@type":"WebSite","@id":"https:\/\/agrupacionespsoe.es\/fuenteelsaz\/#website","url":"https:\/\/agrupacionespsoe.es\/fuenteelsaz\/","name":"Agrupaci\u00f3n Socialista de Fuente el Saz","description":"Agrupaci\u00f3n Socialista de Fuente el Saz","publisher":{"@id":"https:\/\/agrupacionespsoe.es\/fuenteelsaz\/#organization"},"potentialAction":[{"@type":"SearchAction","target":{"@type":"EntryPoint","urlTemplate":"https:\/\/agrupacionespsoe.es\/fuenteelsaz\/?s={search_term_string}"},"query-input":{"@type":"PropertyValueSpecification","valueRequired":true,"valueName":"search_term_string"}}],"inLanguage":"es"},{"@type":"Organization","@id":"https:\/\/agrupacionespsoe.es\/fuenteelsaz\/#organization","name":"Agrupaci\u00f3n Socialista de Fuente el Saz","url":"https:\/\/agrupacionespsoe.es\/fuenteelsaz\/","logo":{"@type":"ImageObject","inLanguage":"es","@id":"https:\/\/agrupacionespsoe.es\/fuenteelsaz\/#\/schema\/logo\/image\/","url":"https:\/\/agrupacionespsoe.es\/fuenteelsaz\/wp-content\/uploads\/sites\/66\/2023\/04\/logo2.jpeg","contentUrl":"https:\/\/agrupacionespsoe.es\/fuenteelsaz\/wp-content\/uploads\/sites\/66\/2023\/04\/logo2.jpeg","width":614,"height":648,"caption":"Agrupaci\u00f3n Socialista de Fuente el Saz"},"image":{"@id":"https:\/\/agrupacionespsoe.es\/fuenteelsaz\/#\/schema\/logo\/image\/"},"sameAs":["https:\/\/www.facebook.com\/profile.php?id=100076356249293","https:\/\/x.com\/PSOEFUENTEELSAZ","https:\/\/instagram.com\/psoe_fuenteelsaz?igshid=YmMyMTA2M2Y"]}]}},"jetpack_sharing_enabled":true,"_links":{"self":[{"href":"https:\/\/agrupacionespsoe.es\/fuenteelsaz\/wp-json\/wp\/v2\/pages\/261","targetHints":{"allow":["GET"]}}],"collection":[{"href":"https:\/\/agrupacionespsoe.es\/fuenteelsaz\/wp-json\/wp\/v2\/pages"}],"about":[{"href":"https:\/\/agrupacionespsoe.es\/fuenteelsaz\/wp-json\/wp\/v2\/types\/page"}],"author":[{"embeddable":true,"href":"https:\/\/agrupacionespsoe.es\/fuenteelsaz\/wp-json\/wp\/v2\/users\/93"}],"replies":[{"embeddable":true,"href":"https:\/\/agrupacionespsoe.es\/fuenteelsaz\/wp-json\/wp\/v2\/comments?post=261"}],"version-history":[{"count":24,"href":"https:\/\/agrupacionespsoe.es\/fuenteelsaz\/wp-json\/wp\/v2\/pages\/261\/revisions"}],"predecessor-version":[{"id":297,"href":"https:\/\/agrupacionespsoe.es\/fuenteelsaz\/wp-json\/wp\/v2\/pages\/261\/revisions\/297"}],"wp:attachment":[{"href":"https:\/\/agrupacionespsoe.es\/fuenteelsaz\/wp-json\/wp\/v2\/media?parent=261"}],"curies":[{"name":"wp","href":"https:\/\/api.w.org\/{rel}","templated":true}]}}