{"id":1380,"date":"2025-05-27T10:11:23","date_gmt":"2025-05-27T10:11:23","guid":{"rendered":"https:\/\/agrupacionespsoe.es\/fuenteelsaz\/?page_id=1380"},"modified":"2025-05-27T10:43:06","modified_gmt":"2025-05-27T10:43:06","slug":"grupo-municipal","status":"publish","type":"page","link":"https:\/\/agrupacionespsoe.es\/fuenteelsaz\/grupo-municipal\/","title":{"rendered":"Grupo Municipal"},"content":{"rendered":"\n<h1 class=\"wp-block-heading has-text-align-center has-white-color has-primary-background-color has-text-color has-background has-link-color has-large-font-size wp-elements-5697cf906f7e637d7a2e39fe2b7c30d9\" style=\"margin-top:0;margin-right:0;margin-bottom:0;margin-left:0;font-style:normal;font-weight:1000;text-decoration:underline;text-transform:capitalize\"><strong>Grupo Municipal PSOE<\/strong><\/h1>\n\n\n\n<div class=\"wp-block-columns is-layout-flex wp-container-core-columns-is-layout-1 wp-block-columns-is-layout-flex\">\n<div class=\"wp-block-column is-layout-flow wp-block-column-is-layout-flow\">\n<figure class=\"wp-block-image aligncenter size-large is-resized\"><img loading=\"lazy\" decoding=\"async\" width=\"821\" height=\"1024\" src=\"https:\/\/agrupacionespsoe.es\/fuenteelsaz\/wp-content\/uploads\/sites\/66\/2025\/05\/IMG_8105-scaled-e1682208150971-3-821x1024.jpg\" alt=\"\" class=\"wp-image-1409\" style=\"width:355px;height:auto\" srcset=\"https:\/\/agrupacionespsoe.es\/fuenteelsaz\/wp-content\/uploads\/sites\/66\/2025\/05\/IMG_8105-scaled-e1682208150971-3-821x1024.jpg 821w, https:\/\/agrupacionespsoe.es\/fuenteelsaz\/wp-content\/uploads\/sites\/66\/2025\/05\/IMG_8105-scaled-e1682208150971-3-240x300.jpg 240w, https:\/\/agrupacionespsoe.es\/fuenteelsaz\/wp-content\/uploads\/sites\/66\/2025\/05\/IMG_8105-scaled-e1682208150971-3-768x958.jpg 768w, https:\/\/agrupacionespsoe.es\/fuenteelsaz\/wp-content\/uploads\/sites\/66\/2025\/05\/IMG_8105-scaled-e1682208150971-3-1231x1536.jpg 1231w, https:\/\/agrupacionespsoe.es\/fuenteelsaz\/wp-content\/uploads\/sites\/66\/2025\/05\/IMG_8105-scaled-e1682208150971-3-1641x2048.jpg 1641w, https:\/\/agrupacionespsoe.es\/fuenteelsaz\/wp-content\/uploads\/sites\/66\/2025\/05\/IMG_8105-scaled-e1682208150971-3.jpg 1682w\" sizes=\"auto, (max-width: 821px) 100vw, 821px\" \/><\/figure>\n\n\n\n<p class=\"has-text-align-center has-primary-color has-text-color has-link-color has-medium-font-size wp-elements-98558b458dedf93f8593c0883ee68130\"><strong>V\u00edctor S\u00e1nchez Talavante<\/strong><\/p>\n\n\n\n<p class=\"has-text-align-center has-text-color has-link-color has-medium-font-size wp-elements-7ea461c6d407de313f8a8182cc162103\" style=\"color:#000000\">Concejal grupo municipal<\/p>\n\n\n\n<p class=\"has-text-align-center has-text-color has-link-color has-small-font-size wp-elements-26a514353d781b47df72845b03be429d\" style=\"color:#000000\">@gmail.com<\/p>\n<\/div>\n\n\n\n<div class=\"wp-block-column is-layout-flow wp-block-column-is-layout-flow\">\n<figure class=\"wp-block-image aligncenter size-large is-resized\"><img loading=\"lazy\" decoding=\"async\" width=\"843\" height=\"1024\" src=\"https:\/\/agrupacionespsoe.es\/fuenteelsaz\/wp-content\/uploads\/sites\/66\/2025\/05\/IMG-20250526-WA0026-1-843x1024.jpg\" alt=\"\" class=\"wp-image-1410\" style=\"width:369px;height:auto\" srcset=\"https:\/\/agrupacionespsoe.es\/fuenteelsaz\/wp-content\/uploads\/sites\/66\/2025\/05\/IMG-20250526-WA0026-1-843x1024.jpg 843w, https:\/\/agrupacionespsoe.es\/fuenteelsaz\/wp-content\/uploads\/sites\/66\/2025\/05\/IMG-20250526-WA0026-1-247x300.jpg 247w, https:\/\/agrupacionespsoe.es\/fuenteelsaz\/wp-content\/uploads\/sites\/66\/2025\/05\/IMG-20250526-WA0026-1-768x933.jpg 768w, https:\/\/agrupacionespsoe.es\/fuenteelsaz\/wp-content\/uploads\/sites\/66\/2025\/05\/IMG-20250526-WA0026-1.jpg 847w\" sizes=\"auto, (max-width: 843px) 100vw, 843px\" \/><\/figure>\n\n\n\n<p class=\"has-text-align-center has-primary-color has-text-color has-link-color has-medium-font-size wp-elements-af1159b61b6bcefa6769cd13dbebfec9\"><strong>Aitor Arizmendi<\/strong><\/p>\n\n\n\n<p class=\"has-text-align-center has-text-color has-link-color has-medium-font-size wp-elements-e531215ae5a40610c85526c842e849b1\" style=\"color:#000000\">Portavoz grupo municipal<\/p>\n\n\n\n<p class=\"has-text-align-center has-text-color has-link-color has-small-font-size wp-elements-26a514353d781b47df72845b03be429d\" style=\"color:#000000\">@gmail.com<\/p>\n<\/div>\n\n\n\n<div class=\"wp-block-column is-layout-flow wp-block-column-is-layout-flow\">\n<figure class=\"wp-block-image aligncenter size-full is-resized\"><img loading=\"lazy\" decoding=\"async\" width=\"1707\" height=\"2560\" src=\"https:\/\/agrupacionespsoe.es\/fuenteelsaz\/wp-content\/uploads\/sites\/66\/2023\/04\/IMG_8114-scaled.jpg\" alt=\"\" class=\"wp-image-701\" style=\"width:299px;height:auto\" srcset=\"https:\/\/agrupacionespsoe.es\/fuenteelsaz\/wp-content\/uploads\/sites\/66\/2023\/04\/IMG_8114-scaled.jpg 1707w, https:\/\/agrupacionespsoe.es\/fuenteelsaz\/wp-content\/uploads\/sites\/66\/2023\/04\/IMG_8114-200x300.jpg 200w, https:\/\/agrupacionespsoe.es\/fuenteelsaz\/wp-content\/uploads\/sites\/66\/2023\/04\/IMG_8114-683x1024.jpg 683w, https:\/\/agrupacionespsoe.es\/fuenteelsaz\/wp-content\/uploads\/sites\/66\/2023\/04\/IMG_8114-768x1152.jpg 768w, https:\/\/agrupacionespsoe.es\/fuenteelsaz\/wp-content\/uploads\/sites\/66\/2023\/04\/IMG_8114-1024x1536.jpg 1024w, https:\/\/agrupacionespsoe.es\/fuenteelsaz\/wp-content\/uploads\/sites\/66\/2023\/04\/IMG_8114-1365x2048.jpg 1365w\" sizes=\"auto, (max-width: 1707px) 100vw, 1707px\" \/><\/figure>\n\n\n\n<p class=\"has-text-align-center has-primary-color has-text-color has-link-color has-medium-font-size wp-elements-f561556908b7012729132340d3d01a17\"><strong>Yolanda Pe\u00f1a<\/strong><\/p>\n\n\n\n<p class=\"has-text-align-center has-text-color has-link-color has-medium-font-size wp-elements-7ea461c6d407de313f8a8182cc162103\" style=\"color:#000000\">Concejal grupo municipal<\/p>\n\n\n\n<p class=\"has-text-align-center has-text-color has-link-color has-small-font-size wp-elements-26a514353d781b47df72845b03be429d\" style=\"color:#000000\">@gmail.com<\/p>\n<\/div>\n<\/div>\n\n\n\n<p><\/p>\n","protected":false},"excerpt":{"rendered":"<p>Grupo Municipal PSOE V\u00edctor S\u00e1nchez Talavante Concejal grupo municipal @gmail.com Aitor Arizmendi Portavoz grupo municipal @gmail.com Yolanda Pe\u00f1a Concejal grupo municipal @gmail.com<\/p>\n","protected":false},"author":304,"featured_media":0,"parent":0,"menu_order":0,"comment_status":"closed","ping_status":"closed","template":"","meta":{"footnotes":""},"class_list":["post-1380","page","type-page","status-publish","hentry"],"yoast_head":"<!-- This site is optimized with the Yoast SEO plugin v24.0 - https:\/\/yoast.com\/wordpress\/plugins\/seo\/ -->\n<title>Grupo Municipal - Agrupaci\u00f3n Socialista de Fuente el Saz<\/title>\n<meta name=\"robots\" content=\"index, follow, max-snippet:-1, max-image-preview:large, max-video-preview:-1\" \/>\n<link rel=\"canonical\" href=\"https:\/\/agrupacionespsoe.es\/fuenteelsaz\/grupo-municipal\/\" \/>\n<meta property=\"og:locale\" content=\"es_ES\" \/>\n<meta property=\"og:type\" content=\"article\" \/>\n<meta property=\"og:title\" content=\"Grupo Municipal - Agrupaci\u00f3n Socialista de Fuente el Saz\" \/>\n<meta property=\"og:description\" content=\"Grupo Municipal PSOE V\u00edctor S\u00e1nchez Talavante Concejal grupo municipal @gmail.com Aitor Arizmendi Portavoz grupo municipal @gmail.com Yolanda Pe\u00f1a Concejal grupo municipal @gmail.com\" \/>\n<meta property=\"og:url\" content=\"https:\/\/agrupacionespsoe.es\/fuenteelsaz\/grupo-municipal\/\" \/>\n<meta property=\"og:site_name\" content=\"Agrupaci\u00f3n Socialista de Fuente el Saz\" \/>\n<meta property=\"article:publisher\" content=\"https:\/\/www.facebook.com\/profile.php?id=100076356249293\" \/>\n<meta property=\"article:modified_time\" content=\"2025-05-27T10:43:06+00:00\" \/>\n<meta property=\"og:image\" content=\"https:\/\/agrupacionespsoe.es\/fuenteelsaz\/wp-content\/uploads\/sites\/66\/2025\/05\/IMG_8105-scaled-e1682208150971-3.jpg\" \/>\n\t<meta property=\"og:image:width\" content=\"1682\" \/>\n\t<meta property=\"og:image:height\" content=\"2099\" \/>\n\t<meta property=\"og:image:type\" content=\"image\/jpeg\" \/>\n<meta name=\"twitter:card\" content=\"summary_large_image\" \/>\n<meta name=\"twitter:site\" content=\"@PSOEFUENTEELSAZ\" \/>\n<meta name=\"twitter:label1\" content=\"Tiempo de lectura\" \/>\n\t<meta name=\"twitter:data1\" content=\"1 minuto\" \/>\n<script type=\"application\/ld+json\" class=\"yoast-schema-graph\">{\"@context\":\"https:\/\/schema.org\",\"@graph\":[{\"@type\":\"WebPage\",\"@id\":\"https:\/\/agrupacionespsoe.es\/fuenteelsaz\/grupo-municipal\/\",\"url\":\"https:\/\/agrupacionespsoe.es\/fuenteelsaz\/grupo-municipal\/\",\"name\":\"Grupo Municipal - Agrupaci\u00f3n Socialista de Fuente el Saz\",\"isPartOf\":{\"@id\":\"https:\/\/agrupacionespsoe.es\/fuenteelsaz\/#website\"},\"primaryImageOfPage\":{\"@id\":\"https:\/\/agrupacionespsoe.es\/fuenteelsaz\/grupo-municipal\/#primaryimage\"},\"image\":{\"@id\":\"https:\/\/agrupacionespsoe.es\/fuenteelsaz\/grupo-municipal\/#primaryimage\"},\"thumbnailUrl\":\"https:\/\/agrupacionespsoe.es\/fuenteelsaz\/wp-content\/uploads\/sites\/66\/2025\/05\/IMG_8105-scaled-e1682208150971-3-821x1024.jpg\",\"datePublished\":\"2025-05-27T10:11:23+00:00\",\"dateModified\":\"2025-05-27T10:43:06+00:00\",\"breadcrumb\":{\"@id\":\"https:\/\/agrupacionespsoe.es\/fuenteelsaz\/grupo-municipal\/#breadcrumb\"},\"inLanguage\":\"es\",\"potentialAction\":[{\"@type\":\"ReadAction\",\"target\":[\"https:\/\/agrupacionespsoe.es\/fuenteelsaz\/grupo-municipal\/\"]}]},{\"@type\":\"ImageObject\",\"inLanguage\":\"es\",\"@id\":\"https:\/\/agrupacionespsoe.es\/fuenteelsaz\/grupo-municipal\/#primaryimage\",\"url\":\"https:\/\/agrupacionespsoe.es\/fuenteelsaz\/wp-content\/uploads\/sites\/66\/2025\/05\/IMG_8105-scaled-e1682208150971-3.jpg\",\"contentUrl\":\"https:\/\/agrupacionespsoe.es\/fuenteelsaz\/wp-content\/uploads\/sites\/66\/2025\/05\/IMG_8105-scaled-e1682208150971-3.jpg\",\"width\":1682,\"height\":2099},{\"@type\":\"BreadcrumbList\",\"@id\":\"https:\/\/agrupacionespsoe.es\/fuenteelsaz\/grupo-municipal\/#breadcrumb\",\"itemListElement\":[{\"@type\":\"ListItem\",\"position\":1,\"name\":\"Portada\",\"item\":\"https:\/\/agrupacionespsoe.es\/fuenteelsaz\/\"},{\"@type\":\"ListItem\",\"position\":2,\"name\":\"Grupo Municipal\"}]},{\"@type\":\"WebSite\",\"@id\":\"https:\/\/agrupacionespsoe.es\/fuenteelsaz\/#website\",\"url\":\"https:\/\/agrupacionespsoe.es\/fuenteelsaz\/\",\"name\":\"Agrupaci\u00f3n Socialista de Fuente el Saz\",\"description\":\"Agrupaci\u00f3n Socialista de Fuente el Saz\",\"publisher\":{\"@id\":\"https:\/\/agrupacionespsoe.es\/fuenteelsaz\/#organization\"},\"potentialAction\":[{\"@type\":\"SearchAction\",\"target\":{\"@type\":\"EntryPoint\",\"urlTemplate\":\"https:\/\/agrupacionespsoe.es\/fuenteelsaz\/?s={search_term_string}\"},\"query-input\":{\"@type\":\"PropertyValueSpecification\",\"valueRequired\":true,\"valueName\":\"search_term_string\"}}],\"inLanguage\":\"es\"},{\"@type\":\"Organization\",\"@id\":\"https:\/\/agrupacionespsoe.es\/fuenteelsaz\/#organization\",\"name\":\"Agrupaci\u00f3n Socialista de Fuente el Saz\",\"url\":\"https:\/\/agrupacionespsoe.es\/fuenteelsaz\/\",\"logo\":{\"@type\":\"ImageObject\",\"inLanguage\":\"es\",\"@id\":\"https:\/\/agrupacionespsoe.es\/fuenteelsaz\/#\/schema\/logo\/image\/\",\"url\":\"https:\/\/agrupacionespsoe.es\/fuenteelsaz\/wp-content\/uploads\/sites\/66\/2023\/04\/logo2.jpeg\",\"contentUrl\":\"https:\/\/agrupacionespsoe.es\/fuenteelsaz\/wp-content\/uploads\/sites\/66\/2023\/04\/logo2.jpeg\",\"width\":614,\"height\":648,\"caption\":\"Agrupaci\u00f3n Socialista de Fuente el Saz\"},\"image\":{\"@id\":\"https:\/\/agrupacionespsoe.es\/fuenteelsaz\/#\/schema\/logo\/image\/\"},\"sameAs\":[\"https:\/\/www.facebook.com\/profile.php?id=100076356249293\",\"https:\/\/x.com\/PSOEFUENTEELSAZ\",\"https:\/\/instagram.com\/psoe_fuenteelsaz?igshid=YmMyMTA2M2Y\"]}]}<\/script>\n<!-- \/ Yoast SEO plugin. -->","yoast_head_json":{"title":"Grupo Municipal - Agrupaci\u00f3n Socialista de Fuente el Saz","robots":{"index":"index","follow":"follow","max-snippet":"max-snippet:-1","max-image-preview":"max-image-preview:large","max-video-preview":"max-video-preview:-1"},"canonical":"https:\/\/agrupacionespsoe.es\/fuenteelsaz\/grupo-municipal\/","og_locale":"es_ES","og_type":"article","og_title":"Grupo Municipal - Agrupaci\u00f3n Socialista de Fuente el Saz","og_description":"Grupo Municipal PSOE V\u00edctor S\u00e1nchez Talavante Concejal grupo municipal @gmail.com Aitor Arizmendi Portavoz grupo municipal @gmail.com Yolanda Pe\u00f1a Concejal grupo municipal @gmail.com","og_url":"https:\/\/agrupacionespsoe.es\/fuenteelsaz\/grupo-municipal\/","og_site_name":"Agrupaci\u00f3n Socialista de Fuente el Saz","article_publisher":"https:\/\/www.facebook.com\/profile.php?id=100076356249293","article_modified_time":"2025-05-27T10:43:06+00:00","og_image":[{"width":1682,"height":2099,"url":"https:\/\/agrupacionespsoe.es\/fuenteelsaz\/wp-content\/uploads\/sites\/66\/2025\/05\/IMG_8105-scaled-e1682208150971-3.jpg","type":"image\/jpeg"}],"twitter_card":"summary_large_image","twitter_site":"@PSOEFUENTEELSAZ","twitter_misc":{"Tiempo de lectura":"1 minuto"},"schema":{"@context":"https:\/\/schema.org","@graph":[{"@type":"WebPage","@id":"https:\/\/agrupacionespsoe.es\/fuenteelsaz\/grupo-municipal\/","url":"https:\/\/agrupacionespsoe.es\/fuenteelsaz\/grupo-municipal\/","name":"Grupo Municipal - Agrupaci\u00f3n Socialista de Fuente el Saz","isPartOf":{"@id":"https:\/\/agrupacionespsoe.es\/fuenteelsaz\/#website"},"primaryImageOfPage":{"@id":"https:\/\/agrupacionespsoe.es\/fuenteelsaz\/grupo-municipal\/#primaryimage"},"image":{"@id":"https:\/\/agrupacionespsoe.es\/fuenteelsaz\/grupo-municipal\/#primaryimage"},"thumbnailUrl":"https:\/\/agrupacionespsoe.es\/fuenteelsaz\/wp-content\/uploads\/sites\/66\/2025\/05\/IMG_8105-scaled-e1682208150971-3-821x1024.jpg","datePublished":"2025-05-27T10:11:23+00:00","dateModified":"2025-05-27T10:43:06+00:00","breadcrumb":{"@id":"https:\/\/agrupacionespsoe.es\/fuenteelsaz\/grupo-municipal\/#breadcrumb"},"inLanguage":"es","potentialAction":[{"@type":"ReadAction","target":["https:\/\/agrupacionespsoe.es\/fuenteelsaz\/grupo-municipal\/"]}]},{"@type":"ImageObject","inLanguage":"es","@id":"https:\/\/agrupacionespsoe.es\/fuenteelsaz\/grupo-municipal\/#primaryimage","url":"https:\/\/agrupacionespsoe.es\/fuenteelsaz\/wp-content\/uploads\/sites\/66\/2025\/05\/IMG_8105-scaled-e1682208150971-3.jpg","contentUrl":"https:\/\/agrupacionespsoe.es\/fuenteelsaz\/wp-content\/uploads\/sites\/66\/2025\/05\/IMG_8105-scaled-e1682208150971-3.jpg","width":1682,"height":2099},{"@type":"BreadcrumbList","@id":"https:\/\/agrupacionespsoe.es\/fuenteelsaz\/grupo-municipal\/#breadcrumb","itemListElement":[{"@type":"ListItem","position":1,"name":"Portada","item":"https:\/\/agrupacionespsoe.es\/fuenteelsaz\/"},{"@type":"ListItem","position":2,"name":"Grupo Municipal"}]},{"@type":"WebSite","@id":"https:\/\/agrupacionespsoe.es\/fuenteelsaz\/#website","url":"https:\/\/agrupacionespsoe.es\/fuenteelsaz\/","name":"Agrupaci\u00f3n Socialista de Fuente el Saz","description":"Agrupaci\u00f3n Socialista de Fuente el Saz","publisher":{"@id":"https:\/\/agrupacionespsoe.es\/fuenteelsaz\/#organization"},"potentialAction":[{"@type":"SearchAction","target":{"@type":"EntryPoint","urlTemplate":"https:\/\/agrupacionespsoe.es\/fuenteelsaz\/?s={search_term_string}"},"query-input":{"@type":"PropertyValueSpecification","valueRequired":true,"valueName":"search_term_string"}}],"inLanguage":"es"},{"@type":"Organization","@id":"https:\/\/agrupacionespsoe.es\/fuenteelsaz\/#organization","name":"Agrupaci\u00f3n Socialista de Fuente el Saz","url":"https:\/\/agrupacionespsoe.es\/fuenteelsaz\/","logo":{"@type":"ImageObject","inLanguage":"es","@id":"https:\/\/agrupacionespsoe.es\/fuenteelsaz\/#\/schema\/logo\/image\/","url":"https:\/\/agrupacionespsoe.es\/fuenteelsaz\/wp-content\/uploads\/sites\/66\/2023\/04\/logo2.jpeg","contentUrl":"https:\/\/agrupacionespsoe.es\/fuenteelsaz\/wp-content\/uploads\/sites\/66\/2023\/04\/logo2.jpeg","width":614,"height":648,"caption":"Agrupaci\u00f3n Socialista de Fuente el Saz"},"image":{"@id":"https:\/\/agrupacionespsoe.es\/fuenteelsaz\/#\/schema\/logo\/image\/"},"sameAs":["https:\/\/www.facebook.com\/profile.php?id=100076356249293","https:\/\/x.com\/PSOEFUENTEELSAZ","https:\/\/instagram.com\/psoe_fuenteelsaz?igshid=YmMyMTA2M2Y"]}]}},"jetpack_sharing_enabled":true,"_links":{"self":[{"href":"https:\/\/agrupacionespsoe.es\/fuenteelsaz\/wp-json\/wp\/v2\/pages\/1380","targetHints":{"allow":["GET"]}}],"collection":[{"href":"https:\/\/agrupacionespsoe.es\/fuenteelsaz\/wp-json\/wp\/v2\/pages"}],"about":[{"href":"https:\/\/agrupacionespsoe.es\/fuenteelsaz\/wp-json\/wp\/v2\/types\/page"}],"author":[{"embeddable":true,"href":"https:\/\/agrupacionespsoe.es\/fuenteelsaz\/wp-json\/wp\/v2\/users\/304"}],"replies":[{"embeddable":true,"href":"https:\/\/agrupacionespsoe.es\/fuenteelsaz\/wp-json\/wp\/v2\/comments?post=1380"}],"version-history":[{"count":12,"href":"https:\/\/agrupacionespsoe.es\/fuenteelsaz\/wp-json\/wp\/v2\/pages\/1380\/revisions"}],"predecessor-version":[{"id":1422,"href":"https:\/\/agrupacionespsoe.es\/fuenteelsaz\/wp-json\/wp\/v2\/pages\/1380\/revisions\/1422"}],"wp:attachment":[{"href":"https:\/\/agrupacionespsoe.es\/fuenteelsaz\/wp-json\/wp\/v2\/media?parent=1380"}],"curies":[{"name":"wp","href":"https:\/\/api.w.org\/{rel}","templated":true}]}}