{"id":527,"date":"2023-05-25T00:08:35","date_gmt":"2023-05-25T00:08:35","guid":{"rendered":"https:\/\/agrupacionespsoe.es\/cobena\/?page_id=527"},"modified":"2023-05-25T00:08:36","modified_gmt":"2023-05-25T00:08:36","slug":"parque_mirador","status":"publish","type":"page","link":"https:\/\/agrupacionespsoe.es\/cobena\/parque_mirador\/","title":{"rendered":"parque_mirador"},"content":{"rendered":"\n<p class=\"has-text-align-center has-primary-color has-text-color has-medium-font-size\"><strong>EL PARQUE LINEAL DE EL MIRADOR DE COBE\u00d1A: 4 A\u00d1OS PARADO Y DEPOSITO DE TIERRAS DEL CEMENTERIO<\/strong><\/p>\n\n\n\n<div class=\"wp-block-media-text alignwide is-stacked-on-mobile\"><figure class=\"wp-block-media-text__media\"><img loading=\"lazy\" decoding=\"async\" width=\"653\" height=\"490\" src=\"https:\/\/agrupacionespsoe.es\/cobena\/wp-content\/uploads\/sites\/91\/2023\/05\/parque_mirador.jpg\" alt=\"\" class=\"wp-image-528 size-full\" srcset=\"https:\/\/agrupacionespsoe.es\/cobena\/wp-content\/uploads\/sites\/91\/2023\/05\/parque_mirador.jpg 653w, https:\/\/agrupacionespsoe.es\/cobena\/wp-content\/uploads\/sites\/91\/2023\/05\/parque_mirador-300x225.jpg 300w\" sizes=\"auto, (max-width: 653px) 100vw, 653px\" \/><\/figure><div class=\"wp-block-media-text__content\">\n<p>Desde abril de 2019, este proyecto est\u00e1 parado, con el consiguiente perjuicio para los vecinos de la zona, principalmente, que durante todo este tiempo de lo \u00fanico que disfrutan es de unas vistas poco gratificantes.<br>No siendo suficiente, en marzo, el ayuntamiento comenz\u00f3 a depositar all\u00ed las tierras extra\u00eddas del cementerio para la construcci\u00f3n de nuevas tumbas, tierras en las que aparecieron restos \u00f3seos, probablemente humanos.<br>Solo la r\u00e1pida denuncia de los vecinos hizo que inmediatamente fueran trasladadas las tierras a la parcela municipal anexa al colegio Norfolk, procediendo a un cribado de estas, seg\u00fan informaron desde la concejal\u00eda de Obras.<\/p>\n<\/div><\/div>\n\n\n\n<p class=\"has-text-align-center has-primary-color has-text-color\"><strong><a href=\"https:\/\/agrupacionespsoe.es\/cobena\/comunicado_mayo\">VOLVER<\/a><\/strong><\/p>\n","protected":false},"excerpt":{"rendered":"<p>EL PARQUE LINEAL DE EL MIRADOR DE COBE\u00d1A: 4 A\u00d1OS PARADO Y DEPOSITO DE TIERRAS DEL CEMENTERIO Desde abril de 2019, este proyecto est\u00e1 parado, con el consiguiente perjuicio para los vecinos de la zona, principalmente, que durante todo este tiempo de lo \u00fanico que disfrutan es de unas vistas poco gratificantes.No siendo suficiente, en &#8230;<\/p>\n","protected":false},"author":138,"featured_media":0,"parent":0,"menu_order":0,"comment_status":"closed","ping_status":"closed","template":"","meta":{"footnotes":""},"class_list":["post-527","page","type-page","status-publish","hentry"],"yoast_head":"<!-- This site is optimized with the Yoast SEO plugin v24.0 - https:\/\/yoast.com\/wordpress\/plugins\/seo\/ -->\n<title>parque_mirador - Agrupaci\u00f3n Socialista de Cobe\u00f1a<\/title>\n<meta name=\"robots\" content=\"index, follow, max-snippet:-1, max-image-preview:large, max-video-preview:-1\" \/>\n<link rel=\"canonical\" href=\"https:\/\/agrupacionespsoe.es\/cobena\/parque_mirador\/\" \/>\n<meta property=\"og:locale\" content=\"es_ES\" \/>\n<meta property=\"og:type\" content=\"article\" \/>\n<meta property=\"og:title\" content=\"parque_mirador - Agrupaci\u00f3n Socialista de Cobe\u00f1a\" \/>\n<meta property=\"og:description\" content=\"EL PARQUE LINEAL DE EL MIRADOR DE COBE\u00d1A: 4 A\u00d1OS PARADO Y DEPOSITO DE TIERRAS DEL CEMENTERIO Desde abril de 2019, este proyecto est\u00e1 parado, con el consiguiente perjuicio para los vecinos de la zona, principalmente, que durante todo este tiempo de lo \u00fanico que disfrutan es de unas vistas poco gratificantes.No siendo suficiente, en ...\" \/>\n<meta property=\"og:url\" content=\"https:\/\/agrupacionespsoe.es\/cobena\/parque_mirador\/\" \/>\n<meta property=\"og:site_name\" content=\"Agrupaci\u00f3n Socialista de Cobe\u00f1a\" \/>\n<meta property=\"article:modified_time\" content=\"2023-05-25T00:08:36+00:00\" \/>\n<meta property=\"og:image\" content=\"https:\/\/agrupacionespsoe.es\/cobena\/wp-content\/uploads\/sites\/91\/2023\/05\/parque_mirador.jpg\" \/>\n<meta name=\"twitter:card\" content=\"summary_large_image\" \/>\n<script type=\"application\/ld+json\" class=\"yoast-schema-graph\">{\"@context\":\"https:\/\/schema.org\",\"@graph\":[{\"@type\":\"WebPage\",\"@id\":\"https:\/\/agrupacionespsoe.es\/cobena\/parque_mirador\/\",\"url\":\"https:\/\/agrupacionespsoe.es\/cobena\/parque_mirador\/\",\"name\":\"parque_mirador - Agrupaci\u00f3n Socialista de Cobe\u00f1a\",\"isPartOf\":{\"@id\":\"https:\/\/agrupacionespsoe.es\/cobena\/#website\"},\"primaryImageOfPage\":{\"@id\":\"https:\/\/agrupacionespsoe.es\/cobena\/parque_mirador\/#primaryimage\"},\"image\":{\"@id\":\"https:\/\/agrupacionespsoe.es\/cobena\/parque_mirador\/#primaryimage\"},\"thumbnailUrl\":\"https:\/\/agrupacionespsoe.es\/cobena\/wp-content\/uploads\/sites\/91\/2023\/05\/parque_mirador.jpg\",\"datePublished\":\"2023-05-25T00:08:35+00:00\",\"dateModified\":\"2023-05-25T00:08:36+00:00\",\"breadcrumb\":{\"@id\":\"https:\/\/agrupacionespsoe.es\/cobena\/parque_mirador\/#breadcrumb\"},\"inLanguage\":\"es\",\"potentialAction\":[{\"@type\":\"ReadAction\",\"target\":[\"https:\/\/agrupacionespsoe.es\/cobena\/parque_mirador\/\"]}]},{\"@type\":\"ImageObject\",\"inLanguage\":\"es\",\"@id\":\"https:\/\/agrupacionespsoe.es\/cobena\/parque_mirador\/#primaryimage\",\"url\":\"https:\/\/agrupacionespsoe.es\/cobena\/wp-content\/uploads\/sites\/91\/2023\/05\/parque_mirador.jpg\",\"contentUrl\":\"https:\/\/agrupacionespsoe.es\/cobena\/wp-content\/uploads\/sites\/91\/2023\/05\/parque_mirador.jpg\",\"width\":653,\"height\":490},{\"@type\":\"BreadcrumbList\",\"@id\":\"https:\/\/agrupacionespsoe.es\/cobena\/parque_mirador\/#breadcrumb\",\"itemListElement\":[{\"@type\":\"ListItem\",\"position\":1,\"name\":\"Portada\",\"item\":\"https:\/\/agrupacionespsoe.es\/cobena\/\"},{\"@type\":\"ListItem\",\"position\":2,\"name\":\"parque_mirador\"}]},{\"@type\":\"WebSite\",\"@id\":\"https:\/\/agrupacionespsoe.es\/cobena\/#website\",\"url\":\"https:\/\/agrupacionespsoe.es\/cobena\/\",\"name\":\"Agrupaci\u00f3n Socialista de Cobe\u00f1a\",\"description\":\"Agrupaci\u00f3n Socialista de Cobe\u00f1a\",\"publisher\":{\"@id\":\"https:\/\/agrupacionespsoe.es\/cobena\/#organization\"},\"potentialAction\":[{\"@type\":\"SearchAction\",\"target\":{\"@type\":\"EntryPoint\",\"urlTemplate\":\"https:\/\/agrupacionespsoe.es\/cobena\/?s={search_term_string}\"},\"query-input\":{\"@type\":\"PropertyValueSpecification\",\"valueRequired\":true,\"valueName\":\"search_term_string\"}}],\"inLanguage\":\"es\"},{\"@type\":\"Organization\",\"@id\":\"https:\/\/agrupacionespsoe.es\/cobena\/#organization\",\"name\":\"Agrupaci\u00f3n Socialista de Cobe\u00f1a\",\"url\":\"https:\/\/agrupacionespsoe.es\/cobena\/\",\"logo\":{\"@type\":\"ImageObject\",\"inLanguage\":\"es\",\"@id\":\"https:\/\/agrupacionespsoe.es\/cobena\/#\/schema\/logo\/image\/\",\"url\":\"https:\/\/agrupacionespsoe.es\/wp-content\/uploads\/2022\/07\/Logotipo_electoral_del_PSOE.png\",\"contentUrl\":\"https:\/\/agrupacionespsoe.es\/wp-content\/uploads\/2022\/07\/Logotipo_electoral_del_PSOE.png\",\"width\":422,\"height\":422,\"caption\":\"Agrupaci\u00f3n Socialista de Cobe\u00f1a\"},\"image\":{\"@id\":\"https:\/\/agrupacionespsoe.es\/cobena\/#\/schema\/logo\/image\/\"}}]}<\/script>\n<!-- \/ Yoast SEO plugin. -->","yoast_head_json":{"title":"parque_mirador - Agrupaci\u00f3n Socialista de Cobe\u00f1a","robots":{"index":"index","follow":"follow","max-snippet":"max-snippet:-1","max-image-preview":"max-image-preview:large","max-video-preview":"max-video-preview:-1"},"canonical":"https:\/\/agrupacionespsoe.es\/cobena\/parque_mirador\/","og_locale":"es_ES","og_type":"article","og_title":"parque_mirador - Agrupaci\u00f3n Socialista de Cobe\u00f1a","og_description":"EL PARQUE LINEAL DE EL MIRADOR DE COBE\u00d1A: 4 A\u00d1OS PARADO Y DEPOSITO DE TIERRAS DEL CEMENTERIO Desde abril de 2019, este proyecto est\u00e1 parado, con el consiguiente perjuicio para los vecinos de la zona, principalmente, que durante todo este tiempo de lo \u00fanico que disfrutan es de unas vistas poco gratificantes.No siendo suficiente, en ...","og_url":"https:\/\/agrupacionespsoe.es\/cobena\/parque_mirador\/","og_site_name":"Agrupaci\u00f3n Socialista de Cobe\u00f1a","article_modified_time":"2023-05-25T00:08:36+00:00","og_image":[{"url":"https:\/\/agrupacionespsoe.es\/cobena\/wp-content\/uploads\/sites\/91\/2023\/05\/parque_mirador.jpg","type":"","width":"","height":""}],"twitter_card":"summary_large_image","schema":{"@context":"https:\/\/schema.org","@graph":[{"@type":"WebPage","@id":"https:\/\/agrupacionespsoe.es\/cobena\/parque_mirador\/","url":"https:\/\/agrupacionespsoe.es\/cobena\/parque_mirador\/","name":"parque_mirador - Agrupaci\u00f3n Socialista de Cobe\u00f1a","isPartOf":{"@id":"https:\/\/agrupacionespsoe.es\/cobena\/#website"},"primaryImageOfPage":{"@id":"https:\/\/agrupacionespsoe.es\/cobena\/parque_mirador\/#primaryimage"},"image":{"@id":"https:\/\/agrupacionespsoe.es\/cobena\/parque_mirador\/#primaryimage"},"thumbnailUrl":"https:\/\/agrupacionespsoe.es\/cobena\/wp-content\/uploads\/sites\/91\/2023\/05\/parque_mirador.jpg","datePublished":"2023-05-25T00:08:35+00:00","dateModified":"2023-05-25T00:08:36+00:00","breadcrumb":{"@id":"https:\/\/agrupacionespsoe.es\/cobena\/parque_mirador\/#breadcrumb"},"inLanguage":"es","potentialAction":[{"@type":"ReadAction","target":["https:\/\/agrupacionespsoe.es\/cobena\/parque_mirador\/"]}]},{"@type":"ImageObject","inLanguage":"es","@id":"https:\/\/agrupacionespsoe.es\/cobena\/parque_mirador\/#primaryimage","url":"https:\/\/agrupacionespsoe.es\/cobena\/wp-content\/uploads\/sites\/91\/2023\/05\/parque_mirador.jpg","contentUrl":"https:\/\/agrupacionespsoe.es\/cobena\/wp-content\/uploads\/sites\/91\/2023\/05\/parque_mirador.jpg","width":653,"height":490},{"@type":"BreadcrumbList","@id":"https:\/\/agrupacionespsoe.es\/cobena\/parque_mirador\/#breadcrumb","itemListElement":[{"@type":"ListItem","position":1,"name":"Portada","item":"https:\/\/agrupacionespsoe.es\/cobena\/"},{"@type":"ListItem","position":2,"name":"parque_mirador"}]},{"@type":"WebSite","@id":"https:\/\/agrupacionespsoe.es\/cobena\/#website","url":"https:\/\/agrupacionespsoe.es\/cobena\/","name":"Agrupaci\u00f3n Socialista de Cobe\u00f1a","description":"Agrupaci\u00f3n Socialista de Cobe\u00f1a","publisher":{"@id":"https:\/\/agrupacionespsoe.es\/cobena\/#organization"},"potentialAction":[{"@type":"SearchAction","target":{"@type":"EntryPoint","urlTemplate":"https:\/\/agrupacionespsoe.es\/cobena\/?s={search_term_string}"},"query-input":{"@type":"PropertyValueSpecification","valueRequired":true,"valueName":"search_term_string"}}],"inLanguage":"es"},{"@type":"Organization","@id":"https:\/\/agrupacionespsoe.es\/cobena\/#organization","name":"Agrupaci\u00f3n Socialista de Cobe\u00f1a","url":"https:\/\/agrupacionespsoe.es\/cobena\/","logo":{"@type":"ImageObject","inLanguage":"es","@id":"https:\/\/agrupacionespsoe.es\/cobena\/#\/schema\/logo\/image\/","url":"https:\/\/agrupacionespsoe.es\/wp-content\/uploads\/2022\/07\/Logotipo_electoral_del_PSOE.png","contentUrl":"https:\/\/agrupacionespsoe.es\/wp-content\/uploads\/2022\/07\/Logotipo_electoral_del_PSOE.png","width":422,"height":422,"caption":"Agrupaci\u00f3n Socialista de Cobe\u00f1a"},"image":{"@id":"https:\/\/agrupacionespsoe.es\/cobena\/#\/schema\/logo\/image\/"}}]}},"jetpack_sharing_enabled":true,"_links":{"self":[{"href":"https:\/\/agrupacionespsoe.es\/cobena\/wp-json\/wp\/v2\/pages\/527","targetHints":{"allow":["GET"]}}],"collection":[{"href":"https:\/\/agrupacionespsoe.es\/cobena\/wp-json\/wp\/v2\/pages"}],"about":[{"href":"https:\/\/agrupacionespsoe.es\/cobena\/wp-json\/wp\/v2\/types\/page"}],"author":[{"embeddable":true,"href":"https:\/\/agrupacionespsoe.es\/cobena\/wp-json\/wp\/v2\/users\/138"}],"replies":[{"embeddable":true,"href":"https:\/\/agrupacionespsoe.es\/cobena\/wp-json\/wp\/v2\/comments?post=527"}],"version-history":[{"count":1,"href":"https:\/\/agrupacionespsoe.es\/cobena\/wp-json\/wp\/v2\/pages\/527\/revisions"}],"predecessor-version":[{"id":529,"href":"https:\/\/agrupacionespsoe.es\/cobena\/wp-json\/wp\/v2\/pages\/527\/revisions\/529"}],"wp:attachment":[{"href":"https:\/\/agrupacionespsoe.es\/cobena\/wp-json\/wp\/v2\/media?parent=527"}],"curies":[{"name":"wp","href":"https:\/\/api.w.org\/{rel}","templated":true}]}}