{"id":386,"date":"2023-05-03T17:20:38","date_gmt":"2023-05-03T17:20:38","guid":{"rendered":"https:\/\/agrupacionespsoe.es\/cobena\/?page_id=386"},"modified":"2023-05-13T10:55:44","modified_gmt":"2023-05-13T10:55:44","slug":"carreteras","status":"publish","type":"page","link":"https:\/\/agrupacionespsoe.es\/cobena\/carreteras\/","title":{"rendered":"carreteras"},"content":{"rendered":"\n<p class=\"has-text-align-center has-primary-color has-white-background-color has-text-color has-background has-medium-font-size\"><strong>CARRETERAS Y TRANSPORTES<\/strong><\/p>\n\n\n\n<div class=\"wp-block-media-text alignwide is-stacked-on-mobile\" style=\"grid-template-columns:40% auto\"><figure class=\"wp-block-media-text__media\"><img loading=\"lazy\" decoding=\"async\" width=\"716\" height=\"300\" src=\"https:\/\/agrupacionespsoe.es\/cobena\/wp-content\/uploads\/sites\/91\/2023\/05\/Carretera_01.jpg\" alt=\"\" class=\"wp-image-481 size-full\" srcset=\"https:\/\/agrupacionespsoe.es\/cobena\/wp-content\/uploads\/sites\/91\/2023\/05\/Carretera_01.jpg 716w, https:\/\/agrupacionespsoe.es\/cobena\/wp-content\/uploads\/sites\/91\/2023\/05\/Carretera_01-300x126.jpg 300w\" sizes=\"auto, (max-width: 716px) 100vw, 716px\" \/><\/figure><div class=\"wp-block-media-text__content\">\n<p><strong>EXIGIREMOS A COMUNIDAD DE MADRID UNA MEJORA DE LA CARRTERA M-103<\/strong>, en el tramo Cobe\u00f1a-M-111, eliminando curvas y disponiendo de un arc\u00e9n. En varios presupuestos, Comunidad de Madrid ha dotado partidas presupuestarias para la mejora de esta v\u00eda, pero la nula presi\u00f3n ejercida por el alcalde de Cobe\u00f1a y su equipo de gobierno, ha hecho que esas partidas se eliminaran y fueran destinadas a otros fines. No podemos continuar con el estado actual de esta v\u00eda tan demandada.<\/p>\n\n\n\n<p><strong>PROPONDREMOS A COMUNIDAD DE MADRID LA ILUMINACI\u00d3N DE LA ENTRADA A COBE\u00d1A DESDE EL NUDO ACTUAL DE LA M-103 (ACCESOS DE LA M-100)<\/strong>, un punto peligroso que se mejorar\u00eda en cuanto a menor siniestralidad si estuviera iluminado.<\/p>\n\n\n\n<p><strong>PELEAREMOS POR UN NUEVO ACCESO A COBE\u00d1A DESDE DE LA M-103 (ACCESOS DE LA M-100)<\/strong>, a la altura de la c\/ Cruz de Piedra, lo que descongestionar\u00e1 el tr\u00e1fico del casco urbano y mejorar\u00e1 el acceso a los vecinos de Nuevo Cobe\u00f1a, principalmente.<\/p>\n<\/div><\/div>\n\n\n\n<div class=\"wp-block-media-text alignwide has-media-on-the-right is-stacked-on-mobile\"><div class=\"wp-block-media-text__content\">\n<p><strong>LA ROTONDA DE ENTRADA\/SALIDA AL POLIDEPORTIVO<\/strong> parece ser que, por fin, va a ser una realidad, pero estaremos muy al tanto de que, una vez m\u00e1s, no se dilaten los plazos de ejecuci\u00f3n de las obras.<\/p>\n\n\n\n<p><strong>EXIGIREMOS UNA L\u00cdNEA DIRECTA DE AUTOBUSES A TORREJ\u00d3N DE ARDOZ<\/strong>, es inaudito que dependiendo de algunos servicios esenciales, como Hacienda o Juzgados, los vecinos de Cobe\u00f1a no dispongamos de un transporte p\u00fablico directo a Torrej\u00f3n de Ardoz.<\/p>\n\n\n\n<p><strong>\u00bfY QU\u00c9 PASA CON EL TREN DE CERCAN\u00cdAS? \u00bfCU\u00c1NDO VA A LLEGAR A ALGETE? <\/strong>Desde hace d\u00e9cadas, se viene especulando con un ramal de un supuesto tren de cercan\u00edas que partir\u00eda desde San Sebasti\u00e1n de los Reyes y que haciendo una \u201cY\u201d (as\u00ed lo denominaban) dar\u00eda servicio a Algete y a la zona de San Agust\u00edn de Guadalix. <strong>\u00bfLO VEREMOS ALG\u00daN D\u00cdA?<\/strong> No lo sabemos, pero s\u00ed sabemos que vamos a estar presentes en todas las iniciativas que se planteen para que ese tren a Algete sea una realidad.<\/p>\n<\/div><figure class=\"wp-block-media-text__media\"><img loading=\"lazy\" decoding=\"async\" width=\"1024\" height=\"576\" src=\"https:\/\/agrupacionespsoe.es\/cobena\/wp-content\/uploads\/sites\/91\/2023\/02\/transporte-2-1024x576.jpg\" alt=\"\" class=\"wp-image-112 size-full\" srcset=\"https:\/\/agrupacionespsoe.es\/cobena\/wp-content\/uploads\/sites\/91\/2023\/02\/transporte-2-1024x576.jpg 1024w, https:\/\/agrupacionespsoe.es\/cobena\/wp-content\/uploads\/sites\/91\/2023\/02\/transporte-2-300x169.jpg 300w, https:\/\/agrupacionespsoe.es\/cobena\/wp-content\/uploads\/sites\/91\/2023\/02\/transporte-2-768x432.jpg 768w, https:\/\/agrupacionespsoe.es\/cobena\/wp-content\/uploads\/sites\/91\/2023\/02\/transporte-2-1536x864.jpg 1536w, https:\/\/agrupacionespsoe.es\/cobena\/wp-content\/uploads\/sites\/91\/2023\/02\/transporte-2.jpg 2000w\" sizes=\"auto, (max-width: 1024px) 100vw, 1024px\" \/><\/figure><\/div>\n\n\n\n<p class=\"has-text-align-center has-primary-color has-white-background-color has-text-color has-background\"><strong><a href=\"https:\/\/agrupacionespsoe.es\/cobena\/comunidad\/\">VOLVER<\/a><\/strong><\/p>\n","protected":false},"excerpt":{"rendered":"<p>CARRETERAS Y TRANSPORTES EXIGIREMOS A COMUNIDAD DE MADRID UNA MEJORA DE LA CARRTERA M-103, en el tramo Cobe\u00f1a-M-111, eliminando curvas y disponiendo de un arc\u00e9n. En varios presupuestos, Comunidad de Madrid ha dotado partidas presupuestarias para la mejora de esta v\u00eda, pero la nula presi\u00f3n ejercida por el alcalde de Cobe\u00f1a y su equipo de &#8230;<\/p>\n","protected":false},"author":138,"featured_media":0,"parent":0,"menu_order":0,"comment_status":"closed","ping_status":"closed","template":"","meta":{"footnotes":""},"class_list":["post-386","page","type-page","status-publish","hentry"],"yoast_head":"<!-- This site is optimized with the Yoast SEO plugin v24.0 - https:\/\/yoast.com\/wordpress\/plugins\/seo\/ -->\n<title>carreteras - Agrupaci\u00f3n Socialista de Cobe\u00f1a<\/title>\n<meta name=\"robots\" content=\"index, follow, max-snippet:-1, max-image-preview:large, max-video-preview:-1\" \/>\n<link rel=\"canonical\" href=\"https:\/\/agrupacionespsoe.es\/cobena\/carreteras\/\" \/>\n<meta property=\"og:locale\" content=\"es_ES\" \/>\n<meta property=\"og:type\" content=\"article\" \/>\n<meta property=\"og:title\" content=\"carreteras - Agrupaci\u00f3n Socialista de Cobe\u00f1a\" \/>\n<meta property=\"og:description\" content=\"CARRETERAS Y TRANSPORTES EXIGIREMOS A COMUNIDAD DE MADRID UNA MEJORA DE LA CARRTERA M-103, en el tramo Cobe\u00f1a-M-111, eliminando curvas y disponiendo de un arc\u00e9n. En varios presupuestos, Comunidad de Madrid ha dotado partidas presupuestarias para la mejora de esta v\u00eda, pero la nula presi\u00f3n ejercida por el alcalde de Cobe\u00f1a y su equipo de ...\" \/>\n<meta property=\"og:url\" content=\"https:\/\/agrupacionespsoe.es\/cobena\/carreteras\/\" \/>\n<meta property=\"og:site_name\" content=\"Agrupaci\u00f3n Socialista de Cobe\u00f1a\" \/>\n<meta property=\"article:modified_time\" content=\"2023-05-13T10:55:44+00:00\" \/>\n<meta property=\"og:image\" content=\"https:\/\/agrupacionespsoe.es\/cobena\/wp-content\/uploads\/sites\/91\/2023\/05\/Carretera_01.jpg\" \/>\n<meta name=\"twitter:card\" content=\"summary_large_image\" \/>\n<meta name=\"twitter:label1\" content=\"Tiempo de lectura\" \/>\n\t<meta name=\"twitter:data1\" content=\"2 minutos\" \/>\n<script type=\"application\/ld+json\" class=\"yoast-schema-graph\">{\"@context\":\"https:\/\/schema.org\",\"@graph\":[{\"@type\":\"WebPage\",\"@id\":\"https:\/\/agrupacionespsoe.es\/cobena\/carreteras\/\",\"url\":\"https:\/\/agrupacionespsoe.es\/cobena\/carreteras\/\",\"name\":\"carreteras - Agrupaci\u00f3n Socialista de Cobe\u00f1a\",\"isPartOf\":{\"@id\":\"https:\/\/agrupacionespsoe.es\/cobena\/#website\"},\"primaryImageOfPage\":{\"@id\":\"https:\/\/agrupacionespsoe.es\/cobena\/carreteras\/#primaryimage\"},\"image\":{\"@id\":\"https:\/\/agrupacionespsoe.es\/cobena\/carreteras\/#primaryimage\"},\"thumbnailUrl\":\"https:\/\/agrupacionespsoe.es\/cobena\/wp-content\/uploads\/sites\/91\/2023\/05\/Carretera_01.jpg\",\"datePublished\":\"2023-05-03T17:20:38+00:00\",\"dateModified\":\"2023-05-13T10:55:44+00:00\",\"breadcrumb\":{\"@id\":\"https:\/\/agrupacionespsoe.es\/cobena\/carreteras\/#breadcrumb\"},\"inLanguage\":\"es\",\"potentialAction\":[{\"@type\":\"ReadAction\",\"target\":[\"https:\/\/agrupacionespsoe.es\/cobena\/carreteras\/\"]}]},{\"@type\":\"ImageObject\",\"inLanguage\":\"es\",\"@id\":\"https:\/\/agrupacionespsoe.es\/cobena\/carreteras\/#primaryimage\",\"url\":\"https:\/\/agrupacionespsoe.es\/cobena\/wp-content\/uploads\/sites\/91\/2023\/05\/Carretera_01.jpg\",\"contentUrl\":\"https:\/\/agrupacionespsoe.es\/cobena\/wp-content\/uploads\/sites\/91\/2023\/05\/Carretera_01.jpg\",\"width\":716,\"height\":300},{\"@type\":\"BreadcrumbList\",\"@id\":\"https:\/\/agrupacionespsoe.es\/cobena\/carreteras\/#breadcrumb\",\"itemListElement\":[{\"@type\":\"ListItem\",\"position\":1,\"name\":\"Portada\",\"item\":\"https:\/\/agrupacionespsoe.es\/cobena\/\"},{\"@type\":\"ListItem\",\"position\":2,\"name\":\"carreteras\"}]},{\"@type\":\"WebSite\",\"@id\":\"https:\/\/agrupacionespsoe.es\/cobena\/#website\",\"url\":\"https:\/\/agrupacionespsoe.es\/cobena\/\",\"name\":\"Agrupaci\u00f3n Socialista de Cobe\u00f1a\",\"description\":\"Agrupaci\u00f3n Socialista de Cobe\u00f1a\",\"publisher\":{\"@id\":\"https:\/\/agrupacionespsoe.es\/cobena\/#organization\"},\"potentialAction\":[{\"@type\":\"SearchAction\",\"target\":{\"@type\":\"EntryPoint\",\"urlTemplate\":\"https:\/\/agrupacionespsoe.es\/cobena\/?s={search_term_string}\"},\"query-input\":{\"@type\":\"PropertyValueSpecification\",\"valueRequired\":true,\"valueName\":\"search_term_string\"}}],\"inLanguage\":\"es\"},{\"@type\":\"Organization\",\"@id\":\"https:\/\/agrupacionespsoe.es\/cobena\/#organization\",\"name\":\"Agrupaci\u00f3n Socialista de Cobe\u00f1a\",\"url\":\"https:\/\/agrupacionespsoe.es\/cobena\/\",\"logo\":{\"@type\":\"ImageObject\",\"inLanguage\":\"es\",\"@id\":\"https:\/\/agrupacionespsoe.es\/cobena\/#\/schema\/logo\/image\/\",\"url\":\"https:\/\/agrupacionespsoe.es\/wp-content\/uploads\/2022\/07\/Logotipo_electoral_del_PSOE.png\",\"contentUrl\":\"https:\/\/agrupacionespsoe.es\/wp-content\/uploads\/2022\/07\/Logotipo_electoral_del_PSOE.png\",\"width\":422,\"height\":422,\"caption\":\"Agrupaci\u00f3n Socialista de Cobe\u00f1a\"},\"image\":{\"@id\":\"https:\/\/agrupacionespsoe.es\/cobena\/#\/schema\/logo\/image\/\"}}]}<\/script>\n<!-- \/ Yoast SEO plugin. -->","yoast_head_json":{"title":"carreteras - Agrupaci\u00f3n Socialista de Cobe\u00f1a","robots":{"index":"index","follow":"follow","max-snippet":"max-snippet:-1","max-image-preview":"max-image-preview:large","max-video-preview":"max-video-preview:-1"},"canonical":"https:\/\/agrupacionespsoe.es\/cobena\/carreteras\/","og_locale":"es_ES","og_type":"article","og_title":"carreteras - Agrupaci\u00f3n Socialista de Cobe\u00f1a","og_description":"CARRETERAS Y TRANSPORTES EXIGIREMOS A COMUNIDAD DE MADRID UNA MEJORA DE LA CARRTERA M-103, en el tramo Cobe\u00f1a-M-111, eliminando curvas y disponiendo de un arc\u00e9n. En varios presupuestos, Comunidad de Madrid ha dotado partidas presupuestarias para la mejora de esta v\u00eda, pero la nula presi\u00f3n ejercida por el alcalde de Cobe\u00f1a y su equipo de ...","og_url":"https:\/\/agrupacionespsoe.es\/cobena\/carreteras\/","og_site_name":"Agrupaci\u00f3n Socialista de Cobe\u00f1a","article_modified_time":"2023-05-13T10:55:44+00:00","og_image":[{"url":"https:\/\/agrupacionespsoe.es\/cobena\/wp-content\/uploads\/sites\/91\/2023\/05\/Carretera_01.jpg","type":"","width":"","height":""}],"twitter_card":"summary_large_image","twitter_misc":{"Tiempo de lectura":"2 minutos"},"schema":{"@context":"https:\/\/schema.org","@graph":[{"@type":"WebPage","@id":"https:\/\/agrupacionespsoe.es\/cobena\/carreteras\/","url":"https:\/\/agrupacionespsoe.es\/cobena\/carreteras\/","name":"carreteras - Agrupaci\u00f3n Socialista de Cobe\u00f1a","isPartOf":{"@id":"https:\/\/agrupacionespsoe.es\/cobena\/#website"},"primaryImageOfPage":{"@id":"https:\/\/agrupacionespsoe.es\/cobena\/carreteras\/#primaryimage"},"image":{"@id":"https:\/\/agrupacionespsoe.es\/cobena\/carreteras\/#primaryimage"},"thumbnailUrl":"https:\/\/agrupacionespsoe.es\/cobena\/wp-content\/uploads\/sites\/91\/2023\/05\/Carretera_01.jpg","datePublished":"2023-05-03T17:20:38+00:00","dateModified":"2023-05-13T10:55:44+00:00","breadcrumb":{"@id":"https:\/\/agrupacionespsoe.es\/cobena\/carreteras\/#breadcrumb"},"inLanguage":"es","potentialAction":[{"@type":"ReadAction","target":["https:\/\/agrupacionespsoe.es\/cobena\/carreteras\/"]}]},{"@type":"ImageObject","inLanguage":"es","@id":"https:\/\/agrupacionespsoe.es\/cobena\/carreteras\/#primaryimage","url":"https:\/\/agrupacionespsoe.es\/cobena\/wp-content\/uploads\/sites\/91\/2023\/05\/Carretera_01.jpg","contentUrl":"https:\/\/agrupacionespsoe.es\/cobena\/wp-content\/uploads\/sites\/91\/2023\/05\/Carretera_01.jpg","width":716,"height":300},{"@type":"BreadcrumbList","@id":"https:\/\/agrupacionespsoe.es\/cobena\/carreteras\/#breadcrumb","itemListElement":[{"@type":"ListItem","position":1,"name":"Portada","item":"https:\/\/agrupacionespsoe.es\/cobena\/"},{"@type":"ListItem","position":2,"name":"carreteras"}]},{"@type":"WebSite","@id":"https:\/\/agrupacionespsoe.es\/cobena\/#website","url":"https:\/\/agrupacionespsoe.es\/cobena\/","name":"Agrupaci\u00f3n Socialista de Cobe\u00f1a","description":"Agrupaci\u00f3n Socialista de Cobe\u00f1a","publisher":{"@id":"https:\/\/agrupacionespsoe.es\/cobena\/#organization"},"potentialAction":[{"@type":"SearchAction","target":{"@type":"EntryPoint","urlTemplate":"https:\/\/agrupacionespsoe.es\/cobena\/?s={search_term_string}"},"query-input":{"@type":"PropertyValueSpecification","valueRequired":true,"valueName":"search_term_string"}}],"inLanguage":"es"},{"@type":"Organization","@id":"https:\/\/agrupacionespsoe.es\/cobena\/#organization","name":"Agrupaci\u00f3n Socialista de Cobe\u00f1a","url":"https:\/\/agrupacionespsoe.es\/cobena\/","logo":{"@type":"ImageObject","inLanguage":"es","@id":"https:\/\/agrupacionespsoe.es\/cobena\/#\/schema\/logo\/image\/","url":"https:\/\/agrupacionespsoe.es\/wp-content\/uploads\/2022\/07\/Logotipo_electoral_del_PSOE.png","contentUrl":"https:\/\/agrupacionespsoe.es\/wp-content\/uploads\/2022\/07\/Logotipo_electoral_del_PSOE.png","width":422,"height":422,"caption":"Agrupaci\u00f3n Socialista de Cobe\u00f1a"},"image":{"@id":"https:\/\/agrupacionespsoe.es\/cobena\/#\/schema\/logo\/image\/"}}]}},"jetpack_sharing_enabled":true,"_links":{"self":[{"href":"https:\/\/agrupacionespsoe.es\/cobena\/wp-json\/wp\/v2\/pages\/386","targetHints":{"allow":["GET"]}}],"collection":[{"href":"https:\/\/agrupacionespsoe.es\/cobena\/wp-json\/wp\/v2\/pages"}],"about":[{"href":"https:\/\/agrupacionespsoe.es\/cobena\/wp-json\/wp\/v2\/types\/page"}],"author":[{"embeddable":true,"href":"https:\/\/agrupacionespsoe.es\/cobena\/wp-json\/wp\/v2\/users\/138"}],"replies":[{"embeddable":true,"href":"https:\/\/agrupacionespsoe.es\/cobena\/wp-json\/wp\/v2\/comments?post=386"}],"version-history":[{"count":3,"href":"https:\/\/agrupacionespsoe.es\/cobena\/wp-json\/wp\/v2\/pages\/386\/revisions"}],"predecessor-version":[{"id":482,"href":"https:\/\/agrupacionespsoe.es\/cobena\/wp-json\/wp\/v2\/pages\/386\/revisions\/482"}],"wp:attachment":[{"href":"https:\/\/agrupacionespsoe.es\/cobena\/wp-json\/wp\/v2\/media?parent=386"}],"curies":[{"name":"wp","href":"https:\/\/api.w.org\/{rel}","templated":true}]}}