{"id":384,"date":"2023-05-03T17:17:00","date_gmt":"2023-05-03T17:17:00","guid":{"rendered":"https:\/\/agrupacionespsoe.es\/cobena\/?page_id=384"},"modified":"2023-05-13T12:59:49","modified_gmt":"2023-05-13T12:59:49","slug":"educacion","status":"publish","type":"page","link":"https:\/\/agrupacionespsoe.es\/cobena\/educacion\/","title":{"rendered":"educacion"},"content":{"rendered":"\n<p class=\"has-text-align-center has-primary-color has-white-background-color has-text-color has-background has-medium-font-size\"><strong>EDUCACI\u00d3N<\/strong><\/p>\n\n\n\n<div class=\"wp-block-media-text alignwide has-media-on-the-right is-stacked-on-mobile\"><div class=\"wp-block-media-text__content\">\n<p><strong>CEDEREMOS TERRENO MUNICIPAL, EN LAS PARCELAS DE RIO DUERO JUNTO AL SUPERMERCADO H\u00cdBER, Y PELEAREMOS POR LA CONSTRUCCI\u00d3N DE UN EDIFICIO DESTINADO A INSTITUTO, INDEPENDIENTE DEL COLEGIO ACTUAL, EN DONDE LOS J\u00d3VENES DE COBE\u00d1A PUEDAN CONTINUAR SUS ESTUDIOS HASTA BACHILLERATO<\/strong>.<\/p>\n\n\n\n<p><strong>INSTAREMOS A LA COMUNIDAD DE MADRID PARA QUE, EN COLABORACI\u00d3N CON NUESTRO AYUNTAMIENTO, AMPLIE EL N\u00daMERO DE PLAZAS DE LA ESCUELA INFANTI<\/strong>L. Que ninguna familia de Cobe\u00f1a se quede sin acceso a la educaci\u00f3n para menores de 3 a\u00f1os.<\/p>\n<\/div><figure class=\"wp-block-media-text__media\"><img loading=\"lazy\" decoding=\"async\" width=\"1024\" height=\"576\" src=\"https:\/\/agrupacionespsoe.es\/cobena\/wp-content\/uploads\/sites\/91\/2023\/02\/educacion-3-1024x576.jpg\" alt=\"\" class=\"wp-image-103 size-full\" srcset=\"https:\/\/agrupacionespsoe.es\/cobena\/wp-content\/uploads\/sites\/91\/2023\/02\/educacion-3-1024x576.jpg 1024w, https:\/\/agrupacionespsoe.es\/cobena\/wp-content\/uploads\/sites\/91\/2023\/02\/educacion-3-300x169.jpg 300w, https:\/\/agrupacionespsoe.es\/cobena\/wp-content\/uploads\/sites\/91\/2023\/02\/educacion-3-768x432.jpg 768w, https:\/\/agrupacionespsoe.es\/cobena\/wp-content\/uploads\/sites\/91\/2023\/02\/educacion-3-1536x864.jpg 1536w, https:\/\/agrupacionespsoe.es\/cobena\/wp-content\/uploads\/sites\/91\/2023\/02\/educacion-3.jpg 2000w\" sizes=\"auto, (max-width: 1024px) 100vw, 1024px\" \/><\/figure><\/div>\n\n\n\n<p class=\"has-text-align-center has-primary-color has-white-background-color has-text-color has-background\"><strong><a href=\"https:\/\/agrupacionespsoe.es\/cobena\/comunidad\/\">VOLVER<\/a><\/strong><\/p>\n","protected":false},"excerpt":{"rendered":"<p>EDUCACI\u00d3N CEDEREMOS TERRENO MUNICIPAL, EN LAS PARCELAS DE RIO DUERO JUNTO AL SUPERMERCADO H\u00cdBER, Y PELEAREMOS POR LA CONSTRUCCI\u00d3N DE UN EDIFICIO DESTINADO A INSTITUTO, INDEPENDIENTE DEL COLEGIO ACTUAL, EN DONDE LOS J\u00d3VENES DE COBE\u00d1A PUEDAN CONTINUAR SUS ESTUDIOS HASTA BACHILLERATO. INSTAREMOS A LA COMUNIDAD DE MADRID PARA QUE, EN COLABORACI\u00d3N CON NUESTRO AYUNTAMIENTO, AMPLIE &#8230;<\/p>\n","protected":false},"author":138,"featured_media":0,"parent":0,"menu_order":0,"comment_status":"closed","ping_status":"closed","template":"","meta":{"footnotes":""},"class_list":["post-384","page","type-page","status-publish","hentry"],"yoast_head":"<!-- This site is optimized with the Yoast SEO plugin v24.0 - https:\/\/yoast.com\/wordpress\/plugins\/seo\/ -->\n<title>educacion - Agrupaci\u00f3n Socialista de Cobe\u00f1a<\/title>\n<meta name=\"robots\" content=\"index, follow, max-snippet:-1, max-image-preview:large, max-video-preview:-1\" \/>\n<link rel=\"canonical\" href=\"https:\/\/agrupacionespsoe.es\/cobena\/educacion\/\" \/>\n<meta property=\"og:locale\" content=\"es_ES\" \/>\n<meta property=\"og:type\" content=\"article\" \/>\n<meta property=\"og:title\" content=\"educacion - Agrupaci\u00f3n Socialista de Cobe\u00f1a\" \/>\n<meta property=\"og:description\" content=\"EDUCACI\u00d3N CEDEREMOS TERRENO MUNICIPAL, EN LAS PARCELAS DE RIO DUERO JUNTO AL SUPERMERCADO H\u00cdBER, Y PELEAREMOS POR LA CONSTRUCCI\u00d3N DE UN EDIFICIO DESTINADO A INSTITUTO, INDEPENDIENTE DEL COLEGIO ACTUAL, EN DONDE LOS J\u00d3VENES DE COBE\u00d1A PUEDAN CONTINUAR SUS ESTUDIOS HASTA BACHILLERATO. INSTAREMOS A LA COMUNIDAD DE MADRID PARA QUE, EN COLABORACI\u00d3N CON NUESTRO AYUNTAMIENTO, AMPLIE ...\" \/>\n<meta property=\"og:url\" content=\"https:\/\/agrupacionespsoe.es\/cobena\/educacion\/\" \/>\n<meta property=\"og:site_name\" content=\"Agrupaci\u00f3n Socialista de Cobe\u00f1a\" \/>\n<meta property=\"article:modified_time\" content=\"2023-05-13T12:59:49+00:00\" \/>\n<meta property=\"og:image\" content=\"https:\/\/agrupacionespsoe.es\/cobena\/wp-content\/uploads\/sites\/91\/2023\/02\/educacion-3-1024x576.jpg\" \/>\n<meta name=\"twitter:card\" content=\"summary_large_image\" \/>\n<meta name=\"twitter:label1\" content=\"Tiempo de lectura\" \/>\n\t<meta name=\"twitter:data1\" content=\"1 minuto\" \/>\n<script type=\"application\/ld+json\" class=\"yoast-schema-graph\">{\"@context\":\"https:\/\/schema.org\",\"@graph\":[{\"@type\":\"WebPage\",\"@id\":\"https:\/\/agrupacionespsoe.es\/cobena\/educacion\/\",\"url\":\"https:\/\/agrupacionespsoe.es\/cobena\/educacion\/\",\"name\":\"educacion - Agrupaci\u00f3n Socialista de Cobe\u00f1a\",\"isPartOf\":{\"@id\":\"https:\/\/agrupacionespsoe.es\/cobena\/#website\"},\"primaryImageOfPage\":{\"@id\":\"https:\/\/agrupacionespsoe.es\/cobena\/educacion\/#primaryimage\"},\"image\":{\"@id\":\"https:\/\/agrupacionespsoe.es\/cobena\/educacion\/#primaryimage\"},\"thumbnailUrl\":\"https:\/\/agrupacionespsoe.es\/cobena\/wp-content\/uploads\/sites\/91\/2023\/02\/educacion-3-1024x576.jpg\",\"datePublished\":\"2023-05-03T17:17:00+00:00\",\"dateModified\":\"2023-05-13T12:59:49+00:00\",\"breadcrumb\":{\"@id\":\"https:\/\/agrupacionespsoe.es\/cobena\/educacion\/#breadcrumb\"},\"inLanguage\":\"es\",\"potentialAction\":[{\"@type\":\"ReadAction\",\"target\":[\"https:\/\/agrupacionespsoe.es\/cobena\/educacion\/\"]}]},{\"@type\":\"ImageObject\",\"inLanguage\":\"es\",\"@id\":\"https:\/\/agrupacionespsoe.es\/cobena\/educacion\/#primaryimage\",\"url\":\"https:\/\/agrupacionespsoe.es\/cobena\/wp-content\/uploads\/sites\/91\/2023\/02\/educacion-3.jpg\",\"contentUrl\":\"https:\/\/agrupacionespsoe.es\/cobena\/wp-content\/uploads\/sites\/91\/2023\/02\/educacion-3.jpg\",\"width\":2000,\"height\":1125},{\"@type\":\"BreadcrumbList\",\"@id\":\"https:\/\/agrupacionespsoe.es\/cobena\/educacion\/#breadcrumb\",\"itemListElement\":[{\"@type\":\"ListItem\",\"position\":1,\"name\":\"Portada\",\"item\":\"https:\/\/agrupacionespsoe.es\/cobena\/\"},{\"@type\":\"ListItem\",\"position\":2,\"name\":\"educacion\"}]},{\"@type\":\"WebSite\",\"@id\":\"https:\/\/agrupacionespsoe.es\/cobena\/#website\",\"url\":\"https:\/\/agrupacionespsoe.es\/cobena\/\",\"name\":\"Agrupaci\u00f3n Socialista de Cobe\u00f1a\",\"description\":\"Agrupaci\u00f3n Socialista de Cobe\u00f1a\",\"publisher\":{\"@id\":\"https:\/\/agrupacionespsoe.es\/cobena\/#organization\"},\"potentialAction\":[{\"@type\":\"SearchAction\",\"target\":{\"@type\":\"EntryPoint\",\"urlTemplate\":\"https:\/\/agrupacionespsoe.es\/cobena\/?s={search_term_string}\"},\"query-input\":{\"@type\":\"PropertyValueSpecification\",\"valueRequired\":true,\"valueName\":\"search_term_string\"}}],\"inLanguage\":\"es\"},{\"@type\":\"Organization\",\"@id\":\"https:\/\/agrupacionespsoe.es\/cobena\/#organization\",\"name\":\"Agrupaci\u00f3n Socialista de Cobe\u00f1a\",\"url\":\"https:\/\/agrupacionespsoe.es\/cobena\/\",\"logo\":{\"@type\":\"ImageObject\",\"inLanguage\":\"es\",\"@id\":\"https:\/\/agrupacionespsoe.es\/cobena\/#\/schema\/logo\/image\/\",\"url\":\"https:\/\/agrupacionespsoe.es\/wp-content\/uploads\/2022\/07\/Logotipo_electoral_del_PSOE.png\",\"contentUrl\":\"https:\/\/agrupacionespsoe.es\/wp-content\/uploads\/2022\/07\/Logotipo_electoral_del_PSOE.png\",\"width\":422,\"height\":422,\"caption\":\"Agrupaci\u00f3n Socialista de Cobe\u00f1a\"},\"image\":{\"@id\":\"https:\/\/agrupacionespsoe.es\/cobena\/#\/schema\/logo\/image\/\"}}]}<\/script>\n<!-- \/ Yoast SEO plugin. -->","yoast_head_json":{"title":"educacion - Agrupaci\u00f3n Socialista de Cobe\u00f1a","robots":{"index":"index","follow":"follow","max-snippet":"max-snippet:-1","max-image-preview":"max-image-preview:large","max-video-preview":"max-video-preview:-1"},"canonical":"https:\/\/agrupacionespsoe.es\/cobena\/educacion\/","og_locale":"es_ES","og_type":"article","og_title":"educacion - Agrupaci\u00f3n Socialista de Cobe\u00f1a","og_description":"EDUCACI\u00d3N CEDEREMOS TERRENO MUNICIPAL, EN LAS PARCELAS DE RIO DUERO JUNTO AL SUPERMERCADO H\u00cdBER, Y PELEAREMOS POR LA CONSTRUCCI\u00d3N DE UN EDIFICIO DESTINADO A INSTITUTO, INDEPENDIENTE DEL COLEGIO ACTUAL, EN DONDE LOS J\u00d3VENES DE COBE\u00d1A PUEDAN CONTINUAR SUS ESTUDIOS HASTA BACHILLERATO. INSTAREMOS A LA COMUNIDAD DE MADRID PARA QUE, EN COLABORACI\u00d3N CON NUESTRO AYUNTAMIENTO, AMPLIE ...","og_url":"https:\/\/agrupacionespsoe.es\/cobena\/educacion\/","og_site_name":"Agrupaci\u00f3n Socialista de Cobe\u00f1a","article_modified_time":"2023-05-13T12:59:49+00:00","og_image":[{"url":"https:\/\/agrupacionespsoe.es\/cobena\/wp-content\/uploads\/sites\/91\/2023\/02\/educacion-3-1024x576.jpg","type":"","width":"","height":""}],"twitter_card":"summary_large_image","twitter_misc":{"Tiempo de lectura":"1 minuto"},"schema":{"@context":"https:\/\/schema.org","@graph":[{"@type":"WebPage","@id":"https:\/\/agrupacionespsoe.es\/cobena\/educacion\/","url":"https:\/\/agrupacionespsoe.es\/cobena\/educacion\/","name":"educacion - Agrupaci\u00f3n Socialista de Cobe\u00f1a","isPartOf":{"@id":"https:\/\/agrupacionespsoe.es\/cobena\/#website"},"primaryImageOfPage":{"@id":"https:\/\/agrupacionespsoe.es\/cobena\/educacion\/#primaryimage"},"image":{"@id":"https:\/\/agrupacionespsoe.es\/cobena\/educacion\/#primaryimage"},"thumbnailUrl":"https:\/\/agrupacionespsoe.es\/cobena\/wp-content\/uploads\/sites\/91\/2023\/02\/educacion-3-1024x576.jpg","datePublished":"2023-05-03T17:17:00+00:00","dateModified":"2023-05-13T12:59:49+00:00","breadcrumb":{"@id":"https:\/\/agrupacionespsoe.es\/cobena\/educacion\/#breadcrumb"},"inLanguage":"es","potentialAction":[{"@type":"ReadAction","target":["https:\/\/agrupacionespsoe.es\/cobena\/educacion\/"]}]},{"@type":"ImageObject","inLanguage":"es","@id":"https:\/\/agrupacionespsoe.es\/cobena\/educacion\/#primaryimage","url":"https:\/\/agrupacionespsoe.es\/cobena\/wp-content\/uploads\/sites\/91\/2023\/02\/educacion-3.jpg","contentUrl":"https:\/\/agrupacionespsoe.es\/cobena\/wp-content\/uploads\/sites\/91\/2023\/02\/educacion-3.jpg","width":2000,"height":1125},{"@type":"BreadcrumbList","@id":"https:\/\/agrupacionespsoe.es\/cobena\/educacion\/#breadcrumb","itemListElement":[{"@type":"ListItem","position":1,"name":"Portada","item":"https:\/\/agrupacionespsoe.es\/cobena\/"},{"@type":"ListItem","position":2,"name":"educacion"}]},{"@type":"WebSite","@id":"https:\/\/agrupacionespsoe.es\/cobena\/#website","url":"https:\/\/agrupacionespsoe.es\/cobena\/","name":"Agrupaci\u00f3n Socialista de Cobe\u00f1a","description":"Agrupaci\u00f3n Socialista de Cobe\u00f1a","publisher":{"@id":"https:\/\/agrupacionespsoe.es\/cobena\/#organization"},"potentialAction":[{"@type":"SearchAction","target":{"@type":"EntryPoint","urlTemplate":"https:\/\/agrupacionespsoe.es\/cobena\/?s={search_term_string}"},"query-input":{"@type":"PropertyValueSpecification","valueRequired":true,"valueName":"search_term_string"}}],"inLanguage":"es"},{"@type":"Organization","@id":"https:\/\/agrupacionespsoe.es\/cobena\/#organization","name":"Agrupaci\u00f3n Socialista de Cobe\u00f1a","url":"https:\/\/agrupacionespsoe.es\/cobena\/","logo":{"@type":"ImageObject","inLanguage":"es","@id":"https:\/\/agrupacionespsoe.es\/cobena\/#\/schema\/logo\/image\/","url":"https:\/\/agrupacionespsoe.es\/wp-content\/uploads\/2022\/07\/Logotipo_electoral_del_PSOE.png","contentUrl":"https:\/\/agrupacionespsoe.es\/wp-content\/uploads\/2022\/07\/Logotipo_electoral_del_PSOE.png","width":422,"height":422,"caption":"Agrupaci\u00f3n Socialista de Cobe\u00f1a"},"image":{"@id":"https:\/\/agrupacionespsoe.es\/cobena\/#\/schema\/logo\/image\/"}}]}},"jetpack_sharing_enabled":true,"_links":{"self":[{"href":"https:\/\/agrupacionespsoe.es\/cobena\/wp-json\/wp\/v2\/pages\/384","targetHints":{"allow":["GET"]}}],"collection":[{"href":"https:\/\/agrupacionespsoe.es\/cobena\/wp-json\/wp\/v2\/pages"}],"about":[{"href":"https:\/\/agrupacionespsoe.es\/cobena\/wp-json\/wp\/v2\/types\/page"}],"author":[{"embeddable":true,"href":"https:\/\/agrupacionespsoe.es\/cobena\/wp-json\/wp\/v2\/users\/138"}],"replies":[{"embeddable":true,"href":"https:\/\/agrupacionespsoe.es\/cobena\/wp-json\/wp\/v2\/comments?post=384"}],"version-history":[{"count":4,"href":"https:\/\/agrupacionespsoe.es\/cobena\/wp-json\/wp\/v2\/pages\/384\/revisions"}],"predecessor-version":[{"id":504,"href":"https:\/\/agrupacionespsoe.es\/cobena\/wp-json\/wp\/v2\/pages\/384\/revisions\/504"}],"wp:attachment":[{"href":"https:\/\/agrupacionespsoe.es\/cobena\/wp-json\/wp\/v2\/media?parent=384"}],"curies":[{"name":"wp","href":"https:\/\/api.w.org\/{rel}","templated":true}]}}