{"id":382,"date":"2023-05-03T17:14:21","date_gmt":"2023-05-03T17:14:21","guid":{"rendered":"https:\/\/agrupacionespsoe.es\/cobena\/?page_id=382"},"modified":"2023-05-13T11:08:18","modified_gmt":"2023-05-13T11:08:18","slug":"sanidad","status":"publish","type":"page","link":"https:\/\/agrupacionespsoe.es\/cobena\/sanidad\/","title":{"rendered":"sanidad"},"content":{"rendered":"\n<p class=\"has-text-align-center has-primary-color has-white-background-color has-text-color has-background has-medium-font-size\"><strong>SANIDAD<\/strong><\/p>\n\n\n\n<div class=\"wp-block-media-text alignwide is-stacked-on-mobile\" style=\"grid-template-columns:60% auto\"><figure class=\"wp-block-media-text__media\"><img loading=\"lazy\" decoding=\"async\" width=\"1024\" height=\"576\" src=\"https:\/\/agrupacionespsoe.es\/cobena\/wp-content\/uploads\/sites\/91\/2023\/02\/salud-2-1024x576.jpg\" alt=\"\" class=\"wp-image-73 size-full\" srcset=\"https:\/\/agrupacionespsoe.es\/cobena\/wp-content\/uploads\/sites\/91\/2023\/02\/salud-2-1024x576.jpg 1024w, https:\/\/agrupacionespsoe.es\/cobena\/wp-content\/uploads\/sites\/91\/2023\/02\/salud-2-300x169.jpg 300w, https:\/\/agrupacionespsoe.es\/cobena\/wp-content\/uploads\/sites\/91\/2023\/02\/salud-2-768x432.jpg 768w, https:\/\/agrupacionespsoe.es\/cobena\/wp-content\/uploads\/sites\/91\/2023\/02\/salud-2-1536x864.jpg 1536w, https:\/\/agrupacionespsoe.es\/cobena\/wp-content\/uploads\/sites\/91\/2023\/02\/salud-2.jpg 2000w\" sizes=\"auto, (max-width: 1024px) 100vw, 1024px\" \/><\/figure><div class=\"wp-block-media-text__content\">\n<p><strong>UNA PLANTILLA ESTABLE DE PROFESIONALES M\u00c9DICOS<\/strong>, de acuerdo con la poblaci\u00f3n beneficiaria de atenci\u00f3n m\u00e9dica p\u00fablica de Cobe\u00f1a.<\/p>\n\n\n\n<p><strong>INICIAR CONVERSACIONES CON LOS MUNICIPIOS CERCANOS PARA LA CREACI\u00d3N DE UN PUNTO S.U.A.P<\/strong>. (Servicio Urgente de Atenci\u00f3n Primaria), ampliando el servicio de Algete o habilitando otro punto en colaboraci\u00f3n con Ajalvir y Daganzo.<\/p>\n<\/div><\/div>\n\n\n\n<p class=\"has-text-align-center has-primary-color has-white-background-color has-text-color has-background\"><strong><a href=\"https:\/\/agrupacionespsoe.es\/cobena\/comunidad\/\">VOLVER<\/a><\/strong><\/p>\n","protected":false},"excerpt":{"rendered":"<p>SANIDAD UNA PLANTILLA ESTABLE DE PROFESIONALES M\u00c9DICOS, de acuerdo con la poblaci\u00f3n beneficiaria de atenci\u00f3n m\u00e9dica p\u00fablica de Cobe\u00f1a. INICIAR CONVERSACIONES CON LOS MUNICIPIOS CERCANOS PARA LA CREACI\u00d3N DE UN PUNTO S.U.A.P. (Servicio Urgente de Atenci\u00f3n Primaria), ampliando el servicio de Algete o habilitando otro punto en colaboraci\u00f3n con Ajalvir y Daganzo. VOLVER<\/p>\n","protected":false},"author":138,"featured_media":0,"parent":0,"menu_order":0,"comment_status":"closed","ping_status":"closed","template":"","meta":{"footnotes":""},"class_list":["post-382","page","type-page","status-publish","hentry"],"yoast_head":"<!-- This site is optimized with the Yoast SEO plugin v24.0 - https:\/\/yoast.com\/wordpress\/plugins\/seo\/ -->\n<title>sanidad - Agrupaci\u00f3n Socialista de Cobe\u00f1a<\/title>\n<meta name=\"robots\" content=\"index, follow, max-snippet:-1, max-image-preview:large, max-video-preview:-1\" \/>\n<link rel=\"canonical\" href=\"https:\/\/agrupacionespsoe.es\/cobena\/sanidad\/\" \/>\n<meta property=\"og:locale\" content=\"es_ES\" \/>\n<meta property=\"og:type\" content=\"article\" \/>\n<meta property=\"og:title\" content=\"sanidad - Agrupaci\u00f3n Socialista de Cobe\u00f1a\" \/>\n<meta property=\"og:description\" content=\"SANIDAD UNA PLANTILLA ESTABLE DE PROFESIONALES M\u00c9DICOS, de acuerdo con la poblaci\u00f3n beneficiaria de atenci\u00f3n m\u00e9dica p\u00fablica de Cobe\u00f1a. INICIAR CONVERSACIONES CON LOS MUNICIPIOS CERCANOS PARA LA CREACI\u00d3N DE UN PUNTO S.U.A.P. (Servicio Urgente de Atenci\u00f3n Primaria), ampliando el servicio de Algete o habilitando otro punto en colaboraci\u00f3n con Ajalvir y Daganzo. VOLVER\" \/>\n<meta property=\"og:url\" content=\"https:\/\/agrupacionespsoe.es\/cobena\/sanidad\/\" \/>\n<meta property=\"og:site_name\" content=\"Agrupaci\u00f3n Socialista de Cobe\u00f1a\" \/>\n<meta property=\"article:modified_time\" content=\"2023-05-13T11:08:18+00:00\" \/>\n<meta property=\"og:image\" content=\"https:\/\/agrupacionespsoe.es\/cobena\/wp-content\/uploads\/sites\/91\/2023\/02\/salud-2-1024x576.jpg\" \/>\n<meta name=\"twitter:card\" content=\"summary_large_image\" \/>\n<meta name=\"twitter:label1\" content=\"Tiempo de lectura\" \/>\n\t<meta name=\"twitter:data1\" content=\"1 minuto\" \/>\n<script type=\"application\/ld+json\" class=\"yoast-schema-graph\">{\"@context\":\"https:\/\/schema.org\",\"@graph\":[{\"@type\":\"WebPage\",\"@id\":\"https:\/\/agrupacionespsoe.es\/cobena\/sanidad\/\",\"url\":\"https:\/\/agrupacionespsoe.es\/cobena\/sanidad\/\",\"name\":\"sanidad - Agrupaci\u00f3n Socialista de Cobe\u00f1a\",\"isPartOf\":{\"@id\":\"https:\/\/agrupacionespsoe.es\/cobena\/#website\"},\"primaryImageOfPage\":{\"@id\":\"https:\/\/agrupacionespsoe.es\/cobena\/sanidad\/#primaryimage\"},\"image\":{\"@id\":\"https:\/\/agrupacionespsoe.es\/cobena\/sanidad\/#primaryimage\"},\"thumbnailUrl\":\"https:\/\/agrupacionespsoe.es\/cobena\/wp-content\/uploads\/sites\/91\/2023\/02\/salud-2-1024x576.jpg\",\"datePublished\":\"2023-05-03T17:14:21+00:00\",\"dateModified\":\"2023-05-13T11:08:18+00:00\",\"breadcrumb\":{\"@id\":\"https:\/\/agrupacionespsoe.es\/cobena\/sanidad\/#breadcrumb\"},\"inLanguage\":\"es\",\"potentialAction\":[{\"@type\":\"ReadAction\",\"target\":[\"https:\/\/agrupacionespsoe.es\/cobena\/sanidad\/\"]}]},{\"@type\":\"ImageObject\",\"inLanguage\":\"es\",\"@id\":\"https:\/\/agrupacionespsoe.es\/cobena\/sanidad\/#primaryimage\",\"url\":\"https:\/\/agrupacionespsoe.es\/cobena\/wp-content\/uploads\/sites\/91\/2023\/02\/salud-2.jpg\",\"contentUrl\":\"https:\/\/agrupacionespsoe.es\/cobena\/wp-content\/uploads\/sites\/91\/2023\/02\/salud-2.jpg\",\"width\":2000,\"height\":1125},{\"@type\":\"BreadcrumbList\",\"@id\":\"https:\/\/agrupacionespsoe.es\/cobena\/sanidad\/#breadcrumb\",\"itemListElement\":[{\"@type\":\"ListItem\",\"position\":1,\"name\":\"Portada\",\"item\":\"https:\/\/agrupacionespsoe.es\/cobena\/\"},{\"@type\":\"ListItem\",\"position\":2,\"name\":\"sanidad\"}]},{\"@type\":\"WebSite\",\"@id\":\"https:\/\/agrupacionespsoe.es\/cobena\/#website\",\"url\":\"https:\/\/agrupacionespsoe.es\/cobena\/\",\"name\":\"Agrupaci\u00f3n Socialista de Cobe\u00f1a\",\"description\":\"Agrupaci\u00f3n Socialista de Cobe\u00f1a\",\"publisher\":{\"@id\":\"https:\/\/agrupacionespsoe.es\/cobena\/#organization\"},\"potentialAction\":[{\"@type\":\"SearchAction\",\"target\":{\"@type\":\"EntryPoint\",\"urlTemplate\":\"https:\/\/agrupacionespsoe.es\/cobena\/?s={search_term_string}\"},\"query-input\":{\"@type\":\"PropertyValueSpecification\",\"valueRequired\":true,\"valueName\":\"search_term_string\"}}],\"inLanguage\":\"es\"},{\"@type\":\"Organization\",\"@id\":\"https:\/\/agrupacionespsoe.es\/cobena\/#organization\",\"name\":\"Agrupaci\u00f3n Socialista de Cobe\u00f1a\",\"url\":\"https:\/\/agrupacionespsoe.es\/cobena\/\",\"logo\":{\"@type\":\"ImageObject\",\"inLanguage\":\"es\",\"@id\":\"https:\/\/agrupacionespsoe.es\/cobena\/#\/schema\/logo\/image\/\",\"url\":\"https:\/\/agrupacionespsoe.es\/wp-content\/uploads\/2022\/07\/Logotipo_electoral_del_PSOE.png\",\"contentUrl\":\"https:\/\/agrupacionespsoe.es\/wp-content\/uploads\/2022\/07\/Logotipo_electoral_del_PSOE.png\",\"width\":422,\"height\":422,\"caption\":\"Agrupaci\u00f3n Socialista de Cobe\u00f1a\"},\"image\":{\"@id\":\"https:\/\/agrupacionespsoe.es\/cobena\/#\/schema\/logo\/image\/\"}}]}<\/script>\n<!-- \/ Yoast SEO plugin. -->","yoast_head_json":{"title":"sanidad - Agrupaci\u00f3n Socialista de Cobe\u00f1a","robots":{"index":"index","follow":"follow","max-snippet":"max-snippet:-1","max-image-preview":"max-image-preview:large","max-video-preview":"max-video-preview:-1"},"canonical":"https:\/\/agrupacionespsoe.es\/cobena\/sanidad\/","og_locale":"es_ES","og_type":"article","og_title":"sanidad - Agrupaci\u00f3n Socialista de Cobe\u00f1a","og_description":"SANIDAD UNA PLANTILLA ESTABLE DE PROFESIONALES M\u00c9DICOS, de acuerdo con la poblaci\u00f3n beneficiaria de atenci\u00f3n m\u00e9dica p\u00fablica de Cobe\u00f1a. INICIAR CONVERSACIONES CON LOS MUNICIPIOS CERCANOS PARA LA CREACI\u00d3N DE UN PUNTO S.U.A.P. (Servicio Urgente de Atenci\u00f3n Primaria), ampliando el servicio de Algete o habilitando otro punto en colaboraci\u00f3n con Ajalvir y Daganzo. VOLVER","og_url":"https:\/\/agrupacionespsoe.es\/cobena\/sanidad\/","og_site_name":"Agrupaci\u00f3n Socialista de Cobe\u00f1a","article_modified_time":"2023-05-13T11:08:18+00:00","og_image":[{"url":"https:\/\/agrupacionespsoe.es\/cobena\/wp-content\/uploads\/sites\/91\/2023\/02\/salud-2-1024x576.jpg","type":"","width":"","height":""}],"twitter_card":"summary_large_image","twitter_misc":{"Tiempo de lectura":"1 minuto"},"schema":{"@context":"https:\/\/schema.org","@graph":[{"@type":"WebPage","@id":"https:\/\/agrupacionespsoe.es\/cobena\/sanidad\/","url":"https:\/\/agrupacionespsoe.es\/cobena\/sanidad\/","name":"sanidad - Agrupaci\u00f3n Socialista de Cobe\u00f1a","isPartOf":{"@id":"https:\/\/agrupacionespsoe.es\/cobena\/#website"},"primaryImageOfPage":{"@id":"https:\/\/agrupacionespsoe.es\/cobena\/sanidad\/#primaryimage"},"image":{"@id":"https:\/\/agrupacionespsoe.es\/cobena\/sanidad\/#primaryimage"},"thumbnailUrl":"https:\/\/agrupacionespsoe.es\/cobena\/wp-content\/uploads\/sites\/91\/2023\/02\/salud-2-1024x576.jpg","datePublished":"2023-05-03T17:14:21+00:00","dateModified":"2023-05-13T11:08:18+00:00","breadcrumb":{"@id":"https:\/\/agrupacionespsoe.es\/cobena\/sanidad\/#breadcrumb"},"inLanguage":"es","potentialAction":[{"@type":"ReadAction","target":["https:\/\/agrupacionespsoe.es\/cobena\/sanidad\/"]}]},{"@type":"ImageObject","inLanguage":"es","@id":"https:\/\/agrupacionespsoe.es\/cobena\/sanidad\/#primaryimage","url":"https:\/\/agrupacionespsoe.es\/cobena\/wp-content\/uploads\/sites\/91\/2023\/02\/salud-2.jpg","contentUrl":"https:\/\/agrupacionespsoe.es\/cobena\/wp-content\/uploads\/sites\/91\/2023\/02\/salud-2.jpg","width":2000,"height":1125},{"@type":"BreadcrumbList","@id":"https:\/\/agrupacionespsoe.es\/cobena\/sanidad\/#breadcrumb","itemListElement":[{"@type":"ListItem","position":1,"name":"Portada","item":"https:\/\/agrupacionespsoe.es\/cobena\/"},{"@type":"ListItem","position":2,"name":"sanidad"}]},{"@type":"WebSite","@id":"https:\/\/agrupacionespsoe.es\/cobena\/#website","url":"https:\/\/agrupacionespsoe.es\/cobena\/","name":"Agrupaci\u00f3n Socialista de Cobe\u00f1a","description":"Agrupaci\u00f3n Socialista de Cobe\u00f1a","publisher":{"@id":"https:\/\/agrupacionespsoe.es\/cobena\/#organization"},"potentialAction":[{"@type":"SearchAction","target":{"@type":"EntryPoint","urlTemplate":"https:\/\/agrupacionespsoe.es\/cobena\/?s={search_term_string}"},"query-input":{"@type":"PropertyValueSpecification","valueRequired":true,"valueName":"search_term_string"}}],"inLanguage":"es"},{"@type":"Organization","@id":"https:\/\/agrupacionespsoe.es\/cobena\/#organization","name":"Agrupaci\u00f3n Socialista de Cobe\u00f1a","url":"https:\/\/agrupacionespsoe.es\/cobena\/","logo":{"@type":"ImageObject","inLanguage":"es","@id":"https:\/\/agrupacionespsoe.es\/cobena\/#\/schema\/logo\/image\/","url":"https:\/\/agrupacionespsoe.es\/wp-content\/uploads\/2022\/07\/Logotipo_electoral_del_PSOE.png","contentUrl":"https:\/\/agrupacionespsoe.es\/wp-content\/uploads\/2022\/07\/Logotipo_electoral_del_PSOE.png","width":422,"height":422,"caption":"Agrupaci\u00f3n Socialista de Cobe\u00f1a"},"image":{"@id":"https:\/\/agrupacionespsoe.es\/cobena\/#\/schema\/logo\/image\/"}}]}},"jetpack_sharing_enabled":true,"_links":{"self":[{"href":"https:\/\/agrupacionespsoe.es\/cobena\/wp-json\/wp\/v2\/pages\/382","targetHints":{"allow":["GET"]}}],"collection":[{"href":"https:\/\/agrupacionespsoe.es\/cobena\/wp-json\/wp\/v2\/pages"}],"about":[{"href":"https:\/\/agrupacionespsoe.es\/cobena\/wp-json\/wp\/v2\/types\/page"}],"author":[{"embeddable":true,"href":"https:\/\/agrupacionespsoe.es\/cobena\/wp-json\/wp\/v2\/users\/138"}],"replies":[{"embeddable":true,"href":"https:\/\/agrupacionespsoe.es\/cobena\/wp-json\/wp\/v2\/comments?post=382"}],"version-history":[{"count":3,"href":"https:\/\/agrupacionespsoe.es\/cobena\/wp-json\/wp\/v2\/pages\/382\/revisions"}],"predecessor-version":[{"id":491,"href":"https:\/\/agrupacionespsoe.es\/cobena\/wp-json\/wp\/v2\/pages\/382\/revisions\/491"}],"wp:attachment":[{"href":"https:\/\/agrupacionespsoe.es\/cobena\/wp-json\/wp\/v2\/media?parent=382"}],"curies":[{"name":"wp","href":"https:\/\/api.w.org\/{rel}","templated":true}]}}