{"id":367,"date":"2023-05-03T16:50:36","date_gmt":"2023-05-03T16:50:36","guid":{"rendered":"https:\/\/agrupacionespsoe.es\/cobena\/?page_id=367"},"modified":"2023-05-13T09:04:50","modified_gmt":"2023-05-13T09:04:50","slug":"juventud","status":"publish","type":"page","link":"https:\/\/agrupacionespsoe.es\/cobena\/juventud\/","title":{"rendered":"juventud"},"content":{"rendered":"\n<p class=\"has-text-align-center has-primary-color has-white-background-color has-text-color has-background has-medium-font-size\"><strong>JUVENTUD<\/strong><\/p>\n\n\n\n<p class=\"has-text-align-center has-primary-color has-text-color has-medium-font-size\"><strong>UNA VEZ TERMINADA LA CASA DE LA JUVENTUD, LA DOTAREMOS DEL PERSONAL Y LOS MEDIOS NECESARIOS PARA SU CORRECTO FUNCIONAMIENTO<\/strong>.<\/p>\n\n\n\n<div class=\"wp-block-media-text alignwide is-stacked-on-mobile\" style=\"grid-template-columns:40% auto\"><figure class=\"wp-block-media-text__media\"><img loading=\"lazy\" decoding=\"async\" width=\"1024\" height=\"576\" src=\"https:\/\/agrupacionespsoe.es\/cobena\/wp-content\/uploads\/sites\/91\/2023\/02\/jovenes-2-1024x576.jpg\" alt=\"\" class=\"wp-image-88 size-full\" srcset=\"https:\/\/agrupacionespsoe.es\/cobena\/wp-content\/uploads\/sites\/91\/2023\/02\/jovenes-2-1024x576.jpg 1024w, https:\/\/agrupacionespsoe.es\/cobena\/wp-content\/uploads\/sites\/91\/2023\/02\/jovenes-2-300x169.jpg 300w, https:\/\/agrupacionespsoe.es\/cobena\/wp-content\/uploads\/sites\/91\/2023\/02\/jovenes-2-768x432.jpg 768w, https:\/\/agrupacionespsoe.es\/cobena\/wp-content\/uploads\/sites\/91\/2023\/02\/jovenes-2-1536x864.jpg 1536w, https:\/\/agrupacionespsoe.es\/cobena\/wp-content\/uploads\/sites\/91\/2023\/02\/jovenes-2.jpg 2000w\" sizes=\"auto, (max-width: 1024px) 100vw, 1024px\" \/><\/figure><div class=\"wp-block-media-text__content\">\n<p><strong>LA CASA DE LA JUVENTUD COMO EPICENTRO DE ACTIVIDADES JUVENILES<\/strong> con un extenso programa de actividades (Ciclos de cine con cinef\u00f3rum, charlas educativas sobre temas de actualidad (igualdad, LGTBI, acoso escolar,\u2026).<\/p>\n\n\n\n<p>Talleres mensuales de manualidades, m\u00fasica, teatro, club de lectura, organizar bailes como antiguamente pero con m\u00fasica de ahora \ud83d\ude09, cine, sal\u00f3n del c\u00f3mic, concursos de m\u00fasica.<\/p>\n\n\n\n<p><strong>UNA ALTERNATIVA AL BOTELL\u00d3N Y A LA ADICCI\u00d3N DIGITAL<\/strong>:&nbsp; crearemos en la Casa de la Juventud un \u00e1rea de ludoteca con monitores espec\u00edficos para mayores de 12 a\u00f1os, donde nuestros j\u00f3venes puedan reunirse para practicar juegos de mesa, organizando torneos locales y tambi\u00e9n con otros municipios.<\/p>\n\n\n\n<p><strong>FOMENATREMOS LA CREACI\u00d3N DE ASOCIACIONES<\/strong> de j\u00f3venes (por edades), para conseguir la uni\u00f3n de este n\u00facleo de poblaci\u00f3n y que puedan expresar sus necesidades e inquietudes. De esta forma se estar\u00eda desarrollando propuestas de su inter\u00e9s, dando voz propia a los j\u00f3venes de Cobe\u00f1a.<\/p>\n\n\n\n<p><strong>FOMENTAREMOS LA RELACI\u00d3N CON J\u00d3VENES DE OTROS MUNICIPIOS<\/strong>, a trav\u00e9s de competiciones, excursiones y otras actividades, creando nuevas redes de contactos y amistades, y favoreciendo as\u00ed la desconexi\u00f3n con la dependencia digital.<\/p>\n<\/div><\/div>\n\n\n\n<p class=\"has-text-align-center has-primary-color has-white-background-color has-text-color has-background\"><strong><a href=\"https:\/\/agrupacionespsoe.es\/cobena\/2023-2027\/\">VOLVER<\/a><\/strong><\/p>\n","protected":false},"excerpt":{"rendered":"<p>JUVENTUD UNA VEZ TERMINADA LA CASA DE LA JUVENTUD, LA DOTAREMOS DEL PERSONAL Y LOS MEDIOS NECESARIOS PARA SU CORRECTO FUNCIONAMIENTO. LA CASA DE LA JUVENTUD COMO EPICENTRO DE ACTIVIDADES JUVENILES con un extenso programa de actividades (Ciclos de cine con cinef\u00f3rum, charlas educativas sobre temas de actualidad (igualdad, LGTBI, acoso escolar,\u2026). Talleres mensuales de &#8230;<\/p>\n","protected":false},"author":138,"featured_media":0,"parent":0,"menu_order":0,"comment_status":"closed","ping_status":"closed","template":"","meta":{"footnotes":""},"class_list":["post-367","page","type-page","status-publish","hentry"],"yoast_head":"<!-- This site is optimized with the Yoast SEO plugin v24.0 - https:\/\/yoast.com\/wordpress\/plugins\/seo\/ -->\n<title>juventud - Agrupaci\u00f3n Socialista de Cobe\u00f1a<\/title>\n<meta name=\"robots\" content=\"index, follow, max-snippet:-1, max-image-preview:large, max-video-preview:-1\" \/>\n<link rel=\"canonical\" href=\"https:\/\/agrupacionespsoe.es\/cobena\/juventud\/\" \/>\n<meta property=\"og:locale\" content=\"es_ES\" \/>\n<meta property=\"og:type\" content=\"article\" \/>\n<meta property=\"og:title\" content=\"juventud - Agrupaci\u00f3n Socialista de Cobe\u00f1a\" \/>\n<meta property=\"og:description\" content=\"JUVENTUD UNA VEZ TERMINADA LA CASA DE LA JUVENTUD, LA DOTAREMOS DEL PERSONAL Y LOS MEDIOS NECESARIOS PARA SU CORRECTO FUNCIONAMIENTO. LA CASA DE LA JUVENTUD COMO EPICENTRO DE ACTIVIDADES JUVENILES con un extenso programa de actividades (Ciclos de cine con cinef\u00f3rum, charlas educativas sobre temas de actualidad (igualdad, LGTBI, acoso escolar,\u2026). Talleres mensuales de ...\" \/>\n<meta property=\"og:url\" content=\"https:\/\/agrupacionespsoe.es\/cobena\/juventud\/\" \/>\n<meta property=\"og:site_name\" content=\"Agrupaci\u00f3n Socialista de Cobe\u00f1a\" \/>\n<meta property=\"article:modified_time\" content=\"2023-05-13T09:04:50+00:00\" \/>\n<meta property=\"og:image\" content=\"https:\/\/agrupacionespsoe.es\/cobena\/wp-content\/uploads\/sites\/91\/2023\/02\/jovenes-2-1024x576.jpg\" \/>\n<meta name=\"twitter:card\" content=\"summary_large_image\" \/>\n<meta name=\"twitter:label1\" content=\"Tiempo de lectura\" \/>\n\t<meta name=\"twitter:data1\" content=\"2 minutos\" \/>\n<script type=\"application\/ld+json\" class=\"yoast-schema-graph\">{\"@context\":\"https:\/\/schema.org\",\"@graph\":[{\"@type\":\"WebPage\",\"@id\":\"https:\/\/agrupacionespsoe.es\/cobena\/juventud\/\",\"url\":\"https:\/\/agrupacionespsoe.es\/cobena\/juventud\/\",\"name\":\"juventud - Agrupaci\u00f3n Socialista de Cobe\u00f1a\",\"isPartOf\":{\"@id\":\"https:\/\/agrupacionespsoe.es\/cobena\/#website\"},\"primaryImageOfPage\":{\"@id\":\"https:\/\/agrupacionespsoe.es\/cobena\/juventud\/#primaryimage\"},\"image\":{\"@id\":\"https:\/\/agrupacionespsoe.es\/cobena\/juventud\/#primaryimage\"},\"thumbnailUrl\":\"https:\/\/agrupacionespsoe.es\/cobena\/wp-content\/uploads\/sites\/91\/2023\/02\/jovenes-2-1024x576.jpg\",\"datePublished\":\"2023-05-03T16:50:36+00:00\",\"dateModified\":\"2023-05-13T09:04:50+00:00\",\"breadcrumb\":{\"@id\":\"https:\/\/agrupacionespsoe.es\/cobena\/juventud\/#breadcrumb\"},\"inLanguage\":\"es\",\"potentialAction\":[{\"@type\":\"ReadAction\",\"target\":[\"https:\/\/agrupacionespsoe.es\/cobena\/juventud\/\"]}]},{\"@type\":\"ImageObject\",\"inLanguage\":\"es\",\"@id\":\"https:\/\/agrupacionespsoe.es\/cobena\/juventud\/#primaryimage\",\"url\":\"https:\/\/agrupacionespsoe.es\/cobena\/wp-content\/uploads\/sites\/91\/2023\/02\/jovenes-2.jpg\",\"contentUrl\":\"https:\/\/agrupacionespsoe.es\/cobena\/wp-content\/uploads\/sites\/91\/2023\/02\/jovenes-2.jpg\",\"width\":2000,\"height\":1125},{\"@type\":\"BreadcrumbList\",\"@id\":\"https:\/\/agrupacionespsoe.es\/cobena\/juventud\/#breadcrumb\",\"itemListElement\":[{\"@type\":\"ListItem\",\"position\":1,\"name\":\"Portada\",\"item\":\"https:\/\/agrupacionespsoe.es\/cobena\/\"},{\"@type\":\"ListItem\",\"position\":2,\"name\":\"juventud\"}]},{\"@type\":\"WebSite\",\"@id\":\"https:\/\/agrupacionespsoe.es\/cobena\/#website\",\"url\":\"https:\/\/agrupacionespsoe.es\/cobena\/\",\"name\":\"Agrupaci\u00f3n Socialista de Cobe\u00f1a\",\"description\":\"Agrupaci\u00f3n Socialista de Cobe\u00f1a\",\"publisher\":{\"@id\":\"https:\/\/agrupacionespsoe.es\/cobena\/#organization\"},\"potentialAction\":[{\"@type\":\"SearchAction\",\"target\":{\"@type\":\"EntryPoint\",\"urlTemplate\":\"https:\/\/agrupacionespsoe.es\/cobena\/?s={search_term_string}\"},\"query-input\":{\"@type\":\"PropertyValueSpecification\",\"valueRequired\":true,\"valueName\":\"search_term_string\"}}],\"inLanguage\":\"es\"},{\"@type\":\"Organization\",\"@id\":\"https:\/\/agrupacionespsoe.es\/cobena\/#organization\",\"name\":\"Agrupaci\u00f3n Socialista de Cobe\u00f1a\",\"url\":\"https:\/\/agrupacionespsoe.es\/cobena\/\",\"logo\":{\"@type\":\"ImageObject\",\"inLanguage\":\"es\",\"@id\":\"https:\/\/agrupacionespsoe.es\/cobena\/#\/schema\/logo\/image\/\",\"url\":\"https:\/\/agrupacionespsoe.es\/wp-content\/uploads\/2022\/07\/Logotipo_electoral_del_PSOE.png\",\"contentUrl\":\"https:\/\/agrupacionespsoe.es\/wp-content\/uploads\/2022\/07\/Logotipo_electoral_del_PSOE.png\",\"width\":422,\"height\":422,\"caption\":\"Agrupaci\u00f3n Socialista de Cobe\u00f1a\"},\"image\":{\"@id\":\"https:\/\/agrupacionespsoe.es\/cobena\/#\/schema\/logo\/image\/\"}}]}<\/script>\n<!-- \/ Yoast SEO plugin. -->","yoast_head_json":{"title":"juventud - Agrupaci\u00f3n Socialista de Cobe\u00f1a","robots":{"index":"index","follow":"follow","max-snippet":"max-snippet:-1","max-image-preview":"max-image-preview:large","max-video-preview":"max-video-preview:-1"},"canonical":"https:\/\/agrupacionespsoe.es\/cobena\/juventud\/","og_locale":"es_ES","og_type":"article","og_title":"juventud - Agrupaci\u00f3n Socialista de Cobe\u00f1a","og_description":"JUVENTUD UNA VEZ TERMINADA LA CASA DE LA JUVENTUD, LA DOTAREMOS DEL PERSONAL Y LOS MEDIOS NECESARIOS PARA SU CORRECTO FUNCIONAMIENTO. LA CASA DE LA JUVENTUD COMO EPICENTRO DE ACTIVIDADES JUVENILES con un extenso programa de actividades (Ciclos de cine con cinef\u00f3rum, charlas educativas sobre temas de actualidad (igualdad, LGTBI, acoso escolar,\u2026). Talleres mensuales de ...","og_url":"https:\/\/agrupacionespsoe.es\/cobena\/juventud\/","og_site_name":"Agrupaci\u00f3n Socialista de Cobe\u00f1a","article_modified_time":"2023-05-13T09:04:50+00:00","og_image":[{"url":"https:\/\/agrupacionespsoe.es\/cobena\/wp-content\/uploads\/sites\/91\/2023\/02\/jovenes-2-1024x576.jpg","type":"","width":"","height":""}],"twitter_card":"summary_large_image","twitter_misc":{"Tiempo de lectura":"2 minutos"},"schema":{"@context":"https:\/\/schema.org","@graph":[{"@type":"WebPage","@id":"https:\/\/agrupacionespsoe.es\/cobena\/juventud\/","url":"https:\/\/agrupacionespsoe.es\/cobena\/juventud\/","name":"juventud - Agrupaci\u00f3n Socialista de Cobe\u00f1a","isPartOf":{"@id":"https:\/\/agrupacionespsoe.es\/cobena\/#website"},"primaryImageOfPage":{"@id":"https:\/\/agrupacionespsoe.es\/cobena\/juventud\/#primaryimage"},"image":{"@id":"https:\/\/agrupacionespsoe.es\/cobena\/juventud\/#primaryimage"},"thumbnailUrl":"https:\/\/agrupacionespsoe.es\/cobena\/wp-content\/uploads\/sites\/91\/2023\/02\/jovenes-2-1024x576.jpg","datePublished":"2023-05-03T16:50:36+00:00","dateModified":"2023-05-13T09:04:50+00:00","breadcrumb":{"@id":"https:\/\/agrupacionespsoe.es\/cobena\/juventud\/#breadcrumb"},"inLanguage":"es","potentialAction":[{"@type":"ReadAction","target":["https:\/\/agrupacionespsoe.es\/cobena\/juventud\/"]}]},{"@type":"ImageObject","inLanguage":"es","@id":"https:\/\/agrupacionespsoe.es\/cobena\/juventud\/#primaryimage","url":"https:\/\/agrupacionespsoe.es\/cobena\/wp-content\/uploads\/sites\/91\/2023\/02\/jovenes-2.jpg","contentUrl":"https:\/\/agrupacionespsoe.es\/cobena\/wp-content\/uploads\/sites\/91\/2023\/02\/jovenes-2.jpg","width":2000,"height":1125},{"@type":"BreadcrumbList","@id":"https:\/\/agrupacionespsoe.es\/cobena\/juventud\/#breadcrumb","itemListElement":[{"@type":"ListItem","position":1,"name":"Portada","item":"https:\/\/agrupacionespsoe.es\/cobena\/"},{"@type":"ListItem","position":2,"name":"juventud"}]},{"@type":"WebSite","@id":"https:\/\/agrupacionespsoe.es\/cobena\/#website","url":"https:\/\/agrupacionespsoe.es\/cobena\/","name":"Agrupaci\u00f3n Socialista de Cobe\u00f1a","description":"Agrupaci\u00f3n Socialista de Cobe\u00f1a","publisher":{"@id":"https:\/\/agrupacionespsoe.es\/cobena\/#organization"},"potentialAction":[{"@type":"SearchAction","target":{"@type":"EntryPoint","urlTemplate":"https:\/\/agrupacionespsoe.es\/cobena\/?s={search_term_string}"},"query-input":{"@type":"PropertyValueSpecification","valueRequired":true,"valueName":"search_term_string"}}],"inLanguage":"es"},{"@type":"Organization","@id":"https:\/\/agrupacionespsoe.es\/cobena\/#organization","name":"Agrupaci\u00f3n Socialista de Cobe\u00f1a","url":"https:\/\/agrupacionespsoe.es\/cobena\/","logo":{"@type":"ImageObject","inLanguage":"es","@id":"https:\/\/agrupacionespsoe.es\/cobena\/#\/schema\/logo\/image\/","url":"https:\/\/agrupacionespsoe.es\/wp-content\/uploads\/2022\/07\/Logotipo_electoral_del_PSOE.png","contentUrl":"https:\/\/agrupacionespsoe.es\/wp-content\/uploads\/2022\/07\/Logotipo_electoral_del_PSOE.png","width":422,"height":422,"caption":"Agrupaci\u00f3n Socialista de Cobe\u00f1a"},"image":{"@id":"https:\/\/agrupacionespsoe.es\/cobena\/#\/schema\/logo\/image\/"}}]}},"jetpack_sharing_enabled":true,"_links":{"self":[{"href":"https:\/\/agrupacionespsoe.es\/cobena\/wp-json\/wp\/v2\/pages\/367","targetHints":{"allow":["GET"]}}],"collection":[{"href":"https:\/\/agrupacionespsoe.es\/cobena\/wp-json\/wp\/v2\/pages"}],"about":[{"href":"https:\/\/agrupacionespsoe.es\/cobena\/wp-json\/wp\/v2\/types\/page"}],"author":[{"embeddable":true,"href":"https:\/\/agrupacionespsoe.es\/cobena\/wp-json\/wp\/v2\/users\/138"}],"replies":[{"embeddable":true,"href":"https:\/\/agrupacionespsoe.es\/cobena\/wp-json\/wp\/v2\/comments?post=367"}],"version-history":[{"count":3,"href":"https:\/\/agrupacionespsoe.es\/cobena\/wp-json\/wp\/v2\/pages\/367\/revisions"}],"predecessor-version":[{"id":422,"href":"https:\/\/agrupacionespsoe.es\/cobena\/wp-json\/wp\/v2\/pages\/367\/revisions\/422"}],"wp:attachment":[{"href":"https:\/\/agrupacionespsoe.es\/cobena\/wp-json\/wp\/v2\/media?parent=367"}],"curies":[{"name":"wp","href":"https:\/\/api.w.org\/{rel}","templated":true}]}}