{"id":358,"date":"2023-05-03T16:39:15","date_gmt":"2023-05-03T16:39:15","guid":{"rendered":"https:\/\/agrupacionespsoe.es\/cobena\/?page_id=358"},"modified":"2023-05-13T08:58:31","modified_gmt":"2023-05-13T08:58:31","slug":"deportes","status":"publish","type":"page","link":"https:\/\/agrupacionespsoe.es\/cobena\/deportes\/","title":{"rendered":"deportes"},"content":{"rendered":"\n<p class=\"has-text-align-center has-primary-color has-white-background-color has-text-color has-background has-medium-font-size\"><strong>DEPORTES<\/strong><\/p>\n\n\n\n<div class=\"wp-block-media-text alignwide is-stacked-on-mobile\" style=\"grid-template-columns:40% auto\"><figure class=\"wp-block-media-text__media\"><img loading=\"lazy\" decoding=\"async\" width=\"800\" height=\"420\" src=\"https:\/\/agrupacionespsoe.es\/cobena\/wp-content\/uploads\/sites\/91\/2023\/05\/DEPORTES.jpg\" alt=\"\" class=\"wp-image-294 size-full\" srcset=\"https:\/\/agrupacionespsoe.es\/cobena\/wp-content\/uploads\/sites\/91\/2023\/05\/DEPORTES.jpg 800w, https:\/\/agrupacionespsoe.es\/cobena\/wp-content\/uploads\/sites\/91\/2023\/05\/DEPORTES-300x158.jpg 300w, https:\/\/agrupacionespsoe.es\/cobena\/wp-content\/uploads\/sites\/91\/2023\/05\/DEPORTES-768x403.jpg 768w\" sizes=\"auto, (max-width: 800px) 100vw, 800px\" \/><\/figure><div class=\"wp-block-media-text__content\">\n<p><strong>LAS ESCUELAS DEPORTIVAS COMO BASE FUNDAMENTAL DEL DEPORTE EN COBE\u00d1A<\/strong>, mantendremos y potenciaremos la excelente labor de las escuelas deportivas de Cobe\u00f1a, impulsando tambi\u00e9n la federaci\u00f3n de todas ellas.<\/p>\n\n\n\n<p><strong>IMPULSAREMOS LA PUESTA EN MARCHA DE DEPORTES ALTERNATIVOS (B\u00c1DMINTON, PING PONG, \u2026) <\/strong>con campa\u00f1as en instituto y colegios, donde personas del \u00e1mbito deportivo impartir\u00e1n charlas informativas.<\/p>\n\n\n\n<p><strong>ORGANIZAREMOS SALIDAS A EVENTOS DEPORTIVOS<\/strong> para los alumnos de las diferentes escuelas municipales.<\/p>\n\n\n\n<p><strong>OLIMPIADAS COMARCALES<\/strong>, promover desde la concejal\u00eda de Deportes y a trav\u00e9s de los centros educativos y escuelas deportivas una competici\u00f3n anual en varias disciplinas.<\/p>\n\n\n\n<p><strong>SE INSTALAR\u00c1 UNA CUBIERTA EN DOS PISTAS DE TENIS DEL POLIDEPORTIVO<\/strong>.<\/p>\n\n\n\n<p><strong>SE INSTALAR\u00c1 UNA CUBIERTA EN LA PISTA POLIDEPORTIVA SITA EN C\/ DALIA JUNTO A LA ESCUELA INFANTIL<\/strong>.<\/p>\n\n\n\n<p><strong>SE PROHIBIR\u00c1 FUMAR Y CONSUMIR BEBIDAS ALCOH\u00d3LICAS EN TODO EL RECINTO DEL POLIDEPORTIVO, EXCEPTO EN EL \u00c1REA DE LA CAFETER\u00cdA<\/strong>.<\/p>\n<\/div><\/div>\n\n\n\n<p class=\"has-text-align-center has-primary-color has-white-background-color has-text-color has-background\"><strong><a href=\"https:\/\/agrupacionespsoe.es\/cobena\/2023-2027\/\">VOLVER<\/a><\/strong><\/p>\n","protected":false},"excerpt":{"rendered":"<p>DEPORTES LAS ESCUELAS DEPORTIVAS COMO BASE FUNDAMENTAL DEL DEPORTE EN COBE\u00d1A, mantendremos y potenciaremos la excelente labor de las escuelas deportivas de Cobe\u00f1a, impulsando tambi\u00e9n la federaci\u00f3n de todas ellas. IMPULSAREMOS LA PUESTA EN MARCHA DE DEPORTES ALTERNATIVOS (B\u00c1DMINTON, PING PONG, \u2026) con campa\u00f1as en instituto y colegios, donde personas del \u00e1mbito deportivo impartir\u00e1n charlas &#8230;<\/p>\n","protected":false},"author":138,"featured_media":0,"parent":0,"menu_order":0,"comment_status":"closed","ping_status":"closed","template":"","meta":{"footnotes":""},"class_list":["post-358","page","type-page","status-publish","hentry"],"yoast_head":"<!-- This site is optimized with the Yoast SEO plugin v24.0 - https:\/\/yoast.com\/wordpress\/plugins\/seo\/ -->\n<title>deportes - Agrupaci\u00f3n Socialista de Cobe\u00f1a<\/title>\n<meta name=\"robots\" content=\"index, follow, max-snippet:-1, max-image-preview:large, max-video-preview:-1\" \/>\n<link rel=\"canonical\" href=\"https:\/\/agrupacionespsoe.es\/cobena\/deportes\/\" \/>\n<meta property=\"og:locale\" content=\"es_ES\" \/>\n<meta property=\"og:type\" content=\"article\" \/>\n<meta property=\"og:title\" content=\"deportes - Agrupaci\u00f3n Socialista de Cobe\u00f1a\" \/>\n<meta property=\"og:description\" content=\"DEPORTES LAS ESCUELAS DEPORTIVAS COMO BASE FUNDAMENTAL DEL DEPORTE EN COBE\u00d1A, mantendremos y potenciaremos la excelente labor de las escuelas deportivas de Cobe\u00f1a, impulsando tambi\u00e9n la federaci\u00f3n de todas ellas. IMPULSAREMOS LA PUESTA EN MARCHA DE DEPORTES ALTERNATIVOS (B\u00c1DMINTON, PING PONG, \u2026) con campa\u00f1as en instituto y colegios, donde personas del \u00e1mbito deportivo impartir\u00e1n charlas ...\" \/>\n<meta property=\"og:url\" content=\"https:\/\/agrupacionespsoe.es\/cobena\/deportes\/\" \/>\n<meta property=\"og:site_name\" content=\"Agrupaci\u00f3n Socialista de Cobe\u00f1a\" \/>\n<meta property=\"article:modified_time\" content=\"2023-05-13T08:58:31+00:00\" \/>\n<meta property=\"og:image\" content=\"https:\/\/agrupacionespsoe.es\/cobena\/wp-content\/uploads\/sites\/91\/2023\/05\/DEPORTES.jpg\" \/>\n<meta name=\"twitter:card\" content=\"summary_large_image\" \/>\n<meta name=\"twitter:label1\" content=\"Tiempo de lectura\" \/>\n\t<meta name=\"twitter:data1\" content=\"1 minuto\" \/>\n<script type=\"application\/ld+json\" class=\"yoast-schema-graph\">{\"@context\":\"https:\/\/schema.org\",\"@graph\":[{\"@type\":\"WebPage\",\"@id\":\"https:\/\/agrupacionespsoe.es\/cobena\/deportes\/\",\"url\":\"https:\/\/agrupacionespsoe.es\/cobena\/deportes\/\",\"name\":\"deportes - Agrupaci\u00f3n Socialista de Cobe\u00f1a\",\"isPartOf\":{\"@id\":\"https:\/\/agrupacionespsoe.es\/cobena\/#website\"},\"primaryImageOfPage\":{\"@id\":\"https:\/\/agrupacionespsoe.es\/cobena\/deportes\/#primaryimage\"},\"image\":{\"@id\":\"https:\/\/agrupacionespsoe.es\/cobena\/deportes\/#primaryimage\"},\"thumbnailUrl\":\"https:\/\/agrupacionespsoe.es\/cobena\/wp-content\/uploads\/sites\/91\/2023\/05\/DEPORTES.jpg\",\"datePublished\":\"2023-05-03T16:39:15+00:00\",\"dateModified\":\"2023-05-13T08:58:31+00:00\",\"breadcrumb\":{\"@id\":\"https:\/\/agrupacionespsoe.es\/cobena\/deportes\/#breadcrumb\"},\"inLanguage\":\"es\",\"potentialAction\":[{\"@type\":\"ReadAction\",\"target\":[\"https:\/\/agrupacionespsoe.es\/cobena\/deportes\/\"]}]},{\"@type\":\"ImageObject\",\"inLanguage\":\"es\",\"@id\":\"https:\/\/agrupacionespsoe.es\/cobena\/deportes\/#primaryimage\",\"url\":\"https:\/\/agrupacionespsoe.es\/cobena\/wp-content\/uploads\/sites\/91\/2023\/05\/DEPORTES.jpg\",\"contentUrl\":\"https:\/\/agrupacionespsoe.es\/cobena\/wp-content\/uploads\/sites\/91\/2023\/05\/DEPORTES.jpg\",\"width\":800,\"height\":420},{\"@type\":\"BreadcrumbList\",\"@id\":\"https:\/\/agrupacionespsoe.es\/cobena\/deportes\/#breadcrumb\",\"itemListElement\":[{\"@type\":\"ListItem\",\"position\":1,\"name\":\"Portada\",\"item\":\"https:\/\/agrupacionespsoe.es\/cobena\/\"},{\"@type\":\"ListItem\",\"position\":2,\"name\":\"deportes\"}]},{\"@type\":\"WebSite\",\"@id\":\"https:\/\/agrupacionespsoe.es\/cobena\/#website\",\"url\":\"https:\/\/agrupacionespsoe.es\/cobena\/\",\"name\":\"Agrupaci\u00f3n Socialista de Cobe\u00f1a\",\"description\":\"Agrupaci\u00f3n Socialista de Cobe\u00f1a\",\"publisher\":{\"@id\":\"https:\/\/agrupacionespsoe.es\/cobena\/#organization\"},\"potentialAction\":[{\"@type\":\"SearchAction\",\"target\":{\"@type\":\"EntryPoint\",\"urlTemplate\":\"https:\/\/agrupacionespsoe.es\/cobena\/?s={search_term_string}\"},\"query-input\":{\"@type\":\"PropertyValueSpecification\",\"valueRequired\":true,\"valueName\":\"search_term_string\"}}],\"inLanguage\":\"es\"},{\"@type\":\"Organization\",\"@id\":\"https:\/\/agrupacionespsoe.es\/cobena\/#organization\",\"name\":\"Agrupaci\u00f3n Socialista de Cobe\u00f1a\",\"url\":\"https:\/\/agrupacionespsoe.es\/cobena\/\",\"logo\":{\"@type\":\"ImageObject\",\"inLanguage\":\"es\",\"@id\":\"https:\/\/agrupacionespsoe.es\/cobena\/#\/schema\/logo\/image\/\",\"url\":\"https:\/\/agrupacionespsoe.es\/wp-content\/uploads\/2022\/07\/Logotipo_electoral_del_PSOE.png\",\"contentUrl\":\"https:\/\/agrupacionespsoe.es\/wp-content\/uploads\/2022\/07\/Logotipo_electoral_del_PSOE.png\",\"width\":422,\"height\":422,\"caption\":\"Agrupaci\u00f3n Socialista de Cobe\u00f1a\"},\"image\":{\"@id\":\"https:\/\/agrupacionespsoe.es\/cobena\/#\/schema\/logo\/image\/\"}}]}<\/script>\n<!-- \/ Yoast SEO plugin. -->","yoast_head_json":{"title":"deportes - Agrupaci\u00f3n Socialista de Cobe\u00f1a","robots":{"index":"index","follow":"follow","max-snippet":"max-snippet:-1","max-image-preview":"max-image-preview:large","max-video-preview":"max-video-preview:-1"},"canonical":"https:\/\/agrupacionespsoe.es\/cobena\/deportes\/","og_locale":"es_ES","og_type":"article","og_title":"deportes - Agrupaci\u00f3n Socialista de Cobe\u00f1a","og_description":"DEPORTES LAS ESCUELAS DEPORTIVAS COMO BASE FUNDAMENTAL DEL DEPORTE EN COBE\u00d1A, mantendremos y potenciaremos la excelente labor de las escuelas deportivas de Cobe\u00f1a, impulsando tambi\u00e9n la federaci\u00f3n de todas ellas. IMPULSAREMOS LA PUESTA EN MARCHA DE DEPORTES ALTERNATIVOS (B\u00c1DMINTON, PING PONG, \u2026) con campa\u00f1as en instituto y colegios, donde personas del \u00e1mbito deportivo impartir\u00e1n charlas ...","og_url":"https:\/\/agrupacionespsoe.es\/cobena\/deportes\/","og_site_name":"Agrupaci\u00f3n Socialista de Cobe\u00f1a","article_modified_time":"2023-05-13T08:58:31+00:00","og_image":[{"url":"https:\/\/agrupacionespsoe.es\/cobena\/wp-content\/uploads\/sites\/91\/2023\/05\/DEPORTES.jpg","type":"","width":"","height":""}],"twitter_card":"summary_large_image","twitter_misc":{"Tiempo de lectura":"1 minuto"},"schema":{"@context":"https:\/\/schema.org","@graph":[{"@type":"WebPage","@id":"https:\/\/agrupacionespsoe.es\/cobena\/deportes\/","url":"https:\/\/agrupacionespsoe.es\/cobena\/deportes\/","name":"deportes - Agrupaci\u00f3n Socialista de Cobe\u00f1a","isPartOf":{"@id":"https:\/\/agrupacionespsoe.es\/cobena\/#website"},"primaryImageOfPage":{"@id":"https:\/\/agrupacionespsoe.es\/cobena\/deportes\/#primaryimage"},"image":{"@id":"https:\/\/agrupacionespsoe.es\/cobena\/deportes\/#primaryimage"},"thumbnailUrl":"https:\/\/agrupacionespsoe.es\/cobena\/wp-content\/uploads\/sites\/91\/2023\/05\/DEPORTES.jpg","datePublished":"2023-05-03T16:39:15+00:00","dateModified":"2023-05-13T08:58:31+00:00","breadcrumb":{"@id":"https:\/\/agrupacionespsoe.es\/cobena\/deportes\/#breadcrumb"},"inLanguage":"es","potentialAction":[{"@type":"ReadAction","target":["https:\/\/agrupacionespsoe.es\/cobena\/deportes\/"]}]},{"@type":"ImageObject","inLanguage":"es","@id":"https:\/\/agrupacionespsoe.es\/cobena\/deportes\/#primaryimage","url":"https:\/\/agrupacionespsoe.es\/cobena\/wp-content\/uploads\/sites\/91\/2023\/05\/DEPORTES.jpg","contentUrl":"https:\/\/agrupacionespsoe.es\/cobena\/wp-content\/uploads\/sites\/91\/2023\/05\/DEPORTES.jpg","width":800,"height":420},{"@type":"BreadcrumbList","@id":"https:\/\/agrupacionespsoe.es\/cobena\/deportes\/#breadcrumb","itemListElement":[{"@type":"ListItem","position":1,"name":"Portada","item":"https:\/\/agrupacionespsoe.es\/cobena\/"},{"@type":"ListItem","position":2,"name":"deportes"}]},{"@type":"WebSite","@id":"https:\/\/agrupacionespsoe.es\/cobena\/#website","url":"https:\/\/agrupacionespsoe.es\/cobena\/","name":"Agrupaci\u00f3n Socialista de Cobe\u00f1a","description":"Agrupaci\u00f3n Socialista de Cobe\u00f1a","publisher":{"@id":"https:\/\/agrupacionespsoe.es\/cobena\/#organization"},"potentialAction":[{"@type":"SearchAction","target":{"@type":"EntryPoint","urlTemplate":"https:\/\/agrupacionespsoe.es\/cobena\/?s={search_term_string}"},"query-input":{"@type":"PropertyValueSpecification","valueRequired":true,"valueName":"search_term_string"}}],"inLanguage":"es"},{"@type":"Organization","@id":"https:\/\/agrupacionespsoe.es\/cobena\/#organization","name":"Agrupaci\u00f3n Socialista de Cobe\u00f1a","url":"https:\/\/agrupacionespsoe.es\/cobena\/","logo":{"@type":"ImageObject","inLanguage":"es","@id":"https:\/\/agrupacionespsoe.es\/cobena\/#\/schema\/logo\/image\/","url":"https:\/\/agrupacionespsoe.es\/wp-content\/uploads\/2022\/07\/Logotipo_electoral_del_PSOE.png","contentUrl":"https:\/\/agrupacionespsoe.es\/wp-content\/uploads\/2022\/07\/Logotipo_electoral_del_PSOE.png","width":422,"height":422,"caption":"Agrupaci\u00f3n Socialista de Cobe\u00f1a"},"image":{"@id":"https:\/\/agrupacionespsoe.es\/cobena\/#\/schema\/logo\/image\/"}}]}},"jetpack_sharing_enabled":true,"_links":{"self":[{"href":"https:\/\/agrupacionespsoe.es\/cobena\/wp-json\/wp\/v2\/pages\/358","targetHints":{"allow":["GET"]}}],"collection":[{"href":"https:\/\/agrupacionespsoe.es\/cobena\/wp-json\/wp\/v2\/pages"}],"about":[{"href":"https:\/\/agrupacionespsoe.es\/cobena\/wp-json\/wp\/v2\/types\/page"}],"author":[{"embeddable":true,"href":"https:\/\/agrupacionespsoe.es\/cobena\/wp-json\/wp\/v2\/users\/138"}],"replies":[{"embeddable":true,"href":"https:\/\/agrupacionespsoe.es\/cobena\/wp-json\/wp\/v2\/comments?post=358"}],"version-history":[{"count":3,"href":"https:\/\/agrupacionespsoe.es\/cobena\/wp-json\/wp\/v2\/pages\/358\/revisions"}],"predecessor-version":[{"id":417,"href":"https:\/\/agrupacionespsoe.es\/cobena\/wp-json\/wp\/v2\/pages\/358\/revisions\/417"}],"wp:attachment":[{"href":"https:\/\/agrupacionespsoe.es\/cobena\/wp-json\/wp\/v2\/media?parent=358"}],"curies":[{"name":"wp","href":"https:\/\/api.w.org\/{rel}","templated":true}]}}