{"id":349,"date":"2023-05-03T16:28:57","date_gmt":"2023-05-03T16:28:57","guid":{"rendered":"https:\/\/agrupacionespsoe.es\/cobena\/?page_id=349"},"modified":"2023-05-13T08:52:32","modified_gmt":"2023-05-13T08:52:32","slug":"medio-ambiente","status":"publish","type":"page","link":"https:\/\/agrupacionespsoe.es\/cobena\/medio-ambiente\/","title":{"rendered":"medio-ambiente"},"content":{"rendered":"\n<p class=\"has-text-align-center has-medium-font-size\"><strong><mark style=\"background-color:#ffffff\" class=\"has-inline-color has-primary-color\">MEDIOAMBIENTE: POR UNA COBE\u00d1A VERDE Y SOSTENIBLE<\/mark><\/strong><\/p>\n\n\n\n<div class=\"wp-block-media-text alignwide has-media-on-the-right is-stacked-on-mobile\" style=\"grid-template-columns:auto 40%\"><div class=\"wp-block-media-text__content\">\n<p><strong>UNA DEHESA LIBRE DE ARMAS DE FUEGO<\/strong>, limitaremos la caza en el entorno de La Dehesa a las modalidades exentas de armas de fuego.<\/p>\n\n\n\n<p><strong>UNA DEHESA CON MANTENIMIENTO Y PODA ANUAL DE LA MASA ARB\u00d3REA<\/strong>.<\/p>\n\n\n\n<p><strong>LOS \u00c1RBOLES SALVAN VIDAS<\/strong>, un estudio reciente del\u00a0Instituto de Salud Global de Barcelona\u00a0(ISGlobal) ha determinado que las masas arb\u00f3reas contribuyen a la bajada de temperatura, siendo la exposici\u00f3n al calor causa de\u00a0mortalidad prematura, enfermedades cardiorrespiratorias e ingresos hospitalarios.<\/p>\n\n\n\n<p>En consecuencia, <strong>REALIZAREMOS UN PLAN ANUAL DE CONSERVACI\u00d3N Y PLANTACI\u00d3N DE \u00c1RBOLES<\/strong>.<\/p>\n\n\n\n<p><strong>AMPLIAREMOS EL HORARIO DEL PUNTO LIMPIO, CREANDO UNA ZONA ACOTADA PARA ART\u00cdCULOS DE \u201cUNA SEGUNDA VIDA\u201d EN COLABORACI\u00d3N CON LAS ASOCIACIONES DE AYUDA SOCIAL<\/strong>.<\/p>\n\n\n\n<p><strong>IMPULSAREMOS LA CREACI\u00d3N DE UNA ASOCIACI\u00d3N DE LOS BENEFICIARIOS DE LOS HUERTOS SOCIALES DE LA DEHESA<\/strong>.<\/p>\n<\/div><figure class=\"wp-block-media-text__media\"><img loading=\"lazy\" decoding=\"async\" width=\"1024\" height=\"576\" src=\"https:\/\/agrupacionespsoe.es\/cobena\/wp-content\/uploads\/sites\/91\/2023\/02\/eco-2-1024x576.jpg\" alt=\"\" class=\"wp-image-67 size-full\" srcset=\"https:\/\/agrupacionespsoe.es\/cobena\/wp-content\/uploads\/sites\/91\/2023\/02\/eco-2-1024x576.jpg 1024w, https:\/\/agrupacionespsoe.es\/cobena\/wp-content\/uploads\/sites\/91\/2023\/02\/eco-2-300x169.jpg 300w, https:\/\/agrupacionespsoe.es\/cobena\/wp-content\/uploads\/sites\/91\/2023\/02\/eco-2-768x432.jpg 768w, https:\/\/agrupacionespsoe.es\/cobena\/wp-content\/uploads\/sites\/91\/2023\/02\/eco-2-1536x864.jpg 1536w, https:\/\/agrupacionespsoe.es\/cobena\/wp-content\/uploads\/sites\/91\/2023\/02\/eco-2.jpg 2000w\" sizes=\"auto, (max-width: 1024px) 100vw, 1024px\" \/><\/figure><\/div>\n\n\n\n<div class=\"wp-block-columns is-layout-flex wp-container-core-columns-is-layout-1 wp-block-columns-is-layout-flex\">\n<div class=\"wp-block-column is-layout-flow wp-block-column-is-layout-flow\">\n<div class=\"wp-block-media-text alignwide is-stacked-on-mobile\" style=\"grid-template-columns:40% auto\"><figure class=\"wp-block-media-text__media\"><img loading=\"lazy\" decoding=\"async\" width=\"1024\" height=\"576\" src=\"https:\/\/agrupacionespsoe.es\/cobena\/wp-content\/uploads\/sites\/91\/2023\/02\/eco-3-1024x576.jpg\" alt=\"\" class=\"wp-image-68 size-full\" srcset=\"https:\/\/agrupacionespsoe.es\/cobena\/wp-content\/uploads\/sites\/91\/2023\/02\/eco-3-1024x576.jpg 1024w, https:\/\/agrupacionespsoe.es\/cobena\/wp-content\/uploads\/sites\/91\/2023\/02\/eco-3-300x169.jpg 300w, https:\/\/agrupacionespsoe.es\/cobena\/wp-content\/uploads\/sites\/91\/2023\/02\/eco-3-768x432.jpg 768w, https:\/\/agrupacionespsoe.es\/cobena\/wp-content\/uploads\/sites\/91\/2023\/02\/eco-3-1536x864.jpg 1536w, https:\/\/agrupacionespsoe.es\/cobena\/wp-content\/uploads\/sites\/91\/2023\/02\/eco-3.jpg 2000w\" sizes=\"auto, (max-width: 1024px) 100vw, 1024px\" \/><\/figure><div class=\"wp-block-media-text__content\">\n<p><strong>REACONDICIONAMIENTO DEL JARD\u00cdN BOT\u00c1NICO EN C\/ LOS \u00c1LAMOS<\/strong>, este espacio que fue subvencionado por empresas privadas (Boeing y Afanias) se encuentra cerrado y en total abandono. Se reacondicionar\u00e1 y se impulsar\u00e1n jornadas de bot\u00e1nica para mejor conocimiento de las especies all\u00ed plantadas.<\/p>\n\n\n\n<p><strong>MANTENDREMOS LAS BONIFICACIONES EN EL IBI <\/strong>por la instalaci\u00f3n de placas fotovoltaicas en viviendas residenciales y empresas.<\/p>\n\n\n\n<p><strong>EDIFICIOS MUNICIPALES VERDES<\/strong>, instalaremos placas fotovoltaicas en los edificios municipales que carezcan de ellas y se ampliar\u00e1n en los ya existentes como el CEIPSO, para conseguir edificios 0 emisiones.<\/p>\n\n\n\n<p><strong>INSTALACI\u00d3N DE PUNTOS DE CARGA PARA VEH\u00cdCULOS EL\u00c9CTRICOS<\/strong>, instalaremos puntos de carga en los p\u00e1rquines de titularidad municipal (polideportivo, c\/ Olivo con c\/ Mercado,\u2026) y se iniciar\u00e1n conversaciones con los supermercados H\u00edber y D\u00eda para la instalaci\u00f3n de los puntos de carga en sus recintos.<\/p>\n\n\n\n<p><strong>HABILITAREMOS UNA MORATORIA EN LA CONCESI\u00d3N DE LICENCIAS MUNICIPALES PARA GRANDES PLANTAS FOTOVOLTAICAS<\/strong>: el a\u00f1o pasado, varias empresas han manifestado su intenci\u00f3n de instalar grandes extensiones de placas fotovoltaicas en nuestro t\u00e9rmino municipal, algo a lo que nuestra candidatura se opone totalmente. Lucharemos con todos nuestros medios para evitar un \u201cMAR DE ESPEJOS\u201d en nuestro entorno rural.<\/p>\n<\/div><\/div>\n\n\n\n<p class=\"has-text-align-center has-primary-color has-white-background-color has-text-color has-background\"><strong><a href=\"https:\/\/agrupacionespsoe.es\/cobena\/2023-2027\/\">VOLVER<\/a><\/strong><\/p>\n<\/div>\n<\/div>\n","protected":false},"excerpt":{"rendered":"<p>MEDIOAMBIENTE: POR UNA COBE\u00d1A VERDE Y SOSTENIBLE UNA DEHESA LIBRE DE ARMAS DE FUEGO, limitaremos la caza en el entorno de La Dehesa a las modalidades exentas de armas de fuego. UNA DEHESA CON MANTENIMIENTO Y PODA ANUAL DE LA MASA ARB\u00d3REA. LOS \u00c1RBOLES SALVAN VIDAS, un estudio reciente del\u00a0Instituto de Salud Global de Barcelona\u00a0(ISGlobal) &#8230;<\/p>\n","protected":false},"author":138,"featured_media":0,"parent":0,"menu_order":0,"comment_status":"closed","ping_status":"closed","template":"","meta":{"footnotes":""},"class_list":["post-349","page","type-page","status-publish","hentry"],"yoast_head":"<!-- This site is optimized with the Yoast SEO plugin v24.0 - https:\/\/yoast.com\/wordpress\/plugins\/seo\/ -->\n<title>medio-ambiente - Agrupaci\u00f3n Socialista de Cobe\u00f1a<\/title>\n<meta name=\"robots\" content=\"index, follow, max-snippet:-1, max-image-preview:large, max-video-preview:-1\" \/>\n<link rel=\"canonical\" href=\"https:\/\/agrupacionespsoe.es\/cobena\/medio-ambiente\/\" \/>\n<meta property=\"og:locale\" content=\"es_ES\" \/>\n<meta property=\"og:type\" content=\"article\" \/>\n<meta property=\"og:title\" content=\"medio-ambiente - Agrupaci\u00f3n Socialista de Cobe\u00f1a\" \/>\n<meta property=\"og:description\" content=\"MEDIOAMBIENTE: POR UNA COBE\u00d1A VERDE Y SOSTENIBLE UNA DEHESA LIBRE DE ARMAS DE FUEGO, limitaremos la caza en el entorno de La Dehesa a las modalidades exentas de armas de fuego. UNA DEHESA CON MANTENIMIENTO Y PODA ANUAL DE LA MASA ARB\u00d3REA. LOS \u00c1RBOLES SALVAN VIDAS, un estudio reciente del\u00a0Instituto de Salud Global de Barcelona\u00a0(ISGlobal) ...\" \/>\n<meta property=\"og:url\" content=\"https:\/\/agrupacionespsoe.es\/cobena\/medio-ambiente\/\" \/>\n<meta property=\"og:site_name\" content=\"Agrupaci\u00f3n Socialista de Cobe\u00f1a\" \/>\n<meta property=\"article:modified_time\" content=\"2023-05-13T08:52:32+00:00\" \/>\n<meta property=\"og:image\" content=\"https:\/\/agrupacionespsoe.es\/cobena\/wp-content\/uploads\/sites\/91\/2023\/02\/eco-2-1024x576.jpg\" \/>\n<meta name=\"twitter:card\" content=\"summary_large_image\" \/>\n<meta name=\"twitter:label1\" content=\"Tiempo de lectura\" \/>\n\t<meta name=\"twitter:data1\" content=\"2 minutos\" \/>\n<script type=\"application\/ld+json\" class=\"yoast-schema-graph\">{\"@context\":\"https:\/\/schema.org\",\"@graph\":[{\"@type\":\"WebPage\",\"@id\":\"https:\/\/agrupacionespsoe.es\/cobena\/medio-ambiente\/\",\"url\":\"https:\/\/agrupacionespsoe.es\/cobena\/medio-ambiente\/\",\"name\":\"medio-ambiente - Agrupaci\u00f3n Socialista de Cobe\u00f1a\",\"isPartOf\":{\"@id\":\"https:\/\/agrupacionespsoe.es\/cobena\/#website\"},\"primaryImageOfPage\":{\"@id\":\"https:\/\/agrupacionespsoe.es\/cobena\/medio-ambiente\/#primaryimage\"},\"image\":{\"@id\":\"https:\/\/agrupacionespsoe.es\/cobena\/medio-ambiente\/#primaryimage\"},\"thumbnailUrl\":\"https:\/\/agrupacionespsoe.es\/cobena\/wp-content\/uploads\/sites\/91\/2023\/02\/eco-2-1024x576.jpg\",\"datePublished\":\"2023-05-03T16:28:57+00:00\",\"dateModified\":\"2023-05-13T08:52:32+00:00\",\"breadcrumb\":{\"@id\":\"https:\/\/agrupacionespsoe.es\/cobena\/medio-ambiente\/#breadcrumb\"},\"inLanguage\":\"es\",\"potentialAction\":[{\"@type\":\"ReadAction\",\"target\":[\"https:\/\/agrupacionespsoe.es\/cobena\/medio-ambiente\/\"]}]},{\"@type\":\"ImageObject\",\"inLanguage\":\"es\",\"@id\":\"https:\/\/agrupacionespsoe.es\/cobena\/medio-ambiente\/#primaryimage\",\"url\":\"https:\/\/agrupacionespsoe.es\/cobena\/wp-content\/uploads\/sites\/91\/2023\/02\/eco-2.jpg\",\"contentUrl\":\"https:\/\/agrupacionespsoe.es\/cobena\/wp-content\/uploads\/sites\/91\/2023\/02\/eco-2.jpg\",\"width\":2000,\"height\":1125},{\"@type\":\"BreadcrumbList\",\"@id\":\"https:\/\/agrupacionespsoe.es\/cobena\/medio-ambiente\/#breadcrumb\",\"itemListElement\":[{\"@type\":\"ListItem\",\"position\":1,\"name\":\"Portada\",\"item\":\"https:\/\/agrupacionespsoe.es\/cobena\/\"},{\"@type\":\"ListItem\",\"position\":2,\"name\":\"medio-ambiente\"}]},{\"@type\":\"WebSite\",\"@id\":\"https:\/\/agrupacionespsoe.es\/cobena\/#website\",\"url\":\"https:\/\/agrupacionespsoe.es\/cobena\/\",\"name\":\"Agrupaci\u00f3n Socialista de Cobe\u00f1a\",\"description\":\"Agrupaci\u00f3n Socialista de Cobe\u00f1a\",\"publisher\":{\"@id\":\"https:\/\/agrupacionespsoe.es\/cobena\/#organization\"},\"potentialAction\":[{\"@type\":\"SearchAction\",\"target\":{\"@type\":\"EntryPoint\",\"urlTemplate\":\"https:\/\/agrupacionespsoe.es\/cobena\/?s={search_term_string}\"},\"query-input\":{\"@type\":\"PropertyValueSpecification\",\"valueRequired\":true,\"valueName\":\"search_term_string\"}}],\"inLanguage\":\"es\"},{\"@type\":\"Organization\",\"@id\":\"https:\/\/agrupacionespsoe.es\/cobena\/#organization\",\"name\":\"Agrupaci\u00f3n Socialista de Cobe\u00f1a\",\"url\":\"https:\/\/agrupacionespsoe.es\/cobena\/\",\"logo\":{\"@type\":\"ImageObject\",\"inLanguage\":\"es\",\"@id\":\"https:\/\/agrupacionespsoe.es\/cobena\/#\/schema\/logo\/image\/\",\"url\":\"https:\/\/agrupacionespsoe.es\/wp-content\/uploads\/2022\/07\/Logotipo_electoral_del_PSOE.png\",\"contentUrl\":\"https:\/\/agrupacionespsoe.es\/wp-content\/uploads\/2022\/07\/Logotipo_electoral_del_PSOE.png\",\"width\":422,\"height\":422,\"caption\":\"Agrupaci\u00f3n Socialista de Cobe\u00f1a\"},\"image\":{\"@id\":\"https:\/\/agrupacionespsoe.es\/cobena\/#\/schema\/logo\/image\/\"}}]}<\/script>\n<!-- \/ Yoast SEO plugin. -->","yoast_head_json":{"title":"medio-ambiente - Agrupaci\u00f3n Socialista de Cobe\u00f1a","robots":{"index":"index","follow":"follow","max-snippet":"max-snippet:-1","max-image-preview":"max-image-preview:large","max-video-preview":"max-video-preview:-1"},"canonical":"https:\/\/agrupacionespsoe.es\/cobena\/medio-ambiente\/","og_locale":"es_ES","og_type":"article","og_title":"medio-ambiente - Agrupaci\u00f3n Socialista de Cobe\u00f1a","og_description":"MEDIOAMBIENTE: POR UNA COBE\u00d1A VERDE Y SOSTENIBLE UNA DEHESA LIBRE DE ARMAS DE FUEGO, limitaremos la caza en el entorno de La Dehesa a las modalidades exentas de armas de fuego. UNA DEHESA CON MANTENIMIENTO Y PODA ANUAL DE LA MASA ARB\u00d3REA. LOS \u00c1RBOLES SALVAN VIDAS, un estudio reciente del\u00a0Instituto de Salud Global de Barcelona\u00a0(ISGlobal) ...","og_url":"https:\/\/agrupacionespsoe.es\/cobena\/medio-ambiente\/","og_site_name":"Agrupaci\u00f3n Socialista de Cobe\u00f1a","article_modified_time":"2023-05-13T08:52:32+00:00","og_image":[{"url":"https:\/\/agrupacionespsoe.es\/cobena\/wp-content\/uploads\/sites\/91\/2023\/02\/eco-2-1024x576.jpg","type":"","width":"","height":""}],"twitter_card":"summary_large_image","twitter_misc":{"Tiempo de lectura":"2 minutos"},"schema":{"@context":"https:\/\/schema.org","@graph":[{"@type":"WebPage","@id":"https:\/\/agrupacionespsoe.es\/cobena\/medio-ambiente\/","url":"https:\/\/agrupacionespsoe.es\/cobena\/medio-ambiente\/","name":"medio-ambiente - Agrupaci\u00f3n Socialista de Cobe\u00f1a","isPartOf":{"@id":"https:\/\/agrupacionespsoe.es\/cobena\/#website"},"primaryImageOfPage":{"@id":"https:\/\/agrupacionespsoe.es\/cobena\/medio-ambiente\/#primaryimage"},"image":{"@id":"https:\/\/agrupacionespsoe.es\/cobena\/medio-ambiente\/#primaryimage"},"thumbnailUrl":"https:\/\/agrupacionespsoe.es\/cobena\/wp-content\/uploads\/sites\/91\/2023\/02\/eco-2-1024x576.jpg","datePublished":"2023-05-03T16:28:57+00:00","dateModified":"2023-05-13T08:52:32+00:00","breadcrumb":{"@id":"https:\/\/agrupacionespsoe.es\/cobena\/medio-ambiente\/#breadcrumb"},"inLanguage":"es","potentialAction":[{"@type":"ReadAction","target":["https:\/\/agrupacionespsoe.es\/cobena\/medio-ambiente\/"]}]},{"@type":"ImageObject","inLanguage":"es","@id":"https:\/\/agrupacionespsoe.es\/cobena\/medio-ambiente\/#primaryimage","url":"https:\/\/agrupacionespsoe.es\/cobena\/wp-content\/uploads\/sites\/91\/2023\/02\/eco-2.jpg","contentUrl":"https:\/\/agrupacionespsoe.es\/cobena\/wp-content\/uploads\/sites\/91\/2023\/02\/eco-2.jpg","width":2000,"height":1125},{"@type":"BreadcrumbList","@id":"https:\/\/agrupacionespsoe.es\/cobena\/medio-ambiente\/#breadcrumb","itemListElement":[{"@type":"ListItem","position":1,"name":"Portada","item":"https:\/\/agrupacionespsoe.es\/cobena\/"},{"@type":"ListItem","position":2,"name":"medio-ambiente"}]},{"@type":"WebSite","@id":"https:\/\/agrupacionespsoe.es\/cobena\/#website","url":"https:\/\/agrupacionespsoe.es\/cobena\/","name":"Agrupaci\u00f3n Socialista de Cobe\u00f1a","description":"Agrupaci\u00f3n Socialista de Cobe\u00f1a","publisher":{"@id":"https:\/\/agrupacionespsoe.es\/cobena\/#organization"},"potentialAction":[{"@type":"SearchAction","target":{"@type":"EntryPoint","urlTemplate":"https:\/\/agrupacionespsoe.es\/cobena\/?s={search_term_string}"},"query-input":{"@type":"PropertyValueSpecification","valueRequired":true,"valueName":"search_term_string"}}],"inLanguage":"es"},{"@type":"Organization","@id":"https:\/\/agrupacionespsoe.es\/cobena\/#organization","name":"Agrupaci\u00f3n Socialista de Cobe\u00f1a","url":"https:\/\/agrupacionespsoe.es\/cobena\/","logo":{"@type":"ImageObject","inLanguage":"es","@id":"https:\/\/agrupacionespsoe.es\/cobena\/#\/schema\/logo\/image\/","url":"https:\/\/agrupacionespsoe.es\/wp-content\/uploads\/2022\/07\/Logotipo_electoral_del_PSOE.png","contentUrl":"https:\/\/agrupacionespsoe.es\/wp-content\/uploads\/2022\/07\/Logotipo_electoral_del_PSOE.png","width":422,"height":422,"caption":"Agrupaci\u00f3n Socialista de Cobe\u00f1a"},"image":{"@id":"https:\/\/agrupacionespsoe.es\/cobena\/#\/schema\/logo\/image\/"}}]}},"jetpack_sharing_enabled":true,"_links":{"self":[{"href":"https:\/\/agrupacionespsoe.es\/cobena\/wp-json\/wp\/v2\/pages\/349","targetHints":{"allow":["GET"]}}],"collection":[{"href":"https:\/\/agrupacionespsoe.es\/cobena\/wp-json\/wp\/v2\/pages"}],"about":[{"href":"https:\/\/agrupacionespsoe.es\/cobena\/wp-json\/wp\/v2\/types\/page"}],"author":[{"embeddable":true,"href":"https:\/\/agrupacionespsoe.es\/cobena\/wp-json\/wp\/v2\/users\/138"}],"replies":[{"embeddable":true,"href":"https:\/\/agrupacionespsoe.es\/cobena\/wp-json\/wp\/v2\/comments?post=349"}],"version-history":[{"count":4,"href":"https:\/\/agrupacionespsoe.es\/cobena\/wp-json\/wp\/v2\/pages\/349\/revisions"}],"predecessor-version":[{"id":413,"href":"https:\/\/agrupacionespsoe.es\/cobena\/wp-json\/wp\/v2\/pages\/349\/revisions\/413"}],"wp:attachment":[{"href":"https:\/\/agrupacionespsoe.es\/cobena\/wp-json\/wp\/v2\/media?parent=349"}],"curies":[{"name":"wp","href":"https:\/\/api.w.org\/{rel}","templated":true}]}}