{"id":341,"date":"2023-05-03T16:18:11","date_gmt":"2023-05-03T16:18:11","guid":{"rendered":"https:\/\/agrupacionespsoe.es\/cobena\/?page_id=341"},"modified":"2023-05-13T08:46:29","modified_gmt":"2023-05-13T08:46:29","slug":"obras","status":"publish","type":"page","link":"https:\/\/agrupacionespsoe.es\/cobena\/obras\/","title":{"rendered":"obras"},"content":{"rendered":"\n<p class=\"has-text-align-center has-primary-color has-text-color has-medium-font-size\"><strong>OBRAS E INFRAESTRUCTURAS<\/strong><\/p>\n\n\n\n<div class=\"wp-block-media-text alignwide has-media-on-the-right is-stacked-on-mobile\" style=\"grid-template-columns:auto 40%\"><div class=\"wp-block-media-text__content\">\n<p><strong>REMODELACI\u00d3N DE LA PLAZA:<\/strong> durante varios mandatos, el PP de Cobe\u00f1a ha prometido la remodelaci\u00f3n de la Plaza. De hecho, viene significando una partida presupuestaria simb\u00f3lica en cada ejercicio de 70.000 euros para tal fin, pero, a\u00f1o tras a\u00f1o, esa partida no se ejecuta y la Plaza se va deteriorando cada vez m\u00e1s, llegando a causar accidentes a alg\u00fan vecino.<\/p>\n\n\n\n<p>La Plaza necesita una intervenci\u00f3n de acuerdo con la propia entidad del lugar, instalando un pavimento de granito, como se viene haciendo en las localidades vecinas.<\/p>\n\n\n\n<p><strong>INTERVENCI\u00d3N EN LA TRASERA DE LA IGLESIA PARA SALVAGUARDAR EL MURO Y RETIRAR LOS CONTRAFUERTES:<\/strong> hace a\u00f1os que el obispado instal\u00f3 los contrafuertes como media de sujeci\u00f3n del muro, e inst\u00f3 al ayuntamiento a que interviniera en la planta de la trasera de la Iglesia.<\/p>\n\n\n\n<p>Nada se ha hecho, y cada d\u00eda que pasa, incluso con la sujeci\u00f3n de los poco est\u00e9ticos contrafuertes, el muro amenaza con desplomarse. Es una intervenci\u00f3n urgente y prioritaria.<\/p>\n\n\n\n<p><strong>CLIMATIZACI\u00d3N DE TODOS LOS CENTROS ESCOLARES DE MANTENIMIENTO MUNICIPAL<\/strong>.<\/p>\n\n\n\n<p><strong>CONSTRUIREMOS UN VERDADERO EDIFICIO QUE ALBERGUE LA ESCUELA MUNICIPAL DE M\u00daSICA:<\/strong> en Cobe\u00f1a contamos con un n\u00famero muy significativos de alumnos, por encima de 200 inscritos. El nuevo edificio de dos plantas se instalar\u00e1 en la parcela municipal sita entre avd. Barranco del Agua y R\u00edo Pisuerga.<\/p>\n<\/div><figure class=\"wp-block-media-text__media\"><img loading=\"lazy\" decoding=\"async\" width=\"1024\" height=\"576\" src=\"https:\/\/agrupacionespsoe.es\/cobena\/wp-content\/uploads\/sites\/91\/2023\/02\/industria-3-1024x576.jpg\" alt=\"\" class=\"wp-image-109 size-full\" srcset=\"https:\/\/agrupacionespsoe.es\/cobena\/wp-content\/uploads\/sites\/91\/2023\/02\/industria-3-1024x576.jpg 1024w, https:\/\/agrupacionespsoe.es\/cobena\/wp-content\/uploads\/sites\/91\/2023\/02\/industria-3-300x169.jpg 300w, https:\/\/agrupacionespsoe.es\/cobena\/wp-content\/uploads\/sites\/91\/2023\/02\/industria-3-768x432.jpg 768w, https:\/\/agrupacionespsoe.es\/cobena\/wp-content\/uploads\/sites\/91\/2023\/02\/industria-3-1536x864.jpg 1536w, https:\/\/agrupacionespsoe.es\/cobena\/wp-content\/uploads\/sites\/91\/2023\/02\/industria-3.jpg 2000w\" sizes=\"auto, (max-width: 1024px) 100vw, 1024px\" \/><\/figure><\/div>\n\n\n\n<div class=\"wp-block-media-text alignwide is-stacked-on-mobile\" style=\"grid-template-columns:40% auto\"><figure class=\"wp-block-media-text__media\"><img loading=\"lazy\" decoding=\"async\" width=\"1024\" height=\"576\" src=\"https:\/\/agrupacionespsoe.es\/cobena\/wp-content\/uploads\/sites\/91\/2023\/02\/industria-1-1024x576.jpg\" alt=\"\" class=\"wp-image-108 size-full\" srcset=\"https:\/\/agrupacionespsoe.es\/cobena\/wp-content\/uploads\/sites\/91\/2023\/02\/industria-1-1024x576.jpg 1024w, https:\/\/agrupacionespsoe.es\/cobena\/wp-content\/uploads\/sites\/91\/2023\/02\/industria-1-300x169.jpg 300w, https:\/\/agrupacionespsoe.es\/cobena\/wp-content\/uploads\/sites\/91\/2023\/02\/industria-1-768x432.jpg 768w, https:\/\/agrupacionespsoe.es\/cobena\/wp-content\/uploads\/sites\/91\/2023\/02\/industria-1-1536x864.jpg 1536w, https:\/\/agrupacionespsoe.es\/cobena\/wp-content\/uploads\/sites\/91\/2023\/02\/industria-1.jpg 2000w\" sizes=\"auto, (max-width: 1024px) 100vw, 1024px\" \/><\/figure><div class=\"wp-block-media-text__content\">\n<p><strong>TRAVES\u00cdA ALCAL\u00c1-TORRELAGUNA:<\/strong> despu\u00e9s de 13 a\u00f1os de la entrada en servicio de esta principal v\u00eda de nuestro pueblo, se hace necesaria una rehabilitaci\u00f3n del asfaltado y la instalaci\u00f3n de medidas electr\u00f3nicas destinadas a reducir el exceso de velocidad.<\/p>\n\n\n\n<p><strong>ASFALTADO Y ACERAS DEL BARRIO ERAS ALTAS Y CALLES DEL CASCO ANTIGUO QUE LO PRECISEN.<\/strong><\/p>\n\n\n\n<p><strong>APERTURA DE LA CALLE CARRABELVIS:<\/strong> es inconcebible que este vial del municipio permanezca cerrado al tr\u00e1fico, m\u00e1s a\u00fan cuando se le ha preguntado al sr. alcalde sobre ello y no ha dado ninguna explicaci\u00f3n de por qu\u00e9 est\u00e1 cerrada esta calle. Este empe\u00f1o en mantenerla cerrada no es gratuito, ya que aumenta el tr\u00e1fico de otras calles paralelas, como Mercado o Libertad.<\/p>\n\n\n\n<p><strong>ACOMETEREMOS LA URBANIZACI\u00d3N DE LA C\/ AJALVIR HASTA LA ROTONDA DE LA M-114<\/strong>, lo que proporcionar\u00e1 una nueva entrada\/salida del municipio, descargando el paso de veh\u00edculos por las adyacentes.<\/p>\n\n\n\n<p><strong>ACONDICIONAMIENTO DE LA PARCELA MUNICIPAL SITA EN AVD. BARRANCO DEL AGUA Y LAS CALLES R\u00cdO GUADALQUIVIR Y R\u00cdO PISUERGA<\/strong>, con la construcci\u00f3n de una pista de patinaje, un parque canino con elementos de juego para nuestras mascotas, y dotarla de una considerable masa forestal.<\/p>\n\n\n\n<p><strong>REACONDICIONAREMOS LA ZONA DE JUEGOS DE NUEVO COBE\u00d1A DE LA CALLE CRUZ DE PIEDRA<\/strong>, instalando nuevos y mejores juegos infantiles para sustituir a los actuales.<\/p>\n<\/div><\/div>\n\n\n\n<div class=\"wp-block-media-text alignwide has-media-on-the-right is-stacked-on-mobile\" style=\"grid-template-columns:auto 40%\"><div class=\"wp-block-media-text__content\">\n<p><strong>ACONDICIONAMIENTO DEL TALUD EN C\/ CRUZ DE PIEDRA<\/strong>, con la plantaci\u00f3n de \u00e1rboles.<\/p>\n\n\n\n<p><strong>ACONDICIONAMIENTO DE LA MEDIA ROTONDA EN C\/ VICENTE ALEIXANDRE DE NUEVO COBE\u00d1A<\/strong>.<\/p>\n\n\n\n<p><strong>CONSTRUCCI\u00d3N DE UN EDIFICIO DE LUDOTECA EN C\/ VICENTE ALEIXANDRE<\/strong>.<\/p>\n\n\n\n<p><strong>AMPLIACI\u00d3N INTEGRAL DEL CEMENTERIO Y CONSTRUCCI\u00d3N DE UN TANATORIO ANEXO CON DOS SALAS<\/strong>, ha llegado el momento de afrontar una verdadera ampliaci\u00f3n integral del cementerio, terminando con las peque\u00f1as actuaciones puntuales. Adem\u00e1s, se dispondr\u00e1 de un tanatorio con dos salas anexo al recinto del cementerio.<\/p>\n\n\n\n<p><strong>ESTUDIAREMOS LA POSIBILIDAD DE INSTALAR UNA ROTONDA EN EL CRUCE DE TRV ALCAL\u00c1-TORRELAGUNA\/OLIVO, CAMINO DE LA DEHESA<\/strong>, eliminando los sem\u00e1foros actuales. Puede ser una intervenci\u00f3n complicada y hay que estudiarla con mucha atenci\u00f3n, pero entra dentro de las posibilidades eliminar los sem\u00e1foros actuales, y el mantenimiento que conllevan.<\/p>\n\n\n\n<p><strong>RESCINDIREMOS EL CONTRATO DE FUNCIONARIO INTERINO DEL ARQUITECTO MUNICIPAL Y SE CUBRIR\u00c1 LA PLAZA POR CONVOCATORIA DE OFERTA P\u00daBLICA DE EMPLEO.<\/strong><\/p>\n<\/div><figure class=\"wp-block-media-text__media\"><img loading=\"lazy\" decoding=\"async\" width=\"1024\" height=\"576\" src=\"https:\/\/agrupacionespsoe.es\/cobena\/wp-content\/uploads\/sites\/91\/2023\/02\/industria-2-1024x576.jpg\" alt=\"\" class=\"wp-image-110 size-full\" srcset=\"https:\/\/agrupacionespsoe.es\/cobena\/wp-content\/uploads\/sites\/91\/2023\/02\/industria-2-1024x576.jpg 1024w, https:\/\/agrupacionespsoe.es\/cobena\/wp-content\/uploads\/sites\/91\/2023\/02\/industria-2-300x169.jpg 300w, https:\/\/agrupacionespsoe.es\/cobena\/wp-content\/uploads\/sites\/91\/2023\/02\/industria-2-768x432.jpg 768w, https:\/\/agrupacionespsoe.es\/cobena\/wp-content\/uploads\/sites\/91\/2023\/02\/industria-2-1536x864.jpg 1536w, https:\/\/agrupacionespsoe.es\/cobena\/wp-content\/uploads\/sites\/91\/2023\/02\/industria-2.jpg 2000w\" sizes=\"auto, (max-width: 1024px) 100vw, 1024px\" \/><\/figure><\/div>\n\n\n\n<p class=\"has-text-align-center has-primary-color has-white-background-color has-text-color has-background\"><strong><a href=\"https:\/\/agrupacionespsoe.es\/cobena\/2023-2027\/\">VOLVER<\/a><\/strong><\/p>\n","protected":false},"excerpt":{"rendered":"<p>OBRAS E INFRAESTRUCTURAS REMODELACI\u00d3N DE LA PLAZA: durante varios mandatos, el PP de Cobe\u00f1a ha prometido la remodelaci\u00f3n de la Plaza. De hecho, viene significando una partida presupuestaria simb\u00f3lica en cada ejercicio de 70.000 euros para tal fin, pero, a\u00f1o tras a\u00f1o, esa partida no se ejecuta y la Plaza se va deteriorando cada vez &#8230;<\/p>\n","protected":false},"author":138,"featured_media":0,"parent":0,"menu_order":0,"comment_status":"closed","ping_status":"closed","template":"","meta":{"footnotes":""},"class_list":["post-341","page","type-page","status-publish","hentry"],"yoast_head":"<!-- This site is optimized with the Yoast SEO plugin v24.0 - https:\/\/yoast.com\/wordpress\/plugins\/seo\/ -->\n<title>obras - Agrupaci\u00f3n Socialista de Cobe\u00f1a<\/title>\n<meta name=\"robots\" content=\"index, follow, max-snippet:-1, max-image-preview:large, max-video-preview:-1\" \/>\n<link rel=\"canonical\" href=\"https:\/\/agrupacionespsoe.es\/cobena\/obras\/\" \/>\n<meta property=\"og:locale\" content=\"es_ES\" \/>\n<meta property=\"og:type\" content=\"article\" \/>\n<meta property=\"og:title\" content=\"obras - Agrupaci\u00f3n Socialista de Cobe\u00f1a\" \/>\n<meta property=\"og:description\" content=\"OBRAS E INFRAESTRUCTURAS REMODELACI\u00d3N DE LA PLAZA: durante varios mandatos, el PP de Cobe\u00f1a ha prometido la remodelaci\u00f3n de la Plaza. De hecho, viene significando una partida presupuestaria simb\u00f3lica en cada ejercicio de 70.000 euros para tal fin, pero, a\u00f1o tras a\u00f1o, esa partida no se ejecuta y la Plaza se va deteriorando cada vez ...\" \/>\n<meta property=\"og:url\" content=\"https:\/\/agrupacionespsoe.es\/cobena\/obras\/\" \/>\n<meta property=\"og:site_name\" content=\"Agrupaci\u00f3n Socialista de Cobe\u00f1a\" \/>\n<meta property=\"article:modified_time\" content=\"2023-05-13T08:46:29+00:00\" \/>\n<meta property=\"og:image\" content=\"https:\/\/agrupacionespsoe.es\/cobena\/wp-content\/uploads\/sites\/91\/2023\/02\/industria-3-1024x576.jpg\" \/>\n<meta name=\"twitter:card\" content=\"summary_large_image\" \/>\n<meta name=\"twitter:label1\" content=\"Tiempo de lectura\" \/>\n\t<meta name=\"twitter:data1\" content=\"4 minutos\" \/>\n<script type=\"application\/ld+json\" class=\"yoast-schema-graph\">{\"@context\":\"https:\/\/schema.org\",\"@graph\":[{\"@type\":\"WebPage\",\"@id\":\"https:\/\/agrupacionespsoe.es\/cobena\/obras\/\",\"url\":\"https:\/\/agrupacionespsoe.es\/cobena\/obras\/\",\"name\":\"obras - Agrupaci\u00f3n Socialista de Cobe\u00f1a\",\"isPartOf\":{\"@id\":\"https:\/\/agrupacionespsoe.es\/cobena\/#website\"},\"primaryImageOfPage\":{\"@id\":\"https:\/\/agrupacionespsoe.es\/cobena\/obras\/#primaryimage\"},\"image\":{\"@id\":\"https:\/\/agrupacionespsoe.es\/cobena\/obras\/#primaryimage\"},\"thumbnailUrl\":\"https:\/\/agrupacionespsoe.es\/cobena\/wp-content\/uploads\/sites\/91\/2023\/02\/industria-3-1024x576.jpg\",\"datePublished\":\"2023-05-03T16:18:11+00:00\",\"dateModified\":\"2023-05-13T08:46:29+00:00\",\"breadcrumb\":{\"@id\":\"https:\/\/agrupacionespsoe.es\/cobena\/obras\/#breadcrumb\"},\"inLanguage\":\"es\",\"potentialAction\":[{\"@type\":\"ReadAction\",\"target\":[\"https:\/\/agrupacionespsoe.es\/cobena\/obras\/\"]}]},{\"@type\":\"ImageObject\",\"inLanguage\":\"es\",\"@id\":\"https:\/\/agrupacionespsoe.es\/cobena\/obras\/#primaryimage\",\"url\":\"https:\/\/agrupacionespsoe.es\/cobena\/wp-content\/uploads\/sites\/91\/2023\/02\/industria-3.jpg\",\"contentUrl\":\"https:\/\/agrupacionespsoe.es\/cobena\/wp-content\/uploads\/sites\/91\/2023\/02\/industria-3.jpg\",\"width\":2000,\"height\":1125},{\"@type\":\"BreadcrumbList\",\"@id\":\"https:\/\/agrupacionespsoe.es\/cobena\/obras\/#breadcrumb\",\"itemListElement\":[{\"@type\":\"ListItem\",\"position\":1,\"name\":\"Portada\",\"item\":\"https:\/\/agrupacionespsoe.es\/cobena\/\"},{\"@type\":\"ListItem\",\"position\":2,\"name\":\"obras\"}]},{\"@type\":\"WebSite\",\"@id\":\"https:\/\/agrupacionespsoe.es\/cobena\/#website\",\"url\":\"https:\/\/agrupacionespsoe.es\/cobena\/\",\"name\":\"Agrupaci\u00f3n Socialista de Cobe\u00f1a\",\"description\":\"Agrupaci\u00f3n Socialista de Cobe\u00f1a\",\"publisher\":{\"@id\":\"https:\/\/agrupacionespsoe.es\/cobena\/#organization\"},\"potentialAction\":[{\"@type\":\"SearchAction\",\"target\":{\"@type\":\"EntryPoint\",\"urlTemplate\":\"https:\/\/agrupacionespsoe.es\/cobena\/?s={search_term_string}\"},\"query-input\":{\"@type\":\"PropertyValueSpecification\",\"valueRequired\":true,\"valueName\":\"search_term_string\"}}],\"inLanguage\":\"es\"},{\"@type\":\"Organization\",\"@id\":\"https:\/\/agrupacionespsoe.es\/cobena\/#organization\",\"name\":\"Agrupaci\u00f3n Socialista de Cobe\u00f1a\",\"url\":\"https:\/\/agrupacionespsoe.es\/cobena\/\",\"logo\":{\"@type\":\"ImageObject\",\"inLanguage\":\"es\",\"@id\":\"https:\/\/agrupacionespsoe.es\/cobena\/#\/schema\/logo\/image\/\",\"url\":\"https:\/\/agrupacionespsoe.es\/wp-content\/uploads\/2022\/07\/Logotipo_electoral_del_PSOE.png\",\"contentUrl\":\"https:\/\/agrupacionespsoe.es\/wp-content\/uploads\/2022\/07\/Logotipo_electoral_del_PSOE.png\",\"width\":422,\"height\":422,\"caption\":\"Agrupaci\u00f3n Socialista de Cobe\u00f1a\"},\"image\":{\"@id\":\"https:\/\/agrupacionespsoe.es\/cobena\/#\/schema\/logo\/image\/\"}}]}<\/script>\n<!-- \/ Yoast SEO plugin. -->","yoast_head_json":{"title":"obras - Agrupaci\u00f3n Socialista de Cobe\u00f1a","robots":{"index":"index","follow":"follow","max-snippet":"max-snippet:-1","max-image-preview":"max-image-preview:large","max-video-preview":"max-video-preview:-1"},"canonical":"https:\/\/agrupacionespsoe.es\/cobena\/obras\/","og_locale":"es_ES","og_type":"article","og_title":"obras - Agrupaci\u00f3n Socialista de Cobe\u00f1a","og_description":"OBRAS E INFRAESTRUCTURAS REMODELACI\u00d3N DE LA PLAZA: durante varios mandatos, el PP de Cobe\u00f1a ha prometido la remodelaci\u00f3n de la Plaza. De hecho, viene significando una partida presupuestaria simb\u00f3lica en cada ejercicio de 70.000 euros para tal fin, pero, a\u00f1o tras a\u00f1o, esa partida no se ejecuta y la Plaza se va deteriorando cada vez ...","og_url":"https:\/\/agrupacionespsoe.es\/cobena\/obras\/","og_site_name":"Agrupaci\u00f3n Socialista de Cobe\u00f1a","article_modified_time":"2023-05-13T08:46:29+00:00","og_image":[{"url":"https:\/\/agrupacionespsoe.es\/cobena\/wp-content\/uploads\/sites\/91\/2023\/02\/industria-3-1024x576.jpg","type":"","width":"","height":""}],"twitter_card":"summary_large_image","twitter_misc":{"Tiempo de lectura":"4 minutos"},"schema":{"@context":"https:\/\/schema.org","@graph":[{"@type":"WebPage","@id":"https:\/\/agrupacionespsoe.es\/cobena\/obras\/","url":"https:\/\/agrupacionespsoe.es\/cobena\/obras\/","name":"obras - Agrupaci\u00f3n Socialista de Cobe\u00f1a","isPartOf":{"@id":"https:\/\/agrupacionespsoe.es\/cobena\/#website"},"primaryImageOfPage":{"@id":"https:\/\/agrupacionespsoe.es\/cobena\/obras\/#primaryimage"},"image":{"@id":"https:\/\/agrupacionespsoe.es\/cobena\/obras\/#primaryimage"},"thumbnailUrl":"https:\/\/agrupacionespsoe.es\/cobena\/wp-content\/uploads\/sites\/91\/2023\/02\/industria-3-1024x576.jpg","datePublished":"2023-05-03T16:18:11+00:00","dateModified":"2023-05-13T08:46:29+00:00","breadcrumb":{"@id":"https:\/\/agrupacionespsoe.es\/cobena\/obras\/#breadcrumb"},"inLanguage":"es","potentialAction":[{"@type":"ReadAction","target":["https:\/\/agrupacionespsoe.es\/cobena\/obras\/"]}]},{"@type":"ImageObject","inLanguage":"es","@id":"https:\/\/agrupacionespsoe.es\/cobena\/obras\/#primaryimage","url":"https:\/\/agrupacionespsoe.es\/cobena\/wp-content\/uploads\/sites\/91\/2023\/02\/industria-3.jpg","contentUrl":"https:\/\/agrupacionespsoe.es\/cobena\/wp-content\/uploads\/sites\/91\/2023\/02\/industria-3.jpg","width":2000,"height":1125},{"@type":"BreadcrumbList","@id":"https:\/\/agrupacionespsoe.es\/cobena\/obras\/#breadcrumb","itemListElement":[{"@type":"ListItem","position":1,"name":"Portada","item":"https:\/\/agrupacionespsoe.es\/cobena\/"},{"@type":"ListItem","position":2,"name":"obras"}]},{"@type":"WebSite","@id":"https:\/\/agrupacionespsoe.es\/cobena\/#website","url":"https:\/\/agrupacionespsoe.es\/cobena\/","name":"Agrupaci\u00f3n Socialista de Cobe\u00f1a","description":"Agrupaci\u00f3n Socialista de Cobe\u00f1a","publisher":{"@id":"https:\/\/agrupacionespsoe.es\/cobena\/#organization"},"potentialAction":[{"@type":"SearchAction","target":{"@type":"EntryPoint","urlTemplate":"https:\/\/agrupacionespsoe.es\/cobena\/?s={search_term_string}"},"query-input":{"@type":"PropertyValueSpecification","valueRequired":true,"valueName":"search_term_string"}}],"inLanguage":"es"},{"@type":"Organization","@id":"https:\/\/agrupacionespsoe.es\/cobena\/#organization","name":"Agrupaci\u00f3n Socialista de Cobe\u00f1a","url":"https:\/\/agrupacionespsoe.es\/cobena\/","logo":{"@type":"ImageObject","inLanguage":"es","@id":"https:\/\/agrupacionespsoe.es\/cobena\/#\/schema\/logo\/image\/","url":"https:\/\/agrupacionespsoe.es\/wp-content\/uploads\/2022\/07\/Logotipo_electoral_del_PSOE.png","contentUrl":"https:\/\/agrupacionespsoe.es\/wp-content\/uploads\/2022\/07\/Logotipo_electoral_del_PSOE.png","width":422,"height":422,"caption":"Agrupaci\u00f3n Socialista de Cobe\u00f1a"},"image":{"@id":"https:\/\/agrupacionespsoe.es\/cobena\/#\/schema\/logo\/image\/"}}]}},"jetpack_sharing_enabled":true,"_links":{"self":[{"href":"https:\/\/agrupacionespsoe.es\/cobena\/wp-json\/wp\/v2\/pages\/341","targetHints":{"allow":["GET"]}}],"collection":[{"href":"https:\/\/agrupacionespsoe.es\/cobena\/wp-json\/wp\/v2\/pages"}],"about":[{"href":"https:\/\/agrupacionespsoe.es\/cobena\/wp-json\/wp\/v2\/types\/page"}],"author":[{"embeddable":true,"href":"https:\/\/agrupacionespsoe.es\/cobena\/wp-json\/wp\/v2\/users\/138"}],"replies":[{"embeddable":true,"href":"https:\/\/agrupacionespsoe.es\/cobena\/wp-json\/wp\/v2\/comments?post=341"}],"version-history":[{"count":5,"href":"https:\/\/agrupacionespsoe.es\/cobena\/wp-json\/wp\/v2\/pages\/341\/revisions"}],"predecessor-version":[{"id":410,"href":"https:\/\/agrupacionespsoe.es\/cobena\/wp-json\/wp\/v2\/pages\/341\/revisions\/410"}],"wp:attachment":[{"href":"https:\/\/agrupacionespsoe.es\/cobena\/wp-json\/wp\/v2\/media?parent=341"}],"curies":[{"name":"wp","href":"https:\/\/api.w.org\/{rel}","templated":true}]}}