{"id":329,"date":"2023-05-03T15:01:38","date_gmt":"2023-05-03T15:01:38","guid":{"rendered":"https:\/\/agrupacionespsoe.es\/cobena\/?page_id=329"},"modified":"2023-05-13T11:07:06","modified_gmt":"2023-05-13T11:07:06","slug":"2023-2027","status":"publish","type":"page","link":"https:\/\/agrupacionespsoe.es\/cobena\/2023-2027\/","title":{"rendered":"2023-2027"},"content":{"rendered":"\n<p><\/p>\n\n\n\n<p class=\"has-text-align-center has-primary-color has-text-color has-medium-font-size\"><strong>LO QUE SI PODEMOS HACER DESDE EL GOBIERNO MUNICIPAL EN LOS PR\u00d3XIMOS CUATRO A\u00d1OS<\/strong><\/p>\n\n\n\n<p class=\"has-text-align-center has-primary-color has-text-color has-medium-font-size\" style=\"font-style:normal;font-weight:700\"><strong>UN PROGRAMA DE GOBIERNO ABIERTO PARA MEJORAR LA VIDA DE LA GENTE<\/strong><\/p>\n\n\n<section class=\"py-4\">\n    <div class=\"md:flex md:flex-wrap md:gap-2\">\n\n                    \n                \n                <div class=\"h-[300px] 2xl:h-[400px] md:h-44 md:h-80 lg:h-60 my-2 lg:my-0 bg-cover bg-center flex flex-col justify-end items-start p-10 md:p-4 lg:p-5 hover:shadow-[inset_0_0_100px_100px_rgba(0,0,0,0.6)] transition-all\" style=\"background-image: url('https:\/\/agrupacionespsoe.es\/cobena\/wp-content\/uploads\/sites\/91\/2023\/02\/agrupaciones-sedes-4.jpg'); flex: 1 0 20%;\">\n                    \n                                            <a class=\"bg-primary !text-white hover:bg-white hover:!text-primary uppercase  px-4 lg:px-10 py-2 my-0 text-white font-bold text-sm\" href=\"https:\/\/agrupacionespsoe.es\/cobena\/participacion\" >PARTICIPACI\u00d3N CIUDADANA<\/a>\n                                    <\/div>\n            \n                \n                <div class=\"h-[300px] 2xl:h-[400px] md:h-44 md:h-80 lg:h-60 my-2 lg:my-0 bg-cover bg-center flex flex-col justify-end items-start p-10 md:p-4 lg:p-5 hover:shadow-[inset_0_0_100px_100px_rgba(0,0,0,0.6)] transition-all\" style=\"background-image: url('https:\/\/agrupacionespsoe.es\/cobena\/wp-content\/uploads\/sites\/91\/2023\/02\/industria-3.jpg'); flex: 1 0 20%;\">\n                    \n                                            <a class=\"bg-primary !text-white hover:bg-white hover:!text-primary uppercase  px-4 lg:px-10 py-2 my-0 text-white font-bold text-sm\" href=\"https:\/\/agrupacionespsoe.es\/cobena\/obras\" >OBRAS E INFRAESTRUCTURAS<\/a>\n                                    <\/div>\n            \n                \n                <div class=\"h-[300px] 2xl:h-[400px] md:h-44 md:h-80 lg:h-60 my-2 lg:my-0 bg-cover bg-center flex flex-col justify-end items-start p-10 md:p-4 lg:p-5 hover:shadow-[inset_0_0_100px_100px_rgba(0,0,0,0.6)] transition-all\" style=\"background-image: url('https:\/\/agrupacionespsoe.es\/cobena\/wp-content\/uploads\/sites\/91\/2023\/02\/eco-2.jpg'); flex: 1 0 20%;\">\n                    \n                                            <a class=\"bg-primary !text-white hover:bg-white hover:!text-primary uppercase  px-4 lg:px-10 py-2 my-0 text-white font-bold text-sm\" href=\"https:\/\/agrupacionespsoe.es\/cobena\/medio-ambiente\" >MEDIO AMBIENTE<\/a>\n                                    <\/div>\n            \n                \n                <div class=\"h-[300px] 2xl:h-[400px] md:h-44 md:h-80 lg:h-60 my-2 lg:my-0 bg-cover bg-center flex flex-col justify-end items-start p-10 md:p-4 lg:p-5 hover:shadow-[inset_0_0_100px_100px_rgba(0,0,0,0.6)] transition-all\" style=\"background-image: url('https:\/\/agrupacionespsoe.es\/cobena\/wp-content\/uploads\/sites\/91\/2023\/02\/vivienda-1.jpg'); flex: 1 0 20%;\">\n                    \n                                            <a class=\"bg-primary !text-white hover:bg-white hover:!text-primary uppercase  px-4 lg:px-10 py-2 my-0 text-white font-bold text-sm\" href=\"https:\/\/agrupacionespsoe.es\/cobena\/vivienda\" >VIVIENDA Y URBANISMO<\/a>\n                                    <\/div>\n                    \n    <\/div>\n<\/section>\n\n\n<section class=\"py-4\">\n    <div class=\"md:flex md:flex-wrap md:gap-2\">\n\n                    \n                \n                <div class=\"h-[300px] 2xl:h-[400px] md:h-44 md:h-80 lg:h-60 my-2 lg:my-0 bg-cover bg-center flex flex-col justify-end items-start p-10 md:p-4 lg:p-5 hover:shadow-[inset_0_0_100px_100px_rgba(0,0,0,0.6)] transition-all\" style=\"background-image: url('https:\/\/agrupacionespsoe.es\/cobena\/wp-content\/uploads\/sites\/91\/2023\/05\/DEPORTES.jpg'); flex: 1 0 20%;\">\n                    \n                                            <a class=\"bg-primary !text-white hover:bg-white hover:!text-primary uppercase  px-4 lg:px-10 py-2 my-0 text-white font-bold text-sm\" href=\"https:\/\/agrupacionespsoe.es\/cobena\/deportes\" >DEPORTES<\/a>\n                                    <\/div>\n            \n                \n                <div class=\"h-[300px] 2xl:h-[400px] md:h-44 md:h-80 lg:h-60 my-2 lg:my-0 bg-cover bg-center flex flex-col justify-end items-start p-10 md:p-4 lg:p-5 hover:shadow-[inset_0_0_100px_100px_rgba(0,0,0,0.6)] transition-all\" style=\"background-image: url('https:\/\/agrupacionespsoe.es\/cobena\/wp-content\/uploads\/sites\/91\/2023\/02\/mayores-3.jpg'); flex: 1 0 20%;\">\n                    \n                                            <a class=\"bg-primary !text-white hover:bg-white hover:!text-primary uppercase  px-4 lg:px-10 py-2 my-0 text-white font-bold text-sm\" href=\"https:\/\/agrupacionespsoe.es\/cobena\/tercera-edad\" >TERCERA EDAD<\/a>\n                                    <\/div>\n            \n                \n                <div class=\"h-[300px] 2xl:h-[400px] md:h-44 md:h-80 lg:h-60 my-2 lg:my-0 bg-cover bg-center flex flex-col justify-end items-start p-10 md:p-4 lg:p-5 hover:shadow-[inset_0_0_100px_100px_rgba(0,0,0,0.6)] transition-all\" style=\"background-image: url('https:\/\/agrupacionespsoe.es\/cobena\/wp-content\/uploads\/sites\/91\/2023\/02\/jovenes-1.jpg'); flex: 1 0 20%;\">\n                    \n                                            <a class=\"bg-primary !text-white hover:bg-white hover:!text-primary uppercase  px-4 lg:px-10 py-2 my-0 text-white font-bold text-sm\" href=\"https:\/\/agrupacionespsoe.es\/cobena\/juventud\" >JUVENTUD<\/a>\n                                    <\/div>\n            \n                \n                <div class=\"h-[300px] 2xl:h-[400px] md:h-44 md:h-80 lg:h-60 my-2 lg:my-0 bg-cover bg-center flex flex-col justify-end items-start p-10 md:p-4 lg:p-5 hover:shadow-[inset_0_0_100px_100px_rgba(0,0,0,0.6)] transition-all\" style=\"background-image: url('https:\/\/agrupacionespsoe.es\/cobena\/wp-content\/uploads\/sites\/91\/2023\/02\/infancia-1.jpg'); flex: 1 0 20%;\">\n                    \n                                            <a class=\"bg-primary !text-white hover:bg-white hover:!text-primary uppercase  px-4 lg:px-10 py-2 my-0 text-white font-bold text-sm\" href=\"https:\/\/agrupacionespsoe.es\/cobena\/infancia\" >INFANCIA<\/a>\n                                    <\/div>\n                    \n    <\/div>\n<\/section>\n\n\n<section class=\"py-4\">\n    <div class=\"md:flex md:flex-wrap md:gap-2\">\n\n                    \n                \n                <div class=\"h-[300px] 2xl:h-[400px] md:h-44 md:h-80 lg:h-60 my-2 lg:my-0 bg-cover bg-center flex flex-col justify-end items-start p-10 md:p-4 lg:p-5 hover:shadow-[inset_0_0_100px_100px_rgba(0,0,0,0.6)] transition-all\" style=\"background-image: url('https:\/\/agrupacionespsoe.es\/cobena\/wp-content\/uploads\/sites\/91\/2023\/02\/cultura-2.jpg'); flex: 1 0 20%;\">\n                    \n                                            <a class=\"bg-primary !text-white hover:bg-white hover:!text-primary uppercase  px-4 lg:px-10 py-2 my-0 text-white font-bold text-sm\" href=\"https:\/\/agrupacionespsoe.es\/cobena\/cultura\" >CULTURA<\/a>\n                                    <\/div>\n            \n                \n                <div class=\"h-[300px] 2xl:h-[400px] md:h-44 md:h-80 lg:h-60 my-2 lg:my-0 bg-cover bg-center flex flex-col justify-end items-start p-10 md:p-4 lg:p-5 hover:shadow-[inset_0_0_100px_100px_rgba(0,0,0,0.6)] transition-all\" style=\"background-image: url('https:\/\/agrupacionespsoe.es\/cobena\/wp-content\/uploads\/sites\/91\/2023\/02\/empleo-2.jpg'); flex: 1 0 20%;\">\n                    \n                                            <a class=\"bg-primary !text-white hover:bg-white hover:!text-primary uppercase  px-4 lg:px-10 py-2 my-0 text-white font-bold text-sm\" href=\"https:\/\/agrupacionespsoe.es\/cobena\/comercio\" >COMERCIO Y EMPLEO<\/a>\n                                    <\/div>\n            \n                \n                <div class=\"h-[300px] 2xl:h-[400px] md:h-44 md:h-80 lg:h-60 my-2 lg:my-0 bg-cover bg-center flex flex-col justify-end items-start p-10 md:p-4 lg:p-5 hover:shadow-[inset_0_0_100px_100px_rgba(0,0,0,0.6)] transition-all\" style=\"background-image: url('https:\/\/agrupacionespsoe.es\/cobena\/wp-content\/uploads\/sites\/91\/2023\/05\/POLICIA.jpg'); flex: 1 0 20%;\">\n                    \n                                            <a class=\"bg-primary !text-white hover:bg-white hover:!text-primary uppercase  px-4 lg:px-10 py-2 my-0 text-white font-bold text-sm\" href=\"https:\/\/agrupacionespsoe.es\/cobena\/seguridad\" >SEGURIDAD<\/a>\n                                    <\/div>\n                    \n    <\/div>\n<\/section>\n\n\n\n<p class=\"has-text-align-center has-primary-color has-white-background-color has-text-color has-background\"><strong><a href=\"https:\/\/agrupacionespsoe.es\/cobena\/presentacion\/\">VOLVER<\/a><\/strong><\/p>\n","protected":false},"excerpt":{"rendered":"<p>LO QUE SI PODEMOS HACER DESDE EL GOBIERNO MUNICIPAL EN LOS PR\u00d3XIMOS CUATRO A\u00d1OS UN PROGRAMA DE GOBIERNO ABIERTO PARA MEJORAR LA VIDA DE LA GENTE VOLVER<\/p>\n","protected":false},"author":138,"featured_media":0,"parent":0,"menu_order":0,"comment_status":"closed","ping_status":"closed","template":"","meta":{"footnotes":""},"class_list":["post-329","page","type-page","status-publish","hentry"],"yoast_head":"<!-- This site is optimized with the Yoast SEO plugin v24.0 - https:\/\/yoast.com\/wordpress\/plugins\/seo\/ -->\n<title>2023-2027 - Agrupaci\u00f3n Socialista de Cobe\u00f1a<\/title>\n<meta name=\"robots\" content=\"index, follow, max-snippet:-1, max-image-preview:large, max-video-preview:-1\" \/>\n<link rel=\"canonical\" href=\"https:\/\/agrupacionespsoe.es\/cobena\/2023-2027\/\" \/>\n<meta property=\"og:locale\" content=\"es_ES\" \/>\n<meta property=\"og:type\" content=\"article\" \/>\n<meta property=\"og:title\" content=\"2023-2027 - Agrupaci\u00f3n Socialista de Cobe\u00f1a\" \/>\n<meta property=\"og:description\" content=\"LO QUE SI PODEMOS HACER DESDE EL GOBIERNO MUNICIPAL EN LOS PR\u00d3XIMOS CUATRO A\u00d1OS UN PROGRAMA DE GOBIERNO ABIERTO PARA MEJORAR LA VIDA DE LA GENTE VOLVER\" \/>\n<meta property=\"og:url\" content=\"https:\/\/agrupacionespsoe.es\/cobena\/2023-2027\/\" \/>\n<meta property=\"og:site_name\" content=\"Agrupaci\u00f3n Socialista de Cobe\u00f1a\" \/>\n<meta property=\"article:modified_time\" content=\"2023-05-13T11:07:06+00:00\" \/>\n<meta name=\"twitter:card\" content=\"summary_large_image\" \/>\n<meta name=\"twitter:label1\" content=\"Tiempo de lectura\" \/>\n\t<meta name=\"twitter:data1\" content=\"1 minuto\" \/>\n<script type=\"application\/ld+json\" class=\"yoast-schema-graph\">{\"@context\":\"https:\/\/schema.org\",\"@graph\":[{\"@type\":\"WebPage\",\"@id\":\"https:\/\/agrupacionespsoe.es\/cobena\/2023-2027\/\",\"url\":\"https:\/\/agrupacionespsoe.es\/cobena\/2023-2027\/\",\"name\":\"2023-2027 - Agrupaci\u00f3n Socialista de Cobe\u00f1a\",\"isPartOf\":{\"@id\":\"https:\/\/agrupacionespsoe.es\/cobena\/#website\"},\"datePublished\":\"2023-05-03T15:01:38+00:00\",\"dateModified\":\"2023-05-13T11:07:06+00:00\",\"breadcrumb\":{\"@id\":\"https:\/\/agrupacionespsoe.es\/cobena\/2023-2027\/#breadcrumb\"},\"inLanguage\":\"es\",\"potentialAction\":[{\"@type\":\"ReadAction\",\"target\":[\"https:\/\/agrupacionespsoe.es\/cobena\/2023-2027\/\"]}]},{\"@type\":\"BreadcrumbList\",\"@id\":\"https:\/\/agrupacionespsoe.es\/cobena\/2023-2027\/#breadcrumb\",\"itemListElement\":[{\"@type\":\"ListItem\",\"position\":1,\"name\":\"Portada\",\"item\":\"https:\/\/agrupacionespsoe.es\/cobena\/\"},{\"@type\":\"ListItem\",\"position\":2,\"name\":\"2023-2027\"}]},{\"@type\":\"WebSite\",\"@id\":\"https:\/\/agrupacionespsoe.es\/cobena\/#website\",\"url\":\"https:\/\/agrupacionespsoe.es\/cobena\/\",\"name\":\"Agrupaci\u00f3n Socialista de Cobe\u00f1a\",\"description\":\"Agrupaci\u00f3n Socialista de Cobe\u00f1a\",\"publisher\":{\"@id\":\"https:\/\/agrupacionespsoe.es\/cobena\/#organization\"},\"potentialAction\":[{\"@type\":\"SearchAction\",\"target\":{\"@type\":\"EntryPoint\",\"urlTemplate\":\"https:\/\/agrupacionespsoe.es\/cobena\/?s={search_term_string}\"},\"query-input\":{\"@type\":\"PropertyValueSpecification\",\"valueRequired\":true,\"valueName\":\"search_term_string\"}}],\"inLanguage\":\"es\"},{\"@type\":\"Organization\",\"@id\":\"https:\/\/agrupacionespsoe.es\/cobena\/#organization\",\"name\":\"Agrupaci\u00f3n Socialista de Cobe\u00f1a\",\"url\":\"https:\/\/agrupacionespsoe.es\/cobena\/\",\"logo\":{\"@type\":\"ImageObject\",\"inLanguage\":\"es\",\"@id\":\"https:\/\/agrupacionespsoe.es\/cobena\/#\/schema\/logo\/image\/\",\"url\":\"https:\/\/agrupacionespsoe.es\/wp-content\/uploads\/2022\/07\/Logotipo_electoral_del_PSOE.png\",\"contentUrl\":\"https:\/\/agrupacionespsoe.es\/wp-content\/uploads\/2022\/07\/Logotipo_electoral_del_PSOE.png\",\"width\":422,\"height\":422,\"caption\":\"Agrupaci\u00f3n Socialista de Cobe\u00f1a\"},\"image\":{\"@id\":\"https:\/\/agrupacionespsoe.es\/cobena\/#\/schema\/logo\/image\/\"}}]}<\/script>\n<!-- \/ Yoast SEO plugin. -->","yoast_head_json":{"title":"2023-2027 - Agrupaci\u00f3n Socialista de Cobe\u00f1a","robots":{"index":"index","follow":"follow","max-snippet":"max-snippet:-1","max-image-preview":"max-image-preview:large","max-video-preview":"max-video-preview:-1"},"canonical":"https:\/\/agrupacionespsoe.es\/cobena\/2023-2027\/","og_locale":"es_ES","og_type":"article","og_title":"2023-2027 - Agrupaci\u00f3n Socialista de Cobe\u00f1a","og_description":"LO QUE SI PODEMOS HACER DESDE EL GOBIERNO MUNICIPAL EN LOS PR\u00d3XIMOS CUATRO A\u00d1OS UN PROGRAMA DE GOBIERNO ABIERTO PARA MEJORAR LA VIDA DE LA GENTE VOLVER","og_url":"https:\/\/agrupacionespsoe.es\/cobena\/2023-2027\/","og_site_name":"Agrupaci\u00f3n Socialista de Cobe\u00f1a","article_modified_time":"2023-05-13T11:07:06+00:00","twitter_card":"summary_large_image","twitter_misc":{"Tiempo de lectura":"1 minuto"},"schema":{"@context":"https:\/\/schema.org","@graph":[{"@type":"WebPage","@id":"https:\/\/agrupacionespsoe.es\/cobena\/2023-2027\/","url":"https:\/\/agrupacionespsoe.es\/cobena\/2023-2027\/","name":"2023-2027 - Agrupaci\u00f3n Socialista de Cobe\u00f1a","isPartOf":{"@id":"https:\/\/agrupacionespsoe.es\/cobena\/#website"},"datePublished":"2023-05-03T15:01:38+00:00","dateModified":"2023-05-13T11:07:06+00:00","breadcrumb":{"@id":"https:\/\/agrupacionespsoe.es\/cobena\/2023-2027\/#breadcrumb"},"inLanguage":"es","potentialAction":[{"@type":"ReadAction","target":["https:\/\/agrupacionespsoe.es\/cobena\/2023-2027\/"]}]},{"@type":"BreadcrumbList","@id":"https:\/\/agrupacionespsoe.es\/cobena\/2023-2027\/#breadcrumb","itemListElement":[{"@type":"ListItem","position":1,"name":"Portada","item":"https:\/\/agrupacionespsoe.es\/cobena\/"},{"@type":"ListItem","position":2,"name":"2023-2027"}]},{"@type":"WebSite","@id":"https:\/\/agrupacionespsoe.es\/cobena\/#website","url":"https:\/\/agrupacionespsoe.es\/cobena\/","name":"Agrupaci\u00f3n Socialista de Cobe\u00f1a","description":"Agrupaci\u00f3n Socialista de Cobe\u00f1a","publisher":{"@id":"https:\/\/agrupacionespsoe.es\/cobena\/#organization"},"potentialAction":[{"@type":"SearchAction","target":{"@type":"EntryPoint","urlTemplate":"https:\/\/agrupacionespsoe.es\/cobena\/?s={search_term_string}"},"query-input":{"@type":"PropertyValueSpecification","valueRequired":true,"valueName":"search_term_string"}}],"inLanguage":"es"},{"@type":"Organization","@id":"https:\/\/agrupacionespsoe.es\/cobena\/#organization","name":"Agrupaci\u00f3n Socialista de Cobe\u00f1a","url":"https:\/\/agrupacionespsoe.es\/cobena\/","logo":{"@type":"ImageObject","inLanguage":"es","@id":"https:\/\/agrupacionespsoe.es\/cobena\/#\/schema\/logo\/image\/","url":"https:\/\/agrupacionespsoe.es\/wp-content\/uploads\/2022\/07\/Logotipo_electoral_del_PSOE.png","contentUrl":"https:\/\/agrupacionespsoe.es\/wp-content\/uploads\/2022\/07\/Logotipo_electoral_del_PSOE.png","width":422,"height":422,"caption":"Agrupaci\u00f3n Socialista de Cobe\u00f1a"},"image":{"@id":"https:\/\/agrupacionespsoe.es\/cobena\/#\/schema\/logo\/image\/"}}]}},"jetpack_sharing_enabled":true,"_links":{"self":[{"href":"https:\/\/agrupacionespsoe.es\/cobena\/wp-json\/wp\/v2\/pages\/329","targetHints":{"allow":["GET"]}}],"collection":[{"href":"https:\/\/agrupacionespsoe.es\/cobena\/wp-json\/wp\/v2\/pages"}],"about":[{"href":"https:\/\/agrupacionespsoe.es\/cobena\/wp-json\/wp\/v2\/types\/page"}],"author":[{"embeddable":true,"href":"https:\/\/agrupacionespsoe.es\/cobena\/wp-json\/wp\/v2\/users\/138"}],"replies":[{"embeddable":true,"href":"https:\/\/agrupacionespsoe.es\/cobena\/wp-json\/wp\/v2\/comments?post=329"}],"version-history":[{"count":12,"href":"https:\/\/agrupacionespsoe.es\/cobena\/wp-json\/wp\/v2\/pages\/329\/revisions"}],"predecessor-version":[{"id":490,"href":"https:\/\/agrupacionespsoe.es\/cobena\/wp-json\/wp\/v2\/pages\/329\/revisions\/490"}],"wp:attachment":[{"href":"https:\/\/agrupacionespsoe.es\/cobena\/wp-json\/wp\/v2\/media?parent=329"}],"curies":[{"name":"wp","href":"https:\/\/api.w.org\/{rel}","templated":true}]}}