{"id":3,"date":"2022-10-13T09:42:26","date_gmt":"2022-10-13T09:42:26","guid":{"rendered":"https:\/\/agrupacionespsoe.es\/cobena\/nosotros\/"},"modified":"2023-05-13T10:19:28","modified_gmt":"2023-05-13T10:19:28","slug":"nosotros","status":"publish","type":"page","link":"https:\/\/agrupacionespsoe.es\/cobena\/nosotros\/","title":{"rendered":"nosotros"},"content":{"rendered":"<section class=\"relative md:py-[100px] 2xl:py-0 md:flex md:items-stretch md:min-h-[75vh] 2xl:min-h-[45vh] bg-primary\">\n    <div class=\"grow psoe-container 2xl:mx-0\">\n        <div class=\"md:flex gap-2 items-center 2xl:ml-[160px] h-full\">\n            <div class=\"p-6 md:p-4 lg:p-0 md:pr-10 lg:pr-10 mb-5 md:mb-0  text-white md:basis-1\/2 2xl:basis-3\/4\">\n                                    <p class=\"mb-5 text-white uppercase font-bold\">Agrupaci\u00f3n Socialista de cobe\u00f1a<\/p>\n                \n                \n                                    <div class=\"mb-5 !leading-normal\">\n                        <table style=\"height: 528px\" width=\"261\">\n<tbody>\n<tr>\n<td width=\"232\">\n<h2><strong>CANDIDATURA ELECCIONES MUNICIPALES<\/strong><\/h2>\n<\/td>\n<\/tr>\n<tr>\n<td>Juan Luis Fern\u00e1ndez P\u00e9rez<\/td>\n<\/tr>\n<tr>\n<td>Sonia Garc\u00e9s de Marcilla Val<\/td>\n<\/tr>\n<tr>\n<td>Pedro Arillo Valdivia<\/td>\n<\/tr>\n<tr>\n<td>Frantxa Arraiza Mart\u00ednez<\/td>\n<\/tr>\n<tr>\n<td>Jes\u00fas \u00c1ngel Rodr\u00edguez Calvo<\/td>\n<\/tr>\n<tr>\n<td>Laura Fern\u00e1ndez P\u00e9rez<\/td>\n<\/tr>\n<tr>\n<td>Francisco Jos\u00e9 Gala Olea<\/td>\n<\/tr>\n<tr>\n<td>Susana Fern\u00e1ndez del Valle<\/td>\n<\/tr>\n<tr>\n<td>Carlos Ignacio Rodr\u00edguez Sevillano<\/td>\n<\/tr>\n<tr>\n<td>Mar\u00eda Luisa Regidor Ar\u00e9valo<\/td>\n<\/tr>\n<tr>\n<td>Rafael G\u00f3mez Valero<\/td>\n<\/tr>\n<tr>\n<td>Mar\u00eda Eugenia Antol\u00edn Hierro<\/td>\n<\/tr>\n<tr>\n<td>\u00c1ngel Andr\u00e9s Gin\u00e9s Cantero<\/td>\n<\/tr>\n<tr>\n<td>Mar\u00eda Milagros Ruiz Mart\u00ednez<\/td>\n<\/tr>\n<\/tbody>\n<\/table>\n\n                    <\/div>\n                \n                            <\/div>\n                                                <img decoding=\"async\" loading=\"lazy\" src=\"https:\/\/agrupacionespsoe.es\/cobena\/wp-content\/uploads\/sites\/91\/2023\/04\/Foto_Lista_Cobena.jpg\" class=\"md:m-0 md:absolute md:left-[50%] md:top-0 md:bottom-0 md:right-0 2xl:static 2xl:left-auto md:!w-[50%] 2xl:!w-[700px] md:!h-full md:object-cover\" \/>\n                                    <\/div>\n    <\/div>\n<\/section>\n\n\n<section class=\"py-12\" x-data=\"organigramaSection(&#039;[{&quot;id&quot;:0,&quot;person_name&quot;:&quot;Juan Luis Fern\\u00e1ndez&quot;,&quot;person_image&quot;:&quot;https:\\\/\\\/agrupacionespsoe.es\\\/cobena\\\/wp-content\\\/uploads\\\/sites\\\/91\\\/2023\\\/04\\\/Foto_Candidato_Cobena.jpg&quot;,&quot;person_job&quot;:&quot;Secretario General&quot;,&quot;person_email&quot;:&quot;cobena.m@agrupaciones.psoe.es&quot;,&quot;person_facebook&quot;:&quot;https:\\\/\\\/www.facebook.com\\\/people\\\/Agrupaci%C3%B3n-Socialista-de-Cobe%C3%B1a\\\/100086900001671\\\/&quot;,&quot;person_twitter&quot;:&quot;https:\\\/\\\/twitter.com\\\/PSOEdeCobena&quot;},{&quot;id&quot;:1,&quot;person_name&quot;:&quot;Pedro Arillo&quot;,&quot;person_image&quot;:&quot;https:\\\/\\\/agrupacionespsoe.es\\\/cobena\\\/wp-content\\\/uploads\\\/sites\\\/91\\\/2023\\\/04\\\/Foto_Sec-Org_Cobena.jpg&quot;,&quot;person_job&quot;:&quot;Secretario de Organizaci\\u00f3n&quot;,&quot;person_email&quot;:false,&quot;person_facebook&quot;:false,&quot;person_twitter&quot;:false},{&quot;id&quot;:2,&quot;person_name&quot;:&quot;Mar\\u00eda Eugenia Antol\\u00edn&quot;,&quot;person_image&quot;:&quot;https:\\\/\\\/agrupacionespsoe.es\\\/cobena\\\/wp-content\\\/uploads\\\/sites\\\/91\\\/2023\\\/05\\\/Eugenia.jpg&quot;,&quot;person_job&quot;:&quot;Secretaria Administraci\\u00f3n&quot;,&quot;person_email&quot;:false,&quot;person_facebook&quot;:false,&quot;person_twitter&quot;:false},{&quot;id&quot;:3,&quot;person_name&quot;:&quot;Marta Fern\\u00e1ndez&quot;,&quot;person_image&quot;:&quot;https:\\\/\\\/agrupacionespsoe.es\\\/cobena\\\/wp-content\\\/uploads\\\/sites\\\/91\\\/2023\\\/02\\\/Logotipo_electoral_del_PSOE-1.png&quot;,&quot;person_job&quot;:&quot;Secretaria Pol\\u00edtica Municipal&quot;,&quot;person_email&quot;:false,&quot;person_facebook&quot;:false,&quot;person_twitter&quot;:false}]&#039;)\">\n    <div class=\"max-w-screen-lg mx-auto\">\n\n        <div class=\"text-center mb-5 lg:mb-10 px-6 lg:p-0\">\n                            <p class=\"text-primary uppercase font-bold\">Agrupaci\u00f3n Socialista de Cobe\u00f1a<\/p>\n            \n                            <h2 class=\"text-3xl lg:text-5xl font-bold !leading-tight\">EJECUTIVA<\/h2>\n            \n                    <\/div>\n\n    <\/div>\n\n    <div class=\"max-w-screen-lg mx-auto mb-5\">\n\n        <div x-cloak x-show=\"maxNumPages == false\">\n            <p class=\"text-xl text-center px-6 lg:p-0\">No hay organigrama disponible<\/p>\n        <\/div>\n\n        <div class=\"md:grid md:grid-cols-2 lg:grid-cols-3 gap-2\">\n\n            <template x-for=\"(post, index) in posts[page]\" :key=\"post.id\" >\n                <div x-show=\"post.person_name\" class=\"px-6 lg:p-0 mb-5 flex flex-col justify-between\">\n\n                    <div class=\"\">\n\n                        <div x-show=\"post.person_image\">\n                            <img loading=\"lazy\" class=\"block w-full !h-[200px] !object-cover !object-center mb-2\" x-bind:src=\"post.person_image\" x-bind:alt=\"post.person_name\">\n                        <\/div>\n\n                        <div class=\"w-full h-[200px] bg-slate-200 mb-2\" x-show=\"!post.person_image\"><\/div>\n\n                        <p x-show=\"post.person_job\" class=\"text-primary !mb-0\" x-text=\"post.person_job\"><\/p>\n                        <p x-show=\"post.person_name\" class=\"font-bold text-xl !mb-2\" x-text=\"post.person_name\"><\/p>\n\n                    <\/div>\n\n\n                    <div class=\"bg-primary p-2 flex items-center gap-2 min-h-[41px]\">\n\n                        <div x-show=\"post.person_email\">\n                            <a class=\"hover:opacity-75\" x-bind:href=\"'mailto:' + post.person_email\" target=\"_blank\">\n                                <img decoding=\"async\" class=\"w-[35px] h-[25px] object-contain\" src=\"https:\/\/agrupacionespsoe.es\/cobena\/wp-content\/themes\/psoe-agrupaciones-theme\/public\/sobre.3df6b5.svg\" alt=\"Email\">\n                            <\/a>\n                        <\/div>\n\n                        <div x-show=\"post.person_facebook\">\n                            <a class=\"hover:opacity-75\" x-bind:href=\"post.person_facebook\" target=\"_blank\">\n                                <img decoding=\"async\" class=\"w-[35px] h-[25px] object-contain\" src=\"https:\/\/agrupacionespsoe.es\/cobena\/wp-content\/themes\/psoe-agrupaciones-theme\/public\/facebook.7cc207.svg\" alt=\"Facebook\">\n                            <\/a>\n                        <\/div>\n\n                        <div x-show=\"post.person_twitter\">\n                            <a class=\"hover:opacity-75\" x-bind:href=\"post.person_twitter\" target=\"_blank\">\n                                <img decoding=\"async\" class=\"w-[35px] h-[25px] object-contain\" src=\"https:\/\/agrupacionespsoe.es\/cobena\/wp-content\/themes\/psoe-agrupaciones-theme\/public\/twitter.f9344f.svg\" alt=\"Twitter\">\n                            <\/a>\n                        <\/div>\n\n                    <\/div>\n\n                <\/div>\n            <\/template>\n\n        <\/div>\n\n        <div x-cloak x-show=\"hasPagination()\" class=\"flex flex-wrap justify-center border-t pt-4 mt-5\">\n            <button class=\"text-sm pr-1 mx-1\" type=\"button\" @click=\"goToPage(1)\">\n                <svg class=\"h-4 w-4 text-body\" width=\"24\" height=\"24\" viewBox=\"0 0 24 24\" fill=\"none\" stroke=\"currentColor\" stroke-width=\"2\" stroke-linecap=\"round\" stroke-linejoin=\"round\">\n                    <polygon points=\"19 20 9 12 19 4 19 20\"><\/polygon>\n                    <line x1=\"5\" y1=\"19\" x2=\"5\" y2=\"5\"><\/line>\n                <\/svg>\n            <\/button>\n\n            <button class=\"text-sm px-1 mx-1\" type=\"button\" @click=\"goToPage(Math.max(1, page-1))\">Anterior<\/button>\n\n            <template x-for=\"i in parseInt(maxNumPages)\" :key=\"i\">\n                <button x-show=\"((page-i < 3) &#038;&#038; (i-page < 3))\" class=\"text-sm px-2 py-1 mx-1\" :class=\"i == page ? 'bg-primary text-white' : ''\" type=\"button\" x-text=\"i\" @click=\"goToPage(i)\"><\/button>\n            <\/template>\n\n            <button class=\"text-sm px-1 mx-1\" type=\"button\" @click=\"goToPage(Math.min(maxNumPages, page+1))\">Siguiente<\/button>\n\n            <button class=\"text-sm pl-1 mx-1\" type=\"button\" @click=\"goToPage(maxNumPages)\">\n                <svg class=\"h-4 w-4 text-body\" width=\"24\" height=\"24\" viewBox=\"0 0 24 24\" fill=\"none\" stroke=\"currentColor\" stroke-width=\"2\" stroke-linecap=\"round\" stroke-linejoin=\"round\">\n                    <polygon points=\"5 4 15 12 5 20 5 4\"><\/polygon>\n                    <line x1=\"19\" y1=\"5\" x2=\"19\" y2=\"19\"><\/line>\n                <\/svg>\n            <\/button>\n        <\/div>\n\n    <\/div>\n\n<\/section>\n\n\n\n<p class=\"has-text-align-center has-primary-color has-text-color\"><strong><a href=\"https:\/\/agrupacionespsoe.es\/cobena\/\">VOLVER<\/a><\/strong><\/p>\n\n\n\n<section class=\"wp-block-psoe-separador bg-primary px-2\"><hr class=\"color-white bg-white opacity-1 h-[1px] w-full\" \/><\/section>\n\n\n<section class=\"py-12 bg-white\">\n    <div class=\"max-w-screen-lg mx-auto\">\n\n        <div class=\"md:grid md:grid-cols-2 md:gap-2 items-center\">\n            <div class=\"p-2\">\n                <img decoding=\"async\" class=\"hidden md:inline-block\" src=\"https:\/\/agrupacionespsoe.es\/cobena\/wp-content\/themes\/psoe-agrupaciones-theme\/public\/gobernando-white.518491.png\" alt=\"Gobernando con hechos\">\n                <img decoding=\"async\" class=\"block md:hidden mx-auto mb-5\" src=\"https:\/\/agrupacionespsoe.es\/cobena\/wp-content\/themes\/psoe-agrupaciones-theme\/public\/gobernando-white-mobile.caeb39.png\" alt=\"Gobernando con hechos\">\n            <\/div>\n\n            <div class=\"p-2 text-center\">\n                <a class=\"hover:opacity-75 md:inline px-8 lg:px-14 py-2 lg:py-4 font-bold text-center lg:text-xl uppercase bg-primary !text-white\" href=\"https:\/\/afiliate.psoe.es\/Affiliation\/AffiliationHome\" >\n                    Af\u00edliate\n                <\/a>\n            <\/div>\n        <\/div>\n\n    <\/div>\n<\/section>\n","protected":false},"excerpt":{"rendered":"<p>VOLVER<\/p>\n","protected":false},"author":3,"featured_media":164,"parent":0,"menu_order":0,"comment_status":"closed","ping_status":"closed","template":"","meta":{"footnotes":""},"class_list":["post-3","page","type-page","status-publish","has-post-thumbnail","hentry"],"yoast_head":"<!-- This site is optimized with the Yoast SEO plugin v24.0 - https:\/\/yoast.com\/wordpress\/plugins\/seo\/ -->\n<title>nosotros - Agrupaci\u00f3n Socialista de Cobe\u00f1a<\/title>\n<meta name=\"description\" content=\"Espacio para mostrar el equipo de la Agrupaci\u00f3n.\" \/>\n<meta name=\"robots\" content=\"index, follow, max-snippet:-1, max-image-preview:large, max-video-preview:-1\" \/>\n<link rel=\"canonical\" href=\"https:\/\/agrupacionespsoe.es\/cobena\/nosotros\/\" \/>\n<meta property=\"og:locale\" content=\"es_ES\" \/>\n<meta property=\"og:type\" content=\"article\" \/>\n<meta property=\"og:title\" content=\"nosotros - Agrupaci\u00f3n Socialista de Cobe\u00f1a\" \/>\n<meta property=\"og:description\" content=\"Espacio para mostrar el equipo de la Agrupaci\u00f3n.\" \/>\n<meta property=\"og:url\" content=\"https:\/\/agrupacionespsoe.es\/cobena\/nosotros\/\" \/>\n<meta property=\"og:site_name\" content=\"Agrupaci\u00f3n Socialista de Cobe\u00f1a\" \/>\n<meta property=\"article:modified_time\" content=\"2023-05-13T10:19:28+00:00\" \/>\n<meta property=\"og:image\" content=\"https:\/\/agrupacionespsoe.es\/cobena\/wp-content\/uploads\/sites\/91\/2023\/04\/Foto_Lista_Cobena.jpg\" \/>\n\t<meta property=\"og:image:width\" content=\"2048\" \/>\n\t<meta property=\"og:image:height\" content=\"1536\" \/>\n\t<meta property=\"og:image:type\" content=\"image\/jpeg\" \/>\n<meta name=\"twitter:card\" content=\"summary_large_image\" \/>\n<meta name=\"twitter:label1\" content=\"Tiempo de lectura\" \/>\n\t<meta name=\"twitter:data1\" content=\"1 minuto\" \/>\n<script type=\"application\/ld+json\" class=\"yoast-schema-graph\">{\"@context\":\"https:\/\/schema.org\",\"@graph\":[{\"@type\":\"WebPage\",\"@id\":\"https:\/\/agrupacionespsoe.es\/cobena\/nosotros\/\",\"url\":\"https:\/\/agrupacionespsoe.es\/cobena\/nosotros\/\",\"name\":\"nosotros - Agrupaci\u00f3n Socialista de Cobe\u00f1a\",\"isPartOf\":{\"@id\":\"https:\/\/agrupacionespsoe.es\/cobena\/#website\"},\"primaryImageOfPage\":{\"@id\":\"https:\/\/agrupacionespsoe.es\/cobena\/nosotros\/#primaryimage\"},\"image\":{\"@id\":\"https:\/\/agrupacionespsoe.es\/cobena\/nosotros\/#primaryimage\"},\"thumbnailUrl\":\"https:\/\/agrupacionespsoe.es\/cobena\/wp-content\/uploads\/sites\/91\/2023\/04\/Foto_Lista_Cobena.jpg\",\"datePublished\":\"2022-10-13T09:42:26+00:00\",\"dateModified\":\"2023-05-13T10:19:28+00:00\",\"description\":\"Espacio para mostrar el equipo de la Agrupaci\u00f3n.\",\"breadcrumb\":{\"@id\":\"https:\/\/agrupacionespsoe.es\/cobena\/nosotros\/#breadcrumb\"},\"inLanguage\":\"es\",\"potentialAction\":[{\"@type\":\"ReadAction\",\"target\":[\"https:\/\/agrupacionespsoe.es\/cobena\/nosotros\/\"]}]},{\"@type\":\"ImageObject\",\"inLanguage\":\"es\",\"@id\":\"https:\/\/agrupacionespsoe.es\/cobena\/nosotros\/#primaryimage\",\"url\":\"https:\/\/agrupacionespsoe.es\/cobena\/wp-content\/uploads\/sites\/91\/2023\/04\/Foto_Lista_Cobena.jpg\",\"contentUrl\":\"https:\/\/agrupacionespsoe.es\/cobena\/wp-content\/uploads\/sites\/91\/2023\/04\/Foto_Lista_Cobena.jpg\",\"width\":2048,\"height\":1536},{\"@type\":\"BreadcrumbList\",\"@id\":\"https:\/\/agrupacionespsoe.es\/cobena\/nosotros\/#breadcrumb\",\"itemListElement\":[{\"@type\":\"ListItem\",\"position\":1,\"name\":\"Portada\",\"item\":\"https:\/\/agrupacionespsoe.es\/cobena\/\"},{\"@type\":\"ListItem\",\"position\":2,\"name\":\"nosotros\"}]},{\"@type\":\"WebSite\",\"@id\":\"https:\/\/agrupacionespsoe.es\/cobena\/#website\",\"url\":\"https:\/\/agrupacionespsoe.es\/cobena\/\",\"name\":\"Agrupaci\u00f3n Socialista de Cobe\u00f1a\",\"description\":\"Agrupaci\u00f3n Socialista de Cobe\u00f1a\",\"publisher\":{\"@id\":\"https:\/\/agrupacionespsoe.es\/cobena\/#organization\"},\"potentialAction\":[{\"@type\":\"SearchAction\",\"target\":{\"@type\":\"EntryPoint\",\"urlTemplate\":\"https:\/\/agrupacionespsoe.es\/cobena\/?s={search_term_string}\"},\"query-input\":{\"@type\":\"PropertyValueSpecification\",\"valueRequired\":true,\"valueName\":\"search_term_string\"}}],\"inLanguage\":\"es\"},{\"@type\":\"Organization\",\"@id\":\"https:\/\/agrupacionespsoe.es\/cobena\/#organization\",\"name\":\"Agrupaci\u00f3n Socialista de Cobe\u00f1a\",\"url\":\"https:\/\/agrupacionespsoe.es\/cobena\/\",\"logo\":{\"@type\":\"ImageObject\",\"inLanguage\":\"es\",\"@id\":\"https:\/\/agrupacionespsoe.es\/cobena\/#\/schema\/logo\/image\/\",\"url\":\"https:\/\/agrupacionespsoe.es\/wp-content\/uploads\/2022\/07\/Logotipo_electoral_del_PSOE.png\",\"contentUrl\":\"https:\/\/agrupacionespsoe.es\/wp-content\/uploads\/2022\/07\/Logotipo_electoral_del_PSOE.png\",\"width\":422,\"height\":422,\"caption\":\"Agrupaci\u00f3n Socialista de Cobe\u00f1a\"},\"image\":{\"@id\":\"https:\/\/agrupacionespsoe.es\/cobena\/#\/schema\/logo\/image\/\"}}]}<\/script>\n<!-- \/ Yoast SEO plugin. -->","yoast_head_json":{"title":"nosotros - Agrupaci\u00f3n Socialista de Cobe\u00f1a","description":"Espacio para mostrar el equipo de la Agrupaci\u00f3n.","robots":{"index":"index","follow":"follow","max-snippet":"max-snippet:-1","max-image-preview":"max-image-preview:large","max-video-preview":"max-video-preview:-1"},"canonical":"https:\/\/agrupacionespsoe.es\/cobena\/nosotros\/","og_locale":"es_ES","og_type":"article","og_title":"nosotros - Agrupaci\u00f3n Socialista de Cobe\u00f1a","og_description":"Espacio para mostrar el equipo de la Agrupaci\u00f3n.","og_url":"https:\/\/agrupacionespsoe.es\/cobena\/nosotros\/","og_site_name":"Agrupaci\u00f3n Socialista de Cobe\u00f1a","article_modified_time":"2023-05-13T10:19:28+00:00","og_image":[{"width":2048,"height":1536,"url":"https:\/\/agrupacionespsoe.es\/cobena\/wp-content\/uploads\/sites\/91\/2023\/04\/Foto_Lista_Cobena.jpg","type":"image\/jpeg"}],"twitter_card":"summary_large_image","twitter_misc":{"Tiempo de lectura":"1 minuto"},"schema":{"@context":"https:\/\/schema.org","@graph":[{"@type":"WebPage","@id":"https:\/\/agrupacionespsoe.es\/cobena\/nosotros\/","url":"https:\/\/agrupacionespsoe.es\/cobena\/nosotros\/","name":"nosotros - Agrupaci\u00f3n Socialista de Cobe\u00f1a","isPartOf":{"@id":"https:\/\/agrupacionespsoe.es\/cobena\/#website"},"primaryImageOfPage":{"@id":"https:\/\/agrupacionespsoe.es\/cobena\/nosotros\/#primaryimage"},"image":{"@id":"https:\/\/agrupacionespsoe.es\/cobena\/nosotros\/#primaryimage"},"thumbnailUrl":"https:\/\/agrupacionespsoe.es\/cobena\/wp-content\/uploads\/sites\/91\/2023\/04\/Foto_Lista_Cobena.jpg","datePublished":"2022-10-13T09:42:26+00:00","dateModified":"2023-05-13T10:19:28+00:00","description":"Espacio para mostrar el equipo de la Agrupaci\u00f3n.","breadcrumb":{"@id":"https:\/\/agrupacionespsoe.es\/cobena\/nosotros\/#breadcrumb"},"inLanguage":"es","potentialAction":[{"@type":"ReadAction","target":["https:\/\/agrupacionespsoe.es\/cobena\/nosotros\/"]}]},{"@type":"ImageObject","inLanguage":"es","@id":"https:\/\/agrupacionespsoe.es\/cobena\/nosotros\/#primaryimage","url":"https:\/\/agrupacionespsoe.es\/cobena\/wp-content\/uploads\/sites\/91\/2023\/04\/Foto_Lista_Cobena.jpg","contentUrl":"https:\/\/agrupacionespsoe.es\/cobena\/wp-content\/uploads\/sites\/91\/2023\/04\/Foto_Lista_Cobena.jpg","width":2048,"height":1536},{"@type":"BreadcrumbList","@id":"https:\/\/agrupacionespsoe.es\/cobena\/nosotros\/#breadcrumb","itemListElement":[{"@type":"ListItem","position":1,"name":"Portada","item":"https:\/\/agrupacionespsoe.es\/cobena\/"},{"@type":"ListItem","position":2,"name":"nosotros"}]},{"@type":"WebSite","@id":"https:\/\/agrupacionespsoe.es\/cobena\/#website","url":"https:\/\/agrupacionespsoe.es\/cobena\/","name":"Agrupaci\u00f3n Socialista de Cobe\u00f1a","description":"Agrupaci\u00f3n Socialista de Cobe\u00f1a","publisher":{"@id":"https:\/\/agrupacionespsoe.es\/cobena\/#organization"},"potentialAction":[{"@type":"SearchAction","target":{"@type":"EntryPoint","urlTemplate":"https:\/\/agrupacionespsoe.es\/cobena\/?s={search_term_string}"},"query-input":{"@type":"PropertyValueSpecification","valueRequired":true,"valueName":"search_term_string"}}],"inLanguage":"es"},{"@type":"Organization","@id":"https:\/\/agrupacionespsoe.es\/cobena\/#organization","name":"Agrupaci\u00f3n Socialista de Cobe\u00f1a","url":"https:\/\/agrupacionespsoe.es\/cobena\/","logo":{"@type":"ImageObject","inLanguage":"es","@id":"https:\/\/agrupacionespsoe.es\/cobena\/#\/schema\/logo\/image\/","url":"https:\/\/agrupacionespsoe.es\/wp-content\/uploads\/2022\/07\/Logotipo_electoral_del_PSOE.png","contentUrl":"https:\/\/agrupacionespsoe.es\/wp-content\/uploads\/2022\/07\/Logotipo_electoral_del_PSOE.png","width":422,"height":422,"caption":"Agrupaci\u00f3n Socialista de Cobe\u00f1a"},"image":{"@id":"https:\/\/agrupacionespsoe.es\/cobena\/#\/schema\/logo\/image\/"}}]}},"jetpack_sharing_enabled":true,"_links":{"self":[{"href":"https:\/\/agrupacionespsoe.es\/cobena\/wp-json\/wp\/v2\/pages\/3","targetHints":{"allow":["GET"]}}],"collection":[{"href":"https:\/\/agrupacionespsoe.es\/cobena\/wp-json\/wp\/v2\/pages"}],"about":[{"href":"https:\/\/agrupacionespsoe.es\/cobena\/wp-json\/wp\/v2\/types\/page"}],"author":[{"embeddable":true,"href":"https:\/\/agrupacionespsoe.es\/cobena\/wp-json\/wp\/v2\/users\/3"}],"replies":[{"embeddable":true,"href":"https:\/\/agrupacionespsoe.es\/cobena\/wp-json\/wp\/v2\/comments?post=3"}],"version-history":[{"count":11,"href":"https:\/\/agrupacionespsoe.es\/cobena\/wp-json\/wp\/v2\/pages\/3\/revisions"}],"predecessor-version":[{"id":469,"href":"https:\/\/agrupacionespsoe.es\/cobena\/wp-json\/wp\/v2\/pages\/3\/revisions\/469"}],"wp:featuredmedia":[{"embeddable":true,"href":"https:\/\/agrupacionespsoe.es\/cobena\/wp-json\/wp\/v2\/media\/164"}],"wp:attachment":[{"href":"https:\/\/agrupacionespsoe.es\/cobena\/wp-json\/wp\/v2\/media?parent=3"}],"curies":[{"name":"wp","href":"https:\/\/api.w.org\/{rel}","templated":true}]}}