{"id":730,"date":"2023-04-20T11:47:08","date_gmt":"2023-04-20T09:47:08","guid":{"rendered":"https:\/\/agrupacionespsoe.es\/castello\/?page_id=730"},"modified":"2023-06-07T10:16:29","modified_gmt":"2023-06-07T10:16:29","slug":"jose-maria-prades-manzano","status":"publish","type":"page","link":"https:\/\/agrupacionespsoe.es\/castello\/grupo-municipal-socialista\/jose-maria-prades-manzano\/","title":{"rendered":"04. Jos\u00e9 Mar\u00eda Prades Manzano"},"content":{"rendered":"\n<div style=\"height:40px\" aria-hidden=\"true\" class=\"wp-block-spacer\"><\/div>\n\n\n\n<div class=\"wp-block-columns is-layout-flex wp-container-core-columns-is-layout-1 wp-block-columns-is-layout-flex\">\n<div class=\"wp-block-column is-layout-flow wp-block-column-is-layout-flow\" style=\"flex-basis:33.33%\">\n<figure class=\"wp-block-image size-large\"><img loading=\"lazy\" decoding=\"async\" width=\"1024\" height=\"1024\" data-attachment-id=\"501\" data-permalink=\"https:\/\/agrupacionespsoe.es\/castello\/4-chema-padres-manzano-2\/\" data-orig-file=\"https:\/\/agrupacionespsoe.es\/castello\/wp-content\/uploads\/sites\/45\/2023\/04\/4.-CHEMA-PADRES-MANZANO-2-scaled.jpg\" data-orig-size=\"2560,2560\" data-comments-opened=\"1\" data-image-meta=\"{&quot;aperture&quot;:&quot;1.8&quot;,&quot;credit&quot;:&quot;&quot;,&quot;camera&quot;:&quot;ILCE-7M3&quot;,&quot;caption&quot;:&quot;&quot;,&quot;created_timestamp&quot;:&quot;1679741895&quot;,&quot;copyright&quot;:&quot;&quot;,&quot;focal_length&quot;:&quot;85&quot;,&quot;iso&quot;:&quot;64&quot;,&quot;shutter_speed&quot;:&quot;0.008&quot;,&quot;title&quot;:&quot;&quot;,&quot;orientation&quot;:&quot;0&quot;}\" data-image-title=\"4. CHEMA PADRES MANZANO 2\" data-image-description=\"\" data-image-caption=\"\" data-medium-file=\"https:\/\/agrupacionespsoe.es\/castello\/wp-content\/uploads\/sites\/45\/2023\/04\/4.-CHEMA-PADRES-MANZANO-2-300x300.jpg\" data-large-file=\"https:\/\/agrupacionespsoe.es\/castello\/wp-content\/uploads\/sites\/45\/2023\/04\/4.-CHEMA-PADRES-MANZANO-2-1024x1024.jpg\" src=\"https:\/\/agrupacionespsoe.es\/castello\/wp-content\/uploads\/sites\/45\/2023\/04\/4.-CHEMA-PADRES-MANZANO-2-1024x1024.jpg\" alt=\"\" class=\"wp-image-501\" srcset=\"https:\/\/agrupacionespsoe.es\/castello\/wp-content\/uploads\/sites\/45\/2023\/04\/4.-CHEMA-PADRES-MANZANO-2-1024x1024.jpg 1024w, https:\/\/agrupacionespsoe.es\/castello\/wp-content\/uploads\/sites\/45\/2023\/04\/4.-CHEMA-PADRES-MANZANO-2-300x300.jpg 300w, https:\/\/agrupacionespsoe.es\/castello\/wp-content\/uploads\/sites\/45\/2023\/04\/4.-CHEMA-PADRES-MANZANO-2-150x150.jpg 150w, https:\/\/agrupacionespsoe.es\/castello\/wp-content\/uploads\/sites\/45\/2023\/04\/4.-CHEMA-PADRES-MANZANO-2-768x768.jpg 768w, https:\/\/agrupacionespsoe.es\/castello\/wp-content\/uploads\/sites\/45\/2023\/04\/4.-CHEMA-PADRES-MANZANO-2-1536x1536.jpg 1536w, https:\/\/agrupacionespsoe.es\/castello\/wp-content\/uploads\/sites\/45\/2023\/04\/4.-CHEMA-PADRES-MANZANO-2-2048x2048.jpg 2048w\" sizes=\"auto, (max-width: 1024px) 100vw, 1024px\" \/><\/figure>\n<\/div>\n\n\n\n<div class=\"wp-block-column is-layout-flow wp-block-column-is-layout-flow\" style=\"flex-basis:66.66%\">\n<p class=\"has-large-font-size\"><strong>Jos\u00e9 Mar\u00eda Prades Manzano<\/strong><\/p>\n\n\n\n<ul class=\"wp-block-social-links is-style-default is-content-justification-left is-layout-flex wp-container-core-social-links-is-layout-1 wp-block-social-links-is-layout-flex\"><li class=\"wp-social-link wp-social-link-facebook  wp-block-social-link\"><a rel=\"noopener nofollow\" target=\"_blank\" href=\"https:\/\/www.facebook.com\/profile.php?id=100091358891454\" class=\"wp-block-social-link-anchor\"><svg width=\"24\" height=\"24\" viewBox=\"0 0 24 24\" version=\"1.1\" xmlns=\"http:\/\/www.w3.org\/2000\/svg\" aria-hidden=\"true\" focusable=\"false\"><path d=\"M12 2C6.5 2 2 6.5 2 12c0 5 3.7 9.1 8.4 9.9v-7H7.9V12h2.5V9.8c0-2.5 1.5-3.9 3.8-3.9 1.1 0 2.2.2 2.2.2v2.5h-1.3c-1.2 0-1.6.8-1.6 1.6V12h2.8l-.4 2.9h-2.3v7C18.3 21.1 22 17 22 12c0-5.5-4.5-10-10-10z\"><\/path><\/svg><span class=\"wp-block-social-link-label screen-reader-text\">Facebook<\/span><\/a><\/li>\n\n\n\n<li class=\"wp-social-link wp-social-link-instagram  wp-block-social-link\"><a rel=\"noopener nofollow\" target=\"_blank\" href=\"https:\/\/www.instagram.com\/chemaprades\/\" class=\"wp-block-social-link-anchor\"><svg width=\"24\" height=\"24\" viewBox=\"0 0 24 24\" version=\"1.1\" xmlns=\"http:\/\/www.w3.org\/2000\/svg\" aria-hidden=\"true\" focusable=\"false\"><path d=\"M12,4.622c2.403,0,2.688,0.009,3.637,0.052c0.877,0.04,1.354,0.187,1.671,0.31c0.42,0.163,0.72,0.358,1.035,0.673 c0.315,0.315,0.51,0.615,0.673,1.035c0.123,0.317,0.27,0.794,0.31,1.671c0.043,0.949,0.052,1.234,0.052,3.637 s-0.009,2.688-0.052,3.637c-0.04,0.877-0.187,1.354-0.31,1.671c-0.163,0.42-0.358,0.72-0.673,1.035 c-0.315,0.315-0.615,0.51-1.035,0.673c-0.317,0.123-0.794,0.27-1.671,0.31c-0.949,0.043-1.233,0.052-3.637,0.052 s-2.688-0.009-3.637-0.052c-0.877-0.04-1.354-0.187-1.671-0.31c-0.42-0.163-0.72-0.358-1.035-0.673 c-0.315-0.315-0.51-0.615-0.673-1.035c-0.123-0.317-0.27-0.794-0.31-1.671C4.631,14.688,4.622,14.403,4.622,12 s0.009-2.688,0.052-3.637c0.04-0.877,0.187-1.354,0.31-1.671c0.163-0.42,0.358-0.72,0.673-1.035 c0.315-0.315,0.615-0.51,1.035-0.673c0.317-0.123,0.794-0.27,1.671-0.31C9.312,4.631,9.597,4.622,12,4.622 M12,3 C9.556,3,9.249,3.01,8.289,3.054C7.331,3.098,6.677,3.25,6.105,3.472C5.513,3.702,5.011,4.01,4.511,4.511 c-0.5,0.5-0.808,1.002-1.038,1.594C3.25,6.677,3.098,7.331,3.054,8.289C3.01,9.249,3,9.556,3,12c0,2.444,0.01,2.751,0.054,3.711 c0.044,0.958,0.196,1.612,0.418,2.185c0.23,0.592,0.538,1.094,1.038,1.594c0.5,0.5,1.002,0.808,1.594,1.038 c0.572,0.222,1.227,0.375,2.185,0.418C9.249,20.99,9.556,21,12,21s2.751-0.01,3.711-0.054c0.958-0.044,1.612-0.196,2.185-0.418 c0.592-0.23,1.094-0.538,1.594-1.038c0.5-0.5,0.808-1.002,1.038-1.594c0.222-0.572,0.375-1.227,0.418-2.185 C20.99,14.751,21,14.444,21,12s-0.01-2.751-0.054-3.711c-0.044-0.958-0.196-1.612-0.418-2.185c-0.23-0.592-0.538-1.094-1.038-1.594 c-0.5-0.5-1.002-0.808-1.594-1.038c-0.572-0.222-1.227-0.375-2.185-0.418C14.751,3.01,14.444,3,12,3L12,3z M12,7.378 c-2.552,0-4.622,2.069-4.622,4.622S9.448,16.622,12,16.622s4.622-2.069,4.622-4.622S14.552,7.378,12,7.378z M12,15 c-1.657,0-3-1.343-3-3s1.343-3,3-3s3,1.343,3,3S13.657,15,12,15z M16.804,6.116c-0.596,0-1.08,0.484-1.08,1.08 s0.484,1.08,1.08,1.08c0.596,0,1.08-0.484,1.08-1.08S17.401,6.116,16.804,6.116z\"><\/path><\/svg><span class=\"wp-block-social-link-label screen-reader-text\">Instagram<\/span><\/a><\/li><\/ul>\n\n\n\n<p>Enginyer T\u00e8cnic en Obres P\u00fabliques (UPV).<\/p>\n\n\n\n<p>Grau Professional de M\u00fasica en la especialitat de Percussi\u00f3 (Conservatorio Calasancio). Grau Elemental de M\u00fasica en la especialitat de Piano (Conservatori de Castell\u00f3).<\/p>\n\n\n\n<p>Funcionari de l&#8217;Ajuntament de Castell\u00f3 i membre de l&#8217;equip redactor del nou Pla General de la ciutat. <\/p>\n\n\n\n<p>Membre de l&#8217;Associaci\u00f3 Cultural Rosa de Maig, de la Confraria del Lled\u00f3 i de l&#8217;Associaci\u00f3 de Barreros.<\/p>\n\n\n\n<p>Vinculat al m\u00f3n de la festa com a membre de la gaiata 1 i dels Cavallers de la Conquesta.<\/p>\n\n\n\n<p>Pregoner en 2020-2022 i pregoner infantil en 1984.<\/p>\n<\/div>\n<\/div>\n","protected":false},"excerpt":{"rendered":"<p>Jos\u00e9 Mar\u00eda Prades Manzano Enginyer T\u00e8cnic en Obres P\u00fabliques (UPV). Grau Professional de M\u00fasica en la especialitat de Percussi\u00f3 (Conservatorio Calasancio). Grau Elemental de M\u00fasica en la especialitat de Piano (Conservatori de Castell\u00f3). Funcionari de l&#8217;Ajuntament de Castell\u00f3 i membre de l&#8217;equip redactor del nou Pla General de la ciutat. Membre de l&#8217;Associaci\u00f3 Cultural Rosa &#8230;<\/p>\n","protected":false},"author":48,"featured_media":0,"parent":1806,"menu_order":0,"comment_status":"closed","ping_status":"closed","template":"","meta":{"footnotes":""},"class_list":["post-730","page","type-page","status-publish","hentry"],"yoast_head":"<!-- This site is optimized with the Yoast SEO plugin v24.0 - https:\/\/yoast.com\/wordpress\/plugins\/seo\/ -->\n<title>04. Jos\u00e9 Mar\u00eda Prades Manzano - PSPV-PSOE CASTELL\u00d3<\/title>\n<meta name=\"robots\" content=\"index, follow, max-snippet:-1, max-image-preview:large, max-video-preview:-1\" \/>\n<link rel=\"canonical\" href=\"https:\/\/agrupacionespsoe.es\/castello\/grupo-municipal-socialista\/jose-maria-prades-manzano\/\" \/>\n<meta property=\"og:locale\" content=\"es_ES\" \/>\n<meta property=\"og:type\" content=\"article\" \/>\n<meta property=\"og:title\" content=\"04. Jos\u00e9 Mar\u00eda Prades Manzano - PSPV-PSOE CASTELL\u00d3\" \/>\n<meta property=\"og:description\" content=\"Jos\u00e9 Mar\u00eda Prades Manzano Enginyer T\u00e8cnic en Obres P\u00fabliques (UPV). Grau Professional de M\u00fasica en la especialitat de Percussi\u00f3 (Conservatorio Calasancio). Grau Elemental de M\u00fasica en la especialitat de Piano (Conservatori de Castell\u00f3). Funcionari de l&#8217;Ajuntament de Castell\u00f3 i membre de l&#8217;equip redactor del nou Pla General de la ciutat. Membre de l&#8217;Associaci\u00f3 Cultural Rosa ...\" \/>\n<meta property=\"og:url\" content=\"https:\/\/agrupacionespsoe.es\/castello\/grupo-municipal-socialista\/jose-maria-prades-manzano\/\" \/>\n<meta property=\"og:site_name\" content=\"PSPV-PSOE CASTELL\u00d3\" \/>\n<meta property=\"article:publisher\" content=\"https:\/\/www.facebook.com\/pspv.castellodelaplana\" \/>\n<meta property=\"article:modified_time\" content=\"2023-06-07T10:16:29+00:00\" \/>\n<meta property=\"og:image\" content=\"https:\/\/agrupacionespsoe.es\/castello\/wp-content\/uploads\/sites\/45\/2023\/04\/4.-CHEMA-PADRES-MANZANO-2-1024x1024.jpg\" \/>\n<meta name=\"twitter:card\" content=\"summary_large_image\" \/>\n<meta name=\"twitter:site\" content=\"@pspv_cs\" \/>\n<meta name=\"twitter:label1\" content=\"Tiempo de lectura\" \/>\n\t<meta name=\"twitter:data1\" content=\"1 minuto\" \/>\n<script type=\"application\/ld+json\" class=\"yoast-schema-graph\">{\"@context\":\"https:\/\/schema.org\",\"@graph\":[{\"@type\":\"WebPage\",\"@id\":\"https:\/\/agrupacionespsoe.es\/castello\/grupo-municipal-socialista\/jose-maria-prades-manzano\/\",\"url\":\"https:\/\/agrupacionespsoe.es\/castello\/grupo-municipal-socialista\/jose-maria-prades-manzano\/\",\"name\":\"04. Jos\u00e9 Mar\u00eda Prades Manzano - PSPV-PSOE CASTELL\u00d3\",\"isPartOf\":{\"@id\":\"https:\/\/agrupacionespsoe.es\/castello\/#website\"},\"primaryImageOfPage\":{\"@id\":\"https:\/\/agrupacionespsoe.es\/castello\/grupo-municipal-socialista\/jose-maria-prades-manzano\/#primaryimage\"},\"image\":{\"@id\":\"https:\/\/agrupacionespsoe.es\/castello\/grupo-municipal-socialista\/jose-maria-prades-manzano\/#primaryimage\"},\"thumbnailUrl\":\"https:\/\/agrupacionespsoe.es\/castello\/wp-content\/uploads\/sites\/45\/2023\/04\/4.-CHEMA-PADRES-MANZANO-2-1024x1024.jpg\",\"datePublished\":\"2023-04-20T09:47:08+00:00\",\"dateModified\":\"2023-06-07T10:16:29+00:00\",\"breadcrumb\":{\"@id\":\"https:\/\/agrupacionespsoe.es\/castello\/grupo-municipal-socialista\/jose-maria-prades-manzano\/#breadcrumb\"},\"inLanguage\":\"es\",\"potentialAction\":[{\"@type\":\"ReadAction\",\"target\":[\"https:\/\/agrupacionespsoe.es\/castello\/grupo-municipal-socialista\/jose-maria-prades-manzano\/\"]}]},{\"@type\":\"ImageObject\",\"inLanguage\":\"es\",\"@id\":\"https:\/\/agrupacionespsoe.es\/castello\/grupo-municipal-socialista\/jose-maria-prades-manzano\/#primaryimage\",\"url\":\"https:\/\/agrupacionespsoe.es\/castello\/wp-content\/uploads\/sites\/45\/2023\/04\/4.-CHEMA-PADRES-MANZANO-2-scaled.jpg\",\"contentUrl\":\"https:\/\/agrupacionespsoe.es\/castello\/wp-content\/uploads\/sites\/45\/2023\/04\/4.-CHEMA-PADRES-MANZANO-2-scaled.jpg\",\"width\":2560,\"height\":2560},{\"@type\":\"BreadcrumbList\",\"@id\":\"https:\/\/agrupacionespsoe.es\/castello\/grupo-municipal-socialista\/jose-maria-prades-manzano\/#breadcrumb\",\"itemListElement\":[{\"@type\":\"ListItem\",\"position\":1,\"name\":\"Portada\",\"item\":\"https:\/\/agrupacionespsoe.es\/castello\/\"},{\"@type\":\"ListItem\",\"position\":2,\"name\":\"Grupo Municipal Socialista\",\"item\":\"https:\/\/agrupacionespsoe.es\/castello\/grupo-municipal-socialista\/\"},{\"@type\":\"ListItem\",\"position\":3,\"name\":\"04. Jos\u00e9 Mar\u00eda Prades Manzano\"}]},{\"@type\":\"WebSite\",\"@id\":\"https:\/\/agrupacionespsoe.es\/castello\/#website\",\"url\":\"https:\/\/agrupacionespsoe.es\/castello\/\",\"name\":\"PSPV-PSOE CASTELL\u00d3\",\"description\":\"PSPV-PSOE | Agrupaci\u00f3 de Castell\u00f3\",\"publisher\":{\"@id\":\"https:\/\/agrupacionespsoe.es\/castello\/#organization\"},\"potentialAction\":[{\"@type\":\"SearchAction\",\"target\":{\"@type\":\"EntryPoint\",\"urlTemplate\":\"https:\/\/agrupacionespsoe.es\/castello\/?s={search_term_string}\"},\"query-input\":{\"@type\":\"PropertyValueSpecification\",\"valueRequired\":true,\"valueName\":\"search_term_string\"}}],\"inLanguage\":\"es\"},{\"@type\":\"Organization\",\"@id\":\"https:\/\/agrupacionespsoe.es\/castello\/#organization\",\"name\":\"PSPV-PSOE Castell\u00f3\",\"url\":\"https:\/\/agrupacionespsoe.es\/castello\/\",\"logo\":{\"@type\":\"ImageObject\",\"inLanguage\":\"es\",\"@id\":\"https:\/\/agrupacionespsoe.es\/castello\/#\/schema\/logo\/image\/\",\"url\":\"https:\/\/agrupacionespsoe.es\/castello\/wp-content\/uploads\/sites\/45\/2023\/04\/PORTADA-PSOE-CASTELLO.jpg\",\"contentUrl\":\"https:\/\/agrupacionespsoe.es\/castello\/wp-content\/uploads\/sites\/45\/2023\/04\/PORTADA-PSOE-CASTELLO.jpg\",\"width\":2500,\"height\":2500,\"caption\":\"PSPV-PSOE Castell\u00f3\"},\"image\":{\"@id\":\"https:\/\/agrupacionespsoe.es\/castello\/#\/schema\/logo\/image\/\"},\"sameAs\":[\"https:\/\/www.facebook.com\/pspv.castellodelaplana\",\"https:\/\/x.com\/pspv_cs\",\"https:\/\/www.instagram.com\/pspvpsoecastello\/\"]}]}<\/script>\n<!-- \/ Yoast SEO plugin. -->","yoast_head_json":{"title":"04. Jos\u00e9 Mar\u00eda Prades Manzano - PSPV-PSOE CASTELL\u00d3","robots":{"index":"index","follow":"follow","max-snippet":"max-snippet:-1","max-image-preview":"max-image-preview:large","max-video-preview":"max-video-preview:-1"},"canonical":"https:\/\/agrupacionespsoe.es\/castello\/grupo-municipal-socialista\/jose-maria-prades-manzano\/","og_locale":"es_ES","og_type":"article","og_title":"04. Jos\u00e9 Mar\u00eda Prades Manzano - PSPV-PSOE CASTELL\u00d3","og_description":"Jos\u00e9 Mar\u00eda Prades Manzano Enginyer T\u00e8cnic en Obres P\u00fabliques (UPV). Grau Professional de M\u00fasica en la especialitat de Percussi\u00f3 (Conservatorio Calasancio). Grau Elemental de M\u00fasica en la especialitat de Piano (Conservatori de Castell\u00f3). Funcionari de l&#8217;Ajuntament de Castell\u00f3 i membre de l&#8217;equip redactor del nou Pla General de la ciutat. Membre de l&#8217;Associaci\u00f3 Cultural Rosa ...","og_url":"https:\/\/agrupacionespsoe.es\/castello\/grupo-municipal-socialista\/jose-maria-prades-manzano\/","og_site_name":"PSPV-PSOE CASTELL\u00d3","article_publisher":"https:\/\/www.facebook.com\/pspv.castellodelaplana","article_modified_time":"2023-06-07T10:16:29+00:00","og_image":[{"url":"https:\/\/agrupacionespsoe.es\/castello\/wp-content\/uploads\/sites\/45\/2023\/04\/4.-CHEMA-PADRES-MANZANO-2-1024x1024.jpg","type":"","width":"","height":""}],"twitter_card":"summary_large_image","twitter_site":"@pspv_cs","twitter_misc":{"Tiempo de lectura":"1 minuto"},"schema":{"@context":"https:\/\/schema.org","@graph":[{"@type":"WebPage","@id":"https:\/\/agrupacionespsoe.es\/castello\/grupo-municipal-socialista\/jose-maria-prades-manzano\/","url":"https:\/\/agrupacionespsoe.es\/castello\/grupo-municipal-socialista\/jose-maria-prades-manzano\/","name":"04. Jos\u00e9 Mar\u00eda Prades Manzano - PSPV-PSOE CASTELL\u00d3","isPartOf":{"@id":"https:\/\/agrupacionespsoe.es\/castello\/#website"},"primaryImageOfPage":{"@id":"https:\/\/agrupacionespsoe.es\/castello\/grupo-municipal-socialista\/jose-maria-prades-manzano\/#primaryimage"},"image":{"@id":"https:\/\/agrupacionespsoe.es\/castello\/grupo-municipal-socialista\/jose-maria-prades-manzano\/#primaryimage"},"thumbnailUrl":"https:\/\/agrupacionespsoe.es\/castello\/wp-content\/uploads\/sites\/45\/2023\/04\/4.-CHEMA-PADRES-MANZANO-2-1024x1024.jpg","datePublished":"2023-04-20T09:47:08+00:00","dateModified":"2023-06-07T10:16:29+00:00","breadcrumb":{"@id":"https:\/\/agrupacionespsoe.es\/castello\/grupo-municipal-socialista\/jose-maria-prades-manzano\/#breadcrumb"},"inLanguage":"es","potentialAction":[{"@type":"ReadAction","target":["https:\/\/agrupacionespsoe.es\/castello\/grupo-municipal-socialista\/jose-maria-prades-manzano\/"]}]},{"@type":"ImageObject","inLanguage":"es","@id":"https:\/\/agrupacionespsoe.es\/castello\/grupo-municipal-socialista\/jose-maria-prades-manzano\/#primaryimage","url":"https:\/\/agrupacionespsoe.es\/castello\/wp-content\/uploads\/sites\/45\/2023\/04\/4.-CHEMA-PADRES-MANZANO-2-scaled.jpg","contentUrl":"https:\/\/agrupacionespsoe.es\/castello\/wp-content\/uploads\/sites\/45\/2023\/04\/4.-CHEMA-PADRES-MANZANO-2-scaled.jpg","width":2560,"height":2560},{"@type":"BreadcrumbList","@id":"https:\/\/agrupacionespsoe.es\/castello\/grupo-municipal-socialista\/jose-maria-prades-manzano\/#breadcrumb","itemListElement":[{"@type":"ListItem","position":1,"name":"Portada","item":"https:\/\/agrupacionespsoe.es\/castello\/"},{"@type":"ListItem","position":2,"name":"Grupo Municipal Socialista","item":"https:\/\/agrupacionespsoe.es\/castello\/grupo-municipal-socialista\/"},{"@type":"ListItem","position":3,"name":"04. Jos\u00e9 Mar\u00eda Prades Manzano"}]},{"@type":"WebSite","@id":"https:\/\/agrupacionespsoe.es\/castello\/#website","url":"https:\/\/agrupacionespsoe.es\/castello\/","name":"PSPV-PSOE CASTELL\u00d3","description":"PSPV-PSOE | Agrupaci\u00f3 de Castell\u00f3","publisher":{"@id":"https:\/\/agrupacionespsoe.es\/castello\/#organization"},"potentialAction":[{"@type":"SearchAction","target":{"@type":"EntryPoint","urlTemplate":"https:\/\/agrupacionespsoe.es\/castello\/?s={search_term_string}"},"query-input":{"@type":"PropertyValueSpecification","valueRequired":true,"valueName":"search_term_string"}}],"inLanguage":"es"},{"@type":"Organization","@id":"https:\/\/agrupacionespsoe.es\/castello\/#organization","name":"PSPV-PSOE Castell\u00f3","url":"https:\/\/agrupacionespsoe.es\/castello\/","logo":{"@type":"ImageObject","inLanguage":"es","@id":"https:\/\/agrupacionespsoe.es\/castello\/#\/schema\/logo\/image\/","url":"https:\/\/agrupacionespsoe.es\/castello\/wp-content\/uploads\/sites\/45\/2023\/04\/PORTADA-PSOE-CASTELLO.jpg","contentUrl":"https:\/\/agrupacionespsoe.es\/castello\/wp-content\/uploads\/sites\/45\/2023\/04\/PORTADA-PSOE-CASTELLO.jpg","width":2500,"height":2500,"caption":"PSPV-PSOE Castell\u00f3"},"image":{"@id":"https:\/\/agrupacionespsoe.es\/castello\/#\/schema\/logo\/image\/"},"sameAs":["https:\/\/www.facebook.com\/pspv.castellodelaplana","https:\/\/x.com\/pspv_cs","https:\/\/www.instagram.com\/pspvpsoecastello\/"]}]}},"jetpack_sharing_enabled":true,"_links":{"self":[{"href":"https:\/\/agrupacionespsoe.es\/castello\/wp-json\/wp\/v2\/pages\/730","targetHints":{"allow":["GET"]}}],"collection":[{"href":"https:\/\/agrupacionespsoe.es\/castello\/wp-json\/wp\/v2\/pages"}],"about":[{"href":"https:\/\/agrupacionespsoe.es\/castello\/wp-json\/wp\/v2\/types\/page"}],"author":[{"embeddable":true,"href":"https:\/\/agrupacionespsoe.es\/castello\/wp-json\/wp\/v2\/users\/48"}],"replies":[{"embeddable":true,"href":"https:\/\/agrupacionespsoe.es\/castello\/wp-json\/wp\/v2\/comments?post=730"}],"version-history":[{"count":9,"href":"https:\/\/agrupacionespsoe.es\/castello\/wp-json\/wp\/v2\/pages\/730\/revisions"}],"predecessor-version":[{"id":2390,"href":"https:\/\/agrupacionespsoe.es\/castello\/wp-json\/wp\/v2\/pages\/730\/revisions\/2390"}],"up":[{"embeddable":true,"href":"https:\/\/agrupacionespsoe.es\/castello\/wp-json\/wp\/v2\/pages\/1806"}],"wp:attachment":[{"href":"https:\/\/agrupacionespsoe.es\/castello\/wp-json\/wp\/v2\/media?parent=730"}],"curies":[{"name":"wp","href":"https:\/\/api.w.org\/{rel}","templated":true}]}}