{"id":692,"date":"2023-04-19T17:53:14","date_gmt":"2023-04-19T15:53:14","guid":{"rendered":"https:\/\/agrupacionespsoe.es\/castello\/?page_id=692"},"modified":"2023-08-10T10:00:21","modified_gmt":"2023-08-10T08:00:21","slug":"candidatura-completa","status":"publish","type":"page","link":"https:\/\/agrupacionespsoe.es\/castello\/grupo-municipal-socialista\/candidatura-completa\/","title":{"rendered":"Candidatura completa"},"content":{"rendered":"\n<div style=\"height:40px\" aria-hidden=\"true\" class=\"wp-block-spacer\"><\/div>\n\n\n\n<p class=\"has-text-align-center has-large-font-size\"><strong>Candidatura completa<\/strong><\/p>\n\n\n\n<hr class=\"wp-block-separator has-alpha-channel-opacity\" \/>\n\n\n\n<div style=\"height:32px\" aria-hidden=\"true\" class=\"wp-block-spacer\"><\/div>\n\n\n\n<div class=\"wp-block-group is-layout-constrained wp-block-group-is-layout-constrained\">\n<div class=\"wp-block-columns is-not-stacked-on-mobile is-layout-flex wp-container-core-columns-is-layout-1 wp-block-columns-is-layout-flex\">\n<div class=\"wp-block-column is-layout-flow wp-block-column-is-layout-flow\" style=\"flex-basis:20%\">\n<div style=\"height:20px\" aria-hidden=\"true\" class=\"wp-block-spacer\"><\/div>\n<\/div>\n\n\n\n<div class=\"wp-block-column is-layout-flow wp-block-column-is-layout-flow\" style=\"padding-top:0;padding-right:0;padding-bottom:0;padding-left:0;flex-basis:70%\">\n<p class=\"has-text-align-left\"><a href=\"https:\/\/agrupacionespsoe.es\/castello\/grupo-municipal-socialista\/amparo-marco-gual\/\" target=\"_blank\" rel=\"noreferrer noopener\">1. Amparo Marco Gual<\/a><\/p>\n\n\n\n<p><a href=\"https:\/\/agrupacionespsoe.es\/castello\/grupo-municipal-socialista\/jose-luis-lopez-ibanez\/\" target=\"_blank\" rel=\"noreferrer noopener\">2. Jos\u00e9 Luis L\u00f3pez Ib\u00e1\u00f1ez<\/a><\/p>\n\n\n\n<p><a href=\"https:\/\/agrupacionespsoe.es\/castello\/grupo-municipal-socialista\/patricia-puerta-barbera\/\" target=\"_blank\" rel=\"noreferrer noopener\">3. Patricia Puerta Barber\u00e1<\/a><\/p>\n\n\n\n<p><a href=\"https:\/\/agrupacionespsoe.es\/castello\/grupo-municipal-socialista\/jose-maria-prades-manzano\/\" target=\"_blank\" rel=\"noreferrer noopener\">4. Jos\u00e9 Mar\u00eda Prades Manzano<\/a><\/p>\n\n\n\n<p><a href=\"https:\/\/agrupacionespsoe.es\/castello\/grupo-municipal-socialista\/anunciacion-lainez-castel\/\" target=\"_blank\" rel=\"noreferrer noopener\">5. Anunciaci\u00f3n Lainez Castel<\/a><\/p>\n\n\n\n<p><a href=\"https:\/\/agrupacionespsoe.es\/castello\/grupo-municipal-socialista\/jorge-ribes-vicente\/\" target=\"_blank\" rel=\"noreferrer noopener\">6. Jorge Ribes Vicente<\/a><\/p>\n\n\n\n<p><a href=\"https:\/\/agrupacionespsoe.es\/castello\/grupo-municipal-socialista\/mary-carmen-ribera-soriano\/\" target=\"_blank\" rel=\"noreferrer noopener\">7. Mary Carmen Ribera Soriano<\/a><\/p>\n\n\n\n<p><a href=\"https:\/\/agrupacionespsoe.es\/castello\/grupo-municipal-socialista\/joaquin-giner-pascual\/\" target=\"_blank\" rel=\"noreferrer noopener\">8. Joaqu\u00edn Giner Pascual<\/a><\/p>\n\n\n\n<p><a href=\"https:\/\/agrupacionespsoe.es\/castello\/grupo-municipal-socialista\/marinela-monica-barabas\/\" target=\"_blank\" rel=\"noreferrer noopener\">9. Marinela M\u00f3nica Barab\u00e1s<\/a><\/p>\n\n\n\n<p><a href=\"https:\/\/agrupacionespsoe.es\/castello\/grupo-municipal-socialista\/jose-segura-pallares\/\" target=\"_blank\" rel=\"noreferrer noopener\">10. Jos\u00e9 Segura Pallar\u00e9s<\/a><\/p>\n\n\n\n<p><a href=\"https:\/\/agrupacionespsoe.es\/castello\/grupo-municipal-socialista\/pilar-escuder-mollon\/\" target=\"_blank\" rel=\"noreferrer noopener\">11. Pilar Escuder Moll\u00f3n<\/a><\/p>\n\n\n\n<p><a href=\"https:\/\/agrupacionespsoe.es\/castello\/grupo-municipal-socialista\/salvador-hugo-lopez-bernado\/\" target=\"_blank\" rel=\"noreferrer noopener\">12. Salvador Hugo L\u00f3pez Bernad\u00f3<\/a><\/p>\n\n\n\n<p><a href=\"https:\/\/agrupacionespsoe.es\/castello\/grupo-municipal-socialista\/sofia-camanes-soler\/\" target=\"_blank\" rel=\"noreferrer noopener\">13. Sof\u00eda Cama\u00f1es Soler<\/a><\/p>\n\n\n\n<p><a href=\"https:\/\/agrupacionespsoe.es\/castello\/grupo-municipal-socialista\/jaime-garcia-vivas\/\" target=\"_blank\" rel=\"noreferrer noopener\">14. Jaime Garc\u00eda Vivas<\/a><\/p>\n\n\n\n<p><a href=\"https:\/\/agrupacionespsoe.es\/castello\/grupo-municipal-socialista\/isabel-granero-moya\/\" target=\"_blank\" rel=\"noreferrer noopener\">15. Isabel Granero Moya<\/a><\/p>\n\n\n\n<p><a href=\"https:\/\/agrupacionespsoe.es\/castello\/grupo-municipal-socialista\/manuel-garcia-sanchez\/\" target=\"_blank\" rel=\"noreferrer noopener\">16. Manuel Garc\u00eda S\u00e1nchez<\/a><\/p>\n\n\n\n<p><a href=\"https:\/\/agrupacionespsoe.es\/castello\/grupo-municipal-socialista\/gema-soriano-barcelo\/\" target=\"_blank\" rel=\"noreferrer noopener\">17. Gema Soriano Barcel\u00f3<\/a><\/p>\n\n\n\n<p><a href=\"https:\/\/agrupacionespsoe.es\/castello\/grupo-municipal-socialista\/jose-miguel-rebollo-de-la-rosa\/\" target=\"_blank\" rel=\"noreferrer noopener\">18. Jos\u00e9 Miguel Rebollo de la Rosa<\/a><\/p>\n\n\n\n<p><a href=\"https:\/\/agrupacionespsoe.es\/castello\/grupo-municipal-socialista\/valeria-torregrosa-martinez\/\" target=\"_blank\" rel=\"noreferrer noopener\">19. Valeria Torregrosa Mart\u00ednez<\/a><\/p>\n\n\n\n<p><a href=\"https:\/\/agrupacionespsoe.es\/castello\/grupo-municipal-socialista\/asensio-magraner-sanchis\/\" target=\"_blank\" rel=\"noreferrer noopener\">20. Asensio Magraner Sanch\u00eds<\/a><\/p>\n\n\n\n<p><a href=\"https:\/\/agrupacionespsoe.es\/castello\/grupo-municipal-socialista\/andrea-constanta-roman\/\" target=\"_blank\" rel=\"noreferrer noopener\">21. Andreea Constanta Rom\u00e1n<\/a><\/p>\n\n\n\n<p><a href=\"https:\/\/agrupacionespsoe.es\/castello\/grupo-municipal-socialista\/antonio-alcaniz-jover\/\" target=\"_blank\" rel=\"noreferrer noopener\">22. Antonio Alca\u00f1iz Jover<\/a><\/p>\n\n\n\n<p><a href=\"https:\/\/agrupacionespsoe.es\/castello\/grupo-municipal-socialista\/barbara-murria-garcia\/\" target=\"_blank\" rel=\"noreferrer noopener\">23. B\u00e1rbara M\u00farria Garc\u00eda<\/a><\/p>\n\n\n\n<p><a href=\"https:\/\/agrupacionespsoe.es\/castello\/grupo-municipal-socialista\/raul-galvan-lopez\/\" target=\"_blank\" rel=\"noreferrer noopener\">24. Ra\u00fal Galv\u00e1n L\u00f3pez<\/a><\/p>\n\n\n\n<p><a href=\"https:\/\/agrupacionespsoe.es\/castello\/grupo-municipal-socialista\/asuncion-garcia-igual\/\" target=\"_blank\" rel=\"noreferrer noopener\">25. Asunci\u00f3n Garc\u00eda Igual<\/a><\/p>\n\n\n\n<p><a href=\"https:\/\/agrupacionespsoe.es\/castello\/grupo-municipal-socialista\/casto-moya-macias\/\" target=\"_blank\" rel=\"noreferrer noopener\">26. Casto Moya Mac\u00edas<\/a><\/p>\n\n\n\n<p><a href=\"https:\/\/agrupacionespsoe.es\/castello\/grupo-municipal-socialista\/soledad-sorribes-martinez\/\" target=\"_blank\" rel=\"noreferrer noopener\">27. Soledad Sorribes Mart\u00ednez<\/a><\/p>\n\n\n\n<div style=\"height:19px\" aria-hidden=\"true\" class=\"wp-block-spacer\"><\/div>\n\n\n\n<p><a href=\"https:\/\/agrupacionespsoe.es\/castello\/grupo-municipal-socialista\/manolo-pegueroles-belmonte\/\" target=\"_blank\" rel=\"noreferrer noopener\">S1. Manolo Pegueroles Belmonte<\/a><\/p>\n\n\n\n<p><a href=\"https:\/\/agrupacionespsoe.es\/castello\/grupo-municipal-socialista\/lourdes-gimeno-guillen\/\" target=\"_blank\" rel=\"noreferrer noopener\">S2. Lourdes Gimeno Guill\u00e9n<\/a><\/p>\n\n\n\n<p><a href=\"https:\/\/agrupacionespsoe.es\/castello\/grupo-municipal-socialista\/omar-braina-bou\/\" target=\"_blank\" rel=\"noreferrer noopener\">S3. Omar Braina Bou<\/a><\/p>\n<\/div>\n<\/div>\n<\/div>\n","protected":false},"excerpt":{"rendered":"<p>Candidatura completa 1. Amparo Marco Gual 2. Jos\u00e9 Luis L\u00f3pez Ib\u00e1\u00f1ez 3. Patricia Puerta Barber\u00e1 4. Jos\u00e9 Mar\u00eda Prades Manzano 5. Anunciaci\u00f3n Lainez Castel 6. Jorge Ribes Vicente 7. Mary Carmen Ribera Soriano 8. Joaqu\u00edn Giner Pascual 9. Marinela M\u00f3nica Barab\u00e1s 10. Jos\u00e9 Segura Pallar\u00e9s 11. Pilar Escuder Moll\u00f3n 12. Salvador Hugo L\u00f3pez Bernad\u00f3 13. &#8230;<\/p>\n","protected":false},"author":48,"featured_media":0,"parent":1806,"menu_order":0,"comment_status":"closed","ping_status":"closed","template":"","meta":{"footnotes":""},"class_list":["post-692","page","type-page","status-publish","hentry"],"yoast_head":"<!-- This site is optimized with the Yoast SEO plugin v24.0 - https:\/\/yoast.com\/wordpress\/plugins\/seo\/ -->\n<title>Candidatura completa - PSPV-PSOE CASTELL\u00d3<\/title>\n<meta name=\"robots\" content=\"index, follow, max-snippet:-1, max-image-preview:large, max-video-preview:-1\" \/>\n<link rel=\"canonical\" href=\"https:\/\/agrupacionespsoe.es\/castello\/grupo-municipal-socialista\/candidatura-completa\/\" \/>\n<meta property=\"og:locale\" content=\"es_ES\" \/>\n<meta property=\"og:type\" content=\"article\" \/>\n<meta property=\"og:title\" content=\"Candidatura completa - PSPV-PSOE CASTELL\u00d3\" \/>\n<meta property=\"og:description\" content=\"Candidatura completa 1. Amparo Marco Gual 2. Jos\u00e9 Luis L\u00f3pez Ib\u00e1\u00f1ez 3. Patricia Puerta Barber\u00e1 4. Jos\u00e9 Mar\u00eda Prades Manzano 5. Anunciaci\u00f3n Lainez Castel 6. Jorge Ribes Vicente 7. Mary Carmen Ribera Soriano 8. Joaqu\u00edn Giner Pascual 9. Marinela M\u00f3nica Barab\u00e1s 10. Jos\u00e9 Segura Pallar\u00e9s 11. Pilar Escuder Moll\u00f3n 12. Salvador Hugo L\u00f3pez Bernad\u00f3 13. ...\" \/>\n<meta property=\"og:url\" content=\"https:\/\/agrupacionespsoe.es\/castello\/grupo-municipal-socialista\/candidatura-completa\/\" \/>\n<meta property=\"og:site_name\" content=\"PSPV-PSOE CASTELL\u00d3\" \/>\n<meta property=\"article:publisher\" content=\"https:\/\/www.facebook.com\/pspv.castellodelaplana\" \/>\n<meta property=\"article:modified_time\" content=\"2023-08-10T08:00:21+00:00\" \/>\n<meta name=\"twitter:card\" content=\"summary_large_image\" \/>\n<meta name=\"twitter:site\" content=\"@pspv_cs\" \/>\n<meta name=\"twitter:label1\" content=\"Tiempo de lectura\" \/>\n\t<meta name=\"twitter:data1\" content=\"1 minuto\" \/>\n<script type=\"application\/ld+json\" class=\"yoast-schema-graph\">{\"@context\":\"https:\/\/schema.org\",\"@graph\":[{\"@type\":\"WebPage\",\"@id\":\"https:\/\/agrupacionespsoe.es\/castello\/grupo-municipal-socialista\/candidatura-completa\/\",\"url\":\"https:\/\/agrupacionespsoe.es\/castello\/grupo-municipal-socialista\/candidatura-completa\/\",\"name\":\"Candidatura completa - PSPV-PSOE CASTELL\u00d3\",\"isPartOf\":{\"@id\":\"https:\/\/agrupacionespsoe.es\/castello\/#website\"},\"datePublished\":\"2023-04-19T15:53:14+00:00\",\"dateModified\":\"2023-08-10T08:00:21+00:00\",\"breadcrumb\":{\"@id\":\"https:\/\/agrupacionespsoe.es\/castello\/grupo-municipal-socialista\/candidatura-completa\/#breadcrumb\"},\"inLanguage\":\"es\",\"potentialAction\":[{\"@type\":\"ReadAction\",\"target\":[\"https:\/\/agrupacionespsoe.es\/castello\/grupo-municipal-socialista\/candidatura-completa\/\"]}]},{\"@type\":\"BreadcrumbList\",\"@id\":\"https:\/\/agrupacionespsoe.es\/castello\/grupo-municipal-socialista\/candidatura-completa\/#breadcrumb\",\"itemListElement\":[{\"@type\":\"ListItem\",\"position\":1,\"name\":\"Portada\",\"item\":\"https:\/\/agrupacionespsoe.es\/castello\/\"},{\"@type\":\"ListItem\",\"position\":2,\"name\":\"Grupo Municipal Socialista\",\"item\":\"https:\/\/agrupacionespsoe.es\/castello\/grupo-municipal-socialista\/\"},{\"@type\":\"ListItem\",\"position\":3,\"name\":\"Candidatura completa\"}]},{\"@type\":\"WebSite\",\"@id\":\"https:\/\/agrupacionespsoe.es\/castello\/#website\",\"url\":\"https:\/\/agrupacionespsoe.es\/castello\/\",\"name\":\"PSPV-PSOE CASTELL\u00d3\",\"description\":\"PSPV-PSOE | Agrupaci\u00f3 de Castell\u00f3\",\"publisher\":{\"@id\":\"https:\/\/agrupacionespsoe.es\/castello\/#organization\"},\"potentialAction\":[{\"@type\":\"SearchAction\",\"target\":{\"@type\":\"EntryPoint\",\"urlTemplate\":\"https:\/\/agrupacionespsoe.es\/castello\/?s={search_term_string}\"},\"query-input\":{\"@type\":\"PropertyValueSpecification\",\"valueRequired\":true,\"valueName\":\"search_term_string\"}}],\"inLanguage\":\"es\"},{\"@type\":\"Organization\",\"@id\":\"https:\/\/agrupacionespsoe.es\/castello\/#organization\",\"name\":\"PSPV-PSOE Castell\u00f3\",\"url\":\"https:\/\/agrupacionespsoe.es\/castello\/\",\"logo\":{\"@type\":\"ImageObject\",\"inLanguage\":\"es\",\"@id\":\"https:\/\/agrupacionespsoe.es\/castello\/#\/schema\/logo\/image\/\",\"url\":\"https:\/\/agrupacionespsoe.es\/castello\/wp-content\/uploads\/sites\/45\/2023\/04\/PORTADA-PSOE-CASTELLO.jpg\",\"contentUrl\":\"https:\/\/agrupacionespsoe.es\/castello\/wp-content\/uploads\/sites\/45\/2023\/04\/PORTADA-PSOE-CASTELLO.jpg\",\"width\":2500,\"height\":2500,\"caption\":\"PSPV-PSOE Castell\u00f3\"},\"image\":{\"@id\":\"https:\/\/agrupacionespsoe.es\/castello\/#\/schema\/logo\/image\/\"},\"sameAs\":[\"https:\/\/www.facebook.com\/pspv.castellodelaplana\",\"https:\/\/x.com\/pspv_cs\",\"https:\/\/www.instagram.com\/pspvpsoecastello\/\"]}]}<\/script>\n<!-- \/ Yoast SEO plugin. -->","yoast_head_json":{"title":"Candidatura completa - PSPV-PSOE CASTELL\u00d3","robots":{"index":"index","follow":"follow","max-snippet":"max-snippet:-1","max-image-preview":"max-image-preview:large","max-video-preview":"max-video-preview:-1"},"canonical":"https:\/\/agrupacionespsoe.es\/castello\/grupo-municipal-socialista\/candidatura-completa\/","og_locale":"es_ES","og_type":"article","og_title":"Candidatura completa - PSPV-PSOE CASTELL\u00d3","og_description":"Candidatura completa 1. Amparo Marco Gual 2. Jos\u00e9 Luis L\u00f3pez Ib\u00e1\u00f1ez 3. Patricia Puerta Barber\u00e1 4. Jos\u00e9 Mar\u00eda Prades Manzano 5. Anunciaci\u00f3n Lainez Castel 6. Jorge Ribes Vicente 7. Mary Carmen Ribera Soriano 8. Joaqu\u00edn Giner Pascual 9. Marinela M\u00f3nica Barab\u00e1s 10. Jos\u00e9 Segura Pallar\u00e9s 11. Pilar Escuder Moll\u00f3n 12. Salvador Hugo L\u00f3pez Bernad\u00f3 13. ...","og_url":"https:\/\/agrupacionespsoe.es\/castello\/grupo-municipal-socialista\/candidatura-completa\/","og_site_name":"PSPV-PSOE CASTELL\u00d3","article_publisher":"https:\/\/www.facebook.com\/pspv.castellodelaplana","article_modified_time":"2023-08-10T08:00:21+00:00","twitter_card":"summary_large_image","twitter_site":"@pspv_cs","twitter_misc":{"Tiempo de lectura":"1 minuto"},"schema":{"@context":"https:\/\/schema.org","@graph":[{"@type":"WebPage","@id":"https:\/\/agrupacionespsoe.es\/castello\/grupo-municipal-socialista\/candidatura-completa\/","url":"https:\/\/agrupacionespsoe.es\/castello\/grupo-municipal-socialista\/candidatura-completa\/","name":"Candidatura completa - PSPV-PSOE CASTELL\u00d3","isPartOf":{"@id":"https:\/\/agrupacionespsoe.es\/castello\/#website"},"datePublished":"2023-04-19T15:53:14+00:00","dateModified":"2023-08-10T08:00:21+00:00","breadcrumb":{"@id":"https:\/\/agrupacionespsoe.es\/castello\/grupo-municipal-socialista\/candidatura-completa\/#breadcrumb"},"inLanguage":"es","potentialAction":[{"@type":"ReadAction","target":["https:\/\/agrupacionespsoe.es\/castello\/grupo-municipal-socialista\/candidatura-completa\/"]}]},{"@type":"BreadcrumbList","@id":"https:\/\/agrupacionespsoe.es\/castello\/grupo-municipal-socialista\/candidatura-completa\/#breadcrumb","itemListElement":[{"@type":"ListItem","position":1,"name":"Portada","item":"https:\/\/agrupacionespsoe.es\/castello\/"},{"@type":"ListItem","position":2,"name":"Grupo Municipal Socialista","item":"https:\/\/agrupacionespsoe.es\/castello\/grupo-municipal-socialista\/"},{"@type":"ListItem","position":3,"name":"Candidatura completa"}]},{"@type":"WebSite","@id":"https:\/\/agrupacionespsoe.es\/castello\/#website","url":"https:\/\/agrupacionespsoe.es\/castello\/","name":"PSPV-PSOE CASTELL\u00d3","description":"PSPV-PSOE | Agrupaci\u00f3 de Castell\u00f3","publisher":{"@id":"https:\/\/agrupacionespsoe.es\/castello\/#organization"},"potentialAction":[{"@type":"SearchAction","target":{"@type":"EntryPoint","urlTemplate":"https:\/\/agrupacionespsoe.es\/castello\/?s={search_term_string}"},"query-input":{"@type":"PropertyValueSpecification","valueRequired":true,"valueName":"search_term_string"}}],"inLanguage":"es"},{"@type":"Organization","@id":"https:\/\/agrupacionespsoe.es\/castello\/#organization","name":"PSPV-PSOE Castell\u00f3","url":"https:\/\/agrupacionespsoe.es\/castello\/","logo":{"@type":"ImageObject","inLanguage":"es","@id":"https:\/\/agrupacionespsoe.es\/castello\/#\/schema\/logo\/image\/","url":"https:\/\/agrupacionespsoe.es\/castello\/wp-content\/uploads\/sites\/45\/2023\/04\/PORTADA-PSOE-CASTELLO.jpg","contentUrl":"https:\/\/agrupacionespsoe.es\/castello\/wp-content\/uploads\/sites\/45\/2023\/04\/PORTADA-PSOE-CASTELLO.jpg","width":2500,"height":2500,"caption":"PSPV-PSOE Castell\u00f3"},"image":{"@id":"https:\/\/agrupacionespsoe.es\/castello\/#\/schema\/logo\/image\/"},"sameAs":["https:\/\/www.facebook.com\/pspv.castellodelaplana","https:\/\/x.com\/pspv_cs","https:\/\/www.instagram.com\/pspvpsoecastello\/"]}]}},"jetpack_sharing_enabled":true,"_links":{"self":[{"href":"https:\/\/agrupacionespsoe.es\/castello\/wp-json\/wp\/v2\/pages\/692","targetHints":{"allow":["GET"]}}],"collection":[{"href":"https:\/\/agrupacionespsoe.es\/castello\/wp-json\/wp\/v2\/pages"}],"about":[{"href":"https:\/\/agrupacionespsoe.es\/castello\/wp-json\/wp\/v2\/types\/page"}],"author":[{"embeddable":true,"href":"https:\/\/agrupacionespsoe.es\/castello\/wp-json\/wp\/v2\/users\/48"}],"replies":[{"embeddable":true,"href":"https:\/\/agrupacionespsoe.es\/castello\/wp-json\/wp\/v2\/comments?post=692"}],"version-history":[{"count":26,"href":"https:\/\/agrupacionespsoe.es\/castello\/wp-json\/wp\/v2\/pages\/692\/revisions"}],"predecessor-version":[{"id":2077,"href":"https:\/\/agrupacionespsoe.es\/castello\/wp-json\/wp\/v2\/pages\/692\/revisions\/2077"}],"up":[{"embeddable":true,"href":"https:\/\/agrupacionespsoe.es\/castello\/wp-json\/wp\/v2\/pages\/1806"}],"wp:attachment":[{"href":"https:\/\/agrupacionespsoe.es\/castello\/wp-json\/wp\/v2\/media?parent=692"}],"curies":[{"name":"wp","href":"https:\/\/api.w.org\/{rel}","templated":true}]}}