{"id":5,"date":"2022-10-04T12:51:17","date_gmt":"2022-10-04T12:51:17","guid":{"rendered":"https:\/\/agrupacionespsoe.es\/cadiz\/agenda\/"},"modified":"2023-11-07T10:00:27","modified_gmt":"2023-11-07T10:00:27","slug":"agenda","status":"publish","type":"page","link":"https:\/\/agrupacionespsoe.es\/cadiz\/agenda\/","title":{"rendered":"agenda"},"content":{"rendered":"<section class=\"relative md:py-[100px] 2xl:py-0 md:flex md:items-stretch md:min-h-[75vh] 2xl:min-h-[45vh] \">\n    <div class=\"grow psoe-container 2xl:mx-0\">\n        <div class=\"md:flex gap-2 items-center 2xl:ml-[160px] h-full\">\n            <div class=\"p-6 md:p-4 lg:p-0 md:pr-10 lg:pr-10 mb-5 md:mb-0   md:basis-1\/2 2xl:basis-3\/4\">\n                                    <p class=\"mb-5 text-primary uppercase font-bold\">PREVISIONES<\/p>\n                \n                                    <h1 class=\"text-3xl lg:text-5xl font-bold !leading-tight\">AGENDA<\/h1>\n                \n                                    <div class=\"mb-5 !leading-normal\">\n                        <p>Aqu\u00ed ver\u00e1s todas las previsiones de la Agrupaci\u00f3n Socialista de C\u00e1diz.<\/p>\n<p>Consulta el calendario para ver m\u00e1s eventos.<\/p>\n\n                    <\/div>\n                \n                            <\/div>\n                                                <img decoding=\"async\" loading=\"lazy\" src=\"https:\/\/agrupacionespsoe.es\/wp-content\/uploads\/2022\/09\/agrupaciones-sedes-5.jpg\" class=\"md:m-0 md:absolute md:left-[50%] md:top-0 md:bottom-0 md:right-0 2xl:static 2xl:left-auto md:!w-[50%] 2xl:!w-[700px] md:!h-full md:object-cover\" \/>\n                                    <\/div>\n    <\/div>\n<\/section>\n\n\n<section class=\"py-12\" x-data=\"agendaSection(null, '', '', '', '')\">\n    <div class=\"max-w-screen-lg mx-auto\">\n\n        <div class=\"text-center mb-5 lg:mb-10 px-6 lg:p-0\">\n            \n            \n                    <\/div>\n\n        <div class=\"flex items-center flex-wrap justify-center mb-5 px-6 lg:px-0\">\n            <div class=\"flatpickr md:flex items-center px-2 mb-2 basis-1\/2 md:basis-[auto]\">\n                <label for=\"search-from\" class=\"mr-2\">Desde<\/label>\n                <div class=\"flex items-center p-1 bg-primary\">\n                    <a class=\"input-button\" title=\"toggle\" style=\"flex: 0 0 40px\" data-toggle>\n                        <img decoding=\"async\" role=\"button\" class=\"!my-0 bg-white p-1\" width=\"40\" src=\"https:\/\/agrupacionespsoe.es\/cadiz\/wp-content\/themes\/psoe-agrupaciones-theme\/public\/calendar-gris.fba35a.svg\" alt=\"\">\n                    <\/a>\n                    <input type=\"text\" id=\"search-from\" class=\"grow w-28 bg-primary placeholder-white text-center text-white p-2 outline-0 !outline-none focus:!outline-0 !outline-none\" name=\"from\" value=\"\" @change=\"changeDates( 'from', $event.target.value )\" placeholder=\"Elige fecha\" data-input>\n                <\/div>\n            <\/div>\n\n            <div class=\"flatpickr md:flex items-center px-2 mb-2 basis-1\/2 md:basis-[auto]\">\n                <label for=\"search-to\" class=\"mr-2\">Hasta<\/label>\n                <div class=\"flex items-center p-1 bg-primary\">\n                    <a class=\"input-button\" title=\"toggle\" style=\"flex: 0 0 40px\" data-toggle>\n                        <img decoding=\"async\" role=\"button\" class=\"!my-0 bg-white p-1\" width=\"40\" src=\"https:\/\/agrupacionespsoe.es\/cadiz\/wp-content\/themes\/psoe-agrupaciones-theme\/public\/calendar-gris.fba35a.svg\" alt=\"\">\n                    <\/a>\n                    <input type=\"text\" id=\"search-to\" class=\"grow w-28 bg-primary placeholder-white text-center text-white p-2 outline-0 !outline-none focus:!outline-0 !outline-none\" name=\"to\" value=\"\" @change=\"changeDates( 'to', $event.target.value )\" placeholder=\"Elige fecha\" data-input>\n                <\/div>\n            <\/div>\n        <\/div>\n\n    <\/div>\n\n\n    <div class=\"max-w-screen-lg mx-auto\">\n\n        <div x-cloak x-show=\"maxNumPages == false\">\n            <p class=\"text-xl text-center px-6 lg:p-0\">No hay eventos disponibles<\/p>\n        <\/div>\n\n        <div class=\"md:grid md:grid-cols-2 px-6 md:p-0\">\n\n            <template x-for=\"(post, index) in posts[page]\" :key=\"index\">\n                <div x-show=\"post.agenda_title\" class=\"px-2 py-6 border-t md:flex flex-warp gap-4 items-center justify-around\">\n                    <div class=\"w-[90px] max-w-[90px] pr-1 border-r\" :class=\"(Date.parse(post.agenda_datetime) < now ) ? 'border-slate-400' : 'border-primary'\" style=\"flex: 0 0 90px\">\n                        <div class=\"p-2 text-center\" :class=\"(Date.parse(post.agenda_datetime) < now ) ? 'bg-slate-400' : 'bg-primary'\">\n                            <time class=\"text-white font-bold !my-0 text-sm\" x-text=\"post.agenda_datetime_1\"><\/time>\n                            <hr class=\"my-0\">\n                            <time class=\"text-white font-bold !my-0 text-sm\" x-text=\"post.agenda_datetime_2\"><\/time>\n                        <\/div>\n                    <\/div>\n\n                    <a class=\"md:grow p-2\" :class=\"!post.agenda_url ? 'cursor-default' : ''\" :href=\"post.agenda_url ? post.agenda_url : 'javascript:void(0)'\" :target=\"post.agenda_url ? '_blank' : ''\">\n                        <h3 class=\"text-base font-bold !my-2 !leading-normal\" x-text=\"post.agenda_title\"><\/h3>\n                    <\/a>\n                <\/div>\n            <\/template>\n\n        <\/div>\n\n        <div x-cloak x-show=\"hasPagination()\" class=\"flex flex-wrap\">\n            <button class=\"text-sm pr-1 mx-1\" type=\"button\" @click=\"goToPage(1)\">\n                <svg class=\"h-4 w-4 text-body\" width=\"24\" height=\"24\" viewBox=\"0 0 24 24\" fill=\"none\" stroke=\"currentColor\" stroke-width=\"2\" stroke-linecap=\"round\" stroke-linejoin=\"round\">\n                    <polygon points=\"19 20 9 12 19 4 19 20\"><\/polygon>\n                    <line x1=\"5\" y1=\"19\" x2=\"5\" y2=\"5\"><\/line>\n                <\/svg>\n            <\/button>\n\n            <button class=\"text-sm px-1 mx-1\" type=\"button\" @click=\"goToPage(Math.max(1, page-1))\">Anterior<\/button>\n\n            <template x-for=\"i in parseInt(maxNumPages)\" :key=\"i\">\n                <button x-show=\"((page-i < 3) &#038;&#038; (i-page < 3))\" class=\"text-sm px-2 py-1 mx-1\" :class=\"i == page ? 'bg-primary text-white' : ''\" type=\"button\" x-text=\"i\" @click=\"goToPage(i)\"><\/button>\n            <\/template>\n\n            <button class=\"text-sm px-1 mx-1\" type=\"button\" @click=\"goToPage(Math.min(maxNumPages, page+1))\">Siguiente<\/button>\n\n            <button class=\"text-sm pl-1 mx-1\" type=\"button\" @click=\"goToPage(maxNumPages)\">\n                <svg class=\"h-4 w-4 text-body\" width=\"24\" height=\"24\" viewBox=\"0 0 24 24\" fill=\"none\" stroke=\"currentColor\" stroke-width=\"2\" stroke-linecap=\"round\" stroke-linejoin=\"round\">\n                    <polygon points=\"5 4 15 12 5 20 5 4\"><\/polygon>\n                    <line x1=\"19\" y1=\"5\" x2=\"19\" y2=\"19\"><\/line>\n                <\/svg>\n            <\/button>\n        <\/div>\n\n    <\/div>\n\n<\/section>\n","protected":false},"excerpt":{"rendered":"","protected":false},"author":3,"featured_media":0,"parent":0,"menu_order":0,"comment_status":"closed","ping_status":"closed","template":"","meta":{"footnotes":""},"class_list":["post-5","page","type-page","status-publish","hentry"],"yoast_head":"<!-- This site is optimized with the Yoast SEO plugin v24.0 - https:\/\/yoast.com\/wordpress\/plugins\/seo\/ -->\n<title>agenda - Agrupaci\u00f3n Socialista de C\u00e1diz<\/title>\n<meta name=\"robots\" content=\"index, follow, max-snippet:-1, max-image-preview:large, max-video-preview:-1\" \/>\n<link rel=\"canonical\" href=\"https:\/\/agrupacionespsoe.es\/cadiz\/agenda\/\" \/>\n<meta property=\"og:locale\" content=\"es_ES\" \/>\n<meta property=\"og:type\" content=\"article\" \/>\n<meta property=\"og:title\" content=\"agenda - Agrupaci\u00f3n Socialista de C\u00e1diz\" \/>\n<meta property=\"og:url\" content=\"https:\/\/agrupacionespsoe.es\/cadiz\/agenda\/\" \/>\n<meta property=\"og:site_name\" content=\"Agrupaci\u00f3n Socialista de C\u00e1diz\" \/>\n<meta property=\"article:modified_time\" content=\"2023-11-07T10:00:27+00:00\" \/>\n<meta name=\"twitter:card\" content=\"summary_large_image\" \/>\n<script type=\"application\/ld+json\" class=\"yoast-schema-graph\">{\"@context\":\"https:\/\/schema.org\",\"@graph\":[{\"@type\":\"WebPage\",\"@id\":\"https:\/\/agrupacionespsoe.es\/cadiz\/agenda\/\",\"url\":\"https:\/\/agrupacionespsoe.es\/cadiz\/agenda\/\",\"name\":\"agenda - Agrupaci\u00f3n Socialista de C\u00e1diz\",\"isPartOf\":{\"@id\":\"https:\/\/agrupacionespsoe.es\/cadiz\/#website\"},\"datePublished\":\"2022-10-04T12:51:17+00:00\",\"dateModified\":\"2023-11-07T10:00:27+00:00\",\"breadcrumb\":{\"@id\":\"https:\/\/agrupacionespsoe.es\/cadiz\/agenda\/#breadcrumb\"},\"inLanguage\":\"es\",\"potentialAction\":[{\"@type\":\"ReadAction\",\"target\":[\"https:\/\/agrupacionespsoe.es\/cadiz\/agenda\/\"]}]},{\"@type\":\"BreadcrumbList\",\"@id\":\"https:\/\/agrupacionespsoe.es\/cadiz\/agenda\/#breadcrumb\",\"itemListElement\":[{\"@type\":\"ListItem\",\"position\":1,\"name\":\"Portada\",\"item\":\"https:\/\/agrupacionespsoe.es\/cadiz\/\"},{\"@type\":\"ListItem\",\"position\":2,\"name\":\"agenda\"}]},{\"@type\":\"WebSite\",\"@id\":\"https:\/\/agrupacionespsoe.es\/cadiz\/#website\",\"url\":\"https:\/\/agrupacionespsoe.es\/cadiz\/\",\"name\":\"Agrupaci\u00f3n Socialista de C\u00e1diz\",\"description\":\"Agrupaci\u00f3n Socialista de C\u00e1diz\",\"publisher\":{\"@id\":\"https:\/\/agrupacionespsoe.es\/cadiz\/#organization\"},\"potentialAction\":[{\"@type\":\"SearchAction\",\"target\":{\"@type\":\"EntryPoint\",\"urlTemplate\":\"https:\/\/agrupacionespsoe.es\/cadiz\/?s={search_term_string}\"},\"query-input\":{\"@type\":\"PropertyValueSpecification\",\"valueRequired\":true,\"valueName\":\"search_term_string\"}}],\"inLanguage\":\"es\"},{\"@type\":\"Organization\",\"@id\":\"https:\/\/agrupacionespsoe.es\/cadiz\/#organization\",\"name\":\"Agrupaci\u00f3n Socialista de C\u00e1diz\",\"url\":\"https:\/\/agrupacionespsoe.es\/cadiz\/\",\"logo\":{\"@type\":\"ImageObject\",\"inLanguage\":\"es\",\"@id\":\"https:\/\/agrupacionespsoe.es\/cadiz\/#\/schema\/logo\/image\/\",\"url\":\"https:\/\/agrupacionespsoe.es\/wp-content\/uploads\/2022\/07\/Logotipo_electoral_del_PSOE.png\",\"contentUrl\":\"https:\/\/agrupacionespsoe.es\/wp-content\/uploads\/2022\/07\/Logotipo_electoral_del_PSOE.png\",\"width\":422,\"height\":422,\"caption\":\"Agrupaci\u00f3n Socialista de C\u00e1diz\"},\"image\":{\"@id\":\"https:\/\/agrupacionespsoe.es\/cadiz\/#\/schema\/logo\/image\/\"}}]}<\/script>\n<!-- \/ Yoast SEO plugin. -->","yoast_head_json":{"title":"agenda - Agrupaci\u00f3n Socialista de C\u00e1diz","robots":{"index":"index","follow":"follow","max-snippet":"max-snippet:-1","max-image-preview":"max-image-preview:large","max-video-preview":"max-video-preview:-1"},"canonical":"https:\/\/agrupacionespsoe.es\/cadiz\/agenda\/","og_locale":"es_ES","og_type":"article","og_title":"agenda - Agrupaci\u00f3n Socialista de C\u00e1diz","og_url":"https:\/\/agrupacionespsoe.es\/cadiz\/agenda\/","og_site_name":"Agrupaci\u00f3n Socialista de C\u00e1diz","article_modified_time":"2023-11-07T10:00:27+00:00","twitter_card":"summary_large_image","schema":{"@context":"https:\/\/schema.org","@graph":[{"@type":"WebPage","@id":"https:\/\/agrupacionespsoe.es\/cadiz\/agenda\/","url":"https:\/\/agrupacionespsoe.es\/cadiz\/agenda\/","name":"agenda - Agrupaci\u00f3n Socialista de C\u00e1diz","isPartOf":{"@id":"https:\/\/agrupacionespsoe.es\/cadiz\/#website"},"datePublished":"2022-10-04T12:51:17+00:00","dateModified":"2023-11-07T10:00:27+00:00","breadcrumb":{"@id":"https:\/\/agrupacionespsoe.es\/cadiz\/agenda\/#breadcrumb"},"inLanguage":"es","potentialAction":[{"@type":"ReadAction","target":["https:\/\/agrupacionespsoe.es\/cadiz\/agenda\/"]}]},{"@type":"BreadcrumbList","@id":"https:\/\/agrupacionespsoe.es\/cadiz\/agenda\/#breadcrumb","itemListElement":[{"@type":"ListItem","position":1,"name":"Portada","item":"https:\/\/agrupacionespsoe.es\/cadiz\/"},{"@type":"ListItem","position":2,"name":"agenda"}]},{"@type":"WebSite","@id":"https:\/\/agrupacionespsoe.es\/cadiz\/#website","url":"https:\/\/agrupacionespsoe.es\/cadiz\/","name":"Agrupaci\u00f3n Socialista de C\u00e1diz","description":"Agrupaci\u00f3n Socialista de C\u00e1diz","publisher":{"@id":"https:\/\/agrupacionespsoe.es\/cadiz\/#organization"},"potentialAction":[{"@type":"SearchAction","target":{"@type":"EntryPoint","urlTemplate":"https:\/\/agrupacionespsoe.es\/cadiz\/?s={search_term_string}"},"query-input":{"@type":"PropertyValueSpecification","valueRequired":true,"valueName":"search_term_string"}}],"inLanguage":"es"},{"@type":"Organization","@id":"https:\/\/agrupacionespsoe.es\/cadiz\/#organization","name":"Agrupaci\u00f3n Socialista de C\u00e1diz","url":"https:\/\/agrupacionespsoe.es\/cadiz\/","logo":{"@type":"ImageObject","inLanguage":"es","@id":"https:\/\/agrupacionespsoe.es\/cadiz\/#\/schema\/logo\/image\/","url":"https:\/\/agrupacionespsoe.es\/wp-content\/uploads\/2022\/07\/Logotipo_electoral_del_PSOE.png","contentUrl":"https:\/\/agrupacionespsoe.es\/wp-content\/uploads\/2022\/07\/Logotipo_electoral_del_PSOE.png","width":422,"height":422,"caption":"Agrupaci\u00f3n Socialista de C\u00e1diz"},"image":{"@id":"https:\/\/agrupacionespsoe.es\/cadiz\/#\/schema\/logo\/image\/"}}]}},"jetpack_sharing_enabled":true,"_links":{"self":[{"href":"https:\/\/agrupacionespsoe.es\/cadiz\/wp-json\/wp\/v2\/pages\/5","targetHints":{"allow":["GET"]}}],"collection":[{"href":"https:\/\/agrupacionespsoe.es\/cadiz\/wp-json\/wp\/v2\/pages"}],"about":[{"href":"https:\/\/agrupacionespsoe.es\/cadiz\/wp-json\/wp\/v2\/types\/page"}],"author":[{"embeddable":true,"href":"https:\/\/agrupacionespsoe.es\/cadiz\/wp-json\/wp\/v2\/users\/3"}],"replies":[{"embeddable":true,"href":"https:\/\/agrupacionespsoe.es\/cadiz\/wp-json\/wp\/v2\/comments?post=5"}],"version-history":[{"count":1,"href":"https:\/\/agrupacionespsoe.es\/cadiz\/wp-json\/wp\/v2\/pages\/5\/revisions"}],"predecessor-version":[{"id":161,"href":"https:\/\/agrupacionespsoe.es\/cadiz\/wp-json\/wp\/v2\/pages\/5\/revisions\/161"}],"wp:attachment":[{"href":"https:\/\/agrupacionespsoe.es\/cadiz\/wp-json\/wp\/v2\/media?parent=5"}],"curies":[{"name":"wp","href":"https:\/\/api.w.org\/{rel}","templated":true}]}}