{"id":691,"date":"2025-11-23T14:17:44","date_gmt":"2025-11-23T13:17:44","guid":{"rendered":"https:\/\/agrupacionespsoe.es\/burguillosdetoledo\/?page_id=691"},"modified":"2026-03-24T13:33:22","modified_gmt":"2026-03-24T12:33:22","slug":"juventudes-socialistas-de-burguillos-de-toledo","status":"publish","type":"page","link":"https:\/\/agrupacionespsoe.es\/burguillosdetoledo\/juventudes-socialistas-de-burguillos-de-toledo\/","title":{"rendered":"Juventudes Socialistas de Burguillos de Toledo"},"content":{"rendered":"\n<figure class=\"wp-block-image aligncenter size-medium wp-duotone-unset-1\"><img loading=\"lazy\" decoding=\"async\" width=\"300\" height=\"171\" src=\"https:\/\/agrupacionespsoe.es\/burguillosdetoledo\/wp-content\/uploads\/sites\/209\/2026\/03\/2026-01-18-14.17.18-IMG_7496-300x171.png\" alt=\"\" class=\"wp-image-760\" srcset=\"https:\/\/agrupacionespsoe.es\/burguillosdetoledo\/wp-content\/uploads\/sites\/209\/2026\/03\/2026-01-18-14.17.18-IMG_7496-300x171.png 300w, https:\/\/agrupacionespsoe.es\/burguillosdetoledo\/wp-content\/uploads\/sites\/209\/2026\/03\/2026-01-18-14.17.18-IMG_7496-1024x585.png 1024w, https:\/\/agrupacionespsoe.es\/burguillosdetoledo\/wp-content\/uploads\/sites\/209\/2026\/03\/2026-01-18-14.17.18-IMG_7496-768x439.png 768w, https:\/\/agrupacionespsoe.es\/burguillosdetoledo\/wp-content\/uploads\/sites\/209\/2026\/03\/2026-01-18-14.17.18-IMG_7496.png 1344w\" sizes=\"auto, (max-width: 300px) 100vw, 300px\" \/><\/figure>\n\n\n\n<p class=\"has-text-align-center\"><strong>Juventudes Socialistas de Burguillos de Toledo<\/strong> somos un grupo de j\u00f3venes comprometidos con nuestro pueblo y con su gente. Nacemos con la ilusi\u00f3n de aportar, en la medida de lo posible, ideas, trabajo y ganas para mejorar Burguillos de Toledo.<\/p>\n\n\n\n<p class=\"has-text-align-center\">Aunque nuestro objetivo principal es dar voz y oportunidades a la juventud, no queremos limitarnos solo a ello: estamos abiertos a colaborar con cualquier persona o colectivo que nos necesite. Creemos en la participaci\u00f3n, en sumar esfuerzos y en que toda aportaci\u00f3n, por peque\u00f1a que sea, cuenta.<\/p>\n\n\n\n<div class=\"wp-block-buttons is-content-justification-center is-layout-flex wp-container-core-buttons-is-layout-1 wp-block-buttons-is-layout-flex\">\n<div class=\"wp-block-button\"><a class=\"wp-block-button__link wp-element-button\" href=\"https:\/\/agrupacionespsoe.es\/burguillosdetoledo\/saluda-del-secretario-general-de-juventudes-socialistas-de-burguillos-de-toledo\/\" target=\"_blank\" rel=\"noreferrer noopener\">Saluda del secretario general de JJSS<\/a><\/div>\n\n\n\n<div class=\"wp-block-button\"><a class=\"wp-block-button__link wp-element-button\" href=\"https:\/\/agrupacionespsoe.es\/burguillosdetoledo\/quienes-somos-juventudes-socialistas-de-burguillos-de-toledo\/\" target=\"_blank\" rel=\"noreferrer noopener\">Qui\u00e9nes somos<\/a><\/div>\n\n\n\n<div class=\"wp-block-button\"><a class=\"wp-block-button__link wp-element-button\" href=\"https:\/\/agrupacionespsoe.es\/burguillosdetoledo\/que-es-jjss-en-burguillos-de-toledo\/\" target=\"_blank\" rel=\"noreferrer noopener\">\u00bfQu\u00e9 es JJSS en Burguillos de Toledo?<\/a><\/div>\n\n\n\n<div class=\"wp-block-button\"><a class=\"wp-block-button__link wp-element-button\" href=\"https:\/\/agrupacionespsoe.es\/burguillosdetoledo\/768-2\/\" target=\"_blank\" rel=\"noreferrer noopener\">Nuestros Prop\u00f3sitos<\/a><\/div>\n<\/div>\n\n\n\n<p><\/p>\n","protected":false},"excerpt":{"rendered":"<p>Juventudes Socialistas de Burguillos de Toledo somos un grupo de j\u00f3venes comprometidos con nuestro pueblo y con su gente. Nacemos con la ilusi\u00f3n de aportar, en la medida de lo posible, ideas, trabajo y ganas para mejorar Burguillos de Toledo. Aunque nuestro objetivo principal es dar voz y oportunidades a la juventud, no queremos limitarnos &#8230;<\/p>\n","protected":false},"author":299,"featured_media":694,"parent":0,"menu_order":0,"comment_status":"closed","ping_status":"closed","template":"","meta":{"footnotes":""},"class_list":["post-691","page","type-page","status-publish","has-post-thumbnail","hentry"],"yoast_head":"<!-- This site is optimized with the Yoast SEO plugin v24.0 - https:\/\/yoast.com\/wordpress\/plugins\/seo\/ -->\n<title>Juventudes Socialistas de Burguillos de Toledo - Agrupaci\u00f3n Socialista de Burguillos de Toledo<\/title>\n<meta name=\"robots\" content=\"index, follow, max-snippet:-1, max-image-preview:large, max-video-preview:-1\" \/>\n<link rel=\"canonical\" href=\"https:\/\/agrupacionespsoe.es\/burguillosdetoledo\/juventudes-socialistas-de-burguillos-de-toledo\/\" \/>\n<meta property=\"og:locale\" content=\"es_ES\" \/>\n<meta property=\"og:type\" content=\"article\" \/>\n<meta property=\"og:title\" content=\"Juventudes Socialistas de Burguillos de Toledo - Agrupaci\u00f3n Socialista de Burguillos de Toledo\" \/>\n<meta property=\"og:description\" content=\"Juventudes Socialistas de Burguillos de Toledo somos un grupo de j\u00f3venes comprometidos con nuestro pueblo y con su gente. Nacemos con la ilusi\u00f3n de aportar, en la medida de lo posible, ideas, trabajo y ganas para mejorar Burguillos de Toledo. Aunque nuestro objetivo principal es dar voz y oportunidades a la juventud, no queremos limitarnos ...\" \/>\n<meta property=\"og:url\" content=\"https:\/\/agrupacionespsoe.es\/burguillosdetoledo\/juventudes-socialistas-de-burguillos-de-toledo\/\" \/>\n<meta property=\"og:site_name\" content=\"Agrupaci\u00f3n Socialista de Burguillos de Toledo\" \/>\n<meta property=\"article:modified_time\" content=\"2026-03-24T12:33:22+00:00\" \/>\n<meta property=\"og:image\" content=\"https:\/\/agrupacionespsoe.es\/burguillosdetoledo\/wp-content\/uploads\/sites\/209\/2025\/11\/2025-11-11-19.54.20-IMG_6563.png\" \/>\n\t<meta property=\"og:image:width\" content=\"2046\" \/>\n\t<meta property=\"og:image:height\" content=\"1152\" \/>\n\t<meta property=\"og:image:type\" content=\"image\/png\" \/>\n<meta name=\"twitter:card\" content=\"summary_large_image\" \/>\n<meta name=\"twitter:label1\" content=\"Tiempo de lectura\" \/>\n\t<meta name=\"twitter:data1\" content=\"1 minuto\" \/>\n<script type=\"application\/ld+json\" class=\"yoast-schema-graph\">{\"@context\":\"https:\/\/schema.org\",\"@graph\":[{\"@type\":[\"WebPage\",\"ProfilePage\"],\"@id\":\"https:\/\/agrupacionespsoe.es\/burguillosdetoledo\/juventudes-socialistas-de-burguillos-de-toledo\/\",\"url\":\"https:\/\/agrupacionespsoe.es\/burguillosdetoledo\/juventudes-socialistas-de-burguillos-de-toledo\/\",\"name\":\"Juventudes Socialistas de Burguillos de Toledo - Agrupaci\u00f3n Socialista de Burguillos de Toledo\",\"isPartOf\":{\"@id\":\"https:\/\/agrupacionespsoe.es\/burguillosdetoledo\/#website\"},\"primaryImageOfPage\":{\"@id\":\"https:\/\/agrupacionespsoe.es\/burguillosdetoledo\/juventudes-socialistas-de-burguillos-de-toledo\/#primaryimage\"},\"image\":{\"@id\":\"https:\/\/agrupacionespsoe.es\/burguillosdetoledo\/juventudes-socialistas-de-burguillos-de-toledo\/#primaryimage\"},\"thumbnailUrl\":\"https:\/\/agrupacionespsoe.es\/burguillosdetoledo\/wp-content\/uploads\/sites\/209\/2025\/11\/2025-11-11-19.54.20-IMG_6563.png\",\"datePublished\":\"2025-11-23T13:17:44+00:00\",\"dateModified\":\"2026-03-24T12:33:22+00:00\",\"breadcrumb\":{\"@id\":\"https:\/\/agrupacionespsoe.es\/burguillosdetoledo\/juventudes-socialistas-de-burguillos-de-toledo\/#breadcrumb\"},\"inLanguage\":\"es\",\"potentialAction\":[{\"@type\":\"ReadAction\",\"target\":[\"https:\/\/agrupacionespsoe.es\/burguillosdetoledo\/juventudes-socialistas-de-burguillos-de-toledo\/\"]}]},{\"@type\":\"ImageObject\",\"inLanguage\":\"es\",\"@id\":\"https:\/\/agrupacionespsoe.es\/burguillosdetoledo\/juventudes-socialistas-de-burguillos-de-toledo\/#primaryimage\",\"url\":\"https:\/\/agrupacionespsoe.es\/burguillosdetoledo\/wp-content\/uploads\/sites\/209\/2025\/11\/2025-11-11-19.54.20-IMG_6563.png\",\"contentUrl\":\"https:\/\/agrupacionespsoe.es\/burguillosdetoledo\/wp-content\/uploads\/sites\/209\/2025\/11\/2025-11-11-19.54.20-IMG_6563.png\",\"width\":2046,\"height\":1152,\"caption\":\"alt=\\\"Juventudes socialistas Burguillos de Toledo\\\"\"},{\"@type\":\"BreadcrumbList\",\"@id\":\"https:\/\/agrupacionespsoe.es\/burguillosdetoledo\/juventudes-socialistas-de-burguillos-de-toledo\/#breadcrumb\",\"itemListElement\":[{\"@type\":\"ListItem\",\"position\":1,\"name\":\"Portada\",\"item\":\"https:\/\/agrupacionespsoe.es\/burguillosdetoledo\/\"},{\"@type\":\"ListItem\",\"position\":2,\"name\":\"Juventudes Socialistas de Burguillos de Toledo\"}]},{\"@type\":\"WebSite\",\"@id\":\"https:\/\/agrupacionespsoe.es\/burguillosdetoledo\/#website\",\"url\":\"https:\/\/agrupacionespsoe.es\/burguillosdetoledo\/\",\"name\":\"Agrupaci\u00f3n Socialista de Burguillos de Toledo\",\"description\":\"Agrupaci\u00f3n Socialista de Burguillos de Toledo\",\"publisher\":{\"@id\":\"https:\/\/agrupacionespsoe.es\/burguillosdetoledo\/#organization\"},\"potentialAction\":[{\"@type\":\"SearchAction\",\"target\":{\"@type\":\"EntryPoint\",\"urlTemplate\":\"https:\/\/agrupacionespsoe.es\/burguillosdetoledo\/?s={search_term_string}\"},\"query-input\":{\"@type\":\"PropertyValueSpecification\",\"valueRequired\":true,\"valueName\":\"search_term_string\"}}],\"inLanguage\":\"es\"},{\"@type\":\"Organization\",\"@id\":\"https:\/\/agrupacionespsoe.es\/burguillosdetoledo\/#organization\",\"name\":\"Agrupaci\u00f3n Socialista de Burguillos de Toledo\",\"url\":\"https:\/\/agrupacionespsoe.es\/burguillosdetoledo\/\",\"logo\":{\"@type\":\"ImageObject\",\"inLanguage\":\"es\",\"@id\":\"https:\/\/agrupacionespsoe.es\/burguillosdetoledo\/#\/schema\/logo\/image\/\",\"url\":\"https:\/\/agrupacionespsoe.es\/wp-content\/uploads\/2022\/07\/Logotipo_electoral_del_PSOE.png\",\"contentUrl\":\"https:\/\/agrupacionespsoe.es\/wp-content\/uploads\/2022\/07\/Logotipo_electoral_del_PSOE.png\",\"width\":422,\"height\":422,\"caption\":\"Agrupaci\u00f3n Socialista de Burguillos de Toledo\"},\"image\":{\"@id\":\"https:\/\/agrupacionespsoe.es\/burguillosdetoledo\/#\/schema\/logo\/image\/\"},\"mainEntityOfPage\":{\"@id\":\"https:\/\/agrupacionespsoe.es\/burguillosdetoledo\/juventudes-socialistas-de-burguillos-de-toledo\/\"}}]}<\/script>\n<!-- \/ Yoast SEO plugin. -->","yoast_head_json":{"title":"Juventudes Socialistas de Burguillos de Toledo - Agrupaci\u00f3n Socialista de Burguillos de Toledo","robots":{"index":"index","follow":"follow","max-snippet":"max-snippet:-1","max-image-preview":"max-image-preview:large","max-video-preview":"max-video-preview:-1"},"canonical":"https:\/\/agrupacionespsoe.es\/burguillosdetoledo\/juventudes-socialistas-de-burguillos-de-toledo\/","og_locale":"es_ES","og_type":"article","og_title":"Juventudes Socialistas de Burguillos de Toledo - Agrupaci\u00f3n Socialista de Burguillos de Toledo","og_description":"Juventudes Socialistas de Burguillos de Toledo somos un grupo de j\u00f3venes comprometidos con nuestro pueblo y con su gente. Nacemos con la ilusi\u00f3n de aportar, en la medida de lo posible, ideas, trabajo y ganas para mejorar Burguillos de Toledo. Aunque nuestro objetivo principal es dar voz y oportunidades a la juventud, no queremos limitarnos ...","og_url":"https:\/\/agrupacionespsoe.es\/burguillosdetoledo\/juventudes-socialistas-de-burguillos-de-toledo\/","og_site_name":"Agrupaci\u00f3n Socialista de Burguillos de Toledo","article_modified_time":"2026-03-24T12:33:22+00:00","og_image":[{"width":2046,"height":1152,"url":"https:\/\/agrupacionespsoe.es\/burguillosdetoledo\/wp-content\/uploads\/sites\/209\/2025\/11\/2025-11-11-19.54.20-IMG_6563.png","type":"image\/png"}],"twitter_card":"summary_large_image","twitter_misc":{"Tiempo de lectura":"1 minuto"},"schema":{"@context":"https:\/\/schema.org","@graph":[{"@type":["WebPage","ProfilePage"],"@id":"https:\/\/agrupacionespsoe.es\/burguillosdetoledo\/juventudes-socialistas-de-burguillos-de-toledo\/","url":"https:\/\/agrupacionespsoe.es\/burguillosdetoledo\/juventudes-socialistas-de-burguillos-de-toledo\/","name":"Juventudes Socialistas de Burguillos de Toledo - Agrupaci\u00f3n Socialista de Burguillos de Toledo","isPartOf":{"@id":"https:\/\/agrupacionespsoe.es\/burguillosdetoledo\/#website"},"primaryImageOfPage":{"@id":"https:\/\/agrupacionespsoe.es\/burguillosdetoledo\/juventudes-socialistas-de-burguillos-de-toledo\/#primaryimage"},"image":{"@id":"https:\/\/agrupacionespsoe.es\/burguillosdetoledo\/juventudes-socialistas-de-burguillos-de-toledo\/#primaryimage"},"thumbnailUrl":"https:\/\/agrupacionespsoe.es\/burguillosdetoledo\/wp-content\/uploads\/sites\/209\/2025\/11\/2025-11-11-19.54.20-IMG_6563.png","datePublished":"2025-11-23T13:17:44+00:00","dateModified":"2026-03-24T12:33:22+00:00","breadcrumb":{"@id":"https:\/\/agrupacionespsoe.es\/burguillosdetoledo\/juventudes-socialistas-de-burguillos-de-toledo\/#breadcrumb"},"inLanguage":"es","potentialAction":[{"@type":"ReadAction","target":["https:\/\/agrupacionespsoe.es\/burguillosdetoledo\/juventudes-socialistas-de-burguillos-de-toledo\/"]}]},{"@type":"ImageObject","inLanguage":"es","@id":"https:\/\/agrupacionespsoe.es\/burguillosdetoledo\/juventudes-socialistas-de-burguillos-de-toledo\/#primaryimage","url":"https:\/\/agrupacionespsoe.es\/burguillosdetoledo\/wp-content\/uploads\/sites\/209\/2025\/11\/2025-11-11-19.54.20-IMG_6563.png","contentUrl":"https:\/\/agrupacionespsoe.es\/burguillosdetoledo\/wp-content\/uploads\/sites\/209\/2025\/11\/2025-11-11-19.54.20-IMG_6563.png","width":2046,"height":1152,"caption":"alt=\"Juventudes socialistas Burguillos de Toledo\""},{"@type":"BreadcrumbList","@id":"https:\/\/agrupacionespsoe.es\/burguillosdetoledo\/juventudes-socialistas-de-burguillos-de-toledo\/#breadcrumb","itemListElement":[{"@type":"ListItem","position":1,"name":"Portada","item":"https:\/\/agrupacionespsoe.es\/burguillosdetoledo\/"},{"@type":"ListItem","position":2,"name":"Juventudes Socialistas de Burguillos de Toledo"}]},{"@type":"WebSite","@id":"https:\/\/agrupacionespsoe.es\/burguillosdetoledo\/#website","url":"https:\/\/agrupacionespsoe.es\/burguillosdetoledo\/","name":"Agrupaci\u00f3n Socialista de Burguillos de Toledo","description":"Agrupaci\u00f3n Socialista de Burguillos de Toledo","publisher":{"@id":"https:\/\/agrupacionespsoe.es\/burguillosdetoledo\/#organization"},"potentialAction":[{"@type":"SearchAction","target":{"@type":"EntryPoint","urlTemplate":"https:\/\/agrupacionespsoe.es\/burguillosdetoledo\/?s={search_term_string}"},"query-input":{"@type":"PropertyValueSpecification","valueRequired":true,"valueName":"search_term_string"}}],"inLanguage":"es"},{"@type":"Organization","@id":"https:\/\/agrupacionespsoe.es\/burguillosdetoledo\/#organization","name":"Agrupaci\u00f3n Socialista de Burguillos de Toledo","url":"https:\/\/agrupacionespsoe.es\/burguillosdetoledo\/","logo":{"@type":"ImageObject","inLanguage":"es","@id":"https:\/\/agrupacionespsoe.es\/burguillosdetoledo\/#\/schema\/logo\/image\/","url":"https:\/\/agrupacionespsoe.es\/wp-content\/uploads\/2022\/07\/Logotipo_electoral_del_PSOE.png","contentUrl":"https:\/\/agrupacionespsoe.es\/wp-content\/uploads\/2022\/07\/Logotipo_electoral_del_PSOE.png","width":422,"height":422,"caption":"Agrupaci\u00f3n Socialista de Burguillos de Toledo"},"image":{"@id":"https:\/\/agrupacionespsoe.es\/burguillosdetoledo\/#\/schema\/logo\/image\/"},"mainEntityOfPage":{"@id":"https:\/\/agrupacionespsoe.es\/burguillosdetoledo\/juventudes-socialistas-de-burguillos-de-toledo\/"}}]}},"jetpack_sharing_enabled":true,"_links":{"self":[{"href":"https:\/\/agrupacionespsoe.es\/burguillosdetoledo\/wp-json\/wp\/v2\/pages\/691","targetHints":{"allow":["GET"]}}],"collection":[{"href":"https:\/\/agrupacionespsoe.es\/burguillosdetoledo\/wp-json\/wp\/v2\/pages"}],"about":[{"href":"https:\/\/agrupacionespsoe.es\/burguillosdetoledo\/wp-json\/wp\/v2\/types\/page"}],"author":[{"embeddable":true,"href":"https:\/\/agrupacionespsoe.es\/burguillosdetoledo\/wp-json\/wp\/v2\/users\/299"}],"replies":[{"embeddable":true,"href":"https:\/\/agrupacionespsoe.es\/burguillosdetoledo\/wp-json\/wp\/v2\/comments?post=691"}],"version-history":[{"count":18,"href":"https:\/\/agrupacionespsoe.es\/burguillosdetoledo\/wp-json\/wp\/v2\/pages\/691\/revisions"}],"predecessor-version":[{"id":770,"href":"https:\/\/agrupacionespsoe.es\/burguillosdetoledo\/wp-json\/wp\/v2\/pages\/691\/revisions\/770"}],"wp:featuredmedia":[{"embeddable":true,"href":"https:\/\/agrupacionespsoe.es\/burguillosdetoledo\/wp-json\/wp\/v2\/media\/694"}],"wp:attachment":[{"href":"https:\/\/agrupacionespsoe.es\/burguillosdetoledo\/wp-json\/wp\/v2\/media?parent=691"}],"curies":[{"name":"wp","href":"https:\/\/api.w.org\/{rel}","templated":true}]}}