{"id":246,"date":"2025-04-25T12:58:41","date_gmt":"2025-04-25T10:58:41","guid":{"rendered":"https:\/\/agrupacionespsoe.es\/burguillosdetoledo\/?page_id=246"},"modified":"2026-03-24T13:33:10","modified_gmt":"2026-03-24T12:33:10","slug":"boletines-psoe-burguillos-de-toledo","status":"publish","type":"page","link":"https:\/\/agrupacionespsoe.es\/burguillosdetoledo\/boletines-psoe-burguillos-de-toledo\/","title":{"rendered":"Boletines"},"content":{"rendered":"\n<figure class=\"wp-block-image aligncenter size-full\"><img loading=\"lazy\" decoding=\"async\" width=\"979\" height=\"265\" src=\"https:\/\/agrupacionespsoe.es\/burguillosdetoledo\/wp-content\/uploads\/sites\/209\/2025\/06\/Boletin-.jpg\" alt=\"\" class=\"wp-image-495\" srcset=\"https:\/\/agrupacionespsoe.es\/burguillosdetoledo\/wp-content\/uploads\/sites\/209\/2025\/06\/Boletin-.jpg 979w, https:\/\/agrupacionespsoe.es\/burguillosdetoledo\/wp-content\/uploads\/sites\/209\/2025\/06\/Boletin--300x81.jpg 300w, https:\/\/agrupacionespsoe.es\/burguillosdetoledo\/wp-content\/uploads\/sites\/209\/2025\/06\/Boletin--768x208.jpg 768w\" sizes=\"auto, (max-width: 979px) 100vw, 979px\" \/><\/figure>\n\n\n\n<h2 class=\"wp-block-heading has-text-align-center has-white-color has-primary-background-color has-text-color has-background has-link-color has-large-font-size wp-elements-fa031098a9ffc074cfd53c0ba1da0219\"><strong>BOLETINES<\/strong><\/h2>\n\n\n\n<p><\/p>\n\n\n\n<p class=\"has-text-align-center\">Bienvenido y Bienvenida al espacio de <strong>Boletines del PSOE de Burguillos de Toledo<\/strong>, un canal de comunicaci\u00f3n directa con la ciudadan\u00eda que refleja nuestro compromiso con la transparencia, la participaci\u00f3n y la rendici\u00f3n de cuentas.<\/p>\n\n\n\n<p class=\"has-text-align-center\">A trav\u00e9s de esta secci\u00f3n podr\u00e1s consultar, descargar y compartir los boletines informativos que peri\u00f3dicamente elaboramos desde nuestra agrupaci\u00f3n local. En ellos recogemos los principales temas de actualidad municipal, nuestras propuestas, el trabajo institucional realizado por nuestro grupo socialista en el Ayuntamiento, as\u00ed como reflexiones pol\u00edticas y sociales que consideramos de inter\u00e9s para los vecinos y vecinas de Burguillos de Toledo.<\/p>\n\n\n\n<p class=\"has-text-align-center\">Los <strong>Boletines del PSOE de Burguillos de Toledo<\/strong> son una herramienta \u00fatil para acercar la acci\u00f3n pol\u00edtica a la ciudadan\u00eda de forma clara, sencilla y directa. Queremos que todas las personas tengan acceso a la informaci\u00f3n que les afecta, conozcan nuestras iniciativas y puedan valorar con transparencia el trabajo que realizamos desde la oposici\u00f3n o el gobierno municipal.<\/p>\n\n\n\n<p class=\"has-text-align-center\">En cada edici\u00f3n incluimos temas relevantes: inversiones p\u00fablicas, proyectos sociales, defensa de los servicios p\u00fablicos, cultura, igualdad, medio ambiente, juventud, entre otros. Tambi\u00e9n damos voz a militantes, simpatizantes y colectivos del municipio para que puedan expresarse en este espacio plural y democr\u00e1tico.<\/p>\n\n\n\n<p class=\"has-text-align-center\">Te animamos a consultar regularmente esta secci\u00f3n, a leer nuestros boletines y a compartirlos con otras personas interesadas en seguir el pulso pol\u00edtico de Burguillos de Toledo desde una perspectiva progresista y comprometida.<\/p>\n\n\n\n<p class=\"has-text-align-center\">Porque la informaci\u00f3n es poder, y una ciudadan\u00eda informada es clave para una democracia s\u00f3lida. Desde el PSOE de Burguillos de Toledo seguimos apostando por una pol\u00edtica cercana, honesta y \u00fatil para mejorar la vida de nuestro pueblo.<\/p>\n\n\n\n<p><\/p>\n\n\n\n<div data-wp-interactive=\"core\/file\" class=\"wp-block-file aligncenter\"><object data-wp-bind--hidden=\"!state.hasPdfPreview\" hidden class=\"wp-block-file__embed\" data=\"https:\/\/agrupacionespsoe.es\/burguillosdetoledo\/wp-content\/uploads\/sites\/209\/2026\/03\/Boletin-Enero-2026-1.pdf\" type=\"application\/pdf\" style=\"width:100%;height:400px\" aria-label=\"Incrustado de Bolet\u00edn Enero 2026.\"><\/object><a id=\"wp-block-file--media-0b3ec0a0-1c15-4794-9f44-56d49005b59f\" href=\"https:\/\/agrupacionespsoe.es\/burguillosdetoledo\/wp-content\/uploads\/sites\/209\/2026\/03\/Boletin-Enero-2026-1.pdf\">Bolet\u00edn Enero 2026<\/a><a href=\"https:\/\/agrupacionespsoe.es\/burguillosdetoledo\/wp-content\/uploads\/sites\/209\/2026\/03\/Boletin-Enero-2026-1.pdf\" class=\"wp-block-file__button wp-element-button\" download aria-describedby=\"wp-block-file--media-0b3ec0a0-1c15-4794-9f44-56d49005b59f\">Descarga<\/a><\/div>\n\n\n\n<div data-wp-interactive=\"core\/file\" class=\"wp-block-file aligncenter\"><object data-wp-bind--hidden=\"!state.hasPdfPreview\" hidden class=\"wp-block-file__embed\" data=\"https:\/\/agrupacionespsoe.es\/burguillosdetoledo\/wp-content\/uploads\/sites\/209\/2025\/11\/Boletin-Burguillos-de-Toledo-Octubre-2025.pdf\" type=\"application\/pdf\" style=\"width:100%;height:400px\" aria-label=\"Incrustado de Bolet\u00edn Burguillos de Toledo Octubre 2025.\"><\/object><a id=\"wp-block-file--media-01c070f8-aba5-4f6a-ad30-91ad2cdd21db\" href=\"https:\/\/agrupacionespsoe.es\/burguillosdetoledo\/wp-content\/uploads\/sites\/209\/2025\/11\/Boletin-Burguillos-de-Toledo-Octubre-2025.pdf\">Bolet\u00edn Burguillos de Toledo Octubre 2025<\/a><a href=\"https:\/\/agrupacionespsoe.es\/burguillosdetoledo\/wp-content\/uploads\/sites\/209\/2025\/11\/Boletin-Burguillos-de-Toledo-Octubre-2025.pdf\" class=\"wp-block-file__button wp-element-button\" download aria-describedby=\"wp-block-file--media-01c070f8-aba5-4f6a-ad30-91ad2cdd21db\">Descarga<\/a><\/div>\n\n\n\n<div data-wp-interactive=\"core\/file\" class=\"wp-block-file aligncenter\"><object data-wp-bind--hidden=\"!state.hasPdfPreview\" hidden class=\"wp-block-file__embed\" data=\"https:\/\/agrupacionespsoe.es\/burguillosdetoledo\/wp-content\/uploads\/sites\/209\/2025\/07\/BURGUILLOS-DE-TOLEDO-JULIO-2025.pdf\" type=\"application\/pdf\" style=\"width:100%;height:400px\" aria-label=\"Incrustado de BURGUILLOS DE TOLEDO JULIO 2025.\"><\/object><a id=\"wp-block-file--media-0900575f-6f6b-4062-a329-a66c51d61518\" href=\"https:\/\/agrupacionespsoe.es\/burguillosdetoledo\/wp-content\/uploads\/sites\/209\/2025\/07\/BURGUILLOS-DE-TOLEDO-JULIO-2025.pdf\">BURGUILLOS DE TOLEDO JULIO 2025<\/a><a href=\"https:\/\/agrupacionespsoe.es\/burguillosdetoledo\/wp-content\/uploads\/sites\/209\/2025\/07\/BURGUILLOS-DE-TOLEDO-JULIO-2025.pdf\" class=\"wp-block-file__button wp-element-button\" download aria-describedby=\"wp-block-file--media-0900575f-6f6b-4062-a329-a66c51d61518\">Descarga<\/a><\/div>\n\n\n\n<div data-wp-interactive=\"core\/file\" class=\"wp-block-file aligncenter\"><object data-wp-bind--hidden=\"!state.hasPdfPreview\" hidden class=\"wp-block-file__embed\" data=\"https:\/\/agrupacionespsoe.es\/burguillosdetoledo\/wp-content\/uploads\/sites\/209\/2025\/04\/Boletin-ABRIL-2025-Burguillos-de-Toledo.pdf\" type=\"application\/pdf\" style=\"width:100%;height:400px\" aria-label=\"Incrustado de Bolet\u00edn ABRIL 2025 - Burguillos de Toledo.\"><\/object><a id=\"wp-block-file--media-934ace1f-e248-4d18-92e1-ccd7ff6ca156\" href=\"https:\/\/agrupacionespsoe.es\/burguillosdetoledo\/wp-content\/uploads\/sites\/209\/2025\/04\/Boletin-ABRIL-2025-Burguillos-de-Toledo.pdf\">Bolet\u00edn ABRIL 2025 &#8211; Burguillos de Toledo<\/a><a href=\"https:\/\/agrupacionespsoe.es\/burguillosdetoledo\/wp-content\/uploads\/sites\/209\/2025\/04\/Boletin-ABRIL-2025-Burguillos-de-Toledo.pdf\" class=\"wp-block-file__button wp-element-button\" download aria-describedby=\"wp-block-file--media-934ace1f-e248-4d18-92e1-ccd7ff6ca156\">Descarga<\/a><\/div>\n\n\n\n<p><\/p>\n","protected":false},"excerpt":{"rendered":"<p>BOLETINES Bienvenido y Bienvenida al espacio de Boletines del PSOE de Burguillos de Toledo, un canal de comunicaci\u00f3n directa con la ciudadan\u00eda que refleja nuestro compromiso con la transparencia, la participaci\u00f3n y la rendici\u00f3n de cuentas. A trav\u00e9s de esta secci\u00f3n podr\u00e1s consultar, descargar y compartir los boletines informativos que peri\u00f3dicamente elaboramos desde nuestra agrupaci\u00f3n &#8230;<\/p>\n","protected":false},"author":299,"featured_media":0,"parent":0,"menu_order":0,"comment_status":"closed","ping_status":"closed","template":"","meta":{"footnotes":""},"class_list":["post-246","page","type-page","status-publish","hentry"],"yoast_head":"<!-- This site is optimized with the Yoast SEO plugin v24.0 - https:\/\/yoast.com\/wordpress\/plugins\/seo\/ -->\n<title>Boletines PSOE Burguillos de Toledo<\/title>\n<meta name=\"description\" content=\"Consulta los boletines informativos del PSOE de Burguillos de Toledo. Mantente al d\u00eda con nuestras propuestas, actividades y noticias locales\" \/>\n<meta name=\"robots\" content=\"index, follow, max-snippet:-1, max-image-preview:large, max-video-preview:-1\" \/>\n<link rel=\"canonical\" href=\"https:\/\/agrupacionespsoe.es\/burguillosdetoledo\/boletines-psoe-burguillos-de-toledo\/\" \/>\n<meta property=\"og:locale\" content=\"es_ES\" \/>\n<meta property=\"og:type\" content=\"article\" \/>\n<meta property=\"og:title\" content=\"Boletines PSOE Burguillos de Toledo\" \/>\n<meta property=\"og:description\" content=\"Consulta los boletines informativos del PSOE de Burguillos de Toledo. Mantente al d\u00eda con nuestras propuestas, actividades y noticias locales\" \/>\n<meta property=\"og:url\" content=\"https:\/\/agrupacionespsoe.es\/burguillosdetoledo\/boletines-psoe-burguillos-de-toledo\/\" \/>\n<meta property=\"og:site_name\" content=\"Agrupaci\u00f3n Socialista de Burguillos de Toledo\" \/>\n<meta property=\"article:modified_time\" content=\"2026-03-24T12:33:10+00:00\" \/>\n<meta property=\"og:image\" content=\"https:\/\/agrupacionespsoe.es\/burguillosdetoledo\/wp-content\/uploads\/sites\/209\/2025\/06\/Boletin-.jpg\" \/>\n\t<meta property=\"og:image:width\" content=\"979\" \/>\n\t<meta property=\"og:image:height\" content=\"265\" \/>\n\t<meta property=\"og:image:type\" content=\"image\/jpeg\" \/>\n<meta name=\"twitter:card\" content=\"summary_large_image\" \/>\n<meta name=\"twitter:label1\" content=\"Tiempo de lectura\" \/>\n\t<meta name=\"twitter:data1\" content=\"2 minutos\" \/>\n<script type=\"application\/ld+json\" class=\"yoast-schema-graph\">{\"@context\":\"https:\/\/schema.org\",\"@graph\":[{\"@type\":\"WebPage\",\"@id\":\"https:\/\/agrupacionespsoe.es\/burguillosdetoledo\/boletines-psoe-burguillos-de-toledo\/\",\"url\":\"https:\/\/agrupacionespsoe.es\/burguillosdetoledo\/boletines-psoe-burguillos-de-toledo\/\",\"name\":\"Boletines PSOE Burguillos de Toledo\",\"isPartOf\":{\"@id\":\"https:\/\/agrupacionespsoe.es\/burguillosdetoledo\/#website\"},\"primaryImageOfPage\":{\"@id\":\"https:\/\/agrupacionespsoe.es\/burguillosdetoledo\/boletines-psoe-burguillos-de-toledo\/#primaryimage\"},\"image\":{\"@id\":\"https:\/\/agrupacionespsoe.es\/burguillosdetoledo\/boletines-psoe-burguillos-de-toledo\/#primaryimage\"},\"thumbnailUrl\":\"https:\/\/agrupacionespsoe.es\/burguillosdetoledo\/wp-content\/uploads\/sites\/209\/2025\/06\/Boletin-.jpg\",\"datePublished\":\"2025-04-25T10:58:41+00:00\",\"dateModified\":\"2026-03-24T12:33:10+00:00\",\"description\":\"Consulta los boletines informativos del PSOE de Burguillos de Toledo. Mantente al d\u00eda con nuestras propuestas, actividades y noticias locales\",\"breadcrumb\":{\"@id\":\"https:\/\/agrupacionespsoe.es\/burguillosdetoledo\/boletines-psoe-burguillos-de-toledo\/#breadcrumb\"},\"inLanguage\":\"es\",\"potentialAction\":[{\"@type\":\"ReadAction\",\"target\":[\"https:\/\/agrupacionespsoe.es\/burguillosdetoledo\/boletines-psoe-burguillos-de-toledo\/\"]}]},{\"@type\":\"ImageObject\",\"inLanguage\":\"es\",\"@id\":\"https:\/\/agrupacionespsoe.es\/burguillosdetoledo\/boletines-psoe-burguillos-de-toledo\/#primaryimage\",\"url\":\"https:\/\/agrupacionespsoe.es\/burguillosdetoledo\/wp-content\/uploads\/sites\/209\/2025\/06\/Boletin-.jpg\",\"contentUrl\":\"https:\/\/agrupacionespsoe.es\/burguillosdetoledo\/wp-content\/uploads\/sites\/209\/2025\/06\/Boletin-.jpg\",\"width\":979,\"height\":265},{\"@type\":\"BreadcrumbList\",\"@id\":\"https:\/\/agrupacionespsoe.es\/burguillosdetoledo\/boletines-psoe-burguillos-de-toledo\/#breadcrumb\",\"itemListElement\":[{\"@type\":\"ListItem\",\"position\":1,\"name\":\"Portada\",\"item\":\"https:\/\/agrupacionespsoe.es\/burguillosdetoledo\/\"},{\"@type\":\"ListItem\",\"position\":2,\"name\":\"Boletines\"}]},{\"@type\":\"WebSite\",\"@id\":\"https:\/\/agrupacionespsoe.es\/burguillosdetoledo\/#website\",\"url\":\"https:\/\/agrupacionespsoe.es\/burguillosdetoledo\/\",\"name\":\"Agrupaci\u00f3n Socialista de Burguillos de Toledo\",\"description\":\"Agrupaci\u00f3n Socialista de Burguillos de Toledo\",\"publisher\":{\"@id\":\"https:\/\/agrupacionespsoe.es\/burguillosdetoledo\/#organization\"},\"potentialAction\":[{\"@type\":\"SearchAction\",\"target\":{\"@type\":\"EntryPoint\",\"urlTemplate\":\"https:\/\/agrupacionespsoe.es\/burguillosdetoledo\/?s={search_term_string}\"},\"query-input\":{\"@type\":\"PropertyValueSpecification\",\"valueRequired\":true,\"valueName\":\"search_term_string\"}}],\"inLanguage\":\"es\"},{\"@type\":\"Organization\",\"@id\":\"https:\/\/agrupacionespsoe.es\/burguillosdetoledo\/#organization\",\"name\":\"Agrupaci\u00f3n Socialista de Burguillos de Toledo\",\"url\":\"https:\/\/agrupacionespsoe.es\/burguillosdetoledo\/\",\"logo\":{\"@type\":\"ImageObject\",\"inLanguage\":\"es\",\"@id\":\"https:\/\/agrupacionespsoe.es\/burguillosdetoledo\/#\/schema\/logo\/image\/\",\"url\":\"https:\/\/agrupacionespsoe.es\/wp-content\/uploads\/2022\/07\/Logotipo_electoral_del_PSOE.png\",\"contentUrl\":\"https:\/\/agrupacionespsoe.es\/wp-content\/uploads\/2022\/07\/Logotipo_electoral_del_PSOE.png\",\"width\":422,\"height\":422,\"caption\":\"Agrupaci\u00f3n Socialista de Burguillos de Toledo\"},\"image\":{\"@id\":\"https:\/\/agrupacionespsoe.es\/burguillosdetoledo\/#\/schema\/logo\/image\/\"}}]}<\/script>\n<!-- \/ Yoast SEO plugin. -->","yoast_head_json":{"title":"Boletines PSOE Burguillos de Toledo","description":"Consulta los boletines informativos del PSOE de Burguillos de Toledo. Mantente al d\u00eda con nuestras propuestas, actividades y noticias locales","robots":{"index":"index","follow":"follow","max-snippet":"max-snippet:-1","max-image-preview":"max-image-preview:large","max-video-preview":"max-video-preview:-1"},"canonical":"https:\/\/agrupacionespsoe.es\/burguillosdetoledo\/boletines-psoe-burguillos-de-toledo\/","og_locale":"es_ES","og_type":"article","og_title":"Boletines PSOE Burguillos de Toledo","og_description":"Consulta los boletines informativos del PSOE de Burguillos de Toledo. Mantente al d\u00eda con nuestras propuestas, actividades y noticias locales","og_url":"https:\/\/agrupacionespsoe.es\/burguillosdetoledo\/boletines-psoe-burguillos-de-toledo\/","og_site_name":"Agrupaci\u00f3n Socialista de Burguillos de Toledo","article_modified_time":"2026-03-24T12:33:10+00:00","og_image":[{"width":979,"height":265,"url":"https:\/\/agrupacionespsoe.es\/burguillosdetoledo\/wp-content\/uploads\/sites\/209\/2025\/06\/Boletin-.jpg","type":"image\/jpeg"}],"twitter_card":"summary_large_image","twitter_misc":{"Tiempo de lectura":"2 minutos"},"schema":{"@context":"https:\/\/schema.org","@graph":[{"@type":"WebPage","@id":"https:\/\/agrupacionespsoe.es\/burguillosdetoledo\/boletines-psoe-burguillos-de-toledo\/","url":"https:\/\/agrupacionespsoe.es\/burguillosdetoledo\/boletines-psoe-burguillos-de-toledo\/","name":"Boletines PSOE Burguillos de Toledo","isPartOf":{"@id":"https:\/\/agrupacionespsoe.es\/burguillosdetoledo\/#website"},"primaryImageOfPage":{"@id":"https:\/\/agrupacionespsoe.es\/burguillosdetoledo\/boletines-psoe-burguillos-de-toledo\/#primaryimage"},"image":{"@id":"https:\/\/agrupacionespsoe.es\/burguillosdetoledo\/boletines-psoe-burguillos-de-toledo\/#primaryimage"},"thumbnailUrl":"https:\/\/agrupacionespsoe.es\/burguillosdetoledo\/wp-content\/uploads\/sites\/209\/2025\/06\/Boletin-.jpg","datePublished":"2025-04-25T10:58:41+00:00","dateModified":"2026-03-24T12:33:10+00:00","description":"Consulta los boletines informativos del PSOE de Burguillos de Toledo. Mantente al d\u00eda con nuestras propuestas, actividades y noticias locales","breadcrumb":{"@id":"https:\/\/agrupacionespsoe.es\/burguillosdetoledo\/boletines-psoe-burguillos-de-toledo\/#breadcrumb"},"inLanguage":"es","potentialAction":[{"@type":"ReadAction","target":["https:\/\/agrupacionespsoe.es\/burguillosdetoledo\/boletines-psoe-burguillos-de-toledo\/"]}]},{"@type":"ImageObject","inLanguage":"es","@id":"https:\/\/agrupacionespsoe.es\/burguillosdetoledo\/boletines-psoe-burguillos-de-toledo\/#primaryimage","url":"https:\/\/agrupacionespsoe.es\/burguillosdetoledo\/wp-content\/uploads\/sites\/209\/2025\/06\/Boletin-.jpg","contentUrl":"https:\/\/agrupacionespsoe.es\/burguillosdetoledo\/wp-content\/uploads\/sites\/209\/2025\/06\/Boletin-.jpg","width":979,"height":265},{"@type":"BreadcrumbList","@id":"https:\/\/agrupacionespsoe.es\/burguillosdetoledo\/boletines-psoe-burguillos-de-toledo\/#breadcrumb","itemListElement":[{"@type":"ListItem","position":1,"name":"Portada","item":"https:\/\/agrupacionespsoe.es\/burguillosdetoledo\/"},{"@type":"ListItem","position":2,"name":"Boletines"}]},{"@type":"WebSite","@id":"https:\/\/agrupacionespsoe.es\/burguillosdetoledo\/#website","url":"https:\/\/agrupacionespsoe.es\/burguillosdetoledo\/","name":"Agrupaci\u00f3n Socialista de Burguillos de Toledo","description":"Agrupaci\u00f3n Socialista de Burguillos de Toledo","publisher":{"@id":"https:\/\/agrupacionespsoe.es\/burguillosdetoledo\/#organization"},"potentialAction":[{"@type":"SearchAction","target":{"@type":"EntryPoint","urlTemplate":"https:\/\/agrupacionespsoe.es\/burguillosdetoledo\/?s={search_term_string}"},"query-input":{"@type":"PropertyValueSpecification","valueRequired":true,"valueName":"search_term_string"}}],"inLanguage":"es"},{"@type":"Organization","@id":"https:\/\/agrupacionespsoe.es\/burguillosdetoledo\/#organization","name":"Agrupaci\u00f3n Socialista de Burguillos de Toledo","url":"https:\/\/agrupacionespsoe.es\/burguillosdetoledo\/","logo":{"@type":"ImageObject","inLanguage":"es","@id":"https:\/\/agrupacionespsoe.es\/burguillosdetoledo\/#\/schema\/logo\/image\/","url":"https:\/\/agrupacionespsoe.es\/wp-content\/uploads\/2022\/07\/Logotipo_electoral_del_PSOE.png","contentUrl":"https:\/\/agrupacionespsoe.es\/wp-content\/uploads\/2022\/07\/Logotipo_electoral_del_PSOE.png","width":422,"height":422,"caption":"Agrupaci\u00f3n Socialista de Burguillos de Toledo"},"image":{"@id":"https:\/\/agrupacionespsoe.es\/burguillosdetoledo\/#\/schema\/logo\/image\/"}}]}},"jetpack_sharing_enabled":true,"_links":{"self":[{"href":"https:\/\/agrupacionespsoe.es\/burguillosdetoledo\/wp-json\/wp\/v2\/pages\/246","targetHints":{"allow":["GET"]}}],"collection":[{"href":"https:\/\/agrupacionespsoe.es\/burguillosdetoledo\/wp-json\/wp\/v2\/pages"}],"about":[{"href":"https:\/\/agrupacionespsoe.es\/burguillosdetoledo\/wp-json\/wp\/v2\/types\/page"}],"author":[{"embeddable":true,"href":"https:\/\/agrupacionespsoe.es\/burguillosdetoledo\/wp-json\/wp\/v2\/users\/299"}],"replies":[{"embeddable":true,"href":"https:\/\/agrupacionespsoe.es\/burguillosdetoledo\/wp-json\/wp\/v2\/comments?post=246"}],"version-history":[{"count":18,"href":"https:\/\/agrupacionespsoe.es\/burguillosdetoledo\/wp-json\/wp\/v2\/pages\/246\/revisions"}],"predecessor-version":[{"id":798,"href":"https:\/\/agrupacionespsoe.es\/burguillosdetoledo\/wp-json\/wp\/v2\/pages\/246\/revisions\/798"}],"wp:attachment":[{"href":"https:\/\/agrupacionespsoe.es\/burguillosdetoledo\/wp-json\/wp\/v2\/media?parent=246"}],"curies":[{"name":"wp","href":"https:\/\/api.w.org\/{rel}","templated":true}]}}