{"id":595,"date":"2024-05-21T21:07:00","date_gmt":"2024-05-21T21:07:00","guid":{"rendered":"https:\/\/agrupacionespsoe.es\/barajas\/?page_id=595"},"modified":"2024-08-24T16:20:30","modified_gmt":"2024-08-24T16:20:30","slug":"pleno-de-la-junta-municipal-de-barajas-mayo-2024","status":"publish","type":"page","link":"https:\/\/agrupacionespsoe.es\/barajas\/grupo-municipal\/pleno-de-la-junta-municipal-de-barajas-mayo-2024","title":{"rendered":"Pleno de la Junta Municipal de Barajas &#8211; MAYO 2024"},"content":{"rendered":"<section class=\"relative md:py-[100px] 2xl:py-0 md:flex md:items-stretch md:min-h-[75vh] 2xl:min-h-[45vh] bg-primary\">\n    <div class=\"grow psoe-container 2xl:mx-0\">\n        <div class=\"md:flex gap-2 items-center 2xl:ml-[160px] h-full\">\n            <div class=\"p-6 md:p-4 lg:p-0 md:pr-10 lg:pr-10 mb-5 md:mb-0  text-white \">\n                                    <p class=\"mb-5 text-white uppercase font-bold\">21 de mayo de 2024<\/p>\n                \n                                    <h1 class=\"text-3xl lg:text-5xl font-bold !leading-tight\">Pleno de la Junta Municipal de Barajas<\/h1>\n                \n                \n                            <\/div>\n                    <\/div>\n    <\/div>\n<\/section>\n\n\n<section class=\"py-12\" x-data=\"documentacionSection(&#039;[{&quot;id&quot;:596,&quot;documentacion_title&quot;:&quot;Iniciativas MAYO 2024&quot;,&quot;documentacion_file&quot;:&quot;https:\\\/\\\/agrupacionespsoe.es\\\/barajas\\\/wp-content\\\/uploads\\\/sites\\\/177\\\/2024\\\/08\\\/2024.05-Iniciativas-MAYO-2024.pdf&quot;}]&#039;, '', '', '', '')\">\n    <div class=\"max-w-screen-lg mx-auto\">\n\n        <div class=\"text-center mb-5 lg:mb-10 px-6 lg:p-0\">\n            \n            \n                    <\/div>\n\n    <\/div>\n\n    <div class=\"max-w-screen-lg mx-auto mb-5\">\n\n        <div x-cloak x-show=\"foundPosts == false\">\n            <p class=\"text-xl text-center px-6 lg:p-0\">No hay documentaci\u00f3n disponible<\/p>\n        <\/div>\n\n        <div class=\"grid grid-cols-1 divide-y\">\n\n            <template x-for=\"(post, index) in posts[page]\" :key=\"index\" >\n                <div x-show=\"post.documentacion_title\" class=\"group hover:bg-primary hover:text-white p-4 gap-2 md:flex md:justify-end md:items-center text-center\">\n                    <p class=\"grow text-left lg:text-center !mb-5 lg:!my-2\" x-text=\"post.documentacion_title\"><\/p>\n                    <a class=\"border border-black group-hover:border-white font-normal uppercase text-sm px-8 py-1\" x-bind:href=\"post.documentacion_file\" target=\"_blank\" rel=\"nofollow\" style=\"flex: 0 0 50px\">Descargar<\/a>\n                <\/div>\n            <\/template>\n\n        <\/div>\n\n        <div x-cloak x-show=\"hasPagination()\" class=\"flex flex-wrap justify-center border-t pt-4\">\n            <button class=\"text-sm pr-1 mx-1\" type=\"button\" @click=\"goToPage(1)\">\n                <svg class=\"h-4 w-4 text-body\" width=\"24\" height=\"24\" viewBox=\"0 0 24 24\" fill=\"none\" stroke=\"currentColor\" stroke-width=\"2\" stroke-linecap=\"round\" stroke-linejoin=\"round\">\n                    <polygon points=\"19 20 9 12 19 4 19 20\"><\/polygon>\n                    <line x1=\"5\" y1=\"19\" x2=\"5\" y2=\"5\"><\/line>\n                <\/svg>\n            <\/button>\n\n            <button class=\"text-sm px-1 mx-1\" type=\"button\" @click=\"goToPage(Math.max(1, page-1))\">Anterior<\/button>\n\n            <template x-for=\"i in parseInt(maxNumPages)\" :key=\"i\">\n                <button x-show=\"((page-i < 3) &#038;&#038; (i-page < 3))\" class=\"text-sm px-2 py-1 mx-1\" :class=\"i == page ? 'bg-primary text-white' : ''\" type=\"button\" x-text=\"i\" @click=\"goToPage(i)\"><\/button>\n            <\/template>\n\n            <button class=\"text-sm px-1 mx-1\" type=\"button\" @click=\"goToPage(Math.min(maxNumPages, page+1))\">Siguiente<\/button>\n\n            <button class=\"text-sm pl-1 mx-1\" type=\"button\" @click=\"goToPage(maxNumPages)\">\n                <svg class=\"h-4 w-4 text-body\" width=\"24\" height=\"24\" viewBox=\"0 0 24 24\" fill=\"none\" stroke=\"currentColor\" stroke-width=\"2\" stroke-linecap=\"round\" stroke-linejoin=\"round\">\n                    <polygon points=\"5 4 15 12 5 20 5 4\"><\/polygon>\n                    <line x1=\"19\" y1=\"5\" x2=\"19\" y2=\"19\"><\/line>\n                <\/svg>\n            <\/button>\n        <\/div>\n\n    <\/div>\n\n<\/section>\n\n\n\n<div class=\"wp-block-columns is-layout-flex wp-container-core-columns-is-layout-1 wp-block-columns-is-layout-flex\">\n<div class=\"wp-block-column is-layout-flow wp-block-column-is-layout-flow\"><\/div>\n\n\n\n<div class=\"wp-block-column is-layout-flow wp-block-column-is-layout-flow\"><\/div>\n<\/div>\n\n\n\n<div class=\"wp-block-columns is-layout-flex wp-container-core-columns-is-layout-2 wp-block-columns-is-layout-flex\">\n<div class=\"wp-block-column is-layout-flow wp-block-column-is-layout-flow\">\n<figure class=\"wp-block-embed is-type-video is-provider-youtube wp-block-embed-youtube wp-embed-aspect-16-9 wp-has-aspect-ratio\"><div class=\"wp-block-embed__wrapper\">\n<iframe loading=\"lazy\" title=\"\ud83d\udca1 Proposici\u00f3n para abrir el punto violeta en las fiestas patronales hasta las 03:00 (21\/05\/2024)\" width=\"500\" height=\"281\" src=\"https:\/\/www.youtube.com\/embed\/OQnGy_4Df4M?feature=oembed\" frameborder=\"0\" allow=\"accelerometer; autoplay; clipboard-write; encrypted-media; gyroscope; picture-in-picture; web-share\" referrerpolicy=\"strict-origin-when-cross-origin\" allowfullscreen><\/iframe>\n<\/div><figcaption class=\"wp-element-caption\">Proposici\u00f3n para abrir el punto violeta en las fiestas patronales hasta las\u00a003:00 | Alicia Lorente<\/figcaption><\/figure>\n\n\n\n<figure class=\"wp-block-embed is-type-video is-provider-youtube wp-block-embed-youtube wp-embed-aspect-16-9 wp-has-aspect-ratio\"><div class=\"wp-block-embed__wrapper\">\n<iframe loading=\"lazy\" title=\"\ud83d\udca1 Proposici\u00f3n para revitalizar la Plaza de Loreto (21\/05\/2024)\" width=\"500\" height=\"281\" src=\"https:\/\/www.youtube.com\/embed\/LlSARD16QUs?feature=oembed\" frameborder=\"0\" allow=\"accelerometer; autoplay; clipboard-write; encrypted-media; gyroscope; picture-in-picture; web-share\" referrerpolicy=\"strict-origin-when-cross-origin\" allowfullscreen><\/iframe>\n<\/div><figcaption class=\"wp-element-caption\">Proposici\u00f3n para revitalizar la Plaza de Loreto | Jorge Osma<\/figcaption><\/figure>\n\n\n\n<figure class=\"wp-block-embed is-type-video is-provider-youtube wp-block-embed-youtube wp-embed-aspect-16-9 wp-has-aspect-ratio\"><div class=\"wp-block-embed__wrapper\">\n<iframe loading=\"lazy\" title=\"\u2753 Pregunta sobre el servicio de cafeter\u00eda de la biblioteca Gloria Fuertes (21\/05\/2024)\" width=\"500\" height=\"281\" src=\"https:\/\/www.youtube.com\/embed\/Ti6DrLI9Vog?feature=oembed\" frameborder=\"0\" allow=\"accelerometer; autoplay; clipboard-write; encrypted-media; gyroscope; picture-in-picture; web-share\" referrerpolicy=\"strict-origin-when-cross-origin\" allowfullscreen><\/iframe>\n<\/div><figcaption class=\"wp-element-caption\">Pregunta sobre el servicio de cafeter\u00eda de la biblioteca Gloria Fuertes\u00a0| Miguel G\u00f3mez-Leal<\/figcaption><\/figure>\n\n\n\n<figure class=\"wp-block-embed is-type-video is-provider-youtube wp-block-embed-youtube wp-embed-aspect-16-9 wp-has-aspect-ratio\"><div class=\"wp-block-embed__wrapper\">\n<iframe loading=\"lazy\" title=\"Pleno de la Junta Municipal de Barajas MAYO 2024 (21\/05\/2024)\" width=\"500\" height=\"281\" src=\"https:\/\/www.youtube.com\/embed\/wKVfezjJ0TE?feature=oembed\" frameborder=\"0\" allow=\"accelerometer; autoplay; clipboard-write; encrypted-media; gyroscope; picture-in-picture; web-share\" referrerpolicy=\"strict-origin-when-cross-origin\" allowfullscreen><\/iframe>\n<\/div><figcaption class=\"wp-element-caption\">Pleno de la Junta Municipal de Barajas &#8211; MAYO 2024<\/figcaption><\/figure>\n<\/div>\n\n\n\n<div class=\"wp-block-column is-layout-flow wp-block-column-is-layout-flow\">\n<figure class=\"wp-block-embed is-type-video is-provider-youtube wp-block-embed-youtube wp-embed-aspect-16-9 wp-has-aspect-ratio\"><div class=\"wp-block-embed__wrapper\">\n<iframe loading=\"lazy\" title=\"\ud83d\udca1 Proposici\u00f3n para realizar cursos de fomento del deporte (21\/05\/2024)\" width=\"500\" height=\"281\" src=\"https:\/\/www.youtube.com\/embed\/qjlkpedmwZQ?feature=oembed\" frameborder=\"0\" allow=\"accelerometer; autoplay; clipboard-write; encrypted-media; gyroscope; picture-in-picture; web-share\" referrerpolicy=\"strict-origin-when-cross-origin\" allowfullscreen><\/iframe>\n<\/div><figcaption class=\"wp-element-caption\">Proposici\u00f3n para realizar cursos de fomento del deporte | Margot Lerena<\/figcaption><\/figure>\n\n\n\n<figure class=\"wp-block-embed is-type-video is-provider-youtube wp-block-embed-youtube wp-embed-aspect-16-9 wp-has-aspect-ratio\"><div class=\"wp-block-embed__wrapper\">\n<iframe loading=\"lazy\" title=\"\ud83d\udca1 Proposici\u00f3n para la gesti\u00f3n p\u00fablica del auditorio del Juan Caros I (21\/05\/2024)\" width=\"500\" height=\"281\" src=\"https:\/\/www.youtube.com\/embed\/mN4Iu_hzDAI?feature=oembed\" frameborder=\"0\" allow=\"accelerometer; autoplay; clipboard-write; encrypted-media; gyroscope; picture-in-picture; web-share\" referrerpolicy=\"strict-origin-when-cross-origin\" allowfullscreen><\/iframe>\n<\/div><figcaption class=\"wp-element-caption\">Proposici\u00f3n para la gesti\u00f3n p\u00fablica del auditorio del Juan Carlos I | Mar\u00eda Caso<\/figcaption><\/figure>\n\n\n\n<figure class=\"wp-block-embed is-type-video is-provider-youtube wp-block-embed-youtube wp-embed-aspect-16-9 wp-has-aspect-ratio\"><div class=\"wp-block-embed__wrapper\">\n<iframe loading=\"lazy\" title=\"\u2753 Pregunta sobre el estado del polideportivo de la Calle Mistral(21\/05\/2024)\" width=\"500\" height=\"281\" src=\"https:\/\/www.youtube.com\/embed\/sDE3waTIz4s?feature=oembed\" frameborder=\"0\" allow=\"accelerometer; autoplay; clipboard-write; encrypted-media; gyroscope; picture-in-picture; web-share\" referrerpolicy=\"strict-origin-when-cross-origin\" allowfullscreen><\/iframe>\n<\/div><figcaption class=\"wp-element-caption\">Pregunta sobre el estado del polideportivo de la Calle Mistral | Margot Lerena<\/figcaption><\/figure>\n<\/div>\n<\/div>\n\n\n\n<div class=\"wp-block-buttons is-layout-flex wp-block-buttons-is-layout-flex\"><\/div>\n\n\n<section class=\"py-12\" x-data=\"documentacionSection(&#039;[{&quot;id&quot;:597,&quot;documentacion_title&quot;:&quot;Proposici\\u00f3n: Punto violeta hasta las 03:00&quot;,&quot;documentacion_file&quot;:&quot;https:\\\/\\\/agrupacionespsoe.es\\\/barajas\\\/wp-content\\\/uploads\\\/sites\\\/177\\\/2024\\\/08\\\/2024.05-Proposicion-Apertura-de-puntos-violeta-hasta-las-3.pdf&quot;},{&quot;id&quot;:599,&quot;documentacion_title&quot;:&quot;Proposici\\u00f3n: Cursos de fomento del deporte&quot;,&quot;documentacion_file&quot;:&quot;https:\\\/\\\/agrupacionespsoe.es\\\/barajas\\\/wp-content\\\/uploads\\\/sites\\\/177\\\/2024\\\/08\\\/2024.05-Proposicion-Cursos-de-verano-deporte.pdf&quot;},{&quot;id&quot;:600,&quot;documentacion_title&quot;:&quot;Proposici\\u00f3n: Revitalizaci\\u00f3n de la Plaza de Loreto&quot;,&quot;documentacion_file&quot;:&quot;https:\\\/\\\/agrupacionespsoe.es\\\/barajas\\\/wp-content\\\/uploads\\\/sites\\\/177\\\/2024\\\/08\\\/2024.05-Proposicion-Plan-de-revitalizacion-de-la-Plaza-de-Nuestra-Senora-de-Loreto.pdf&quot;},{&quot;id&quot;:601,&quot;documentacion_title&quot;:&quot;Proposici\\u00f3n: Gesti\\u00f3n directa del auditorio del Juan Carlos I&quot;,&quot;documentacion_file&quot;:&quot;https:\\\/\\\/agrupacionespsoe.es\\\/barajas\\\/wp-content\\\/uploads\\\/sites\\\/177\\\/2024\\\/08\\\/2024.05-Proposicion-Gestion-del-auditorio-del-Parque-Juan-Carlos-I.pdf&quot;},{&quot;id&quot;:602,&quot;documentacion_title&quot;:&quot;Pregunta: Cafeter\\u00eda del Gloria Fuertes&quot;,&quot;documentacion_file&quot;:&quot;https:\\\/\\\/agrupacionespsoe.es\\\/barajas\\\/wp-content\\\/uploads\\\/sites\\\/177\\\/2024\\\/08\\\/2024.05-Pregunta-Cafeteria-Biblioteca-Gloria-Fuertes.pdf&quot;},{&quot;id&quot;:603,&quot;documentacion_title&quot;:&quot;Pregunta: Polideportivo de la Calle Mistral&quot;,&quot;documentacion_file&quot;:&quot;https:\\\/\\\/agrupacionespsoe.es\\\/barajas\\\/wp-content\\\/uploads\\\/sites\\\/177\\\/2024\\\/08\\\/2024.05-Pregunta-Polideportivo-de-Mistral.pdf&quot;}]&#039;, '', '', '', '')\">\n    <div class=\"max-w-screen-lg mx-auto\">\n\n        <div class=\"text-center mb-5 lg:mb-10 px-6 lg:p-0\">\n            \n            \n                    <\/div>\n\n    <\/div>\n\n    <div class=\"max-w-screen-lg mx-auto mb-5\">\n\n        <div x-cloak x-show=\"foundPosts == false\">\n            <p class=\"text-xl text-center px-6 lg:p-0\">No hay documentaci\u00f3n disponible<\/p>\n        <\/div>\n\n        <div class=\"grid grid-cols-1 divide-y\">\n\n            <template x-for=\"(post, index) in posts[page]\" :key=\"index\" >\n                <div x-show=\"post.documentacion_title\" class=\"group hover:bg-primary hover:text-white p-4 gap-2 md:flex md:justify-end md:items-center text-center\">\n                    <p class=\"grow text-left lg:text-center !mb-5 lg:!my-2\" x-text=\"post.documentacion_title\"><\/p>\n                    <a class=\"border border-black group-hover:border-white font-normal uppercase text-sm px-8 py-1\" x-bind:href=\"post.documentacion_file\" target=\"_blank\" rel=\"nofollow\" style=\"flex: 0 0 50px\">Descargar<\/a>\n                <\/div>\n            <\/template>\n\n        <\/div>\n\n        <div x-cloak x-show=\"hasPagination()\" class=\"flex flex-wrap justify-center border-t pt-4\">\n            <button class=\"text-sm pr-1 mx-1\" type=\"button\" @click=\"goToPage(1)\">\n                <svg class=\"h-4 w-4 text-body\" width=\"24\" height=\"24\" viewBox=\"0 0 24 24\" fill=\"none\" stroke=\"currentColor\" stroke-width=\"2\" stroke-linecap=\"round\" stroke-linejoin=\"round\">\n                    <polygon points=\"19 20 9 12 19 4 19 20\"><\/polygon>\n                    <line x1=\"5\" y1=\"19\" x2=\"5\" y2=\"5\"><\/line>\n                <\/svg>\n            <\/button>\n\n            <button class=\"text-sm px-1 mx-1\" type=\"button\" @click=\"goToPage(Math.max(1, page-1))\">Anterior<\/button>\n\n            <template x-for=\"i in parseInt(maxNumPages)\" :key=\"i\">\n                <button x-show=\"((page-i < 3) &#038;&#038; (i-page < 3))\" class=\"text-sm px-2 py-1 mx-1\" :class=\"i == page ? 'bg-primary text-white' : ''\" type=\"button\" x-text=\"i\" @click=\"goToPage(i)\"><\/button>\n            <\/template>\n\n            <button class=\"text-sm px-1 mx-1\" type=\"button\" @click=\"goToPage(Math.min(maxNumPages, page+1))\">Siguiente<\/button>\n\n            <button class=\"text-sm pl-1 mx-1\" type=\"button\" @click=\"goToPage(maxNumPages)\">\n                <svg class=\"h-4 w-4 text-body\" width=\"24\" height=\"24\" viewBox=\"0 0 24 24\" fill=\"none\" stroke=\"currentColor\" stroke-width=\"2\" stroke-linecap=\"round\" stroke-linejoin=\"round\">\n                    <polygon points=\"5 4 15 12 5 20 5 4\"><\/polygon>\n                    <line x1=\"19\" y1=\"5\" x2=\"19\" y2=\"19\"><\/line>\n                <\/svg>\n            <\/button>\n        <\/div>\n\n    <\/div>\n\n<\/section>\n","protected":false},"excerpt":{"rendered":"","protected":false},"author":261,"featured_media":0,"parent":168,"menu_order":7,"comment_status":"closed","ping_status":"closed","template":"","meta":{"footnotes":""},"class_list":["post-595","page","type-page","status-publish","hentry"],"yoast_head":"<!-- This site is optimized with the Yoast SEO plugin v24.0 - https:\/\/yoast.com\/wordpress\/plugins\/seo\/ -->\n<title>Pleno de la Junta Municipal de Barajas - MAYO 2024 - Agrupaci\u00f3n Socialista de Barajas<\/title>\n<meta name=\"robots\" content=\"index, follow, max-snippet:-1, max-image-preview:large, max-video-preview:-1\" \/>\n<link rel=\"canonical\" href=\"https:\/\/agrupacionespsoe.es\/barajas\/grupo-municipal\/pleno-de-la-junta-municipal-de-barajas-mayo-2024\" \/>\n<meta property=\"og:locale\" content=\"es_ES\" \/>\n<meta property=\"og:type\" content=\"article\" \/>\n<meta property=\"og:title\" content=\"Pleno de la Junta Municipal de Barajas - MAYO 2024 - Agrupaci\u00f3n Socialista de Barajas\" \/>\n<meta property=\"og:url\" content=\"https:\/\/agrupacionespsoe.es\/barajas\/grupo-municipal\/pleno-de-la-junta-municipal-de-barajas-mayo-2024\" \/>\n<meta property=\"og:site_name\" content=\"Agrupaci\u00f3n Socialista de Barajas\" \/>\n<meta property=\"article:modified_time\" content=\"2024-08-24T16:20:30+00:00\" \/>\n<meta name=\"twitter:card\" content=\"summary_large_image\" \/>\n<meta name=\"twitter:label1\" content=\"Tiempo de lectura\" \/>\n\t<meta name=\"twitter:data1\" content=\"1 minuto\" \/>\n<script type=\"application\/ld+json\" class=\"yoast-schema-graph\">{\"@context\":\"https:\/\/schema.org\",\"@graph\":[{\"@type\":\"WebPage\",\"@id\":\"https:\/\/agrupacionespsoe.es\/barajas\/grupo-municipal\/pleno-de-la-junta-municipal-de-barajas-mayo-2024\",\"url\":\"https:\/\/agrupacionespsoe.es\/barajas\/grupo-municipal\/pleno-de-la-junta-municipal-de-barajas-mayo-2024\",\"name\":\"Pleno de la Junta Municipal de Barajas - MAYO 2024 - Agrupaci\u00f3n Socialista de Barajas\",\"isPartOf\":{\"@id\":\"https:\/\/agrupacionespsoe.es\/barajas\/#website\"},\"datePublished\":\"2024-05-21T21:07:00+00:00\",\"dateModified\":\"2024-08-24T16:20:30+00:00\",\"breadcrumb\":{\"@id\":\"https:\/\/agrupacionespsoe.es\/barajas\/grupo-municipal\/pleno-de-la-junta-municipal-de-barajas-mayo-2024#breadcrumb\"},\"inLanguage\":\"es\",\"potentialAction\":[{\"@type\":\"ReadAction\",\"target\":[\"https:\/\/agrupacionespsoe.es\/barajas\/grupo-municipal\/pleno-de-la-junta-municipal-de-barajas-mayo-2024\"]}]},{\"@type\":\"BreadcrumbList\",\"@id\":\"https:\/\/agrupacionespsoe.es\/barajas\/grupo-municipal\/pleno-de-la-junta-municipal-de-barajas-mayo-2024#breadcrumb\",\"itemListElement\":[{\"@type\":\"ListItem\",\"position\":1,\"name\":\"Portada\",\"item\":\"https:\/\/agrupacionespsoe.es\/barajas\/\"},{\"@type\":\"ListItem\",\"position\":2,\"name\":\"Grupo municipal\",\"item\":\"https:\/\/agrupacionespsoe.es\/barajas\/grupo-municipal\"},{\"@type\":\"ListItem\",\"position\":3,\"name\":\"Pleno de la Junta Municipal de Barajas &#8211; MAYO 2024\"}]},{\"@type\":\"WebSite\",\"@id\":\"https:\/\/agrupacionespsoe.es\/barajas\/#website\",\"url\":\"https:\/\/agrupacionespsoe.es\/barajas\/\",\"name\":\"Agrupaci\u00f3n Socialista de Barajas\",\"description\":\"Agrupaci\u00f3n Socialista de Barajas\",\"publisher\":{\"@id\":\"https:\/\/agrupacionespsoe.es\/barajas\/#organization\"},\"potentialAction\":[{\"@type\":\"SearchAction\",\"target\":{\"@type\":\"EntryPoint\",\"urlTemplate\":\"https:\/\/agrupacionespsoe.es\/barajas\/?s={search_term_string}\"},\"query-input\":{\"@type\":\"PropertyValueSpecification\",\"valueRequired\":true,\"valueName\":\"search_term_string\"}}],\"inLanguage\":\"es\"},{\"@type\":\"Organization\",\"@id\":\"https:\/\/agrupacionespsoe.es\/barajas\/#organization\",\"name\":\"Agrupaci\u00f3n Socialista de Barajas\",\"url\":\"https:\/\/agrupacionespsoe.es\/barajas\/\",\"logo\":{\"@type\":\"ImageObject\",\"inLanguage\":\"es\",\"@id\":\"https:\/\/agrupacionespsoe.es\/barajas\/#\/schema\/logo\/image\/\",\"url\":\"https:\/\/agrupacionespsoe.es\/wp-content\/uploads\/2022\/07\/Logotipo_electoral_del_PSOE.png\",\"contentUrl\":\"https:\/\/agrupacionespsoe.es\/wp-content\/uploads\/2022\/07\/Logotipo_electoral_del_PSOE.png\",\"width\":422,\"height\":422,\"caption\":\"Agrupaci\u00f3n Socialista de Barajas\"},\"image\":{\"@id\":\"https:\/\/agrupacionespsoe.es\/barajas\/#\/schema\/logo\/image\/\"}}]}<\/script>\n<!-- \/ Yoast SEO plugin. -->","yoast_head_json":{"title":"Pleno de la Junta Municipal de Barajas - MAYO 2024 - Agrupaci\u00f3n Socialista de Barajas","robots":{"index":"index","follow":"follow","max-snippet":"max-snippet:-1","max-image-preview":"max-image-preview:large","max-video-preview":"max-video-preview:-1"},"canonical":"https:\/\/agrupacionespsoe.es\/barajas\/grupo-municipal\/pleno-de-la-junta-municipal-de-barajas-mayo-2024","og_locale":"es_ES","og_type":"article","og_title":"Pleno de la Junta Municipal de Barajas - MAYO 2024 - Agrupaci\u00f3n Socialista de Barajas","og_url":"https:\/\/agrupacionespsoe.es\/barajas\/grupo-municipal\/pleno-de-la-junta-municipal-de-barajas-mayo-2024","og_site_name":"Agrupaci\u00f3n Socialista de Barajas","article_modified_time":"2024-08-24T16:20:30+00:00","twitter_card":"summary_large_image","twitter_misc":{"Tiempo de lectura":"1 minuto"},"schema":{"@context":"https:\/\/schema.org","@graph":[{"@type":"WebPage","@id":"https:\/\/agrupacionespsoe.es\/barajas\/grupo-municipal\/pleno-de-la-junta-municipal-de-barajas-mayo-2024","url":"https:\/\/agrupacionespsoe.es\/barajas\/grupo-municipal\/pleno-de-la-junta-municipal-de-barajas-mayo-2024","name":"Pleno de la Junta Municipal de Barajas - MAYO 2024 - Agrupaci\u00f3n Socialista de Barajas","isPartOf":{"@id":"https:\/\/agrupacionespsoe.es\/barajas\/#website"},"datePublished":"2024-05-21T21:07:00+00:00","dateModified":"2024-08-24T16:20:30+00:00","breadcrumb":{"@id":"https:\/\/agrupacionespsoe.es\/barajas\/grupo-municipal\/pleno-de-la-junta-municipal-de-barajas-mayo-2024#breadcrumb"},"inLanguage":"es","potentialAction":[{"@type":"ReadAction","target":["https:\/\/agrupacionespsoe.es\/barajas\/grupo-municipal\/pleno-de-la-junta-municipal-de-barajas-mayo-2024"]}]},{"@type":"BreadcrumbList","@id":"https:\/\/agrupacionespsoe.es\/barajas\/grupo-municipal\/pleno-de-la-junta-municipal-de-barajas-mayo-2024#breadcrumb","itemListElement":[{"@type":"ListItem","position":1,"name":"Portada","item":"https:\/\/agrupacionespsoe.es\/barajas\/"},{"@type":"ListItem","position":2,"name":"Grupo municipal","item":"https:\/\/agrupacionespsoe.es\/barajas\/grupo-municipal"},{"@type":"ListItem","position":3,"name":"Pleno de la Junta Municipal de Barajas &#8211; MAYO 2024"}]},{"@type":"WebSite","@id":"https:\/\/agrupacionespsoe.es\/barajas\/#website","url":"https:\/\/agrupacionespsoe.es\/barajas\/","name":"Agrupaci\u00f3n Socialista de Barajas","description":"Agrupaci\u00f3n Socialista de Barajas","publisher":{"@id":"https:\/\/agrupacionespsoe.es\/barajas\/#organization"},"potentialAction":[{"@type":"SearchAction","target":{"@type":"EntryPoint","urlTemplate":"https:\/\/agrupacionespsoe.es\/barajas\/?s={search_term_string}"},"query-input":{"@type":"PropertyValueSpecification","valueRequired":true,"valueName":"search_term_string"}}],"inLanguage":"es"},{"@type":"Organization","@id":"https:\/\/agrupacionespsoe.es\/barajas\/#organization","name":"Agrupaci\u00f3n Socialista de Barajas","url":"https:\/\/agrupacionespsoe.es\/barajas\/","logo":{"@type":"ImageObject","inLanguage":"es","@id":"https:\/\/agrupacionespsoe.es\/barajas\/#\/schema\/logo\/image\/","url":"https:\/\/agrupacionespsoe.es\/wp-content\/uploads\/2022\/07\/Logotipo_electoral_del_PSOE.png","contentUrl":"https:\/\/agrupacionespsoe.es\/wp-content\/uploads\/2022\/07\/Logotipo_electoral_del_PSOE.png","width":422,"height":422,"caption":"Agrupaci\u00f3n Socialista de Barajas"},"image":{"@id":"https:\/\/agrupacionespsoe.es\/barajas\/#\/schema\/logo\/image\/"}}]}},"jetpack_sharing_enabled":true,"_links":{"self":[{"href":"https:\/\/agrupacionespsoe.es\/barajas\/wp-json\/wp\/v2\/pages\/595","targetHints":{"allow":["GET"]}}],"collection":[{"href":"https:\/\/agrupacionespsoe.es\/barajas\/wp-json\/wp\/v2\/pages"}],"about":[{"href":"https:\/\/agrupacionespsoe.es\/barajas\/wp-json\/wp\/v2\/types\/page"}],"author":[{"embeddable":true,"href":"https:\/\/agrupacionespsoe.es\/barajas\/wp-json\/wp\/v2\/users\/261"}],"replies":[{"embeddable":true,"href":"https:\/\/agrupacionespsoe.es\/barajas\/wp-json\/wp\/v2\/comments?post=595"}],"version-history":[{"count":2,"href":"https:\/\/agrupacionespsoe.es\/barajas\/wp-json\/wp\/v2\/pages\/595\/revisions"}],"predecessor-version":[{"id":605,"href":"https:\/\/agrupacionespsoe.es\/barajas\/wp-json\/wp\/v2\/pages\/595\/revisions\/605"}],"up":[{"embeddable":true,"href":"https:\/\/agrupacionespsoe.es\/barajas\/wp-json\/wp\/v2\/pages\/168"}],"wp:attachment":[{"href":"https:\/\/agrupacionespsoe.es\/barajas\/wp-json\/wp\/v2\/media?parent=595"}],"curies":[{"name":"wp","href":"https:\/\/api.w.org\/{rel}","templated":true}]}}