{"id":6,"date":"2022-10-04T12:42:42","date_gmt":"2022-10-04T10:42:42","guid":{"rendered":"https:\/\/agrupacionespsoe.es\/acoruna\/contacto\/"},"modified":"2024-05-22T14:23:27","modified_gmt":"2024-05-22T12:23:27","slug":"contacto","status":"publish","type":"page","link":"https:\/\/agrupacionespsoe.es\/acoruna\/contacto\/","title":{"rendered":"Contacto"},"content":{"rendered":"<section class=\"relative md:py-12 2xl:py-0 md:flex md:items-stretch md:min-h-[75vh] bg-zinc-100\">\n    <div class=\"grow psoe-container 2xl:mx-0\">\n        <div class=\"md:flex gap-2 items-center 2xl:ml-[160px] h-full\">\n            <div class=\"p-6 md:p-4 md:p-2 lg:p-0 md:pr-10 lg:pr-10 mb-0 md:basis-1\/2 2xl:basis-3\/4 \">\n                \n                                    <h2 class=\"text-3xl lg:text-5xl font-bold !leading-tight\">Cont\u00e1ctanos<\/h2>\n                \n                                    <div class=\"mb-5\">\n                        <p>\u00a0<\/p>\n<p>\u00a0<\/p>\n<p>Neste formulario podes facernos chegar directamente as t\u00faas suxerencias, propostas, queixas, etc.<\/p>\n<p>Tam\u00e9n podes po\u00f1erte en contacto con n\u00f3s a trav\u00e9s do correo electr\u00f3nico <a href=\"mailto:info@socialistasdecoruna.es\">info@socialistasdecoruna.es.<\/a><\/p>\n<p>\u00a0<\/p>\n<p>\u00a0<\/p>\n<p>\u00a0<\/p>\n<p>\u00a0<\/p>\n<p>Adem\u00e1is, tes debaixo \u00e1 t\u00faa disposici\u00f3n as nosas redes sociais, para estar ao tanto de toda a actualidade \u2193<\/p>\n\n                    <\/div>\n                            <\/div>\n                            <img decoding=\"async\" loading=\"lazy\" src=\"https:\/\/agrupacionespsoe.es\/acoruna\/wp-content\/uploads\/sites\/198\/2024\/05\/city-6369676_1280.jpg\" class=\"hidden md:block md:m-0 md:absolute md:left-[50%] md:top-0 md:bottom-0 md:right-0 2xl:static 2xl:left-auto md:!w-[50%] 2xl:!w-[700px] md:!h-full md:object-cover\" \/>\n            \n        <\/div>\n    <\/div>\n<\/section>\n\n<div class=\"bg-zinc-100\" x-data=\"formularioSection()\">\n    <div class=\"max-w-screen-lg 2xl:max-w-full mx-auto\">\n        <div class=\"md:grid md:grid-cols-2 gap-2 items-center 2xl:flex 2xl:justify-end\">\n\n            <div class=\"hidden md:block\"><\/div>\n\n            <section class=\"text-body relative md:static md:order-last z-10 p-2 mb-[50px] bg-white shadow max-w-md mx-6 lg:mx-auto 2xl:mr-[200px] md:mt-[-200px]\">\n\n                <form @submit.prevent=\"submitData\" x-ref=\"form\">\n\n\n                    <div x-cloak class=\"flex items-center bg-primary text-white text-sm font-bold px-4 py-3 mb-5 rounded\" x-show=\"notice != ''\" role=\"alert\">\n                        <svg class=\"fill-current w-4 h-4 mr-2\" xmlns=\"http:\/\/www.w3.org\/2000\/svg\" viewBox=\"0 0 20 20\"><path d=\"M12.432 0c1.34 0 2.01.912 2.01 1.957 0 1.305-1.164 2.512-2.679 2.512-1.269 0-2.009-.75-1.974-1.99C9.789 1.436 10.67 0 12.432 0zM8.309 20c-1.058 0-1.833-.652-1.093-3.524l1.214-5.092c.211-.814.246-1.141 0-1.141-.317 0-1.689.562-2.502 1.117l-.528-.88c2.572-2.186 5.531-3.467 6.801-3.467 1.057 0 1.233 1.273.705 3.23l-1.391 5.352c-.246.945-.141 1.271.106 1.271.317 0 1.357-.392 2.379-1.207l.6.814C12.098 19.02 9.365 20 8.309 20z\"\/><\/svg>\n                        <p class=\"!mb-0\" x-text=\"notice\"><\/p>\n                    <\/div>\n\n                    <div class=\"p-2\">\n                        <label class=\"block uppercase font-bold\" for=\"7cba88cae6d9db86c81dbeed5d755d6d-nombre\">Nombre <span class=\"!normal-case font-normal\">(Obligatorio)<\/span><\/label>\n                        <input class=\"block w-full border-b border-slate-500 py-1 outline-0 !outline-none focus:!outline-0 !outline-none\" type=\"text\" id=\"7cba88cae6d9db86c81dbeed5d755d6d-nombre\" x-init=\"formData.fields.nombre = ''\" x-model=\"formData.fields.nombre\" required>\n                    <\/div>\n\n                    <div class=\"p-2\">\n                        <label class=\"block uppercase font-bold\" for=\"7cba88cae6d9db86c81dbeed5d755d6d-apellidos\">Apellidos <span class=\"!normal-case font-normal\">(Obligatorio)<\/span><\/label>\n                        <input class=\"block w-full border-b border-slate-500 py-1 outline-0 !outline-none focus:!outline-0 !outline-none\" type=\"text\" id=\"7cba88cae6d9db86c81dbeed5d755d6d-apellidos\" x-init=\"formData.fields.apellidos = ''\" x-model=\"formData.fields.apellidos\" required>\n                    <\/div>\n\n                    <div class=\"p-2\">\n                        <label class=\"block uppercase font-bold\" for=\"7cba88cae6d9db86c81dbeed5d755d6d-email\">Email <span class=\"!normal-case font-normal\">(Obligatorio)<\/span><\/label>\n                        <input class=\"block w-full border-b border-slate-500 py-1 outline-0 !outline-none focus:!outline-0 !outline-none\" type=\"email\" id=\"7cba88cae6d9db86c81dbeed5d755d6d-email\" x-init=\"formData.fields.email = ''\" x-model=\"formData.fields.email\" required>\n                    <\/div>\n\n                                                                        <div class=\"p-2\">\n                                <label class=\"block uppercase font-bold\" for=\"7cba88cae6d9db86c81dbeed5d755d6d-telefono\">Tel\u00e9fono <span class=\"!normal-case font-normal\"><\/span><\/label>\n                                <textarea class=\"block w-full border-b border-slate-500 py-1 outline-0 !outline-none focus:!outline-0 !outline-none\" type=\"text\" id=\"7cba88cae6d9db86c81dbeed5d755d6d-telefono\" x-init=\"formData.fields['telefono'] = ''\" x-model=\"formData.fields['telefono']\"  rows=\"2\"><\/textarea>\n                            <\/div>\n                                                    <div class=\"p-2\">\n                                <label class=\"block uppercase font-bold\" for=\"7cba88cae6d9db86c81dbeed5d755d6d-que-nos-queres-contar\">Que nos queres contar? <span class=\"!normal-case font-normal\">(Obligatorio)<\/span><\/label>\n                                <textarea class=\"block w-full border-b border-slate-500 py-1 outline-0 !outline-none focus:!outline-0 !outline-none\" type=\"text\" id=\"7cba88cae6d9db86c81dbeed5d755d6d-que-nos-queres-contar\" x-init=\"formData.fields['que-nos-queres-contar'] = ''\" x-model=\"formData.fields['que-nos-queres-contar']\" required rows=\"2\"><\/textarea>\n                            <\/div>\n                                            \n                    <div x-ref=\"recaptcha\"><\/div>\n\n                    <div class=\"p-2\">\n                        <div class=\"md:grid md:grid-cols-3 items-center\">\n                            <div class=\"md:col-span-2 mb-2\">\n                                <label for=\"\"><input class=\"accent-primary\" type=\"checkbox\" name=\"politica-privacidad\" value=\"1\" required> <a class=\"font-normal !underline\" href=\"https:\/\/www.psoe.es\/politica-privacidad\/\" target=\"_blank\" rel=\"nofollow\">Acepto la pol\u00edtica de privacidad<\/a><\/label>\n                            <\/div>\n\n                            <div class=\"md:col-span-1 md:text-right mb-2\">\n                                <button class=\"block mx-auto lg:mx-0 hover:opacity-75 md:inline px-8 lg:px-10 py-2 font-bold text-center uppercase bg-primary !text-white\" type=\"submit\" name=\"submit\" x-bind:disabled=\"loading\">Enviar<\/button>\n                            <\/div>\n                        <\/div>\n                    <\/div>\n                <\/form>\n\n            <\/section>\n\n            <div class=\"relative h-[50vh] bg-cover bg-center mt-[-200px] md:hidden\" style=\"background-image: url('https:\/\/agrupacionespsoe.es\/acoruna\/wp-content\/uploads\/sites\/198\/2024\/05\/city-6369676_1280.jpg')\"><\/div>\n\n        <\/div>\n    <\/div>\n<\/div>\n\n\n\n<ul class=\"wp-block-social-links aligncenter has-large-icon-size is-content-justification-center is-layout-flex wp-container-core-social-links-is-layout-1 wp-block-social-links-is-layout-flex\" style=\"margin-top:var(--wp--preset--spacing--20);margin-right:0;margin-bottom:var(--wp--preset--spacing--20);margin-left:0\"><li class=\"wp-social-link wp-social-link-facebook  wp-block-social-link\"><a rel=\"noopener nofollow\" target=\"_blank\" href=\"https:\/\/www.facebook.com\/psdegprovcoruna\" class=\"wp-block-social-link-anchor\"><svg width=\"24\" height=\"24\" viewBox=\"0 0 24 24\" version=\"1.1\" xmlns=\"http:\/\/www.w3.org\/2000\/svg\" aria-hidden=\"true\" focusable=\"false\"><path d=\"M12 2C6.5 2 2 6.5 2 12c0 5 3.7 9.1 8.4 9.9v-7H7.9V12h2.5V9.8c0-2.5 1.5-3.9 3.8-3.9 1.1 0 2.2.2 2.2.2v2.5h-1.3c-1.2 0-1.6.8-1.6 1.6V12h2.8l-.4 2.9h-2.3v7C18.3 21.1 22 17 22 12c0-5.5-4.5-10-10-10z\"><\/path><\/svg><span class=\"wp-block-social-link-label screen-reader-text\">Enlace a Facebook<\/span><\/a><\/li>\n\n<li class=\"wp-social-link wp-social-link-instagram  wp-block-social-link\"><a rel=\"noopener nofollow\" target=\"_blank\" href=\"https:\/\/www.instagram.com\/psdegprovcoruna\/\" class=\"wp-block-social-link-anchor\"><svg width=\"24\" height=\"24\" viewBox=\"0 0 24 24\" version=\"1.1\" xmlns=\"http:\/\/www.w3.org\/2000\/svg\" aria-hidden=\"true\" focusable=\"false\"><path d=\"M12,4.622c2.403,0,2.688,0.009,3.637,0.052c0.877,0.04,1.354,0.187,1.671,0.31c0.42,0.163,0.72,0.358,1.035,0.673 c0.315,0.315,0.51,0.615,0.673,1.035c0.123,0.317,0.27,0.794,0.31,1.671c0.043,0.949,0.052,1.234,0.052,3.637 s-0.009,2.688-0.052,3.637c-0.04,0.877-0.187,1.354-0.31,1.671c-0.163,0.42-0.358,0.72-0.673,1.035 c-0.315,0.315-0.615,0.51-1.035,0.673c-0.317,0.123-0.794,0.27-1.671,0.31c-0.949,0.043-1.233,0.052-3.637,0.052 s-2.688-0.009-3.637-0.052c-0.877-0.04-1.354-0.187-1.671-0.31c-0.42-0.163-0.72-0.358-1.035-0.673 c-0.315-0.315-0.51-0.615-0.673-1.035c-0.123-0.317-0.27-0.794-0.31-1.671C4.631,14.688,4.622,14.403,4.622,12 s0.009-2.688,0.052-3.637c0.04-0.877,0.187-1.354,0.31-1.671c0.163-0.42,0.358-0.72,0.673-1.035 c0.315-0.315,0.615-0.51,1.035-0.673c0.317-0.123,0.794-0.27,1.671-0.31C9.312,4.631,9.597,4.622,12,4.622 M12,3 C9.556,3,9.249,3.01,8.289,3.054C7.331,3.098,6.677,3.25,6.105,3.472C5.513,3.702,5.011,4.01,4.511,4.511 c-0.5,0.5-0.808,1.002-1.038,1.594C3.25,6.677,3.098,7.331,3.054,8.289C3.01,9.249,3,9.556,3,12c0,2.444,0.01,2.751,0.054,3.711 c0.044,0.958,0.196,1.612,0.418,2.185c0.23,0.592,0.538,1.094,1.038,1.594c0.5,0.5,1.002,0.808,1.594,1.038 c0.572,0.222,1.227,0.375,2.185,0.418C9.249,20.99,9.556,21,12,21s2.751-0.01,3.711-0.054c0.958-0.044,1.612-0.196,2.185-0.418 c0.592-0.23,1.094-0.538,1.594-1.038c0.5-0.5,0.808-1.002,1.038-1.594c0.222-0.572,0.375-1.227,0.418-2.185 C20.99,14.751,21,14.444,21,12s-0.01-2.751-0.054-3.711c-0.044-0.958-0.196-1.612-0.418-2.185c-0.23-0.592-0.538-1.094-1.038-1.594 c-0.5-0.5-1.002-0.808-1.594-1.038c-0.572-0.222-1.227-0.375-2.185-0.418C14.751,3.01,14.444,3,12,3L12,3z M12,7.378 c-2.552,0-4.622,2.069-4.622,4.622S9.448,16.622,12,16.622s4.622-2.069,4.622-4.622S14.552,7.378,12,7.378z M12,15 c-1.657,0-3-1.343-3-3s1.343-3,3-3s3,1.343,3,3S13.657,15,12,15z M16.804,6.116c-0.596,0-1.08,0.484-1.08,1.08 s0.484,1.08,1.08,1.08c0.596,0,1.08-0.484,1.08-1.08S17.401,6.116,16.804,6.116z\"><\/path><\/svg><span class=\"wp-block-social-link-label screen-reader-text\">Enlace a Instagram<\/span><\/a><\/li>\n\n<li class=\"wp-social-link wp-social-link-x  wp-block-social-link\"><a rel=\"noopener nofollow\" target=\"_blank\" href=\"https:\/\/twitter.com\/psdegprovcoruna\" class=\"wp-block-social-link-anchor\"><svg width=\"24\" height=\"24\" viewBox=\"0 0 24 24\" version=\"1.1\" xmlns=\"http:\/\/www.w3.org\/2000\/svg\" aria-hidden=\"true\" focusable=\"false\"><path d=\"M13.982 10.622 20.54 3h-1.554l-5.693 6.618L8.745 3H3.5l6.876 10.007L3.5 21h1.554l6.012-6.989L15.868 21h5.245l-7.131-10.378Zm-2.128 2.474-.697-.997-5.543-7.93H8l4.474 6.4.697.996 5.815 8.318h-2.387l-4.745-6.787Z\" \/><\/svg><span class=\"wp-block-social-link-label screen-reader-text\">Enlace a X<\/span><\/a><\/li>\n\n<li class=\"wp-social-link wp-social-link-whatsapp  wp-block-social-link\"><a rel=\"noopener nofollow\" target=\"_blank\" href=\"https:\/\/api.whatsapp.com\/send\/?phone=%2B34604035234&#038;text&#038;type=phone_number&#038;app_absent=0\" class=\"wp-block-social-link-anchor\"><svg width=\"24\" height=\"24\" viewBox=\"0 0 24 24\" version=\"1.1\" xmlns=\"http:\/\/www.w3.org\/2000\/svg\" aria-hidden=\"true\" focusable=\"false\"><path d=\"M 12.011719 2 C 6.5057187 2 2.0234844 6.478375 2.0214844 11.984375 C 2.0204844 13.744375 2.4814687 15.462563 3.3554688 16.976562 L 2 22 L 7.2324219 20.763672 C 8.6914219 21.559672 10.333859 21.977516 12.005859 21.978516 L 12.009766 21.978516 C 17.514766 21.978516 21.995047 17.499141 21.998047 11.994141 C 22.000047 9.3251406 20.962172 6.8157344 19.076172 4.9277344 C 17.190172 3.0407344 14.683719 2.001 12.011719 2 z M 12.009766 4 C 14.145766 4.001 16.153109 4.8337969 17.662109 6.3417969 C 19.171109 7.8517969 20.000047 9.8581875 19.998047 11.992188 C 19.996047 16.396187 16.413812 19.978516 12.007812 19.978516 C 10.674812 19.977516 9.3544062 19.642812 8.1914062 19.007812 L 7.5175781 18.640625 L 6.7734375 18.816406 L 4.8046875 19.28125 L 5.2851562 17.496094 L 5.5019531 16.695312 L 5.0878906 15.976562 C 4.3898906 14.768562 4.0204844 13.387375 4.0214844 11.984375 C 4.0234844 7.582375 7.6067656 4 12.009766 4 z M 8.4765625 7.375 C 8.3095625 7.375 8.0395469 7.4375 7.8105469 7.6875 C 7.5815469 7.9365 6.9355469 8.5395781 6.9355469 9.7675781 C 6.9355469 10.995578 7.8300781 12.182609 7.9550781 12.349609 C 8.0790781 12.515609 9.68175 15.115234 12.21875 16.115234 C 14.32675 16.946234 14.754891 16.782234 15.212891 16.740234 C 15.670891 16.699234 16.690438 16.137687 16.898438 15.554688 C 17.106437 14.971687 17.106922 14.470187 17.044922 14.367188 C 16.982922 14.263188 16.816406 14.201172 16.566406 14.076172 C 16.317406 13.951172 15.090328 13.348625 14.861328 13.265625 C 14.632328 13.182625 14.464828 13.140625 14.298828 13.390625 C 14.132828 13.640625 13.655766 14.201187 13.509766 14.367188 C 13.363766 14.534188 13.21875 14.556641 12.96875 14.431641 C 12.71875 14.305641 11.914938 14.041406 10.960938 13.191406 C 10.218937 12.530406 9.7182656 11.714844 9.5722656 11.464844 C 9.4272656 11.215844 9.5585938 11.079078 9.6835938 10.955078 C 9.7955938 10.843078 9.9316406 10.663578 10.056641 10.517578 C 10.180641 10.371578 10.223641 10.267562 10.306641 10.101562 C 10.389641 9.9355625 10.347156 9.7890625 10.285156 9.6640625 C 10.223156 9.5390625 9.737625 8.3065 9.515625 7.8125 C 9.328625 7.3975 9.131125 7.3878594 8.953125 7.3808594 C 8.808125 7.3748594 8.6425625 7.375 8.4765625 7.375 z\"><\/path><\/svg><span class=\"wp-block-social-link-label screen-reader-text\">Enlace al canal de Whatsapp<\/span><\/a><\/li><\/ul>\n\n\n<section class=\"py-5 bg-primary\">\n    <div class=\"psoe-container\">\n        <div class=\"md:grid md:grid-cols-12 gap-4 items-center\">\n            <div class=\"md:col-span-3 lg:col-span-2 mb-5 md:mb-0\">\n                                    <img decoding=\"async\" loading=\"lazy\" src=\"https:\/\/agrupacionespsoe.es\/acoruna\/wp-content\/uploads\/sites\/198\/2024\/05\/galicia_borde-blanco-horizontal-relleno-rojo.png\" class=\"my-2 md:m-0 !w-auto mx-auto md:!w-[120px] md:!h-[120px] lg:!w-[180px] lg:!h-[180px] max-w-full md:object-contain md:object-center hidden md:block\" \/>\n\n                                            <img decoding=\"async\" loading=\"lazy\" src=\"https:\/\/agrupacionespsoe.es\/acoruna\/wp-content\/uploads\/sites\/198\/2024\/05\/galicia_borde-blanco-horizontal-relleno-rojo.png\" class=\"my-2 px-6 block md:hidden mx-auto max-w-full\" \/>\n                                                <\/div>\n            <div class=\"md:col-span-9 lg:col-span-10 px-6 lg:p-4\">\n\n                \n                \n            <\/div>\n        <\/div>\n    <\/div>\n<\/section>\n","protected":false},"excerpt":{"rendered":"","protected":false},"author":282,"featured_media":0,"parent":0,"menu_order":0,"comment_status":"closed","ping_status":"closed","template":"","meta":{"footnotes":""},"class_list":["post-6","page","type-page","status-publish","hentry"],"yoast_head":"<!-- This site is optimized with the Yoast SEO plugin v24.0 - https:\/\/yoast.com\/wordpress\/plugins\/seo\/ -->\n<title>Contacto - Agrupaci\u00f3n Provincial da Coru\u00f1a PSOE<\/title>\n<meta name=\"robots\" content=\"index, follow, max-snippet:-1, max-image-preview:large, max-video-preview:-1\" \/>\n<link rel=\"canonical\" href=\"https:\/\/agrupacionespsoe.es\/acoruna\/contacto\/\" \/>\n<meta property=\"og:locale\" content=\"es_ES\" \/>\n<meta property=\"og:type\" content=\"article\" \/>\n<meta property=\"og:title\" content=\"Contacto - Agrupaci\u00f3n Provincial da Coru\u00f1a PSOE\" \/>\n<meta property=\"og:url\" content=\"https:\/\/agrupacionespsoe.es\/acoruna\/contacto\/\" \/>\n<meta property=\"og:site_name\" content=\"Agrupaci\u00f3n Provincial da Coru\u00f1a PSOE\" \/>\n<meta property=\"article:modified_time\" content=\"2024-05-22T12:23:27+00:00\" \/>\n<meta name=\"twitter:card\" content=\"summary_large_image\" \/>\n<script type=\"application\/ld+json\" class=\"yoast-schema-graph\">{\"@context\":\"https:\/\/schema.org\",\"@graph\":[{\"@type\":\"WebPage\",\"@id\":\"https:\/\/agrupacionespsoe.es\/acoruna\/contacto\/\",\"url\":\"https:\/\/agrupacionespsoe.es\/acoruna\/contacto\/\",\"name\":\"Contacto - Agrupaci\u00f3n Provincial da Coru\u00f1a PSOE\",\"isPartOf\":{\"@id\":\"https:\/\/agrupacionespsoe.es\/acoruna\/#website\"},\"datePublished\":\"2022-10-04T10:42:42+00:00\",\"dateModified\":\"2024-05-22T12:23:27+00:00\",\"breadcrumb\":{\"@id\":\"https:\/\/agrupacionespsoe.es\/acoruna\/contacto\/#breadcrumb\"},\"inLanguage\":\"es\",\"potentialAction\":[{\"@type\":\"ReadAction\",\"target\":[\"https:\/\/agrupacionespsoe.es\/acoruna\/contacto\/\"]}]},{\"@type\":\"BreadcrumbList\",\"@id\":\"https:\/\/agrupacionespsoe.es\/acoruna\/contacto\/#breadcrumb\",\"itemListElement\":[{\"@type\":\"ListItem\",\"position\":1,\"name\":\"Portada\",\"item\":\"https:\/\/agrupacionespsoe.es\/acoruna\/\"},{\"@type\":\"ListItem\",\"position\":2,\"name\":\"Contacto\"}]},{\"@type\":\"WebSite\",\"@id\":\"https:\/\/agrupacionespsoe.es\/acoruna\/#website\",\"url\":\"https:\/\/agrupacionespsoe.es\/acoruna\/\",\"name\":\"Agrupaci\u00f3n Provincial da Coru\u00f1a PSOE\",\"description\":\"Provincial PSdeG-PSOE da Coru\u00f1a\",\"publisher\":{\"@id\":\"https:\/\/agrupacionespsoe.es\/acoruna\/#organization\"},\"potentialAction\":[{\"@type\":\"SearchAction\",\"target\":{\"@type\":\"EntryPoint\",\"urlTemplate\":\"https:\/\/agrupacionespsoe.es\/acoruna\/?s={search_term_string}\"},\"query-input\":{\"@type\":\"PropertyValueSpecification\",\"valueRequired\":true,\"valueName\":\"search_term_string\"}}],\"inLanguage\":\"es\"},{\"@type\":\"Organization\",\"@id\":\"https:\/\/agrupacionespsoe.es\/acoruna\/#organization\",\"name\":\"Agrupaci\u00f3n Provincial da Coru\u00f1a PSOE\",\"url\":\"https:\/\/agrupacionespsoe.es\/acoruna\/\",\"logo\":{\"@type\":\"ImageObject\",\"inLanguage\":\"es\",\"@id\":\"https:\/\/agrupacionespsoe.es\/acoruna\/#\/schema\/logo\/image\/\",\"url\":\"https:\/\/agrupacionespsoe.es\/wp-content\/uploads\/2022\/07\/Logotipo_electoral_del_PSOE.png\",\"contentUrl\":\"https:\/\/agrupacionespsoe.es\/wp-content\/uploads\/2022\/07\/Logotipo_electoral_del_PSOE.png\",\"width\":422,\"height\":422,\"caption\":\"Agrupaci\u00f3n Provincial da Coru\u00f1a PSOE\"},\"image\":{\"@id\":\"https:\/\/agrupacionespsoe.es\/acoruna\/#\/schema\/logo\/image\/\"}}]}<\/script>\n<!-- \/ Yoast SEO plugin. -->","yoast_head_json":{"title":"Contacto - Agrupaci\u00f3n Provincial da Coru\u00f1a PSOE","robots":{"index":"index","follow":"follow","max-snippet":"max-snippet:-1","max-image-preview":"max-image-preview:large","max-video-preview":"max-video-preview:-1"},"canonical":"https:\/\/agrupacionespsoe.es\/acoruna\/contacto\/","og_locale":"es_ES","og_type":"article","og_title":"Contacto - Agrupaci\u00f3n Provincial da Coru\u00f1a PSOE","og_url":"https:\/\/agrupacionespsoe.es\/acoruna\/contacto\/","og_site_name":"Agrupaci\u00f3n Provincial da Coru\u00f1a PSOE","article_modified_time":"2024-05-22T12:23:27+00:00","twitter_card":"summary_large_image","schema":{"@context":"https:\/\/schema.org","@graph":[{"@type":"WebPage","@id":"https:\/\/agrupacionespsoe.es\/acoruna\/contacto\/","url":"https:\/\/agrupacionespsoe.es\/acoruna\/contacto\/","name":"Contacto - Agrupaci\u00f3n Provincial da Coru\u00f1a PSOE","isPartOf":{"@id":"https:\/\/agrupacionespsoe.es\/acoruna\/#website"},"datePublished":"2022-10-04T10:42:42+00:00","dateModified":"2024-05-22T12:23:27+00:00","breadcrumb":{"@id":"https:\/\/agrupacionespsoe.es\/acoruna\/contacto\/#breadcrumb"},"inLanguage":"es","potentialAction":[{"@type":"ReadAction","target":["https:\/\/agrupacionespsoe.es\/acoruna\/contacto\/"]}]},{"@type":"BreadcrumbList","@id":"https:\/\/agrupacionespsoe.es\/acoruna\/contacto\/#breadcrumb","itemListElement":[{"@type":"ListItem","position":1,"name":"Portada","item":"https:\/\/agrupacionespsoe.es\/acoruna\/"},{"@type":"ListItem","position":2,"name":"Contacto"}]},{"@type":"WebSite","@id":"https:\/\/agrupacionespsoe.es\/acoruna\/#website","url":"https:\/\/agrupacionespsoe.es\/acoruna\/","name":"Agrupaci\u00f3n Provincial da Coru\u00f1a PSOE","description":"Provincial PSdeG-PSOE da Coru\u00f1a","publisher":{"@id":"https:\/\/agrupacionespsoe.es\/acoruna\/#organization"},"potentialAction":[{"@type":"SearchAction","target":{"@type":"EntryPoint","urlTemplate":"https:\/\/agrupacionespsoe.es\/acoruna\/?s={search_term_string}"},"query-input":{"@type":"PropertyValueSpecification","valueRequired":true,"valueName":"search_term_string"}}],"inLanguage":"es"},{"@type":"Organization","@id":"https:\/\/agrupacionespsoe.es\/acoruna\/#organization","name":"Agrupaci\u00f3n Provincial da Coru\u00f1a PSOE","url":"https:\/\/agrupacionespsoe.es\/acoruna\/","logo":{"@type":"ImageObject","inLanguage":"es","@id":"https:\/\/agrupacionespsoe.es\/acoruna\/#\/schema\/logo\/image\/","url":"https:\/\/agrupacionespsoe.es\/wp-content\/uploads\/2022\/07\/Logotipo_electoral_del_PSOE.png","contentUrl":"https:\/\/agrupacionespsoe.es\/wp-content\/uploads\/2022\/07\/Logotipo_electoral_del_PSOE.png","width":422,"height":422,"caption":"Agrupaci\u00f3n Provincial da Coru\u00f1a PSOE"},"image":{"@id":"https:\/\/agrupacionespsoe.es\/acoruna\/#\/schema\/logo\/image\/"}}]}},"jetpack_sharing_enabled":true,"jetpack_likes_enabled":true,"_links":{"self":[{"href":"https:\/\/agrupacionespsoe.es\/acoruna\/wp-json\/wp\/v2\/pages\/6","targetHints":{"allow":["GET"]}}],"collection":[{"href":"https:\/\/agrupacionespsoe.es\/acoruna\/wp-json\/wp\/v2\/pages"}],"about":[{"href":"https:\/\/agrupacionespsoe.es\/acoruna\/wp-json\/wp\/v2\/types\/page"}],"author":[{"embeddable":true,"href":"https:\/\/agrupacionespsoe.es\/acoruna\/wp-json\/wp\/v2\/users\/282"}],"replies":[{"embeddable":true,"href":"https:\/\/agrupacionespsoe.es\/acoruna\/wp-json\/wp\/v2\/comments?post=6"}],"version-history":[{"count":9,"href":"https:\/\/agrupacionespsoe.es\/acoruna\/wp-json\/wp\/v2\/pages\/6\/revisions"}],"predecessor-version":[{"id":485,"href":"https:\/\/agrupacionespsoe.es\/acoruna\/wp-json\/wp\/v2\/pages\/6\/revisions\/485"}],"wp:attachment":[{"href":"https:\/\/agrupacionespsoe.es\/acoruna\/wp-json\/wp\/v2\/media?parent=6"}],"curies":[{"name":"wp","href":"https:\/\/api.w.org\/{rel}","templated":true}]}}