{"id":389,"date":"2024-05-20T18:13:31","date_gmt":"2024-05-20T16:13:31","guid":{"rendered":"https:\/\/agrupacionespsoe.es\/acoruna\/?page_id=389"},"modified":"2025-05-30T12:38:56","modified_gmt":"2025-05-30T10:38:56","slug":"representantes-nas-institucions","status":"publish","type":"page","link":"https:\/\/agrupacionespsoe.es\/acoruna\/representantes-nas-institucions\/","title":{"rendered":"Representantes nas instituci\u00f3ns"},"content":{"rendered":"\n<section class=\"wp-block-psoe-contenedor\"><div class=\"max-w-screen-lg mx-auto p-4 md:p-2\">\n<p><\/p>\n\n\n\n<section class=\"wp-block-psoe-contenedor\"><div class=\"max-w-screen-lg mx-auto p-4 md:p-2\">\n<p class=\"has-text-align-center has-white-color has-primary-background-color has-text-color has-background has-link-color has-medium-font-size wp-elements-fc0cdfa316e91dbfefd04a311f2efc26\">Co\u00f1ece aos representantes socialistas da provincia nas instituci\u00f3ns p\u00fablicas<\/p>\n\n\n\n<p class=\"has-text-align-center\">Adem\u00e1is da representaci\u00f3n municipal, confirmada por concelleiros, concelleiras e alcaldesas e alcaldes, escollidos nas elecci\u00f3ns municipais, a Agrupaci\u00f3n Provincial ten os seguintes representantes p\u00fablicos nas administraci\u00f3ns.<\/p>\n<\/div><\/section>\n<\/div><\/section>\n\n\n<section class=\"bg-black !bg-cover !bg-scroll lg:!bg-cover lg:!bg-fixed bg-center\" style=\"background: linear-gradient(to top right, rgba(244, 0, 0, 0.6) 20%, rgba(0, 0, 0, 0.7) 60%) fixed, url('https:\/\/agrupacionespsoe.es\/acoruna\/wp-content\/uploads\/sites\/198\/2024\/05\/405820244_742258417933889_596815561795799680_n.jpg') center \/ cover no-repeat fixed\">\n    <div class=\"md:min-h-[60vh] py-10 px-6 flex flex-col items-center justify-center max-w-screen-lg mx-auto text-white text-center\">\n\n                    <p class=\"!mb-5 text-xl uppercase font-bold\">GRUPO PROVINCIAL SOCIALISTA<\/p>\n        \n        <h1 class=\"text-[55px] !leading-[1.09] font-bold mb-5\">Deputaci\u00f3n da Coru\u00f1a<\/h1>\n\n                    <a class=\"text-xl lg:text-[35px] underline decoration-1 underline-offset-8 hover:opacity-75 !leading-10 lg:!leading-[1.6]\" href=\"https:\/\/agrupacionespsoe.es\/acoruna\/grupo-provincial-socialista\/\" >Composici\u00f3n e novas<\/a>\n            <\/div>\n<\/section>\n\n\n\n<section class=\"wp-block-psoe-separador bg-primary px-2\"><hr class=\"color-white bg-white opacity-1 h-[1px] w-full\" \/><\/section>\n\n\n<section class=\"relative md:py-[100px] 2xl:py-0 md:flex md:items-stretch md:min-h-[75vh] 2xl:min-h-[45vh] bg-primary\">\n    <div class=\"grow psoe-container 2xl:mx-0\">\n        <div class=\"md:flex gap-2 items-center 2xl:ml-[160px] h-full\">\n            <div class=\"p-6 md:p-4 lg:p-0 md:pr-10 lg:pr-10 mb-5 md:mb-0  text-white md:basis-1\/2 2xl:basis-3\/4\">\n                                    <p class=\"mb-5 text-white uppercase font-bold\">Parlamento de Galicia<\/p>\n                \n                                    <h1 class=\"text-3xl lg:text-5xl font-bold !leading-tight\">Grupo Parlamentario Socialista<\/h1>\n                \n                                    <div class=\"mb-5 !leading-normal\">\n                        <p>Co\u00f1ece \u00e1s deputadas e ao deputado da provincia da Coru\u00f1a<\/p>\n\n                    <\/div>\n                \n                                    <a class=\"mb-2 text-md bg-white uppercase text-primary px-5 py-1 font-bold text-center hover:text-primary hover:opacity-75\" href=\"https:\/\/agrupacionespsoe.es\/acoruna\/gps-parlamento-de-galicia\/\" >GPS Parlamento de Galicia<\/a>\n                            <\/div>\n                                                <img decoding=\"async\" loading=\"lazy\" src=\"https:\/\/agrupacionespsoe.es\/acoruna\/wp-content\/uploads\/sites\/198\/2024\/05\/Besteiro-recurso-Parlamento.jpg\" class=\"md:m-0 md:absolute md:left-[50%] md:top-0 md:bottom-0 md:right-0 2xl:static 2xl:left-auto md:!w-[50%] 2xl:!w-[700px] md:!h-full md:object-cover\" \/>\n                                    <\/div>\n    <\/div>\n<\/section>\n\n\n\n<section class=\"wp-block-psoe-separador bg-primary px-2\"><hr class=\"color-white bg-white opacity-1 h-[1px] w-full\" \/><\/section>\n\n\n<section class=\"relative md:py-[100px] 2xl:py-0 md:flex md:items-stretch md:min-h-[75vh] 2xl:min-h-[45vh] \">\n    <div class=\"grow psoe-container 2xl:mx-0\">\n        <div class=\"md:flex gap-2 items-center 2xl:ml-[160px] h-full\">\n            <div class=\"p-6 md:p-4 lg:p-0 md:pr-10 lg:pr-10 mb-5 md:mb-0   md:basis-1\/2 2xl:basis-3\/4\">\n                                    <p class=\"mb-5 text-primary uppercase font-bold\">CORTES XERAIS<\/p>\n                \n                                    <h1 class=\"text-3xl lg:text-5xl font-bold !leading-tight\">Grupos Parlamentarios Socialistas<\/h1>\n                \n                                    <div class=\"mb-5 !leading-normal\">\n                        <p>Congreso dos Deputados e Senado<\/p>\n\n                    <\/div>\n                \n                                    <a class=\"mb-2 text-md bg-primary uppercase text-white px-5 py-1 font-bold text-center hover:text-white hover:opacity-75\" href=\"https:\/\/agrupacionespsoe.es\/acoruna\/representantes-nas-cortes-xerais\/\" >Co\u00f1ece \u00e1s deputadas e ao senador<\/a>\n                            <\/div>\n                                                <img decoding=\"async\" loading=\"lazy\" src=\"https:\/\/agrupacionespsoe.es\/acoruna\/wp-content\/uploads\/sites\/198\/2024\/05\/Congreso-de-los-Diputados-recurso.jpg\" class=\"md:m-0 md:absolute md:left-[50%] md:top-0 md:bottom-0 md:right-0 2xl:static 2xl:left-auto md:!w-[50%] 2xl:!w-[700px] md:!h-full md:object-cover\" \/>\n                                    <\/div>\n    <\/div>\n<\/section>\n","protected":false},"excerpt":{"rendered":"","protected":false},"author":282,"featured_media":0,"parent":0,"menu_order":0,"comment_status":"closed","ping_status":"closed","template":"","meta":{"footnotes":""},"class_list":["post-389","page","type-page","status-publish","hentry"],"yoast_head":"<!-- This site is optimized with the Yoast SEO plugin v24.0 - https:\/\/yoast.com\/wordpress\/plugins\/seo\/ -->\n<title>Representantes nas instituci\u00f3ns - Agrupaci\u00f3n Provincial da Coru\u00f1a PSOE<\/title>\n<meta name=\"description\" content=\"Co\u00f1ece aos representantes da provincia nas instituci\u00f3ns p\u00fablicas:\" \/>\n<meta name=\"robots\" content=\"index, follow, max-snippet:-1, max-image-preview:large, max-video-preview:-1\" \/>\n<link rel=\"canonical\" href=\"https:\/\/agrupacionespsoe.es\/acoruna\/representantes-nas-institucions\/\" \/>\n<meta property=\"og:locale\" content=\"es_ES\" \/>\n<meta property=\"og:type\" content=\"article\" \/>\n<meta property=\"og:title\" content=\"Representantes nas instituci\u00f3ns - Agrupaci\u00f3n Provincial da Coru\u00f1a PSOE\" \/>\n<meta property=\"og:description\" content=\"Co\u00f1ece aos representantes da provincia nas instituci\u00f3ns p\u00fablicas:\" \/>\n<meta property=\"og:url\" content=\"https:\/\/agrupacionespsoe.es\/acoruna\/representantes-nas-institucions\/\" \/>\n<meta property=\"og:site_name\" content=\"Agrupaci\u00f3n Provincial da Coru\u00f1a PSOE\" \/>\n<meta property=\"article:modified_time\" content=\"2025-05-30T10:38:56+00:00\" \/>\n<meta name=\"twitter:card\" content=\"summary_large_image\" \/>\n<meta name=\"twitter:label1\" content=\"Tiempo de lectura\" \/>\n\t<meta name=\"twitter:data1\" content=\"1 minuto\" \/>\n<script type=\"application\/ld+json\" class=\"yoast-schema-graph\">{\"@context\":\"https:\/\/schema.org\",\"@graph\":[{\"@type\":\"WebPage\",\"@id\":\"https:\/\/agrupacionespsoe.es\/acoruna\/representantes-nas-institucions\/\",\"url\":\"https:\/\/agrupacionespsoe.es\/acoruna\/representantes-nas-institucions\/\",\"name\":\"Representantes nas instituci\u00f3ns - Agrupaci\u00f3n Provincial da Coru\u00f1a PSOE\",\"isPartOf\":{\"@id\":\"https:\/\/agrupacionespsoe.es\/acoruna\/#website\"},\"datePublished\":\"2024-05-20T16:13:31+00:00\",\"dateModified\":\"2025-05-30T10:38:56+00:00\",\"description\":\"Co\u00f1ece aos representantes da provincia nas instituci\u00f3ns p\u00fablicas:\",\"breadcrumb\":{\"@id\":\"https:\/\/agrupacionespsoe.es\/acoruna\/representantes-nas-institucions\/#breadcrumb\"},\"inLanguage\":\"es\",\"potentialAction\":[{\"@type\":\"ReadAction\",\"target\":[\"https:\/\/agrupacionespsoe.es\/acoruna\/representantes-nas-institucions\/\"]}]},{\"@type\":\"BreadcrumbList\",\"@id\":\"https:\/\/agrupacionespsoe.es\/acoruna\/representantes-nas-institucions\/#breadcrumb\",\"itemListElement\":[{\"@type\":\"ListItem\",\"position\":1,\"name\":\"Portada\",\"item\":\"https:\/\/agrupacionespsoe.es\/acoruna\/\"},{\"@type\":\"ListItem\",\"position\":2,\"name\":\"Representantes nas instituci\u00f3ns\"}]},{\"@type\":\"WebSite\",\"@id\":\"https:\/\/agrupacionespsoe.es\/acoruna\/#website\",\"url\":\"https:\/\/agrupacionespsoe.es\/acoruna\/\",\"name\":\"Agrupaci\u00f3n Provincial da Coru\u00f1a PSOE\",\"description\":\"Provincial PSdeG-PSOE da Coru\u00f1a\",\"publisher\":{\"@id\":\"https:\/\/agrupacionespsoe.es\/acoruna\/#organization\"},\"potentialAction\":[{\"@type\":\"SearchAction\",\"target\":{\"@type\":\"EntryPoint\",\"urlTemplate\":\"https:\/\/agrupacionespsoe.es\/acoruna\/?s={search_term_string}\"},\"query-input\":{\"@type\":\"PropertyValueSpecification\",\"valueRequired\":true,\"valueName\":\"search_term_string\"}}],\"inLanguage\":\"es\"},{\"@type\":\"Organization\",\"@id\":\"https:\/\/agrupacionespsoe.es\/acoruna\/#organization\",\"name\":\"Agrupaci\u00f3n Provincial da Coru\u00f1a PSOE\",\"url\":\"https:\/\/agrupacionespsoe.es\/acoruna\/\",\"logo\":{\"@type\":\"ImageObject\",\"inLanguage\":\"es\",\"@id\":\"https:\/\/agrupacionespsoe.es\/acoruna\/#\/schema\/logo\/image\/\",\"url\":\"https:\/\/agrupacionespsoe.es\/wp-content\/uploads\/2022\/07\/Logotipo_electoral_del_PSOE.png\",\"contentUrl\":\"https:\/\/agrupacionespsoe.es\/wp-content\/uploads\/2022\/07\/Logotipo_electoral_del_PSOE.png\",\"width\":422,\"height\":422,\"caption\":\"Agrupaci\u00f3n Provincial da Coru\u00f1a PSOE\"},\"image\":{\"@id\":\"https:\/\/agrupacionespsoe.es\/acoruna\/#\/schema\/logo\/image\/\"}}]}<\/script>\n<!-- \/ Yoast SEO plugin. -->","yoast_head_json":{"title":"Representantes nas instituci\u00f3ns - Agrupaci\u00f3n Provincial da Coru\u00f1a PSOE","description":"Co\u00f1ece aos representantes da provincia nas instituci\u00f3ns p\u00fablicas:","robots":{"index":"index","follow":"follow","max-snippet":"max-snippet:-1","max-image-preview":"max-image-preview:large","max-video-preview":"max-video-preview:-1"},"canonical":"https:\/\/agrupacionespsoe.es\/acoruna\/representantes-nas-institucions\/","og_locale":"es_ES","og_type":"article","og_title":"Representantes nas instituci\u00f3ns - Agrupaci\u00f3n Provincial da Coru\u00f1a PSOE","og_description":"Co\u00f1ece aos representantes da provincia nas instituci\u00f3ns p\u00fablicas:","og_url":"https:\/\/agrupacionespsoe.es\/acoruna\/representantes-nas-institucions\/","og_site_name":"Agrupaci\u00f3n Provincial da Coru\u00f1a PSOE","article_modified_time":"2025-05-30T10:38:56+00:00","twitter_card":"summary_large_image","twitter_misc":{"Tiempo de lectura":"1 minuto"},"schema":{"@context":"https:\/\/schema.org","@graph":[{"@type":"WebPage","@id":"https:\/\/agrupacionespsoe.es\/acoruna\/representantes-nas-institucions\/","url":"https:\/\/agrupacionespsoe.es\/acoruna\/representantes-nas-institucions\/","name":"Representantes nas instituci\u00f3ns - Agrupaci\u00f3n Provincial da Coru\u00f1a PSOE","isPartOf":{"@id":"https:\/\/agrupacionespsoe.es\/acoruna\/#website"},"datePublished":"2024-05-20T16:13:31+00:00","dateModified":"2025-05-30T10:38:56+00:00","description":"Co\u00f1ece aos representantes da provincia nas instituci\u00f3ns p\u00fablicas:","breadcrumb":{"@id":"https:\/\/agrupacionespsoe.es\/acoruna\/representantes-nas-institucions\/#breadcrumb"},"inLanguage":"es","potentialAction":[{"@type":"ReadAction","target":["https:\/\/agrupacionespsoe.es\/acoruna\/representantes-nas-institucions\/"]}]},{"@type":"BreadcrumbList","@id":"https:\/\/agrupacionespsoe.es\/acoruna\/representantes-nas-institucions\/#breadcrumb","itemListElement":[{"@type":"ListItem","position":1,"name":"Portada","item":"https:\/\/agrupacionespsoe.es\/acoruna\/"},{"@type":"ListItem","position":2,"name":"Representantes nas instituci\u00f3ns"}]},{"@type":"WebSite","@id":"https:\/\/agrupacionespsoe.es\/acoruna\/#website","url":"https:\/\/agrupacionespsoe.es\/acoruna\/","name":"Agrupaci\u00f3n Provincial da Coru\u00f1a PSOE","description":"Provincial PSdeG-PSOE da Coru\u00f1a","publisher":{"@id":"https:\/\/agrupacionespsoe.es\/acoruna\/#organization"},"potentialAction":[{"@type":"SearchAction","target":{"@type":"EntryPoint","urlTemplate":"https:\/\/agrupacionespsoe.es\/acoruna\/?s={search_term_string}"},"query-input":{"@type":"PropertyValueSpecification","valueRequired":true,"valueName":"search_term_string"}}],"inLanguage":"es"},{"@type":"Organization","@id":"https:\/\/agrupacionespsoe.es\/acoruna\/#organization","name":"Agrupaci\u00f3n Provincial da Coru\u00f1a PSOE","url":"https:\/\/agrupacionespsoe.es\/acoruna\/","logo":{"@type":"ImageObject","inLanguage":"es","@id":"https:\/\/agrupacionespsoe.es\/acoruna\/#\/schema\/logo\/image\/","url":"https:\/\/agrupacionespsoe.es\/wp-content\/uploads\/2022\/07\/Logotipo_electoral_del_PSOE.png","contentUrl":"https:\/\/agrupacionespsoe.es\/wp-content\/uploads\/2022\/07\/Logotipo_electoral_del_PSOE.png","width":422,"height":422,"caption":"Agrupaci\u00f3n Provincial da Coru\u00f1a PSOE"},"image":{"@id":"https:\/\/agrupacionespsoe.es\/acoruna\/#\/schema\/logo\/image\/"}}]}},"jetpack_sharing_enabled":true,"jetpack_likes_enabled":true,"_links":{"self":[{"href":"https:\/\/agrupacionespsoe.es\/acoruna\/wp-json\/wp\/v2\/pages\/389","targetHints":{"allow":["GET"]}}],"collection":[{"href":"https:\/\/agrupacionespsoe.es\/acoruna\/wp-json\/wp\/v2\/pages"}],"about":[{"href":"https:\/\/agrupacionespsoe.es\/acoruna\/wp-json\/wp\/v2\/types\/page"}],"author":[{"embeddable":true,"href":"https:\/\/agrupacionespsoe.es\/acoruna\/wp-json\/wp\/v2\/users\/282"}],"replies":[{"embeddable":true,"href":"https:\/\/agrupacionespsoe.es\/acoruna\/wp-json\/wp\/v2\/comments?post=389"}],"version-history":[{"count":7,"href":"https:\/\/agrupacionespsoe.es\/acoruna\/wp-json\/wp\/v2\/pages\/389\/revisions"}],"predecessor-version":[{"id":1504,"href":"https:\/\/agrupacionespsoe.es\/acoruna\/wp-json\/wp\/v2\/pages\/389\/revisions\/1504"}],"wp:attachment":[{"href":"https:\/\/agrupacionespsoe.es\/acoruna\/wp-json\/wp\/v2\/media?parent=389"}],"curies":[{"name":"wp","href":"https:\/\/api.w.org\/{rel}","templated":true}]}}