{"id":178,"date":"2024-05-14T11:13:56","date_gmt":"2024-05-14T09:13:56","guid":{"rendered":"https:\/\/agrupacionespsoe.es\/acoruna\/?page_id=178"},"modified":"2025-11-16T11:30:35","modified_gmt":"2025-11-16T10:30:35","slug":"portada-es","status":"publish","type":"page","link":"https:\/\/agrupacionespsoe.es\/acoruna\/es\/portada-es\/","title":{"rendered":"Portada-es"},"content":{"rendered":"<section class=\"bg-black !bg-cover !bg-scroll lg:!bg-cover lg:!bg-fixed bg-center\" style=\"background: linear-gradient(to top right, rgba(244, 0, 0, 0.6) 20%, rgba(0, 0, 0, 0.7) 60%) fixed, url('https:\/\/agrupacionespsoe.es\/acoruna\/wp-content\/uploads\/sites\/198\/2025\/10\/Foto-CEP-2025-e1748081355469-1024x622-1.jpeg') center \/ cover no-repeat fixed\">\n    <div class=\"md:min-h-[60vh] py-10 px-6 flex flex-col items-center justify-center max-w-screen-lg mx-auto text-white text-center\">\n\n                    <p class=\"!mb-5 text-xl uppercase font-bold\">Comisi\u00f3n Ejecutiva Provincial<\/p>\n        \n        <h1 class=\"text-[55px] !leading-[1.09] font-bold mb-5\">Agrupaci\u00f3n Provincial de A Coru\u00f1a del PSdeG-PSOE<\/h1>\n\n                    <a class=\"text-xl lg:text-[35px] underline decoration-1 underline-offset-8 hover:opacity-75 !leading-10 lg:!leading-[1.6]\" href=\"https:\/\/agrupacionespsoe.es\/acoruna\/nos\/\" >Con\u00f3cenos<\/a>\n            <\/div>\n<\/section>\n\n\n<section class=\"py-5 bg-primary\">\n    <div class=\"psoe-container\">\n        <div class=\"md:grid md:grid-cols-12 gap-4 items-center\">\n            <div class=\"md:col-span-3 lg:col-span-2 mb-5 md:mb-0\">\n                                    <img decoding=\"async\" loading=\"lazy\" src=\"https:\/\/agrupacionespsoe.es\/acoruna\/wp-content\/uploads\/sites\/198\/2024\/05\/galicia_borde-blanco-horizontal-relleno-rojo.png\" class=\"my-2 md:m-0 !w-auto mx-auto md:!w-[120px] md:!h-[120px] lg:!w-[180px] lg:!h-[180px] max-w-full md:object-contain md:object-center hidden md:block\" \/>\n\n                                            <img decoding=\"async\" loading=\"lazy\" src=\"https:\/\/agrupacionespsoe.es\/acoruna\/wp-content\/uploads\/sites\/198\/2024\/05\/galicia_borde-blanco-horizontal-relleno-rojo.png\" class=\"my-2 px-6 block md:hidden mx-auto max-w-full\" \/>\n                                                <\/div>\n            <div class=\"md:col-span-9 lg:col-span-10 px-6 lg:p-4\">\n\n                \n                \n            <\/div>\n        <\/div>\n    <\/div>\n<\/section>\n\n\n<div class=\"bg-[#f1f1f1]\">\n    <div class=\"mx-auto\">\n        <div class=\"md:flex items-center\">\n\n            <div class=\"grow px-6 py-10 md:py-6 md:order-last\">\n                                    <p class=\"text-primary uppercase mb-2\">Destacado<\/p>\n                \n                <a href=\"https:\/\/agrupacionespsoe.es\/acoruna\/o-psdeg-levara-ao-parlamento-galego-a-reivindicacion-de-mais-persoal-de-orientacion-e-apoio-no-colexio-de-ponzos\/\" >\n                    <h2 class=\"text-3xl lg:text-5xl font-bold !leading-tight\">O PSdeG levar\u00e1 ao Parlamento galego a reivindicaci\u00f3n de m\u00e1is persoal de orientaci\u00f3n e apoio no colexio de Ponzos<\/h2>\n                                            <p class=\"font-normal text-sm\">Aitor Bouza denuncia que o profesorado do centro est\u00e1 &#8220;absolutamente saturado, particularmente o equipo de orientaci\u00f3n&#8221;.<\/p>\n                                    <\/a>\n\n                \n            <\/div>\n\n                            <a href=\"https:\/\/agrupacionespsoe.es\/acoruna\/o-psdeg-levara-ao-parlamento-galego-a-reivindicacion-de-mais-persoal-de-orientacion-e-apoio-no-colexio-de-ponzos\/\"  class=\"block md:basis-[300px] lg:basis-[630px] md:shrink-0 md:grow-0\">\n                    <img decoding=\"async\" loading=\"lazy\" class=\"my-0 !h-96 lg:!h-[540px] !w-full object-cover\" src=\"https:\/\/agrupacionespsoe.es\/acoruna\/wp-content\/uploads\/sites\/198\/2026\/03\/Aitor-Bouza-parlamento-recurso-5.jpeg\" alt=\"O PSdeG levar\u00e1 ao Parlamento galego a reivindicaci\u00f3n de m\u00e1is persoal de orientaci\u00f3n e apoio no colexio de Ponzos\">\n                <\/a>\n            \n        <\/div>\n    <\/div>\n<\/div>\n\n\n<section class=\"py-4\">\n    <div class=\"md:flex md:flex-wrap md:gap-2\">\n\n                    \n                \n                <div class=\"h-[300px] 2xl:h-[400px] md:h-44 md:h-80 lg:h-60 my-2 lg:my-0 bg-cover bg-center flex flex-col justify-end items-start p-10 md:p-4 lg:p-5 hover:shadow-[inset_0_0_100px_100px_rgba(0,0,0,0.6)] transition-all\" style=\"background-image: url('https:\/\/agrupacionespsoe.es\/acoruna\/wp-content\/uploads\/sites\/198\/2024\/05\/educacion-4.jpg'); flex: 1 0 20%;\">\n                                            <h2 class=\"text-white !font-normal text-xl my-0 mb-2\">Noticias de la Agrupaci\u00f3n Provincial<\/h2>\n                    \n                                            <a class=\"bg-primary !text-white hover:bg-white hover:!text-primary uppercase  px-4 lg:px-10 py-2 my-0 text-white font-bold text-sm\" href=\"https:\/\/agrupacionespsoe.es\/acoruna\/novas\/\" target=&quot;_blank&quot;>NOTICIAS<\/a>\n                                    <\/div>\n            \n                \n                <div class=\"h-[300px] 2xl:h-[400px] md:h-44 md:h-80 lg:h-60 my-2 lg:my-0 bg-cover bg-center flex flex-col justify-end items-start p-10 md:p-4 lg:p-5 hover:shadow-[inset_0_0_100px_100px_rgba(0,0,0,0.6)] transition-all\" style=\"background-image: url('https:\/\/agrupacionespsoe.es\/acoruna\/wp-content\/uploads\/sites\/198\/2024\/05\/Congreso-de-los-Diputados-recurso.jpg'); flex: 1 0 20%;\">\n                                            <h2 class=\"text-white !font-normal text-xl my-0 mb-2\">Conoce a nuestros representantes en las instituciones<\/h2>\n                    \n                                            <a class=\"bg-primary !text-white hover:bg-white hover:!text-primary uppercase  px-4 lg:px-10 py-2 my-0 text-white font-bold text-sm\" href=\"https:\/\/agrupacionespsoe.es\/acoruna\/nos\/\" >Cargos p\u00fablicos de la provincia<\/a>\n                                    <\/div>\n            \n                \n                <div class=\"h-[300px] 2xl:h-[400px] md:h-44 md:h-80 lg:h-60 my-2 lg:my-0 bg-cover bg-center flex flex-col justify-end items-start p-10 md:p-4 lg:p-5 hover:shadow-[inset_0_0_100px_100px_rgba(0,0,0,0.6)] transition-all\" style=\"background-image: url('https:\/\/agrupacionespsoe.es\/acoruna\/wp-content\/uploads\/sites\/198\/2024\/05\/city-6369676_1280.jpg'); flex: 1 0 20%;\">\n                                            <h2 class=\"text-white !font-normal text-xl my-0 mb-2\">Contacta con nosotros<\/h2>\n                    \n                                            <a class=\"bg-primary !text-white hover:bg-white hover:!text-primary uppercase  px-4 lg:px-10 py-2 my-0 text-white font-bold text-sm\" href=\"https:\/\/agrupacionespsoe.es\/acoruna\/es\/contacto-2\/\" >Ver m\u00e1s<\/a>\n                                    <\/div>\n                    \n    <\/div>\n<\/section>\n\n\n<section class=\"py-12\" x-data=\"agendaSection(null, '', '', '', '')\">\n    <div class=\"max-w-screen-lg mx-auto\">\n\n        <div class=\"text-center mb-5 lg:mb-10 px-6 lg:p-0\">\n                            <p class=\"text-primary uppercase font-bold\">PSdeG-PSOE Provincial de A Coru\u00f1a<\/p>\n            \n                            <h2 class=\"text-3xl lg:text-5xl font-bold !leading-tight\">Agenda de la Agrupaci\u00f3n Provincial de A Coru\u00f1a<\/h2>\n            \n                            <div class=\"mb-5\">\n                    <p>Consulta los pr\u00f3ximos eventos:<\/p>\n\n                <\/div>\n                    <\/div>\n\n        <div class=\"flex items-center flex-wrap justify-center mb-5 px-6 lg:px-0\">\n            <div class=\"flatpickr md:flex items-center px-2 mb-2 basis-1\/2 md:basis-[auto]\">\n                <label for=\"search-from\" class=\"mr-2\">Desde<\/label>\n                <div class=\"flex items-center p-1 bg-primary\">\n                    <a class=\"input-button\" title=\"toggle\" style=\"flex: 0 0 40px\" data-toggle>\n                        <img decoding=\"async\" role=\"button\" class=\"!my-0 bg-white p-1\" width=\"40\" src=\"https:\/\/agrupacionespsoe.es\/acoruna\/wp-content\/themes\/psoe-agrupaciones-theme\/public\/calendar-gris.fba35a.svg\" alt=\"\">\n                    <\/a>\n                    <input type=\"text\" id=\"search-from\" class=\"grow w-28 bg-primary placeholder-white text-center text-white p-2 outline-0 !outline-none focus:!outline-0 !outline-none\" name=\"from\" value=\"\" @change=\"changeDates( 'from', $event.target.value )\" placeholder=\"Elige fecha\" data-input>\n                <\/div>\n            <\/div>\n\n            <div class=\"flatpickr md:flex items-center px-2 mb-2 basis-1\/2 md:basis-[auto]\">\n                <label for=\"search-to\" class=\"mr-2\">Hasta<\/label>\n                <div class=\"flex items-center p-1 bg-primary\">\n                    <a class=\"input-button\" title=\"toggle\" style=\"flex: 0 0 40px\" data-toggle>\n                        <img decoding=\"async\" role=\"button\" class=\"!my-0 bg-white p-1\" width=\"40\" src=\"https:\/\/agrupacionespsoe.es\/acoruna\/wp-content\/themes\/psoe-agrupaciones-theme\/public\/calendar-gris.fba35a.svg\" alt=\"\">\n                    <\/a>\n                    <input type=\"text\" id=\"search-to\" class=\"grow w-28 bg-primary placeholder-white text-center text-white p-2 outline-0 !outline-none focus:!outline-0 !outline-none\" name=\"to\" value=\"\" @change=\"changeDates( 'to', $event.target.value )\" placeholder=\"Elige fecha\" data-input>\n                <\/div>\n            <\/div>\n        <\/div>\n\n    <\/div>\n\n\n    <div class=\"max-w-screen-lg mx-auto\">\n\n        <div x-cloak x-show=\"maxNumPages == false\">\n            <p class=\"text-xl text-center px-6 lg:p-0\">No hay eventos disponibles<\/p>\n        <\/div>\n\n        <div class=\"md:grid md:grid-cols-2 px-6 md:p-0\">\n\n            <template x-for=\"(post, index) in posts[page]\" :key=\"index\">\n                <div x-show=\"post.agenda_title\" class=\"px-2 py-6 border-t md:flex flex-warp gap-4 items-center justify-around\">\n                    <div class=\"w-[90px] max-w-[90px] pr-1 border-r\" :class=\"(Date.parse(post.agenda_datetime) < now ) ? 'border-slate-400' : 'border-primary'\" style=\"flex: 0 0 90px\">\n                        <div class=\"p-2 text-center\" :class=\"(Date.parse(post.agenda_datetime) < now ) ? 'bg-slate-400' : 'bg-primary'\">\n                            <time class=\"text-white font-bold !my-0 text-sm\" x-text=\"post.agenda_datetime_1\"><\/time>\n                            <hr class=\"my-0\">\n                            <time class=\"text-white font-bold !my-0 text-sm\" x-text=\"post.agenda_datetime_2\"><\/time>\n                        <\/div>\n                    <\/div>\n\n                    <a class=\"md:grow p-2\" :class=\"!post.agenda_url ? 'cursor-default' : ''\" :href=\"post.agenda_url ? post.agenda_url : 'javascript:void(0)'\" :target=\"post.agenda_url ? '_blank' : ''\">\n                        <h3 class=\"text-base font-bold !my-2 !leading-normal\" x-text=\"post.agenda_title\"><\/h3>\n                    <\/a>\n                <\/div>\n            <\/template>\n\n        <\/div>\n\n        <div x-cloak x-show=\"hasPagination()\" class=\"flex flex-wrap\">\n            <button class=\"text-sm pr-1 mx-1\" type=\"button\" @click=\"goToPage(1)\">\n                <svg class=\"h-4 w-4 text-body\" width=\"24\" height=\"24\" viewBox=\"0 0 24 24\" fill=\"none\" stroke=\"currentColor\" stroke-width=\"2\" stroke-linecap=\"round\" stroke-linejoin=\"round\">\n                    <polygon points=\"19 20 9 12 19 4 19 20\"><\/polygon>\n                    <line x1=\"5\" y1=\"19\" x2=\"5\" y2=\"5\"><\/line>\n                <\/svg>\n            <\/button>\n\n            <button class=\"text-sm px-1 mx-1\" type=\"button\" @click=\"goToPage(Math.max(1, page-1))\">Anterior<\/button>\n\n            <template x-for=\"i in parseInt(maxNumPages)\" :key=\"i\">\n                <button x-show=\"((page-i < 3) &#038;&#038; (i-page < 3))\" class=\"text-sm px-2 py-1 mx-1\" :class=\"i == page ? 'bg-primary text-white' : ''\" type=\"button\" x-text=\"i\" @click=\"goToPage(i)\"><\/button>\n            <\/template>\n\n            <button class=\"text-sm px-1 mx-1\" type=\"button\" @click=\"goToPage(Math.min(maxNumPages, page+1))\">Siguiente<\/button>\n\n            <button class=\"text-sm pl-1 mx-1\" type=\"button\" @click=\"goToPage(maxNumPages)\">\n                <svg class=\"h-4 w-4 text-body\" width=\"24\" height=\"24\" viewBox=\"0 0 24 24\" fill=\"none\" stroke=\"currentColor\" stroke-width=\"2\" stroke-linecap=\"round\" stroke-linejoin=\"round\">\n                    <polygon points=\"5 4 15 12 5 20 5 4\"><\/polygon>\n                    <line x1=\"19\" y1=\"5\" x2=\"19\" y2=\"19\"><\/line>\n                <\/svg>\n            <\/button>\n        <\/div>\n\n    <\/div>\n\n<\/section>\n\n\n\n<section class=\"wp-block-psoe-separador bg-primary px-2\"><hr class=\"color-white bg-white opacity-1 h-[1px] w-full\" \/><\/section>\n\n\n<section class=\"py-12\">\n    <div class=\"max-w-screen-lg mx-auto px-6 lg:p-0\">\n\n        <div class=\"md:grid md:grid-cols-12 gap-4\">\n            <div class=\"md:col-span-4 mb-2 md:mb-0\">\n                                    <p class=\"font-bold !mb-5 !leading-normal\">Agrupaci\u00f3n Provincial de A Coru\u00f1a PSdeG-PSOE <\/p>\n                \n                                    <p class=\"pl-4 border-l-2 border-primary !mb-5 !leading-normal\">Comisi\u00f3n Ejecutiva Provincial<\/p>\n                \n            <\/div>\n\n            <div class=\"md:col-span-8 mb-2 md:mb-0\">\n\n                                    <h2 class=\"text-2xl font-bold\">Contacto<\/h2>\n                \n                                    <div class=\"!leading-normal !text-base\">\n                        <p>R\u00faa Zalaeta, 4 &#8211; baixo lateral &#8211; 15002 (A Coru\u00f1a)<br \/>Tel\u00e9fono:\u00a0881888110<br \/><a href=\"_wp_link_placeholder\" data-wplink-edit=\"true\">info@socialistasdecoruna.es <\/a><\/p>\n<p>\u00a0<\/p>\n<p><strong>Horario: <\/strong><\/p>\n<p>Invierno: L-J: 9h-14h e 16h-19h. V: 9h-15h<\/p>\n<p>Verano: L-V: 9h-15h<\/p>\n<p><strong>Acceso personas con discapacidad:<\/strong>\u00a0No<\/p>\n\n\n                    <\/div>\n                \n            <\/div>\n        <\/div>\n\n    <\/div>\n<\/section>\n\n\n<section class=\"py-5 bg-primary\">\n    <div class=\"psoe-container\">\n        <div class=\"md:grid md:grid-cols-12 gap-4 items-center\">\n            <div class=\"md:col-span-3 lg:col-span-2 mb-5 md:mb-0\">\n                                    <img decoding=\"async\" loading=\"lazy\" src=\"https:\/\/agrupacionespsoe.es\/acoruna\/wp-content\/uploads\/sites\/198\/2024\/05\/galicia_borde-blanco-horizontal-relleno-rojo.png\" class=\"my-2 md:m-0 !w-auto mx-auto md:!w-[120px] md:!h-[120px] lg:!w-[180px] lg:!h-[180px] max-w-full md:object-contain md:object-center block\" \/>\n\n                                                <\/div>\n            <div class=\"md:col-span-9 lg:col-span-10 px-6 lg:p-4\">\n\n                                    <div class=\"md:grid md:grid-cols-12 py-2\">\n\n                                                    <div class=\"md:col-span-6 flex flex-col items-start 2xl:grid 2xl:grid-cols-2\">\n                                                                    \n                                        \n                                            \n                                            <a class=\"text-white md:px-4 hover:opacity-75 mb-5 underline underline-offset-8 leading-8 decoration-1\" href=\"https:\/\/psoe.es\" >PSOE<\/a>\n                                                                                                                                                \n                                        \n                                            \n                                            <a class=\"text-white md:px-4 hover:opacity-75 mb-5 underline underline-offset-8 leading-8 decoration-1\" href=\"https:\/\/www.psdeg-psoe.com\/\" >PSdeG-PSOE<\/a>\n                                                                                                                                        <\/div>\n                        \n                        \n                    <\/div>\n                \n                \n            <\/div>\n        <\/div>\n    <\/div>\n<\/section>\n","protected":false},"excerpt":{"rendered":"","protected":false},"author":6,"featured_media":0,"parent":0,"menu_order":0,"comment_status":"closed","ping_status":"closed","template":"","meta":{"footnotes":""},"class_list":["post-178","page","type-page","status-publish","hentry"],"yoast_head":"<!-- This site is optimized with the Yoast SEO plugin v24.0 - https:\/\/yoast.com\/wordpress\/plugins\/seo\/ -->\n<title>Portada-es - Agrupaci\u00f3n Provincial da Coru\u00f1a PSOE<\/title>\n<meta name=\"description\" content=\"P\u00e1gina web del PSdeG-PSOE Provincial da Coru\u00f1a\" \/>\n<meta name=\"robots\" content=\"index, follow, max-snippet:-1, max-image-preview:large, max-video-preview:-1\" \/>\n<link rel=\"canonical\" href=\"https:\/\/agrupacionespsoe.es\/acoruna\/es\/portada-es\/\" \/>\n<meta property=\"og:locale\" content=\"es_ES\" \/>\n<meta property=\"og:type\" content=\"article\" \/>\n<meta property=\"og:title\" content=\"Portada-es - Agrupaci\u00f3n Provincial da Coru\u00f1a PSOE\" \/>\n<meta property=\"og:description\" content=\"P\u00e1gina web del PSdeG-PSOE Provincial da Coru\u00f1a\" \/>\n<meta property=\"og:url\" content=\"https:\/\/agrupacionespsoe.es\/acoruna\/es\/portada-es\/\" \/>\n<meta property=\"og:site_name\" content=\"Agrupaci\u00f3n Provincial da Coru\u00f1a PSOE\" \/>\n<meta property=\"article:modified_time\" content=\"2025-11-16T10:30:35+00:00\" \/>\n<meta name=\"twitter:card\" content=\"summary_large_image\" \/>\n<script type=\"application\/ld+json\" class=\"yoast-schema-graph\">{\"@context\":\"https:\/\/schema.org\",\"@graph\":[{\"@type\":\"WebPage\",\"@id\":\"https:\/\/agrupacionespsoe.es\/acoruna\/es\/portada-es\/\",\"url\":\"https:\/\/agrupacionespsoe.es\/acoruna\/es\/portada-es\/\",\"name\":\"Portada-es - Agrupaci\u00f3n Provincial da Coru\u00f1a PSOE\",\"isPartOf\":{\"@id\":\"https:\/\/agrupacionespsoe.es\/acoruna\/#website\"},\"datePublished\":\"2024-05-14T09:13:56+00:00\",\"dateModified\":\"2025-11-16T10:30:35+00:00\",\"description\":\"P\u00e1gina web del PSdeG-PSOE Provincial da Coru\u00f1a\",\"breadcrumb\":{\"@id\":\"https:\/\/agrupacionespsoe.es\/acoruna\/es\/portada-es\/#breadcrumb\"},\"inLanguage\":\"es\",\"potentialAction\":[{\"@type\":\"ReadAction\",\"target\":[\"https:\/\/agrupacionespsoe.es\/acoruna\/es\/portada-es\/\"]}]},{\"@type\":\"BreadcrumbList\",\"@id\":\"https:\/\/agrupacionespsoe.es\/acoruna\/es\/portada-es\/#breadcrumb\",\"itemListElement\":[{\"@type\":\"ListItem\",\"position\":1,\"name\":\"Portada\",\"item\":\"https:\/\/agrupacionespsoe.es\/acoruna\/\"},{\"@type\":\"ListItem\",\"position\":2,\"name\":\"Portada-es\"}]},{\"@type\":\"WebSite\",\"@id\":\"https:\/\/agrupacionespsoe.es\/acoruna\/#website\",\"url\":\"https:\/\/agrupacionespsoe.es\/acoruna\/\",\"name\":\"Agrupaci\u00f3n Provincial da Coru\u00f1a PSOE\",\"description\":\"Provincial PSdeG-PSOE da Coru\u00f1a\",\"publisher\":{\"@id\":\"https:\/\/agrupacionespsoe.es\/acoruna\/#organization\"},\"potentialAction\":[{\"@type\":\"SearchAction\",\"target\":{\"@type\":\"EntryPoint\",\"urlTemplate\":\"https:\/\/agrupacionespsoe.es\/acoruna\/?s={search_term_string}\"},\"query-input\":{\"@type\":\"PropertyValueSpecification\",\"valueRequired\":true,\"valueName\":\"search_term_string\"}}],\"inLanguage\":\"es\"},{\"@type\":\"Organization\",\"@id\":\"https:\/\/agrupacionespsoe.es\/acoruna\/#organization\",\"name\":\"Agrupaci\u00f3n Provincial da Coru\u00f1a PSOE\",\"url\":\"https:\/\/agrupacionespsoe.es\/acoruna\/\",\"logo\":{\"@type\":\"ImageObject\",\"inLanguage\":\"es\",\"@id\":\"https:\/\/agrupacionespsoe.es\/acoruna\/#\/schema\/logo\/image\/\",\"url\":\"https:\/\/agrupacionespsoe.es\/wp-content\/uploads\/2022\/07\/Logotipo_electoral_del_PSOE.png\",\"contentUrl\":\"https:\/\/agrupacionespsoe.es\/wp-content\/uploads\/2022\/07\/Logotipo_electoral_del_PSOE.png\",\"width\":422,\"height\":422,\"caption\":\"Agrupaci\u00f3n Provincial da Coru\u00f1a PSOE\"},\"image\":{\"@id\":\"https:\/\/agrupacionespsoe.es\/acoruna\/#\/schema\/logo\/image\/\"}}]}<\/script>\n<!-- \/ Yoast SEO plugin. -->","yoast_head_json":{"title":"Portada-es - Agrupaci\u00f3n Provincial da Coru\u00f1a PSOE","description":"P\u00e1gina web del PSdeG-PSOE Provincial da Coru\u00f1a","robots":{"index":"index","follow":"follow","max-snippet":"max-snippet:-1","max-image-preview":"max-image-preview:large","max-video-preview":"max-video-preview:-1"},"canonical":"https:\/\/agrupacionespsoe.es\/acoruna\/es\/portada-es\/","og_locale":"es_ES","og_type":"article","og_title":"Portada-es - Agrupaci\u00f3n Provincial da Coru\u00f1a PSOE","og_description":"P\u00e1gina web del PSdeG-PSOE Provincial da Coru\u00f1a","og_url":"https:\/\/agrupacionespsoe.es\/acoruna\/es\/portada-es\/","og_site_name":"Agrupaci\u00f3n Provincial da Coru\u00f1a PSOE","article_modified_time":"2025-11-16T10:30:35+00:00","twitter_card":"summary_large_image","schema":{"@context":"https:\/\/schema.org","@graph":[{"@type":"WebPage","@id":"https:\/\/agrupacionespsoe.es\/acoruna\/es\/portada-es\/","url":"https:\/\/agrupacionespsoe.es\/acoruna\/es\/portada-es\/","name":"Portada-es - Agrupaci\u00f3n Provincial da Coru\u00f1a PSOE","isPartOf":{"@id":"https:\/\/agrupacionespsoe.es\/acoruna\/#website"},"datePublished":"2024-05-14T09:13:56+00:00","dateModified":"2025-11-16T10:30:35+00:00","description":"P\u00e1gina web del PSdeG-PSOE Provincial da Coru\u00f1a","breadcrumb":{"@id":"https:\/\/agrupacionespsoe.es\/acoruna\/es\/portada-es\/#breadcrumb"},"inLanguage":"es","potentialAction":[{"@type":"ReadAction","target":["https:\/\/agrupacionespsoe.es\/acoruna\/es\/portada-es\/"]}]},{"@type":"BreadcrumbList","@id":"https:\/\/agrupacionespsoe.es\/acoruna\/es\/portada-es\/#breadcrumb","itemListElement":[{"@type":"ListItem","position":1,"name":"Portada","item":"https:\/\/agrupacionespsoe.es\/acoruna\/"},{"@type":"ListItem","position":2,"name":"Portada-es"}]},{"@type":"WebSite","@id":"https:\/\/agrupacionespsoe.es\/acoruna\/#website","url":"https:\/\/agrupacionespsoe.es\/acoruna\/","name":"Agrupaci\u00f3n Provincial da Coru\u00f1a PSOE","description":"Provincial PSdeG-PSOE da Coru\u00f1a","publisher":{"@id":"https:\/\/agrupacionespsoe.es\/acoruna\/#organization"},"potentialAction":[{"@type":"SearchAction","target":{"@type":"EntryPoint","urlTemplate":"https:\/\/agrupacionespsoe.es\/acoruna\/?s={search_term_string}"},"query-input":{"@type":"PropertyValueSpecification","valueRequired":true,"valueName":"search_term_string"}}],"inLanguage":"es"},{"@type":"Organization","@id":"https:\/\/agrupacionespsoe.es\/acoruna\/#organization","name":"Agrupaci\u00f3n Provincial da Coru\u00f1a PSOE","url":"https:\/\/agrupacionespsoe.es\/acoruna\/","logo":{"@type":"ImageObject","inLanguage":"es","@id":"https:\/\/agrupacionespsoe.es\/acoruna\/#\/schema\/logo\/image\/","url":"https:\/\/agrupacionespsoe.es\/wp-content\/uploads\/2022\/07\/Logotipo_electoral_del_PSOE.png","contentUrl":"https:\/\/agrupacionespsoe.es\/wp-content\/uploads\/2022\/07\/Logotipo_electoral_del_PSOE.png","width":422,"height":422,"caption":"Agrupaci\u00f3n Provincial da Coru\u00f1a PSOE"},"image":{"@id":"https:\/\/agrupacionespsoe.es\/acoruna\/#\/schema\/logo\/image\/"}}]}},"jetpack_sharing_enabled":true,"jetpack_likes_enabled":true,"_links":{"self":[{"href":"https:\/\/agrupacionespsoe.es\/acoruna\/wp-json\/wp\/v2\/pages\/178","targetHints":{"allow":["GET"]}}],"collection":[{"href":"https:\/\/agrupacionespsoe.es\/acoruna\/wp-json\/wp\/v2\/pages"}],"about":[{"href":"https:\/\/agrupacionespsoe.es\/acoruna\/wp-json\/wp\/v2\/types\/page"}],"author":[{"embeddable":true,"href":"https:\/\/agrupacionespsoe.es\/acoruna\/wp-json\/wp\/v2\/users\/6"}],"replies":[{"embeddable":true,"href":"https:\/\/agrupacionespsoe.es\/acoruna\/wp-json\/wp\/v2\/comments?post=178"}],"version-history":[{"count":26,"href":"https:\/\/agrupacionespsoe.es\/acoruna\/wp-json\/wp\/v2\/pages\/178\/revisions"}],"predecessor-version":[{"id":2401,"href":"https:\/\/agrupacionespsoe.es\/acoruna\/wp-json\/wp\/v2\/pages\/178\/revisions\/2401"}],"wp:attachment":[{"href":"https:\/\/agrupacionespsoe.es\/acoruna\/wp-json\/wp\/v2\/media?parent=178"}],"curies":[{"name":"wp","href":"https:\/\/api.w.org\/{rel}","templated":true}]}}