{"id":1488,"date":"2025-10-02T17:33:40","date_gmt":"2025-10-02T15:33:40","guid":{"rendered":"https:\/\/agrupacionespsoe.es\/acoruna\/?page_id=1488"},"modified":"2025-10-22T12:03:25","modified_gmt":"2025-10-22T10:03:25","slug":"mais-socialismo","status":"publish","type":"page","link":"https:\/\/agrupacionespsoe.es\/acoruna\/mais-socialismo\/","title":{"rendered":"M\u00e1is socialismo"},"content":{"rendered":"\n<section class=\"wp-block-psoe-contenedor\"><div class=\"max-w-screen-lg mx-auto p-4 md:p-2\">\n<p class=\"has-text-align-center has-white-color has-primary-background-color has-text-color has-background has-link-color has-large-font-size wp-elements-0ca49aa598472f6fd8e482f3c16ab178\">M\u00c1IS SOCIALISMO<\/p>\n<\/div><\/section>\n\n\n\n<section class=\"wp-block-psoe-contenedor\"><div class=\"max-w-screen-lg mx-auto p-4 md:p-2\">\n<p class=\"has-text-align-center has-primary-color has-text-color has-link-color has-large-font-size wp-elements-ff00c82a8725a3cd869894ea29e630e8\">REVISTAS E NEWSLETTERS<\/p>\n<\/div><\/section>\n\n\n\n<section class=\"wp-block-psoe-contenedor\"><div class=\"max-w-screen-lg mx-auto p-4 md:p-2\">\n<p><\/p>\n\n\n\n<details class=\"wp-block-details is-layout-flow wp-block-details-is-layout-flow\" open><summary>El Socialista<\/summary>\n<p class=\"has-primary-color has-text-color has-link-color wp-elements-eafe0abb5f539b052a26160b513d0709\"><a href=\"https:\/\/www.psoe.es\/el-socialista\/\" target=\"_blank\" rel=\"noreferrer noopener\"><strong>Revista do Partido Socialista Obrero Espa\u00f1ol<\/strong><\/a><\/p>\n<\/details>\n<\/div><\/section>\n\n\n\n<section class=\"wp-block-psoe-contenedor\"><div class=\"max-w-screen-lg mx-auto p-4 md:p-2\">\n<details class=\"wp-block-details is-layout-flow wp-block-details-is-layout-flow\" open><summary>La Socialista<\/summary>\n<p class=\"has-primary-color has-text-color has-link-color wp-elements-88726f00dfc0e784c0b29a1cecbedf4b\"><a href=\"https:\/\/www.psoe.es\/congreso\/boletines-de-prensa\/\" target=\"_blank\" rel=\"noreferrer noopener\"><strong>Revista do Grupo Parlamentario Socialista nas Cortes Xerais<\/strong><\/a><\/p>\n<\/details>\n<\/div><\/section>\n\n\n\n<section class=\"wp-block-psoe-contenedor\"><div class=\"max-w-screen-lg mx-auto p-4 md:p-2\">\n<details class=\"wp-block-details is-layout-flow wp-block-details-is-layout-flow\" open><summary>Tu voz en Europa<\/summary>\n<p class=\"has-primary-color has-text-color has-link-color wp-elements-ec195f9c9f50b2c56aa3eb41f65e541b\"><a href=\"https:\/\/www.socialistas-parlamentoeuropeo.eu\/newsletter\/\" target=\"_blank\" rel=\"noreferrer noopener\"><strong>Newsletter del Grupo Socialista en el Parlamento Europeo<\/strong><\/a><\/p>\n<\/details>\n\n\n\n<details class=\"wp-block-details is-layout-flow wp-block-details-is-layout-flow\" open><summary>PSOEPlay<\/summary>\n<p class=\"has-primary-color has-text-color has-link-color wp-elements-30c23eae776eeda29f8d99e7871171a9\"><strong><a href=\"https:\/\/www.psoeplay.es\/\" target=\"_blank\" rel=\"noreferrer noopener\">Contido multimedia do Partido Socialista<\/a><\/strong><\/p>\n<\/details>\n\n\n\n<details class=\"wp-block-details is-layout-flow wp-block-details-is-layout-flow\" open><summary>ZONA ROJA<\/summary>\n<p class=\"has-primary-color has-text-color has-link-color wp-elements-4ab3b2a530bd85fb55d4ed47670f9e0a\"><strong><a href=\"https:\/\/www.psoeplay.es\/videos\/category\/26006-zona-roja\">Magazine Zona Ro<\/a><a href=\"https:\/\/www.psoeplay.es\/videos\/category\/26006-zona-roja\" target=\"_blank\" rel=\"noreferrer noopener\">ja<\/a><\/strong><\/p>\n<\/details>\n<\/div><\/section>\n\n\n\n<p class=\"has-primary-color has-white-background-color has-text-color has-background has-link-color wp-elements-cf002838296b3545ca729ed3b28889a4\"><\/p>\n\n\n\n<section class=\"wp-block-psoe-separador bg-primary px-2\"><hr class=\"color-white bg-white opacity-1 h-[1px] w-full\" \/><\/section>\n\n\n\n<section class=\"wp-block-psoe-contenedor\"><div class=\"max-w-screen-lg mx-auto p-4 md:p-2\">\n<p class=\"has-text-align-center has-primary-color has-text-color has-link-color has-medium-font-size wp-elements-a98abac9053c355a717910496e6085fa\">Outras webs do partido e fundaci\u00f3ns af\u00edns<\/p>\n<\/div><\/section>\n\n\n<section class=\"py-4\">\n    <div class=\"md:flex md:flex-wrap md:gap-2\">\n\n                    \n                \n                <div class=\"h-[300px] 2xl:h-[400px] md:h-44 md:h-80 lg:h-60 my-2 lg:my-0 bg-cover bg-center flex flex-col justify-end items-start p-10 md:p-4 lg:p-5 hover:shadow-[inset_0_0_100px_100px_rgba(0,0,0,0.6)] transition-all\" style=\"background-image: url('https:\/\/agrupacionespsoe.es\/acoruna\/wp-content\/uploads\/sites\/198\/2024\/08\/PSdeG-cubo.jpg'); flex: 1 0 20%;\">\n                    \n                                            <a class=\"bg-primary !text-white hover:bg-white hover:!text-primary uppercase  px-4 lg:px-10 py-2 my-0 text-white font-bold text-sm\" href=\"https:\/\/www.psdeg-psoe.com\/\" target=&quot;_blank&quot;>PSdeG-PSOE<\/a>\n                                    <\/div>\n            \n                \n                <div class=\"h-[300px] 2xl:h-[400px] md:h-44 md:h-80 lg:h-60 my-2 lg:my-0 bg-cover bg-center flex flex-col justify-end items-start p-10 md:p-4 lg:p-5 hover:shadow-[inset_0_0_100px_100px_rgba(0,0,0,0.6)] transition-all\" style=\"background-image: url('https:\/\/agrupacionespsoe.es\/acoruna\/wp-content\/uploads\/sites\/198\/2024\/05\/cropped-Logotipo_electoral_del_PSOE.png'); flex: 1 0 20%;\">\n                    \n                                            <a class=\"bg-primary !text-white hover:bg-white hover:!text-primary uppercase  px-4 lg:px-10 py-2 my-0 text-white font-bold text-sm\" href=\"https:\/\/www.psoe.es\/\" target=&quot;_blank&quot;>PSOE<\/a>\n                                    <\/div>\n            \n                \n                <div class=\"h-[300px] 2xl:h-[400px] md:h-44 md:h-80 lg:h-60 my-2 lg:my-0 bg-cover bg-center flex flex-col justify-end items-start p-10 md:p-4 lg:p-5 hover:shadow-[inset_0_0_100px_100px_rgba(0,0,0,0.6)] transition-all\" style=\"background-image: url('https:\/\/agrupacionespsoe.es\/acoruna\/wp-content\/uploads\/sites\/198\/2025\/05\/s-d.jpg'); flex: 1 0 20%;\">\n                    \n                                            <a class=\"bg-primary !text-white hover:bg-white hover:!text-primary uppercase  px-4 lg:px-10 py-2 my-0 text-white font-bold text-sm\" href=\"https:\/\/www.socialistsanddemocrats.eu\/es\" target=&quot;_blank&quot;>Socialists &amp; Democrats (ES)<\/a>\n                                    <\/div>\n            \n                \n                <div class=\"h-[300px] 2xl:h-[400px] md:h-44 md:h-80 lg:h-60 my-2 lg:my-0 bg-cover bg-center flex flex-col justify-end items-start p-10 md:p-4 lg:p-5 hover:shadow-[inset_0_0_100px_100px_rgba(0,0,0,0.6)] transition-all\" style=\"background-image: url('https:\/\/agrupacionespsoe.es\/acoruna\/wp-content\/uploads\/sites\/198\/2025\/05\/Internacional-Socialista-logo.png'); flex: 1 0 20%;\">\n                    \n                                            <a class=\"bg-primary !text-white hover:bg-white hover:!text-primary uppercase  px-4 lg:px-10 py-2 my-0 text-white font-bold text-sm\" href=\"https:\/\/www.internacionalsocialista.org\/\" target=&quot;_blank&quot;>Internacional Socialista (ES)<\/a>\n                                    <\/div>\n            \n                \n                <div class=\"h-[300px] 2xl:h-[400px] md:h-44 md:h-80 lg:h-60 my-2 lg:my-0 bg-cover bg-center flex flex-col justify-end items-start p-10 md:p-4 lg:p-5 hover:shadow-[inset_0_0_100px_100px_rgba(0,0,0,0.6)] transition-all\" style=\"background-image: url('https:\/\/agrupacionespsoe.es\/acoruna\/wp-content\/uploads\/sites\/198\/2025\/05\/luis-tilve.jpg'); flex: 1 0 20%;\">\n                    \n                                            <a class=\"bg-primary !text-white hover:bg-white hover:!text-primary uppercase  px-4 lg:px-10 py-2 my-0 text-white font-bold text-sm\" href=\"https:\/\/fundacionluistilve.com\/gl\/\" >Fundaci\u00f3n Luis Tilve<\/a>\n                                    <\/div>\n            \n                \n                <div class=\"h-[300px] 2xl:h-[400px] md:h-44 md:h-80 lg:h-60 my-2 lg:my-0 bg-cover bg-center flex flex-col justify-end items-start p-10 md:p-4 lg:p-5 hover:shadow-[inset_0_0_100px_100px_rgba(0,0,0,0.6)] transition-all\" style=\"background-image: url('https:\/\/agrupacionespsoe.es\/acoruna\/wp-content\/uploads\/sites\/198\/2025\/05\/fpi.png'); flex: 1 0 20%;\">\n                    \n                                            <a class=\"bg-primary !text-white hover:bg-white hover:!text-primary uppercase  px-4 lg:px-10 py-2 my-0 text-white font-bold text-sm\" href=\"https:\/\/fpabloiglesias.es\/\" target=&quot;_blank&quot;>Fundaci\u00f3n Pablo Iglesias<\/a>\n                                    <\/div>\n                    \n    <\/div>\n<\/section>\n\n\n\n<p><\/p>\n","protected":false},"excerpt":{"rendered":"","protected":false},"author":282,"featured_media":0,"parent":0,"menu_order":0,"comment_status":"closed","ping_status":"closed","template":"","meta":{"footnotes":""},"class_list":["post-1488","page","type-page","status-publish","hentry"],"yoast_head":"<!-- This site is optimized with the Yoast SEO plugin v24.0 - https:\/\/yoast.com\/wordpress\/plugins\/seo\/ -->\n<title>M\u00e1is socialismo - Agrupaci\u00f3n Provincial da Coru\u00f1a PSOE<\/title>\n<meta name=\"robots\" content=\"index, follow, max-snippet:-1, max-image-preview:large, max-video-preview:-1\" \/>\n<link rel=\"canonical\" href=\"https:\/\/agrupacionespsoe.es\/acoruna\/mais-socialismo\/\" \/>\n<meta property=\"og:locale\" content=\"es_ES\" \/>\n<meta property=\"og:type\" content=\"article\" \/>\n<meta property=\"og:title\" content=\"M\u00e1is socialismo - Agrupaci\u00f3n Provincial da Coru\u00f1a PSOE\" \/>\n<meta property=\"og:url\" content=\"https:\/\/agrupacionespsoe.es\/acoruna\/mais-socialismo\/\" \/>\n<meta property=\"og:site_name\" content=\"Agrupaci\u00f3n Provincial da Coru\u00f1a PSOE\" \/>\n<meta property=\"article:modified_time\" content=\"2025-10-22T10:03:25+00:00\" \/>\n<meta name=\"twitter:card\" content=\"summary_large_image\" \/>\n<meta name=\"twitter:label1\" content=\"Tiempo de lectura\" \/>\n\t<meta name=\"twitter:data1\" content=\"1 minuto\" \/>\n<script type=\"application\/ld+json\" class=\"yoast-schema-graph\">{\"@context\":\"https:\/\/schema.org\",\"@graph\":[{\"@type\":\"WebPage\",\"@id\":\"https:\/\/agrupacionespsoe.es\/acoruna\/mais-socialismo\/\",\"url\":\"https:\/\/agrupacionespsoe.es\/acoruna\/mais-socialismo\/\",\"name\":\"M\u00e1is socialismo - Agrupaci\u00f3n Provincial da Coru\u00f1a PSOE\",\"isPartOf\":{\"@id\":\"https:\/\/agrupacionespsoe.es\/acoruna\/#website\"},\"datePublished\":\"2025-10-02T15:33:40+00:00\",\"dateModified\":\"2025-10-22T10:03:25+00:00\",\"breadcrumb\":{\"@id\":\"https:\/\/agrupacionespsoe.es\/acoruna\/mais-socialismo\/#breadcrumb\"},\"inLanguage\":\"es\",\"potentialAction\":[{\"@type\":\"ReadAction\",\"target\":[\"https:\/\/agrupacionespsoe.es\/acoruna\/mais-socialismo\/\"]}]},{\"@type\":\"BreadcrumbList\",\"@id\":\"https:\/\/agrupacionespsoe.es\/acoruna\/mais-socialismo\/#breadcrumb\",\"itemListElement\":[{\"@type\":\"ListItem\",\"position\":1,\"name\":\"Portada\",\"item\":\"https:\/\/agrupacionespsoe.es\/acoruna\/\"},{\"@type\":\"ListItem\",\"position\":2,\"name\":\"M\u00e1is socialismo\"}]},{\"@type\":\"WebSite\",\"@id\":\"https:\/\/agrupacionespsoe.es\/acoruna\/#website\",\"url\":\"https:\/\/agrupacionespsoe.es\/acoruna\/\",\"name\":\"Agrupaci\u00f3n Provincial da Coru\u00f1a PSOE\",\"description\":\"Provincial PSdeG-PSOE da Coru\u00f1a\",\"publisher\":{\"@id\":\"https:\/\/agrupacionespsoe.es\/acoruna\/#organization\"},\"potentialAction\":[{\"@type\":\"SearchAction\",\"target\":{\"@type\":\"EntryPoint\",\"urlTemplate\":\"https:\/\/agrupacionespsoe.es\/acoruna\/?s={search_term_string}\"},\"query-input\":{\"@type\":\"PropertyValueSpecification\",\"valueRequired\":true,\"valueName\":\"search_term_string\"}}],\"inLanguage\":\"es\"},{\"@type\":\"Organization\",\"@id\":\"https:\/\/agrupacionespsoe.es\/acoruna\/#organization\",\"name\":\"Agrupaci\u00f3n Provincial da Coru\u00f1a PSOE\",\"url\":\"https:\/\/agrupacionespsoe.es\/acoruna\/\",\"logo\":{\"@type\":\"ImageObject\",\"inLanguage\":\"es\",\"@id\":\"https:\/\/agrupacionespsoe.es\/acoruna\/#\/schema\/logo\/image\/\",\"url\":\"https:\/\/agrupacionespsoe.es\/wp-content\/uploads\/2022\/07\/Logotipo_electoral_del_PSOE.png\",\"contentUrl\":\"https:\/\/agrupacionespsoe.es\/wp-content\/uploads\/2022\/07\/Logotipo_electoral_del_PSOE.png\",\"width\":422,\"height\":422,\"caption\":\"Agrupaci\u00f3n Provincial da Coru\u00f1a PSOE\"},\"image\":{\"@id\":\"https:\/\/agrupacionespsoe.es\/acoruna\/#\/schema\/logo\/image\/\"}}]}<\/script>\n<!-- \/ Yoast SEO plugin. -->","yoast_head_json":{"title":"M\u00e1is socialismo - Agrupaci\u00f3n Provincial da Coru\u00f1a PSOE","robots":{"index":"index","follow":"follow","max-snippet":"max-snippet:-1","max-image-preview":"max-image-preview:large","max-video-preview":"max-video-preview:-1"},"canonical":"https:\/\/agrupacionespsoe.es\/acoruna\/mais-socialismo\/","og_locale":"es_ES","og_type":"article","og_title":"M\u00e1is socialismo - Agrupaci\u00f3n Provincial da Coru\u00f1a PSOE","og_url":"https:\/\/agrupacionespsoe.es\/acoruna\/mais-socialismo\/","og_site_name":"Agrupaci\u00f3n Provincial da Coru\u00f1a PSOE","article_modified_time":"2025-10-22T10:03:25+00:00","twitter_card":"summary_large_image","twitter_misc":{"Tiempo de lectura":"1 minuto"},"schema":{"@context":"https:\/\/schema.org","@graph":[{"@type":"WebPage","@id":"https:\/\/agrupacionespsoe.es\/acoruna\/mais-socialismo\/","url":"https:\/\/agrupacionespsoe.es\/acoruna\/mais-socialismo\/","name":"M\u00e1is socialismo - Agrupaci\u00f3n Provincial da Coru\u00f1a PSOE","isPartOf":{"@id":"https:\/\/agrupacionespsoe.es\/acoruna\/#website"},"datePublished":"2025-10-02T15:33:40+00:00","dateModified":"2025-10-22T10:03:25+00:00","breadcrumb":{"@id":"https:\/\/agrupacionespsoe.es\/acoruna\/mais-socialismo\/#breadcrumb"},"inLanguage":"es","potentialAction":[{"@type":"ReadAction","target":["https:\/\/agrupacionespsoe.es\/acoruna\/mais-socialismo\/"]}]},{"@type":"BreadcrumbList","@id":"https:\/\/agrupacionespsoe.es\/acoruna\/mais-socialismo\/#breadcrumb","itemListElement":[{"@type":"ListItem","position":1,"name":"Portada","item":"https:\/\/agrupacionespsoe.es\/acoruna\/"},{"@type":"ListItem","position":2,"name":"M\u00e1is socialismo"}]},{"@type":"WebSite","@id":"https:\/\/agrupacionespsoe.es\/acoruna\/#website","url":"https:\/\/agrupacionespsoe.es\/acoruna\/","name":"Agrupaci\u00f3n Provincial da Coru\u00f1a PSOE","description":"Provincial PSdeG-PSOE da Coru\u00f1a","publisher":{"@id":"https:\/\/agrupacionespsoe.es\/acoruna\/#organization"},"potentialAction":[{"@type":"SearchAction","target":{"@type":"EntryPoint","urlTemplate":"https:\/\/agrupacionespsoe.es\/acoruna\/?s={search_term_string}"},"query-input":{"@type":"PropertyValueSpecification","valueRequired":true,"valueName":"search_term_string"}}],"inLanguage":"es"},{"@type":"Organization","@id":"https:\/\/agrupacionespsoe.es\/acoruna\/#organization","name":"Agrupaci\u00f3n Provincial da Coru\u00f1a PSOE","url":"https:\/\/agrupacionespsoe.es\/acoruna\/","logo":{"@type":"ImageObject","inLanguage":"es","@id":"https:\/\/agrupacionespsoe.es\/acoruna\/#\/schema\/logo\/image\/","url":"https:\/\/agrupacionespsoe.es\/wp-content\/uploads\/2022\/07\/Logotipo_electoral_del_PSOE.png","contentUrl":"https:\/\/agrupacionespsoe.es\/wp-content\/uploads\/2022\/07\/Logotipo_electoral_del_PSOE.png","width":422,"height":422,"caption":"Agrupaci\u00f3n Provincial da Coru\u00f1a PSOE"},"image":{"@id":"https:\/\/agrupacionespsoe.es\/acoruna\/#\/schema\/logo\/image\/"}}]}},"jetpack_sharing_enabled":true,"jetpack_likes_enabled":true,"_links":{"self":[{"href":"https:\/\/agrupacionespsoe.es\/acoruna\/wp-json\/wp\/v2\/pages\/1488","targetHints":{"allow":["GET"]}}],"collection":[{"href":"https:\/\/agrupacionespsoe.es\/acoruna\/wp-json\/wp\/v2\/pages"}],"about":[{"href":"https:\/\/agrupacionespsoe.es\/acoruna\/wp-json\/wp\/v2\/types\/page"}],"author":[{"embeddable":true,"href":"https:\/\/agrupacionespsoe.es\/acoruna\/wp-json\/wp\/v2\/users\/282"}],"replies":[{"embeddable":true,"href":"https:\/\/agrupacionespsoe.es\/acoruna\/wp-json\/wp\/v2\/comments?post=1488"}],"version-history":[{"count":10,"href":"https:\/\/agrupacionespsoe.es\/acoruna\/wp-json\/wp\/v2\/pages\/1488\/revisions"}],"predecessor-version":[{"id":2170,"href":"https:\/\/agrupacionespsoe.es\/acoruna\/wp-json\/wp\/v2\/pages\/1488\/revisions\/2170"}],"wp:attachment":[{"href":"https:\/\/agrupacionespsoe.es\/acoruna\/wp-json\/wp\/v2\/media?parent=1488"}],"curies":[{"name":"wp","href":"https:\/\/api.w.org\/{rel}","templated":true}]}}